{"id":1962,"date":"2021-09-05T13:42:03","date_gmt":"2021-09-05T13:42:03","guid":{"rendered":"https:\/\/ecosauna.ee\/2023\/products\/"},"modified":"2023-01-19T22:18:25","modified_gmt":"2023-01-19T20:18:25","slug":"products","status":"publish","type":"page","link":"https:\/\/ecosauna.ee\/en\/products\/","title":{"rendered":"Products"},"content":{"rendered":"","protected":false},"excerpt":{"rendered":"","protected":false},"author":13,"featured_media":2614,"parent":0,"menu_order":0,"comment_status":"closed","ping_status":"closed","template":"","meta":{"_acf_changed":false,"inline_featured_image":false,"footnotes":""},"class_list":["post-1962","page","type-page","status-publish","has-post-thumbnail","hentry"],"acf":[],"yoast_head":"<!-- This site is optimized with the Yoast SEO plugin v27.4 - https:\/\/yoast.com\/product\/yoast-seo-wordpress\/ -->\n<title>[:en]Products - Ecosauna [:et]Products - Ecosauna [:fi]Products - Ecosauna [:]<\/title>\n<meta name=\"robots\" content=\"noindex, nofollow\" \/>\n<meta property=\"og:locale\" content=\"en_US\" \/>\n<meta property=\"og:type\" content=\"article\" \/>\n<meta property=\"og:title\" content=\"[:en]Products - Ecosauna [:et]Products - Ecosauna [:fi]Products - Ecosauna [:]\" \/>\n<meta property=\"og:url\" content=\"https:\/\/ecosauna.ee\/en\/products\/\" \/>\n<meta property=\"og:site_name\" content=\"Ecosauna\" \/>\n<meta property=\"article:publisher\" content=\"https:\/\/www.facebook.com\/ecosaunad\" \/>\n<meta property=\"article:modified_time\" content=\"2023-01-19T20:18:25+00:00\" \/>\n<meta name=\"twitter:card\" content=\"summary_large_image\" \/>\n<script type=\"application\/ld+json\" class=\"yoast-schema-graph\">{\"@context\":\"https:\\\/\\\/schema.org\",\"@graph\":[{\"@type\":\"WebPage\",\"@id\":\"https:\\\/\\\/ecosauna.ee\\\/en\\\/products\\\/\",\"url\":\"https:\\\/\\\/ecosauna.ee\\\/en\\\/products\\\/\",\"name\":\"[:en]Products - Ecosauna [:et]Products - Ecosauna [:fi]Products - Ecosauna [:]\",\"isPartOf\":{\"@id\":\"https:\\\/\\\/ecosauna.ee\\\/#website\"},\"primaryImageOfPage\":{\"@id\":\"https:\\\/\\\/ecosauna.ee\\\/en\\\/products\\\/#primaryimage\"},\"image\":{\"@id\":\"https:\\\/\\\/ecosauna.ee\\\/en\\\/products\\\/#primaryimage\"},\"thumbnailUrl\":\"https:\\\/\\\/ecosauna.ee\\\/wp-content\\\/uploads\\\/2023\\\/01\\\/ecosauna-torusaun-250-D200.jpg\",\"datePublished\":\"2021-09-05T13:42:03+00:00\",\"dateModified\":\"2023-01-19T20:18:25+00:00\",\"breadcrumb\":{\"@id\":\"https:\\\/\\\/ecosauna.ee\\\/en\\\/products\\\/#breadcrumb\"},\"inLanguage\":\"en-US\",\"potentialAction\":[{\"@type\":\"ReadAction\",\"target\":[\"https:\\\/\\\/ecosauna.ee\\\/en\\\/products\\\/\"]}]},{\"@type\":\"ImageObject\",\"inLanguage\":\"en-US\",\"@id\":\"https:\\\/\\\/ecosauna.ee\\\/en\\\/products\\\/#primaryimage\",\"url\":\"https:\\\/\\\/ecosauna.ee\\\/wp-content\\\/uploads\\\/2023\\\/01\\\/ecosauna-torusaun-250-D200.jpg\",\"contentUrl\":\"https:\\\/\\\/ecosauna.ee\\\/wp-content\\\/uploads\\\/2023\\\/01\\\/ecosauna-torusaun-250-D200.jpg\",\"width\":1900,\"height\":1023},{\"@type\":\"BreadcrumbList\",\"@id\":\"https:\\\/\\\/ecosauna.ee\\\/en\\\/products\\\/#breadcrumb\",\"itemListElement\":[{\"@type\":\"ListItem\",\"position\":1,\"name\":\"Esileht\",\"item\":\"https:\\\/\\\/ecosauna.ee\\\/en\\\/\"},{\"@type\":\"ListItem\",\"position\":2,\"name\":\"Products\"}]},{\"@type\":\"WebSite\",\"@id\":\"https:\\\/\\\/ecosauna.ee\\\/#website\",\"url\":\"https:\\\/\\\/ecosauna.ee\\\/\",\"name\":\"Ecosauna\",\"description\":\"Saunad, k\u00fcmblust\u00fcnnid, k\u00e4mpingud\",\"publisher\":{\"@id\":\"https:\\\/\\\/ecosauna.ee\\\/#organization\"},\"potentialAction\":[{\"@type\":\"SearchAction\",\"target\":{\"@type\":\"EntryPoint\",\"urlTemplate\":\"https:\\\/\\\/ecosauna.ee\\\/?s={search_term_string}\"},\"query-input\":{\"@type\":\"PropertyValueSpecification\",\"valueRequired\":true,\"valueName\":\"search_term_string\"}}],\"inLanguage\":\"en-US\"},{\"@type\":\"Organization\",\"@id\":\"https:\\\/\\\/ecosauna.ee\\\/#organization\",\"name\":\"Ecosauna Project O\u00dc\",\"url\":\"https:\\\/\\\/ecosauna.ee\\\/\",\"logo\":{\"@type\":\"ImageObject\",\"inLanguage\":\"en-US\",\"@id\":\"https:\\\/\\\/ecosauna.ee\\\/#\\\/schema\\\/logo\\\/image\\\/\",\"url\":\"https:\\\/\\\/ecosauna.ee\\\/wp-content\\\/uploads\\\/2023\\\/03\\\/ecosauna-logo.png\",\"contentUrl\":\"https:\\\/\\\/ecosauna.ee\\\/wp-content\\\/uploads\\\/2023\\\/03\\\/ecosauna-logo.png\",\"width\":818,\"height\":646,\"caption\":\"Ecosauna Project O\u00dc\"},\"image\":{\"@id\":\"https:\\\/\\\/ecosauna.ee\\\/#\\\/schema\\\/logo\\\/image\\\/\"},\"sameAs\":[\"https:\\\/\\\/www.facebook.com\\\/ecosaunad\",\"https:\\\/\\\/www.instagram.com\\\/ecosauna.ee\\\/?hl=en\",\"https:\\\/\\\/www.tiktok.com\\\/@ecosauna\",\"https:\\\/\\\/www.youtube.com\\\/@EcosaunaEesti\"]}]}<\/script>\n<!-- \/ Yoast SEO plugin. -->","yoast_head_json":{"title":"[:en]Products - Ecosauna [:et]Products - Ecosauna [:fi]Products - Ecosauna [:]","robots":{"index":"noindex","follow":"nofollow"},"og_locale":"en_US","og_type":"article","og_title":"[:en]Products - Ecosauna [:et]Products - Ecosauna [:fi]Products - Ecosauna [:]","og_url":"https:\/\/ecosauna.ee\/en\/products\/","og_site_name":"Ecosauna","article_publisher":"https:\/\/www.facebook.com\/ecosaunad","article_modified_time":"2023-01-19T20:18:25+00:00","twitter_card":"summary_large_image","schema":{"@context":"https:\/\/schema.org","@graph":[{"@type":"WebPage","@id":"https:\/\/ecosauna.ee\/en\/products\/","url":"https:\/\/ecosauna.ee\/en\/products\/","name":"[:en]Products - Ecosauna [:et]Products - Ecosauna [:fi]Products - Ecosauna [:]","isPartOf":{"@id":"https:\/\/ecosauna.ee\/#website"},"primaryImageOfPage":{"@id":"https:\/\/ecosauna.ee\/en\/products\/#primaryimage"},"image":{"@id":"https:\/\/ecosauna.ee\/en\/products\/#primaryimage"},"thumbnailUrl":"https:\/\/ecosauna.ee\/wp-content\/uploads\/2023\/01\/ecosauna-torusaun-250-D200.jpg","datePublished":"2021-09-05T13:42:03+00:00","dateModified":"2023-01-19T20:18:25+00:00","breadcrumb":{"@id":"https:\/\/ecosauna.ee\/en\/products\/#breadcrumb"},"inLanguage":"en-US","potentialAction":[{"@type":"ReadAction","target":["https:\/\/ecosauna.ee\/en\/products\/"]}]},{"@type":"ImageObject","inLanguage":"en-US","@id":"https:\/\/ecosauna.ee\/en\/products\/#primaryimage","url":"https:\/\/ecosauna.ee\/wp-content\/uploads\/2023\/01\/ecosauna-torusaun-250-D200.jpg","contentUrl":"https:\/\/ecosauna.ee\/wp-content\/uploads\/2023\/01\/ecosauna-torusaun-250-D200.jpg","width":1900,"height":1023},{"@type":"BreadcrumbList","@id":"https:\/\/ecosauna.ee\/en\/products\/#breadcrumb","itemListElement":[{"@type":"ListItem","position":1,"name":"Esileht","item":"https:\/\/ecosauna.ee\/en\/"},{"@type":"ListItem","position":2,"name":"Products"}]},{"@type":"WebSite","@id":"https:\/\/ecosauna.ee\/#website","url":"https:\/\/ecosauna.ee\/","name":"Ecosauna","description":"Saunad, k\u00fcmblust\u00fcnnid, k\u00e4mpingud","publisher":{"@id":"https:\/\/ecosauna.ee\/#organization"},"potentialAction":[{"@type":"SearchAction","target":{"@type":"EntryPoint","urlTemplate":"https:\/\/ecosauna.ee\/?s={search_term_string}"},"query-input":{"@type":"PropertyValueSpecification","valueRequired":true,"valueName":"search_term_string"}}],"inLanguage":"en-US"},{"@type":"Organization","@id":"https:\/\/ecosauna.ee\/#organization","name":"Ecosauna Project O\u00dc","url":"https:\/\/ecosauna.ee\/","logo":{"@type":"ImageObject","inLanguage":"en-US","@id":"https:\/\/ecosauna.ee\/#\/schema\/logo\/image\/","url":"https:\/\/ecosauna.ee\/wp-content\/uploads\/2023\/03\/ecosauna-logo.png","contentUrl":"https:\/\/ecosauna.ee\/wp-content\/uploads\/2023\/03\/ecosauna-logo.png","width":818,"height":646,"caption":"Ecosauna Project O\u00dc"},"image":{"@id":"https:\/\/ecosauna.ee\/#\/schema\/logo\/image\/"},"sameAs":["https:\/\/www.facebook.com\/ecosaunad","https:\/\/www.instagram.com\/ecosauna.ee\/?hl=en","https:\/\/www.tiktok.com\/@ecosauna","https:\/\/www.youtube.com\/@EcosaunaEesti"]}]}},"_links":{"self":[{"href":"https:\/\/ecosauna.ee\/en\/wp-json\/wp\/v2\/pages\/1962","targetHints":{"allow":["GET"]}}],"collection":[{"href":"https:\/\/ecosauna.ee\/en\/wp-json\/wp\/v2\/pages"}],"about":[{"href":"https:\/\/ecosauna.ee\/en\/wp-json\/wp\/v2\/types\/page"}],"author":[{"embeddable":true,"href":"https:\/\/ecosauna.ee\/en\/wp-json\/wp\/v2\/users\/13"}],"replies":[{"embeddable":true,"href":"https:\/\/ecosauna.ee\/en\/wp-json\/wp\/v2\/comments?post=1962"}],"version-history":[{"count":1,"href":"https:\/\/ecosauna.ee\/en\/wp-json\/wp\/v2\/pages\/1962\/revisions"}],"predecessor-version":[{"id":2734,"href":"https:\/\/ecosauna.ee\/en\/wp-json\/wp\/v2\/pages\/1962\/revisions\/2734"}],"wp:featuredmedia":[{"embeddable":true,"href":"https:\/\/ecosauna.ee\/en\/wp-json\/wp\/v2\/media\/2614"}],"wp:attachment":[{"href":"https:\/\/ecosauna.ee\/en\/wp-json\/wp\/v2\/media?parent=1962"}],"curies":[{"name":"wp","href":"https:\/\/api.w.org\/{rel}","templated":true}]}}