{"id":3574,"date":"2021-08-05T15:39:00","date_gmt":"2021-08-05T15:39:00","guid":{"rendered":"https:\/\/ecosauna.ee\/2023\/avaleht\/"},"modified":"2026-04-22T12:27:42","modified_gmt":"2026-04-22T09:27:42","slug":"home","status":"publish","type":"page","link":"https:\/\/ecosauna.ee\/en\/","title":{"rendered":"Home"},"content":{"rendered":"","protected":false},"excerpt":{"rendered":"","protected":false},"author":13,"featured_media":1940,"parent":0,"menu_order":0,"comment_status":"closed","ping_status":"closed","template":"","meta":{"_acf_changed":false,"inline_featured_image":false,"footnotes":""},"class_list":["post-3574","page","type-page","status-publish","has-post-thumbnail","hentry"],"acf":[],"yoast_head":"<!-- This site is optimized with the Yoast SEO plugin v27.5 - https:\/\/yoast.com\/product\/yoast-seo-wordpress\/ -->\n<title>Ecosauna - Saunad, k\u00fcmblust\u00fcnnid, k\u00e4mpingud<\/title>\n<meta name=\"description\" content=\"Ecosauna produces both traditional and custom-designed saunas and camping houses. Ecosauna - a place where time stops and wellness begins.\" \/>\n<meta name=\"robots\" content=\"index, follow, max-snippet:-1, max-image-preview:large, max-video-preview:-1\" \/>\n<link rel=\"canonical\" href=\"https:\/\/ecosauna.ee\/en\/\" \/>\n<meta property=\"og:locale\" content=\"en_US\" \/>\n<meta property=\"og:type\" content=\"article\" \/>\n<meta property=\"og:title\" content=\"[:et]Ecosauna - k\u00fcmblust\u00fcnnid, saunad ja k\u00e4mpingud[:]\" \/>\n<meta property=\"og:description\" content=\"[:et]Ecosauna Project O\u00dc toodab luksuslikke k\u00fcmblust\u00fcnne, nii traditsioonilisi kui ka erilahendustega saunasid ja k\u00e4mpingmajasid.[:]\" \/>\n<meta property=\"og:url\" content=\"https:\/\/ecosauna.ee\/en\/\" \/>\n<meta property=\"og:site_name\" content=\"Ecosauna\" \/>\n<meta property=\"article:publisher\" content=\"https:\/\/www.facebook.com\/ecosaunad\" \/>\n<meta property=\"article:modified_time\" content=\"2026-04-22T09:27:42+00:00\" \/>\n<meta property=\"og:image\" content=\"https:\/\/ecosauna.ee\/wp-content\/uploads\/2022\/01\/FrontPageGallery5.jpg\" \/>\n\t<meta property=\"og:image:width\" content=\"1600\" \/>\n\t<meta property=\"og:image:height\" content=\"1066\" \/>\n\t<meta property=\"og:image:type\" content=\"image\/jpeg\" \/>\n<meta name=\"twitter:card\" content=\"summary_large_image\" \/>\n<meta name=\"twitter:title\" content=\"Ecosauna - k\u00fcmblust\u00fcnnid, saunad ja k\u00e4mpingud\" \/>\n<meta name=\"twitter:description\" content=\"Ecosauna Project O\u00dc toodab luksuslikke k\u00fcmblust\u00fcnne, nii traditsioonilisi kui ka erilahendustega saunasid ja k\u00e4mpingmajasid.\" \/>\n<meta name=\"twitter:image\" content=\"https:\/\/ecosauna.ee\/wp-content\/uploads\/2022\/01\/FrontPageGallery5.jpg\" \/>\n<meta name=\"twitter:label1\" content=\"Est. reading time\" \/>\n\t<meta name=\"twitter:data1\" content=\"1 minute\" \/>\n<script type=\"application\/ld+json\" class=\"yoast-schema-graph\">{\"@context\":\"https:\\\/\\\/schema.org\",\"@graph\":[{\"@type\":\"WebPage\",\"@id\":\"https:\\\/\\\/ecosauna.ee\\\/en\\\/\",\"url\":\"https:\\\/\\\/ecosauna.ee\\\/en\\\/\",\"name\":\"Ecosauna - Saunad, k\u00fcmblust\u00fcnnid, k\u00e4mpingud\",\"isPartOf\":{\"@id\":\"https:\\\/\\\/ecosauna.ee\\\/#website\"},\"primaryImageOfPage\":{\"@id\":\"https:\\\/\\\/ecosauna.ee\\\/en\\\/#primaryimage\"},\"image\":{\"@id\":\"https:\\\/\\\/ecosauna.ee\\\/en\\\/#primaryimage\"},\"thumbnailUrl\":\"https:\\\/\\\/ecosauna.ee\\\/wp-content\\\/uploads\\\/2022\\\/01\\\/FrontPageGallery5.jpg\",\"datePublished\":\"2021-08-05T15:39:00+00:00\",\"dateModified\":\"2026-04-22T09:27:42+00:00\",\"description\":\"Ecosauna produces both traditional and custom-designed saunas and camping houses. Ecosauna - a place where time stops and wellness begins.\",\"breadcrumb\":{\"@id\":\"https:\\\/\\\/ecosauna.ee\\\/en\\\/#breadcrumb\"},\"inLanguage\":\"en-US\",\"potentialAction\":[{\"@type\":\"ReadAction\",\"target\":[\"https:\\\/\\\/ecosauna.ee\\\/en\\\/\"]}]},{\"@type\":\"ImageObject\",\"inLanguage\":\"en-US\",\"@id\":\"https:\\\/\\\/ecosauna.ee\\\/en\\\/#primaryimage\",\"url\":\"https:\\\/\\\/ecosauna.ee\\\/wp-content\\\/uploads\\\/2022\\\/01\\\/FrontPageGallery5.jpg\",\"contentUrl\":\"https:\\\/\\\/ecosauna.ee\\\/wp-content\\\/uploads\\\/2022\\\/01\\\/FrontPageGallery5.jpg\",\"width\":1600,\"height\":1066},{\"@type\":\"BreadcrumbList\",\"@id\":\"https:\\\/\\\/ecosauna.ee\\\/en\\\/#breadcrumb\",\"itemListElement\":[{\"@type\":\"ListItem\",\"position\":1,\"name\":\"Esileht\",\"item\":\"https:\\\/\\\/ecosauna.ee\\\/en\\\/\"},{\"@type\":\"ListItem\",\"position\":2,\"name\":\"Home\"}]},{\"@type\":\"WebSite\",\"@id\":\"https:\\\/\\\/ecosauna.ee\\\/#website\",\"url\":\"https:\\\/\\\/ecosauna.ee\\\/\",\"name\":\"Ecosauna\",\"description\":\"Saunad, k\u00fcmblust\u00fcnnid, k\u00e4mpingud\",\"publisher\":{\"@id\":\"https:\\\/\\\/ecosauna.ee\\\/#organization\"},\"potentialAction\":[{\"@type\":\"SearchAction\",\"target\":{\"@type\":\"EntryPoint\",\"urlTemplate\":\"https:\\\/\\\/ecosauna.ee\\\/?s={search_term_string}\"},\"query-input\":{\"@type\":\"PropertyValueSpecification\",\"valueRequired\":true,\"valueName\":\"search_term_string\"}}],\"inLanguage\":\"en-US\"},{\"@type\":\"Organization\",\"@id\":\"https:\\\/\\\/ecosauna.ee\\\/#organization\",\"name\":\"Ecosauna Project O\u00dc\",\"url\":\"https:\\\/\\\/ecosauna.ee\\\/\",\"logo\":{\"@type\":\"ImageObject\",\"inLanguage\":\"en-US\",\"@id\":\"https:\\\/\\\/ecosauna.ee\\\/#\\\/schema\\\/logo\\\/image\\\/\",\"url\":\"https:\\\/\\\/ecosauna.ee\\\/wp-content\\\/uploads\\\/2023\\\/03\\\/ecosauna-logo.png\",\"contentUrl\":\"https:\\\/\\\/ecosauna.ee\\\/wp-content\\\/uploads\\\/2023\\\/03\\\/ecosauna-logo.png\",\"width\":818,\"height\":646,\"caption\":\"Ecosauna Project O\u00dc\"},\"image\":{\"@id\":\"https:\\\/\\\/ecosauna.ee\\\/#\\\/schema\\\/logo\\\/image\\\/\"},\"sameAs\":[\"https:\\\/\\\/www.facebook.com\\\/ecosaunad\",\"https:\\\/\\\/www.instagram.com\\\/ecosauna.ee\\\/?hl=en\",\"https:\\\/\\\/www.tiktok.com\\\/@ecosauna\",\"https:\\\/\\\/www.youtube.com\\\/@EcosaunaEesti\"]}]}<\/script>\n<!-- \/ Yoast SEO plugin. -->","yoast_head_json":{"title":"Ecosauna - Saunad, k\u00fcmblust\u00fcnnid, k\u00e4mpingud","description":"Ecosauna produces both traditional and custom-designed saunas and camping houses. Ecosauna - a place where time stops and wellness begins.","robots":{"index":"index","follow":"follow","max-snippet":"max-snippet:-1","max-image-preview":"max-image-preview:large","max-video-preview":"max-video-preview:-1"},"canonical":"https:\/\/ecosauna.ee\/en\/","og_locale":"en_US","og_type":"article","og_title":"[:et]Ecosauna - k\u00fcmblust\u00fcnnid, saunad ja k\u00e4mpingud[:]","og_description":"[:et]Ecosauna Project O\u00dc toodab luksuslikke k\u00fcmblust\u00fcnne, nii traditsioonilisi kui ka erilahendustega saunasid ja k\u00e4mpingmajasid.[:]","og_url":"https:\/\/ecosauna.ee\/en\/","og_site_name":"Ecosauna","article_publisher":"https:\/\/www.facebook.com\/ecosaunad","article_modified_time":"2026-04-22T09:27:42+00:00","og_image":[{"width":1600,"height":1066,"url":"https:\/\/ecosauna.ee\/wp-content\/uploads\/2022\/01\/FrontPageGallery5.jpg","type":"image\/jpeg"}],"twitter_card":"summary_large_image","twitter_title":"Ecosauna - k\u00fcmblust\u00fcnnid, saunad ja k\u00e4mpingud","twitter_description":"Ecosauna Project O\u00dc toodab luksuslikke k\u00fcmblust\u00fcnne, nii traditsioonilisi kui ka erilahendustega saunasid ja k\u00e4mpingmajasid.","twitter_image":"https:\/\/ecosauna.ee\/wp-content\/uploads\/2022\/01\/FrontPageGallery5.jpg","twitter_misc":{"Est. reading time":"1 minute"},"schema":{"@context":"https:\/\/schema.org","@graph":[{"@type":"WebPage","@id":"https:\/\/ecosauna.ee\/en\/","url":"https:\/\/ecosauna.ee\/en\/","name":"Ecosauna - Saunad, k\u00fcmblust\u00fcnnid, k\u00e4mpingud","isPartOf":{"@id":"https:\/\/ecosauna.ee\/#website"},"primaryImageOfPage":{"@id":"https:\/\/ecosauna.ee\/en\/#primaryimage"},"image":{"@id":"https:\/\/ecosauna.ee\/en\/#primaryimage"},"thumbnailUrl":"https:\/\/ecosauna.ee\/wp-content\/uploads\/2022\/01\/FrontPageGallery5.jpg","datePublished":"2021-08-05T15:39:00+00:00","dateModified":"2026-04-22T09:27:42+00:00","description":"Ecosauna produces both traditional and custom-designed saunas and camping houses. Ecosauna - a place where time stops and wellness begins.","breadcrumb":{"@id":"https:\/\/ecosauna.ee\/en\/#breadcrumb"},"inLanguage":"en-US","potentialAction":[{"@type":"ReadAction","target":["https:\/\/ecosauna.ee\/en\/"]}]},{"@type":"ImageObject","inLanguage":"en-US","@id":"https:\/\/ecosauna.ee\/en\/#primaryimage","url":"https:\/\/ecosauna.ee\/wp-content\/uploads\/2022\/01\/FrontPageGallery5.jpg","contentUrl":"https:\/\/ecosauna.ee\/wp-content\/uploads\/2022\/01\/FrontPageGallery5.jpg","width":1600,"height":1066},{"@type":"BreadcrumbList","@id":"https:\/\/ecosauna.ee\/en\/#breadcrumb","itemListElement":[{"@type":"ListItem","position":1,"name":"Esileht","item":"https:\/\/ecosauna.ee\/en\/"},{"@type":"ListItem","position":2,"name":"Home"}]},{"@type":"WebSite","@id":"https:\/\/ecosauna.ee\/#website","url":"https:\/\/ecosauna.ee\/","name":"Ecosauna","description":"Saunad, k\u00fcmblust\u00fcnnid, k\u00e4mpingud","publisher":{"@id":"https:\/\/ecosauna.ee\/#organization"},"potentialAction":[{"@type":"SearchAction","target":{"@type":"EntryPoint","urlTemplate":"https:\/\/ecosauna.ee\/?s={search_term_string}"},"query-input":{"@type":"PropertyValueSpecification","valueRequired":true,"valueName":"search_term_string"}}],"inLanguage":"en-US"},{"@type":"Organization","@id":"https:\/\/ecosauna.ee\/#organization","name":"Ecosauna Project O\u00dc","url":"https:\/\/ecosauna.ee\/","logo":{"@type":"ImageObject","inLanguage":"en-US","@id":"https:\/\/ecosauna.ee\/#\/schema\/logo\/image\/","url":"https:\/\/ecosauna.ee\/wp-content\/uploads\/2023\/03\/ecosauna-logo.png","contentUrl":"https:\/\/ecosauna.ee\/wp-content\/uploads\/2023\/03\/ecosauna-logo.png","width":818,"height":646,"caption":"Ecosauna Project O\u00dc"},"image":{"@id":"https:\/\/ecosauna.ee\/#\/schema\/logo\/image\/"},"sameAs":["https:\/\/www.facebook.com\/ecosaunad","https:\/\/www.instagram.com\/ecosauna.ee\/?hl=en","https:\/\/www.tiktok.com\/@ecosauna","https:\/\/www.youtube.com\/@EcosaunaEesti"]}]}},"_links":{"self":[{"href":"https:\/\/ecosauna.ee\/en\/wp-json\/wp\/v2\/pages\/3574","targetHints":{"allow":["GET"]}}],"collection":[{"href":"https:\/\/ecosauna.ee\/en\/wp-json\/wp\/v2\/pages"}],"about":[{"href":"https:\/\/ecosauna.ee\/en\/wp-json\/wp\/v2\/types\/page"}],"author":[{"embeddable":true,"href":"https:\/\/ecosauna.ee\/en\/wp-json\/wp\/v2\/users\/13"}],"replies":[{"embeddable":true,"href":"https:\/\/ecosauna.ee\/en\/wp-json\/wp\/v2\/comments?post=3574"}],"version-history":[{"count":47,"href":"https:\/\/ecosauna.ee\/en\/wp-json\/wp\/v2\/pages\/3574\/revisions"}],"predecessor-version":[{"id":11599,"href":"https:\/\/ecosauna.ee\/en\/wp-json\/wp\/v2\/pages\/3574\/revisions\/11599"}],"wp:featuredmedia":[{"embeddable":true,"href":"https:\/\/ecosauna.ee\/en\/wp-json\/wp\/v2\/media\/1940"}],"wp:attachment":[{"href":"https:\/\/ecosauna.ee\/en\/wp-json\/wp\/v2\/media?parent=3574"}],"curies":[{"name":"wp","href":"https:\/\/api.w.org\/{rel}","templated":true}]}}