{"id":10629,"date":"2025-06-16T15:15:04","date_gmt":"2025-06-16T12:15:04","guid":{"rendered":"https:\/\/ecosauna.ee\/?post_type=product&#038;p=10629"},"modified":"2026-04-14T10:21:16","modified_gmt":"2026-04-14T07:21:16","slug":"icon-385","status":"publish","type":"product","link":"https:\/\/ecosauna.ee\/en\/product\/icon-385\/","title":{"rendered":"ICON 385"},"content":{"rendered":"<p>ICON 385 is crafted from a high-quality 42 mm thick spruce or thermo-pine body and 26 mm wall boards, ensuring excellent durability, thermal insulation, and a long lifespan. The thermowood is processed without any chemical additives, making it a safe choice even for those with allergies.<\/p>\n<p>The sauna features two separate rooms\u2014a steam room and a lounge area\u2014providing a space to relax, change, or take a short break between sessions. At the front, there is a sheltered terrace area. Wooden benches on both sides of the terrace create a pleasant seating area to enjoy before and after your sauna.<\/p>\n<p>For ICON 385, you can choose between two different back wall solutions: a half-moon glass window (bronze and mirror glass available) or a full wooden wall. Two glass doors (70 \u00d7 192 cm)\u2014one for the main entrance and one for the steam room\u2014allow natural light to brighten the interior while maintaining privacy.<\/p>\n<p>The steam room interior consists of two-tier straight benches positioned on the left and right. The package also includes backrests, a heater guard, and heat-resistant minerit boards on the floor and back wall to ensure a safe heater installation. The sauna is compatible with both electric and wood-burning heaters.<\/p>\n<p>The product comes with a 2-year warranty.<\/p>\n<p>The set includes:<\/p>\n<ul>\n<li>body made of 42 mm spruce or thermo-pine<\/li>\n<li>wall panels made of 28 mm spruce or thermowood pine;<\/li>\n<li style=\"font-weight: 400;\">external door: 70 \u00d7 192 cm (bronze and mirror glass available);<\/li>\n<li style=\"font-weight: 400;\">internal door: 70 \u00d7 192 cm bronze glass door;<\/li>\n<li style=\"font-weight: 400;\">steam room benches: two-tier straight benches on the left and right;<\/li>\n<li style=\"font-weight: 400;\">backrests<\/li>\n<li style=\"font-weight: 400;\"><span style=\"font-weight: 400;\">heater guard;<\/span><\/li>\n<li style=\"font-weight: 400;\">lounge area: Single-tier benches on the left and right;<\/li>\n<li style=\"font-weight: 400;\">wooden benches on the terrace;<\/li>\n<li style=\"font-weight: 400;\">roof material: bitumen shingles (black, brown, gray, red, or green);<\/li>\n<li style=\"font-weight: 400;\">SBS underlayment beneath the roofing material.<\/li>\n<\/ul>\n<p>&nbsp;<\/p>\n","protected":false},"excerpt":{"rendered":"<p>ICON 385 is the largest sauna in our ICON series and fits up to 8 people. It features a separate steam room, a lounge area, and a terrace, providing the perfect sauna experience all year round.<\/p>\n","protected":false},"featured_media":9140,"template":"","meta":{"_acf_changed":false,"inline_featured_image":false},"product_brand":[],"product_cat":[327],"product_tag":[],"class_list":{"0":"post-10629","1":"product","2":"type-product","3":"status-publish","4":"has-post-thumbnail","6":"product_cat-icon-saunas","8":"first","9":"instock","10":"taxable","11":"shipping-taxable","12":"product-type-simple"},"acf":[],"yoast_head":"<!-- This site is optimized with the Yoast SEO plugin v27.4 - https:\/\/yoast.com\/product\/yoast-seo-wordpress\/ -->\n<title>ICON 385 - Ecosauna<\/title>\n<meta name=\"description\" content=\"The ICON 385 is the most spacious model in our ICON series, designed to provide maximum comfort and relaxation.\" \/>\n<meta name=\"robots\" content=\"index, follow, max-snippet:-1, max-image-preview:large, max-video-preview:-1\" \/>\n<link rel=\"canonical\" href=\"https:\/\/ecosauna.ee\/en\/product\/icon-385\/\" \/>\n<meta property=\"og:locale\" content=\"en_US\" \/>\n<meta property=\"og:type\" content=\"article\" \/>\n<meta property=\"og:title\" content=\"ICON 385 - Ecosauna\" \/>\n<meta property=\"og:description\" content=\"The ICON 385 is the most spacious model in our ICON series, designed to provide maximum comfort and relaxation.\" \/>\n<meta property=\"og:url\" content=\"https:\/\/ecosauna.ee\/en\/product\/icon-385\/\" \/>\n<meta property=\"og:site_name\" content=\"Ecosauna\" \/>\n<meta property=\"article:publisher\" content=\"https:\/\/www.facebook.com\/ecosaunad\" \/>\n<meta property=\"article:modified_time\" content=\"2026-04-14T07:21:16+00:00\" \/>\n<meta property=\"og:image\" content=\"https:\/\/ecosauna.ee\/wp-content\/uploads\/2025\/06\/ICON-385-termo-6-2048x1638.jpg\" \/>\n\t<meta property=\"og:image:width\" content=\"2048\" \/>\n\t<meta property=\"og:image:height\" content=\"1638\" \/>\n\t<meta property=\"og:image:type\" content=\"image\/jpeg\" \/>\n<meta name=\"twitter:card\" content=\"summary_large_image\" \/>\n<meta name=\"twitter:label1\" content=\"Est. reading time\" \/>\n\t<meta name=\"twitter:data1\" content=\"2 minutes\" \/>\n<script type=\"application\/ld+json\" class=\"yoast-schema-graph\">{\"@context\":\"https:\\\/\\\/schema.org\",\"@graph\":[{\"@type\":\"WebPage\",\"@id\":\"https:\\\/\\\/ecosauna.ee\\\/en\\\/product\\\/icon-385\\\/\",\"url\":\"https:\\\/\\\/ecosauna.ee\\\/en\\\/product\\\/icon-385\\\/\",\"name\":\"ICON 385 - Ecosauna\",\"isPartOf\":{\"@id\":\"https:\\\/\\\/ecosauna.ee\\\/#website\"},\"primaryImageOfPage\":{\"@id\":\"https:\\\/\\\/ecosauna.ee\\\/en\\\/product\\\/icon-385\\\/#primaryimage\"},\"image\":{\"@id\":\"https:\\\/\\\/ecosauna.ee\\\/en\\\/product\\\/icon-385\\\/#primaryimage\"},\"thumbnailUrl\":\"https:\\\/\\\/ecosauna.ee\\\/wp-content\\\/uploads\\\/2025\\\/06\\\/ICON-385-termo-6.jpg\",\"datePublished\":\"2025-06-16T12:15:04+00:00\",\"dateModified\":\"2026-04-14T07:21:16+00:00\",\"description\":\"The ICON 385 is the most spacious model in our ICON series, designed to provide maximum comfort and relaxation.\",\"breadcrumb\":{\"@id\":\"https:\\\/\\\/ecosauna.ee\\\/en\\\/product\\\/icon-385\\\/#breadcrumb\"},\"inLanguage\":\"en-US\",\"potentialAction\":[{\"@type\":\"ReadAction\",\"target\":[\"https:\\\/\\\/ecosauna.ee\\\/en\\\/product\\\/icon-385\\\/\"]}]},{\"@type\":\"ImageObject\",\"inLanguage\":\"en-US\",\"@id\":\"https:\\\/\\\/ecosauna.ee\\\/en\\\/product\\\/icon-385\\\/#primaryimage\",\"url\":\"https:\\\/\\\/ecosauna.ee\\\/wp-content\\\/uploads\\\/2025\\\/06\\\/ICON-385-termo-6.jpg\",\"contentUrl\":\"https:\\\/\\\/ecosauna.ee\\\/wp-content\\\/uploads\\\/2025\\\/06\\\/ICON-385-termo-6.jpg\",\"width\":3000,\"height\":2400},{\"@type\":\"BreadcrumbList\",\"@id\":\"https:\\\/\\\/ecosauna.ee\\\/en\\\/product\\\/icon-385\\\/#breadcrumb\",\"itemListElement\":[{\"@type\":\"ListItem\",\"position\":1,\"name\":\"Esileht\",\"item\":\"https:\\\/\\\/ecosauna.ee\\\/en\\\/\"},{\"@type\":\"ListItem\",\"position\":2,\"name\":\"Shop\",\"item\":\"https:\\\/\\\/ecosauna.ee\\\/en\\\/shop-2\\\/\"},{\"@type\":\"ListItem\",\"position\":3,\"name\":\"ICON 385\"}]},{\"@type\":\"WebSite\",\"@id\":\"https:\\\/\\\/ecosauna.ee\\\/#website\",\"url\":\"https:\\\/\\\/ecosauna.ee\\\/\",\"name\":\"Ecosauna\",\"description\":\"Saunad, k\u00fcmblust\u00fcnnid, k\u00e4mpingud\",\"publisher\":{\"@id\":\"https:\\\/\\\/ecosauna.ee\\\/#organization\"},\"potentialAction\":[{\"@type\":\"SearchAction\",\"target\":{\"@type\":\"EntryPoint\",\"urlTemplate\":\"https:\\\/\\\/ecosauna.ee\\\/?s={search_term_string}\"},\"query-input\":{\"@type\":\"PropertyValueSpecification\",\"valueRequired\":true,\"valueName\":\"search_term_string\"}}],\"inLanguage\":\"en-US\"},{\"@type\":\"Organization\",\"@id\":\"https:\\\/\\\/ecosauna.ee\\\/#organization\",\"name\":\"Ecosauna Project O\u00dc\",\"url\":\"https:\\\/\\\/ecosauna.ee\\\/\",\"logo\":{\"@type\":\"ImageObject\",\"inLanguage\":\"en-US\",\"@id\":\"https:\\\/\\\/ecosauna.ee\\\/#\\\/schema\\\/logo\\\/image\\\/\",\"url\":\"https:\\\/\\\/ecosauna.ee\\\/wp-content\\\/uploads\\\/2023\\\/03\\\/ecosauna-logo.png\",\"contentUrl\":\"https:\\\/\\\/ecosauna.ee\\\/wp-content\\\/uploads\\\/2023\\\/03\\\/ecosauna-logo.png\",\"width\":818,\"height\":646,\"caption\":\"Ecosauna Project O\u00dc\"},\"image\":{\"@id\":\"https:\\\/\\\/ecosauna.ee\\\/#\\\/schema\\\/logo\\\/image\\\/\"},\"sameAs\":[\"https:\\\/\\\/www.facebook.com\\\/ecosaunad\",\"https:\\\/\\\/www.instagram.com\\\/ecosauna.ee\\\/?hl=en\",\"https:\\\/\\\/www.tiktok.com\\\/@ecosauna\",\"https:\\\/\\\/www.youtube.com\\\/@EcosaunaEesti\"]}]}<\/script>\n<!-- \/ Yoast SEO plugin. -->","yoast_head_json":{"title":"ICON 385 - Ecosauna","description":"The ICON 385 is the most spacious model in our ICON series, designed to provide maximum comfort and relaxation.","robots":{"index":"index","follow":"follow","max-snippet":"max-snippet:-1","max-image-preview":"max-image-preview:large","max-video-preview":"max-video-preview:-1"},"canonical":"https:\/\/ecosauna.ee\/en\/product\/icon-385\/","og_locale":"en_US","og_type":"article","og_title":"ICON 385 - Ecosauna","og_description":"The ICON 385 is the most spacious model in our ICON series, designed to provide maximum comfort and relaxation.","og_url":"https:\/\/ecosauna.ee\/en\/product\/icon-385\/","og_site_name":"Ecosauna","article_publisher":"https:\/\/www.facebook.com\/ecosaunad","article_modified_time":"2026-04-14T07:21:16+00:00","og_image":[{"width":2048,"height":1638,"url":"https:\/\/ecosauna.ee\/wp-content\/uploads\/2025\/06\/ICON-385-termo-6-2048x1638.jpg","type":"image\/jpeg"}],"twitter_card":"summary_large_image","twitter_misc":{"Est. reading time":"2 minutes"},"schema":{"@context":"https:\/\/schema.org","@graph":[{"@type":"WebPage","@id":"https:\/\/ecosauna.ee\/en\/product\/icon-385\/","url":"https:\/\/ecosauna.ee\/en\/product\/icon-385\/","name":"ICON 385 - Ecosauna","isPartOf":{"@id":"https:\/\/ecosauna.ee\/#website"},"primaryImageOfPage":{"@id":"https:\/\/ecosauna.ee\/en\/product\/icon-385\/#primaryimage"},"image":{"@id":"https:\/\/ecosauna.ee\/en\/product\/icon-385\/#primaryimage"},"thumbnailUrl":"https:\/\/ecosauna.ee\/wp-content\/uploads\/2025\/06\/ICON-385-termo-6.jpg","datePublished":"2025-06-16T12:15:04+00:00","dateModified":"2026-04-14T07:21:16+00:00","description":"The ICON 385 is the most spacious model in our ICON series, designed to provide maximum comfort and relaxation.","breadcrumb":{"@id":"https:\/\/ecosauna.ee\/en\/product\/icon-385\/#breadcrumb"},"inLanguage":"en-US","potentialAction":[{"@type":"ReadAction","target":["https:\/\/ecosauna.ee\/en\/product\/icon-385\/"]}]},{"@type":"ImageObject","inLanguage":"en-US","@id":"https:\/\/ecosauna.ee\/en\/product\/icon-385\/#primaryimage","url":"https:\/\/ecosauna.ee\/wp-content\/uploads\/2025\/06\/ICON-385-termo-6.jpg","contentUrl":"https:\/\/ecosauna.ee\/wp-content\/uploads\/2025\/06\/ICON-385-termo-6.jpg","width":3000,"height":2400},{"@type":"BreadcrumbList","@id":"https:\/\/ecosauna.ee\/en\/product\/icon-385\/#breadcrumb","itemListElement":[{"@type":"ListItem","position":1,"name":"Esileht","item":"https:\/\/ecosauna.ee\/en\/"},{"@type":"ListItem","position":2,"name":"Shop","item":"https:\/\/ecosauna.ee\/en\/shop-2\/"},{"@type":"ListItem","position":3,"name":"ICON 385"}]},{"@type":"WebSite","@id":"https:\/\/ecosauna.ee\/#website","url":"https:\/\/ecosauna.ee\/","name":"Ecosauna","description":"Saunad, k\u00fcmblust\u00fcnnid, k\u00e4mpingud","publisher":{"@id":"https:\/\/ecosauna.ee\/#organization"},"potentialAction":[{"@type":"SearchAction","target":{"@type":"EntryPoint","urlTemplate":"https:\/\/ecosauna.ee\/?s={search_term_string}"},"query-input":{"@type":"PropertyValueSpecification","valueRequired":true,"valueName":"search_term_string"}}],"inLanguage":"en-US"},{"@type":"Organization","@id":"https:\/\/ecosauna.ee\/#organization","name":"Ecosauna Project O\u00dc","url":"https:\/\/ecosauna.ee\/","logo":{"@type":"ImageObject","inLanguage":"en-US","@id":"https:\/\/ecosauna.ee\/#\/schema\/logo\/image\/","url":"https:\/\/ecosauna.ee\/wp-content\/uploads\/2023\/03\/ecosauna-logo.png","contentUrl":"https:\/\/ecosauna.ee\/wp-content\/uploads\/2023\/03\/ecosauna-logo.png","width":818,"height":646,"caption":"Ecosauna Project O\u00dc"},"image":{"@id":"https:\/\/ecosauna.ee\/#\/schema\/logo\/image\/"},"sameAs":["https:\/\/www.facebook.com\/ecosaunad","https:\/\/www.instagram.com\/ecosauna.ee\/?hl=en","https:\/\/www.tiktok.com\/@ecosauna","https:\/\/www.youtube.com\/@EcosaunaEesti"]}]}},"_links":{"self":[{"href":"https:\/\/ecosauna.ee\/en\/wp-json\/wp\/v2\/product\/10629","targetHints":{"allow":["GET"]}}],"collection":[{"href":"https:\/\/ecosauna.ee\/en\/wp-json\/wp\/v2\/product"}],"about":[{"href":"https:\/\/ecosauna.ee\/en\/wp-json\/wp\/v2\/types\/product"}],"wp:featuredmedia":[{"embeddable":true,"href":"https:\/\/ecosauna.ee\/en\/wp-json\/wp\/v2\/media\/9140"}],"wp:attachment":[{"href":"https:\/\/ecosauna.ee\/en\/wp-json\/wp\/v2\/media?parent=10629"}],"wp:term":[{"taxonomy":"product_brand","embeddable":true,"href":"https:\/\/ecosauna.ee\/en\/wp-json\/wp\/v2\/product_brand?post=10629"},{"taxonomy":"product_cat","embeddable":true,"href":"https:\/\/ecosauna.ee\/en\/wp-json\/wp\/v2\/product_cat?post=10629"},{"taxonomy":"product_tag","embeddable":true,"href":"https:\/\/ecosauna.ee\/en\/wp-json\/wp\/v2\/product_tag?post=10629"}],"curies":[{"name":"wp","href":"https:\/\/api.w.org\/{rel}","templated":true}]}}