{"id":10660,"date":"2025-06-16T14:53:22","date_gmt":"2025-06-16T11:53:22","guid":{"rendered":"https:\/\/ecosauna.ee\/toode\/icon-250\/"},"modified":"2026-04-14T10:15:45","modified_gmt":"2026-04-14T07:15:45","slug":"icon-250","status":"publish","type":"product","link":"https:\/\/ecosauna.ee\/en\/product\/icon-250\/","title":{"rendered":"ICON 250"},"content":{"rendered":"<p>The ICON 250 sauna combines contemporary design with functionality to deliver an exceptional sauna experience. Unlike classic barrel saunas, its unique shape offers more space for back support, allowing for a much more comfortable seating position.<\/p>\n<p>The body of the sauna is made of 42 mm thermowood pine, ensuring long-lasting durability and excellent thermal insulation. You can customize the look of your sauna by choosing between a wooden front wall or a full glass front wall (available in bronze or mirror glass). For the back wall, you have the option of a solid wooden wall or a half-moon glass window (available in bronze or mirror glass).<\/p>\n<p>Inside the sauna, you will find single-tier straight benches conveniently positioned on both the left and right sides, offering ample space for relaxation. For your safety and comfort, the package includes a heater guard and a floor ducks (floor grate). To ensure maximum safety, fire- and heat-resistant minerit boards are installed under and behind the heater. The glass door measures 60 x 170 cm and is available in either bronze or mirror glass.<\/p>\n<p>Although this is a space-saving model, it seats up to four people.<\/p>\n<p>The product comes with a 2-year warranty.<\/p>\n<h4><strong>The set includes:<\/strong><\/h4>\n<ul>\n<li>body made of 42 mm thermowood pine;<\/li>\n<li>wall board made of 28 mm thermowood pine;<\/li>\n<li>wooden back wall or half-moon glass back wall (bronze and mirror glass available);<\/li>\n<li>wooden front wall or full glass front wall (bronze and mirror glass available);<\/li>\n<li>external glass door 60 x 170 cm, (bronze and mirror glass available);<\/li>\n<li>single-tier straight benches on the left and right;<\/li>\n<li>heater guard<\/li>\n<li>floor grate;<\/li>\n<li>roof material: bitumen shingles (black, brown, gray, red, or green);<\/li>\n<li>SBS underlayment beneath the roofing material;<\/li>\n<li>fire- and heat-resistant Minerit board under the heater and on the back wall.<\/li>\n<\/ul>\n","protected":false},"excerpt":{"rendered":"<p>The Icon 250 is a compact yet elegant outdoor sauna, perfectly suited for smaller outdoor spaces. It combines modern design, high-quality materials, and practical solutions, offering an enjoyable sauna experience in every season.<\/p>\n","protected":false},"featured_media":9075,"template":"","meta":{"_acf_changed":false,"inline_featured_image":false},"product_brand":[],"product_cat":[327],"product_tag":[],"class_list":{"0":"post-10660","1":"product","2":"type-product","3":"status-publish","4":"has-post-thumbnail","6":"product_cat-icon-saunas","8":"first","9":"instock","10":"taxable","11":"shipping-taxable","12":"product-type-simple"},"acf":[],"yoast_head":"<!-- This site is optimized with the Yoast SEO plugin v27.4 - https:\/\/yoast.com\/product\/yoast-seo-wordpress\/ -->\n<title>ICON 250 - Ecosauna<\/title>\n<meta name=\"description\" content=\"The Icon 250 is a compact yet elegant outdoor sauna that is perfect for smaller outdoor spaces, providing an enjoyable sauna experience.\" \/>\n<meta name=\"robots\" content=\"index, follow, max-snippet:-1, max-image-preview:large, max-video-preview:-1\" \/>\n<link rel=\"canonical\" href=\"https:\/\/ecosauna.ee\/en\/product\/icon-250\/\" \/>\n<meta property=\"og:locale\" content=\"en_US\" \/>\n<meta property=\"og:type\" content=\"article\" \/>\n<meta property=\"og:title\" content=\"ICON 250 - Ecosauna\" \/>\n<meta property=\"og:description\" content=\"The Icon 250 is a compact yet elegant outdoor sauna that is perfect for smaller outdoor spaces, providing an enjoyable sauna experience.\" \/>\n<meta property=\"og:url\" content=\"https:\/\/ecosauna.ee\/en\/product\/icon-250\/\" \/>\n<meta property=\"og:site_name\" content=\"Ecosauna\" \/>\n<meta property=\"article:publisher\" content=\"https:\/\/www.facebook.com\/ecosaunad\" \/>\n<meta property=\"article:modified_time\" content=\"2026-04-14T07:15:45+00:00\" \/>\n<meta property=\"og:image\" content=\"https:\/\/ecosauna.ee\/wp-content\/uploads\/2025\/06\/ICON-250-termo-6-2048x1666.jpg\" \/>\n\t<meta property=\"og:image:width\" content=\"2048\" \/>\n\t<meta property=\"og:image:height\" content=\"1666\" \/>\n\t<meta property=\"og:image:type\" content=\"image\/jpeg\" \/>\n<meta name=\"twitter:card\" content=\"summary_large_image\" \/>\n<meta name=\"twitter:label1\" content=\"Est. reading time\" \/>\n\t<meta name=\"twitter:data1\" content=\"2 minutes\" \/>\n<script type=\"application\/ld+json\" class=\"yoast-schema-graph\">{\"@context\":\"https:\\\/\\\/schema.org\",\"@graph\":[{\"@type\":\"WebPage\",\"@id\":\"https:\\\/\\\/ecosauna.ee\\\/en\\\/product\\\/icon-250\\\/\",\"url\":\"https:\\\/\\\/ecosauna.ee\\\/en\\\/product\\\/icon-250\\\/\",\"name\":\"ICON 250 - Ecosauna\",\"isPartOf\":{\"@id\":\"https:\\\/\\\/ecosauna.ee\\\/#website\"},\"primaryImageOfPage\":{\"@id\":\"https:\\\/\\\/ecosauna.ee\\\/en\\\/product\\\/icon-250\\\/#primaryimage\"},\"image\":{\"@id\":\"https:\\\/\\\/ecosauna.ee\\\/en\\\/product\\\/icon-250\\\/#primaryimage\"},\"thumbnailUrl\":\"https:\\\/\\\/ecosauna.ee\\\/wp-content\\\/uploads\\\/2025\\\/06\\\/ICON-250-termo-6.jpg\",\"datePublished\":\"2025-06-16T11:53:22+00:00\",\"dateModified\":\"2026-04-14T07:15:45+00:00\",\"description\":\"The Icon 250 is a compact yet elegant outdoor sauna that is perfect for smaller outdoor spaces, providing an enjoyable sauna experience.\",\"breadcrumb\":{\"@id\":\"https:\\\/\\\/ecosauna.ee\\\/en\\\/product\\\/icon-250\\\/#breadcrumb\"},\"inLanguage\":\"en-US\",\"potentialAction\":[{\"@type\":\"ReadAction\",\"target\":[\"https:\\\/\\\/ecosauna.ee\\\/en\\\/product\\\/icon-250\\\/\"]}]},{\"@type\":\"ImageObject\",\"inLanguage\":\"en-US\",\"@id\":\"https:\\\/\\\/ecosauna.ee\\\/en\\\/product\\\/icon-250\\\/#primaryimage\",\"url\":\"https:\\\/\\\/ecosauna.ee\\\/wp-content\\\/uploads\\\/2025\\\/06\\\/ICON-250-termo-6.jpg\",\"contentUrl\":\"https:\\\/\\\/ecosauna.ee\\\/wp-content\\\/uploads\\\/2025\\\/06\\\/ICON-250-termo-6.jpg\",\"width\":2950,\"height\":2400},{\"@type\":\"BreadcrumbList\",\"@id\":\"https:\\\/\\\/ecosauna.ee\\\/en\\\/product\\\/icon-250\\\/#breadcrumb\",\"itemListElement\":[{\"@type\":\"ListItem\",\"position\":1,\"name\":\"Esileht\",\"item\":\"https:\\\/\\\/ecosauna.ee\\\/en\\\/\"},{\"@type\":\"ListItem\",\"position\":2,\"name\":\"Shop\",\"item\":\"https:\\\/\\\/ecosauna.ee\\\/en\\\/shop-2\\\/\"},{\"@type\":\"ListItem\",\"position\":3,\"name\":\"ICON 250\"}]},{\"@type\":\"WebSite\",\"@id\":\"https:\\\/\\\/ecosauna.ee\\\/#website\",\"url\":\"https:\\\/\\\/ecosauna.ee\\\/\",\"name\":\"Ecosauna\",\"description\":\"Saunad, k\u00fcmblust\u00fcnnid, k\u00e4mpingud\",\"publisher\":{\"@id\":\"https:\\\/\\\/ecosauna.ee\\\/#organization\"},\"potentialAction\":[{\"@type\":\"SearchAction\",\"target\":{\"@type\":\"EntryPoint\",\"urlTemplate\":\"https:\\\/\\\/ecosauna.ee\\\/?s={search_term_string}\"},\"query-input\":{\"@type\":\"PropertyValueSpecification\",\"valueRequired\":true,\"valueName\":\"search_term_string\"}}],\"inLanguage\":\"en-US\"},{\"@type\":\"Organization\",\"@id\":\"https:\\\/\\\/ecosauna.ee\\\/#organization\",\"name\":\"Ecosauna Project O\u00dc\",\"url\":\"https:\\\/\\\/ecosauna.ee\\\/\",\"logo\":{\"@type\":\"ImageObject\",\"inLanguage\":\"en-US\",\"@id\":\"https:\\\/\\\/ecosauna.ee\\\/#\\\/schema\\\/logo\\\/image\\\/\",\"url\":\"https:\\\/\\\/ecosauna.ee\\\/wp-content\\\/uploads\\\/2023\\\/03\\\/ecosauna-logo.png\",\"contentUrl\":\"https:\\\/\\\/ecosauna.ee\\\/wp-content\\\/uploads\\\/2023\\\/03\\\/ecosauna-logo.png\",\"width\":818,\"height\":646,\"caption\":\"Ecosauna Project O\u00dc\"},\"image\":{\"@id\":\"https:\\\/\\\/ecosauna.ee\\\/#\\\/schema\\\/logo\\\/image\\\/\"},\"sameAs\":[\"https:\\\/\\\/www.facebook.com\\\/ecosaunad\",\"https:\\\/\\\/www.instagram.com\\\/ecosauna.ee\\\/?hl=en\",\"https:\\\/\\\/www.tiktok.com\\\/@ecosauna\",\"https:\\\/\\\/www.youtube.com\\\/@EcosaunaEesti\"]}]}<\/script>\n<!-- \/ Yoast SEO plugin. -->","yoast_head_json":{"title":"ICON 250 - Ecosauna","description":"The Icon 250 is a compact yet elegant outdoor sauna that is perfect for smaller outdoor spaces, providing an enjoyable sauna experience.","robots":{"index":"index","follow":"follow","max-snippet":"max-snippet:-1","max-image-preview":"max-image-preview:large","max-video-preview":"max-video-preview:-1"},"canonical":"https:\/\/ecosauna.ee\/en\/product\/icon-250\/","og_locale":"en_US","og_type":"article","og_title":"ICON 250 - Ecosauna","og_description":"The Icon 250 is a compact yet elegant outdoor sauna that is perfect for smaller outdoor spaces, providing an enjoyable sauna experience.","og_url":"https:\/\/ecosauna.ee\/en\/product\/icon-250\/","og_site_name":"Ecosauna","article_publisher":"https:\/\/www.facebook.com\/ecosaunad","article_modified_time":"2026-04-14T07:15:45+00:00","og_image":[{"width":2048,"height":1666,"url":"https:\/\/ecosauna.ee\/wp-content\/uploads\/2025\/06\/ICON-250-termo-6-2048x1666.jpg","type":"image\/jpeg"}],"twitter_card":"summary_large_image","twitter_misc":{"Est. reading time":"2 minutes"},"schema":{"@context":"https:\/\/schema.org","@graph":[{"@type":"WebPage","@id":"https:\/\/ecosauna.ee\/en\/product\/icon-250\/","url":"https:\/\/ecosauna.ee\/en\/product\/icon-250\/","name":"ICON 250 - Ecosauna","isPartOf":{"@id":"https:\/\/ecosauna.ee\/#website"},"primaryImageOfPage":{"@id":"https:\/\/ecosauna.ee\/en\/product\/icon-250\/#primaryimage"},"image":{"@id":"https:\/\/ecosauna.ee\/en\/product\/icon-250\/#primaryimage"},"thumbnailUrl":"https:\/\/ecosauna.ee\/wp-content\/uploads\/2025\/06\/ICON-250-termo-6.jpg","datePublished":"2025-06-16T11:53:22+00:00","dateModified":"2026-04-14T07:15:45+00:00","description":"The Icon 250 is a compact yet elegant outdoor sauna that is perfect for smaller outdoor spaces, providing an enjoyable sauna experience.","breadcrumb":{"@id":"https:\/\/ecosauna.ee\/en\/product\/icon-250\/#breadcrumb"},"inLanguage":"en-US","potentialAction":[{"@type":"ReadAction","target":["https:\/\/ecosauna.ee\/en\/product\/icon-250\/"]}]},{"@type":"ImageObject","inLanguage":"en-US","@id":"https:\/\/ecosauna.ee\/en\/product\/icon-250\/#primaryimage","url":"https:\/\/ecosauna.ee\/wp-content\/uploads\/2025\/06\/ICON-250-termo-6.jpg","contentUrl":"https:\/\/ecosauna.ee\/wp-content\/uploads\/2025\/06\/ICON-250-termo-6.jpg","width":2950,"height":2400},{"@type":"BreadcrumbList","@id":"https:\/\/ecosauna.ee\/en\/product\/icon-250\/#breadcrumb","itemListElement":[{"@type":"ListItem","position":1,"name":"Esileht","item":"https:\/\/ecosauna.ee\/en\/"},{"@type":"ListItem","position":2,"name":"Shop","item":"https:\/\/ecosauna.ee\/en\/shop-2\/"},{"@type":"ListItem","position":3,"name":"ICON 250"}]},{"@type":"WebSite","@id":"https:\/\/ecosauna.ee\/#website","url":"https:\/\/ecosauna.ee\/","name":"Ecosauna","description":"Saunad, k\u00fcmblust\u00fcnnid, k\u00e4mpingud","publisher":{"@id":"https:\/\/ecosauna.ee\/#organization"},"potentialAction":[{"@type":"SearchAction","target":{"@type":"EntryPoint","urlTemplate":"https:\/\/ecosauna.ee\/?s={search_term_string}"},"query-input":{"@type":"PropertyValueSpecification","valueRequired":true,"valueName":"search_term_string"}}],"inLanguage":"en-US"},{"@type":"Organization","@id":"https:\/\/ecosauna.ee\/#organization","name":"Ecosauna Project O\u00dc","url":"https:\/\/ecosauna.ee\/","logo":{"@type":"ImageObject","inLanguage":"en-US","@id":"https:\/\/ecosauna.ee\/#\/schema\/logo\/image\/","url":"https:\/\/ecosauna.ee\/wp-content\/uploads\/2023\/03\/ecosauna-logo.png","contentUrl":"https:\/\/ecosauna.ee\/wp-content\/uploads\/2023\/03\/ecosauna-logo.png","width":818,"height":646,"caption":"Ecosauna Project O\u00dc"},"image":{"@id":"https:\/\/ecosauna.ee\/#\/schema\/logo\/image\/"},"sameAs":["https:\/\/www.facebook.com\/ecosaunad","https:\/\/www.instagram.com\/ecosauna.ee\/?hl=en","https:\/\/www.tiktok.com\/@ecosauna","https:\/\/www.youtube.com\/@EcosaunaEesti"]}]}},"_links":{"self":[{"href":"https:\/\/ecosauna.ee\/en\/wp-json\/wp\/v2\/product\/10660","targetHints":{"allow":["GET"]}}],"collection":[{"href":"https:\/\/ecosauna.ee\/en\/wp-json\/wp\/v2\/product"}],"about":[{"href":"https:\/\/ecosauna.ee\/en\/wp-json\/wp\/v2\/types\/product"}],"wp:featuredmedia":[{"embeddable":true,"href":"https:\/\/ecosauna.ee\/en\/wp-json\/wp\/v2\/media\/9075"}],"wp:attachment":[{"href":"https:\/\/ecosauna.ee\/en\/wp-json\/wp\/v2\/media?parent=10660"}],"wp:term":[{"taxonomy":"product_brand","embeddable":true,"href":"https:\/\/ecosauna.ee\/en\/wp-json\/wp\/v2\/product_brand?post=10660"},{"taxonomy":"product_cat","embeddable":true,"href":"https:\/\/ecosauna.ee\/en\/wp-json\/wp\/v2\/product_cat?post=10660"},{"taxonomy":"product_tag","embeddable":true,"href":"https:\/\/ecosauna.ee\/en\/wp-json\/wp\/v2\/product_tag?post=10660"}],"curies":[{"name":"wp","href":"https:\/\/api.w.org\/{rel}","templated":true}]}}