{"id":10749,"date":"2025-06-13T17:04:34","date_gmt":"2025-06-13T14:04:34","guid":{"rendered":"https:\/\/ecosauna.ee\/?post_type=product&#038;p=10749"},"modified":"2026-04-14T10:12:22","modified_gmt":"2026-04-14T07:12:22","slug":"icon-125","status":"publish","type":"product","link":"https:\/\/ecosauna.ee\/en\/product\/icon-125\/","title":{"rendered":"ICON 125"},"content":{"rendered":"<p data-path-to-node=\"1\">The ICON 125 offers a perfect balance of style, functionality, and compactness. The sauna body is crafted from 42 mm thick spruce or thermowood pine, with 28 mm thick wall boards.<\/p>\n<p data-path-to-node=\"2\">The wooden front wall can be replaced with full glass \u2013 both options create a unique exterior look. The glass door measures 60 x 170 cm and is available in either bronze or mirror glass. The glass door adds spaciousness to the room, letting in natural light while maintaining privacy.<\/p>\n<p data-path-to-node=\"3\">The back wall of the sauna features two-tier straight benches made of either alder or thermo-aspen. The set also includes a backrest and a heater guard, which enhance both comfort and safety. The cubic design ensures more support space and a roomier feel compared to a traditional barrel sauna.<\/p>\n<p data-path-to-node=\"4\">The ICON 125 is suitable for electric heaters and, due to its smaller volume, heats up quickly, making it an ideal choice for both a morning wake-up and post-workout relaxation. The installation of this sauna model is simple, similar to a barrel sauna, and its compact size allows it to be placed in smaller gardens, on balconies, or terraces.<\/p>\n<p data-path-to-node=\"5\">The product comes with a 2-year warranty.<\/p>\n<h4><strong>The set includes:<\/strong><\/h4>\n<ul>\n<li>body made of 42 mm spruce or thermowood pine;<\/li>\n<li>wall board 28 mm spruce or thermowood pine;<\/li>\n<li>wooden back wall;<\/li>\n<li>wooden front wall or full glass front wall (bronze and mirror glass available);<\/li>\n<li>external glass door 60 x 170 cm, (bronze and mirror glass available);<\/li>\n<li data-path-to-node=\"8,0,0\">straight two-tier benches on the back wall;<\/li>\n<li data-path-to-node=\"8,0,0\">backrest;<\/li>\n<li>heater guard<\/li>\n<li>roof material: bitumen shingles (black, brown, gray, red, or green);<\/li>\n<li>SBS underlayment beneath the roofing material.<\/li>\n<\/ul>\n","protected":false},"excerpt":{"rendered":"<p>The ICON 125 is a compact and stylish sauna for two, which fits perfectly in small gardens, on terraces, or balconies thanks to its cubic design.<\/p>\n","protected":false},"featured_media":8849,"template":"","meta":{"_acf_changed":false,"inline_featured_image":false},"product_brand":[],"product_cat":[327],"product_tag":[],"class_list":{"0":"post-10749","1":"product","2":"type-product","3":"status-publish","4":"has-post-thumbnail","6":"product_cat-icon-saunas","8":"first","9":"instock","10":"taxable","11":"shipping-taxable","12":"product-type-simple"},"acf":[],"yoast_head":"<!-- This site is optimized with the Yoast SEO plugin v27.4 - https:\/\/yoast.com\/product\/yoast-seo-wordpress\/ -->\n<title>ICON 125 - Ecosauna<\/title>\n<meta name=\"description\" content=\"The ICON 125 is a stylish and compact sauna for two. Available with a glass or wooden front wall.\" \/>\n<meta name=\"robots\" content=\"index, follow, max-snippet:-1, max-image-preview:large, max-video-preview:-1\" \/>\n<link rel=\"canonical\" href=\"https:\/\/ecosauna.ee\/en\/product\/icon-125\/\" \/>\n<meta property=\"og:locale\" content=\"en_US\" \/>\n<meta property=\"og:type\" content=\"article\" \/>\n<meta property=\"og:title\" content=\"ICON 125 - Ecosauna\" \/>\n<meta property=\"og:description\" content=\"The ICON 125 is a stylish and compact sauna for two. Available with a glass or wooden front wall.\" \/>\n<meta property=\"og:url\" content=\"https:\/\/ecosauna.ee\/en\/product\/icon-125\/\" \/>\n<meta property=\"og:site_name\" content=\"Ecosauna\" \/>\n<meta property=\"article:publisher\" content=\"https:\/\/www.facebook.com\/ecosaunad\" \/>\n<meta property=\"article:modified_time\" content=\"2026-04-14T07:12:22+00:00\" \/>\n<meta property=\"og:image\" content=\"https:\/\/ecosauna.ee\/wp-content\/uploads\/2025\/06\/ICON-125-taustaga-2048x1707.jpg\" \/>\n\t<meta property=\"og:image:width\" content=\"2048\" \/>\n\t<meta property=\"og:image:height\" content=\"1707\" \/>\n\t<meta property=\"og:image:type\" content=\"image\/jpeg\" \/>\n<meta name=\"twitter:card\" content=\"summary_large_image\" \/>\n<meta name=\"twitter:label1\" content=\"Est. reading time\" \/>\n\t<meta name=\"twitter:data1\" content=\"2 minutes\" \/>\n<script type=\"application\/ld+json\" class=\"yoast-schema-graph\">{\"@context\":\"https:\\\/\\\/schema.org\",\"@graph\":[{\"@type\":\"WebPage\",\"@id\":\"https:\\\/\\\/ecosauna.ee\\\/en\\\/product\\\/icon-125\\\/\",\"url\":\"https:\\\/\\\/ecosauna.ee\\\/en\\\/product\\\/icon-125\\\/\",\"name\":\"ICON 125 - Ecosauna\",\"isPartOf\":{\"@id\":\"https:\\\/\\\/ecosauna.ee\\\/#website\"},\"primaryImageOfPage\":{\"@id\":\"https:\\\/\\\/ecosauna.ee\\\/en\\\/product\\\/icon-125\\\/#primaryimage\"},\"image\":{\"@id\":\"https:\\\/\\\/ecosauna.ee\\\/en\\\/product\\\/icon-125\\\/#primaryimage\"},\"thumbnailUrl\":\"https:\\\/\\\/ecosauna.ee\\\/wp-content\\\/uploads\\\/2025\\\/06\\\/ICON-125-taustaga.jpg\",\"datePublished\":\"2025-06-13T14:04:34+00:00\",\"dateModified\":\"2026-04-14T07:12:22+00:00\",\"description\":\"The ICON 125 is a stylish and compact sauna for two. Available with a glass or wooden front wall.\",\"breadcrumb\":{\"@id\":\"https:\\\/\\\/ecosauna.ee\\\/en\\\/product\\\/icon-125\\\/#breadcrumb\"},\"inLanguage\":\"en-US\",\"potentialAction\":[{\"@type\":\"ReadAction\",\"target\":[\"https:\\\/\\\/ecosauna.ee\\\/en\\\/product\\\/icon-125\\\/\"]}]},{\"@type\":\"ImageObject\",\"inLanguage\":\"en-US\",\"@id\":\"https:\\\/\\\/ecosauna.ee\\\/en\\\/product\\\/icon-125\\\/#primaryimage\",\"url\":\"https:\\\/\\\/ecosauna.ee\\\/wp-content\\\/uploads\\\/2025\\\/06\\\/ICON-125-taustaga.jpg\",\"contentUrl\":\"https:\\\/\\\/ecosauna.ee\\\/wp-content\\\/uploads\\\/2025\\\/06\\\/ICON-125-taustaga.jpg\",\"width\":3000,\"height\":2500},{\"@type\":\"BreadcrumbList\",\"@id\":\"https:\\\/\\\/ecosauna.ee\\\/en\\\/product\\\/icon-125\\\/#breadcrumb\",\"itemListElement\":[{\"@type\":\"ListItem\",\"position\":1,\"name\":\"Esileht\",\"item\":\"https:\\\/\\\/ecosauna.ee\\\/en\\\/\"},{\"@type\":\"ListItem\",\"position\":2,\"name\":\"Shop\",\"item\":\"https:\\\/\\\/ecosauna.ee\\\/en\\\/shop-2\\\/\"},{\"@type\":\"ListItem\",\"position\":3,\"name\":\"ICON 125\"}]},{\"@type\":\"WebSite\",\"@id\":\"https:\\\/\\\/ecosauna.ee\\\/#website\",\"url\":\"https:\\\/\\\/ecosauna.ee\\\/\",\"name\":\"Ecosauna\",\"description\":\"Saunad, k\u00fcmblust\u00fcnnid, k\u00e4mpingud\",\"publisher\":{\"@id\":\"https:\\\/\\\/ecosauna.ee\\\/#organization\"},\"potentialAction\":[{\"@type\":\"SearchAction\",\"target\":{\"@type\":\"EntryPoint\",\"urlTemplate\":\"https:\\\/\\\/ecosauna.ee\\\/?s={search_term_string}\"},\"query-input\":{\"@type\":\"PropertyValueSpecification\",\"valueRequired\":true,\"valueName\":\"search_term_string\"}}],\"inLanguage\":\"en-US\"},{\"@type\":\"Organization\",\"@id\":\"https:\\\/\\\/ecosauna.ee\\\/#organization\",\"name\":\"Ecosauna Project O\u00dc\",\"url\":\"https:\\\/\\\/ecosauna.ee\\\/\",\"logo\":{\"@type\":\"ImageObject\",\"inLanguage\":\"en-US\",\"@id\":\"https:\\\/\\\/ecosauna.ee\\\/#\\\/schema\\\/logo\\\/image\\\/\",\"url\":\"https:\\\/\\\/ecosauna.ee\\\/wp-content\\\/uploads\\\/2023\\\/03\\\/ecosauna-logo.png\",\"contentUrl\":\"https:\\\/\\\/ecosauna.ee\\\/wp-content\\\/uploads\\\/2023\\\/03\\\/ecosauna-logo.png\",\"width\":818,\"height\":646,\"caption\":\"Ecosauna Project O\u00dc\"},\"image\":{\"@id\":\"https:\\\/\\\/ecosauna.ee\\\/#\\\/schema\\\/logo\\\/image\\\/\"},\"sameAs\":[\"https:\\\/\\\/www.facebook.com\\\/ecosaunad\",\"https:\\\/\\\/www.instagram.com\\\/ecosauna.ee\\\/?hl=en\",\"https:\\\/\\\/www.tiktok.com\\\/@ecosauna\",\"https:\\\/\\\/www.youtube.com\\\/@EcosaunaEesti\"]}]}<\/script>\n<!-- \/ Yoast SEO plugin. -->","yoast_head_json":{"title":"ICON 125 - Ecosauna","description":"The ICON 125 is a stylish and compact sauna for two. Available with a glass or wooden front wall.","robots":{"index":"index","follow":"follow","max-snippet":"max-snippet:-1","max-image-preview":"max-image-preview:large","max-video-preview":"max-video-preview:-1"},"canonical":"https:\/\/ecosauna.ee\/en\/product\/icon-125\/","og_locale":"en_US","og_type":"article","og_title":"ICON 125 - Ecosauna","og_description":"The ICON 125 is a stylish and compact sauna for two. Available with a glass or wooden front wall.","og_url":"https:\/\/ecosauna.ee\/en\/product\/icon-125\/","og_site_name":"Ecosauna","article_publisher":"https:\/\/www.facebook.com\/ecosaunad","article_modified_time":"2026-04-14T07:12:22+00:00","og_image":[{"width":2048,"height":1707,"url":"https:\/\/ecosauna.ee\/wp-content\/uploads\/2025\/06\/ICON-125-taustaga-2048x1707.jpg","type":"image\/jpeg"}],"twitter_card":"summary_large_image","twitter_misc":{"Est. reading time":"2 minutes"},"schema":{"@context":"https:\/\/schema.org","@graph":[{"@type":"WebPage","@id":"https:\/\/ecosauna.ee\/en\/product\/icon-125\/","url":"https:\/\/ecosauna.ee\/en\/product\/icon-125\/","name":"ICON 125 - Ecosauna","isPartOf":{"@id":"https:\/\/ecosauna.ee\/#website"},"primaryImageOfPage":{"@id":"https:\/\/ecosauna.ee\/en\/product\/icon-125\/#primaryimage"},"image":{"@id":"https:\/\/ecosauna.ee\/en\/product\/icon-125\/#primaryimage"},"thumbnailUrl":"https:\/\/ecosauna.ee\/wp-content\/uploads\/2025\/06\/ICON-125-taustaga.jpg","datePublished":"2025-06-13T14:04:34+00:00","dateModified":"2026-04-14T07:12:22+00:00","description":"The ICON 125 is a stylish and compact sauna for two. Available with a glass or wooden front wall.","breadcrumb":{"@id":"https:\/\/ecosauna.ee\/en\/product\/icon-125\/#breadcrumb"},"inLanguage":"en-US","potentialAction":[{"@type":"ReadAction","target":["https:\/\/ecosauna.ee\/en\/product\/icon-125\/"]}]},{"@type":"ImageObject","inLanguage":"en-US","@id":"https:\/\/ecosauna.ee\/en\/product\/icon-125\/#primaryimage","url":"https:\/\/ecosauna.ee\/wp-content\/uploads\/2025\/06\/ICON-125-taustaga.jpg","contentUrl":"https:\/\/ecosauna.ee\/wp-content\/uploads\/2025\/06\/ICON-125-taustaga.jpg","width":3000,"height":2500},{"@type":"BreadcrumbList","@id":"https:\/\/ecosauna.ee\/en\/product\/icon-125\/#breadcrumb","itemListElement":[{"@type":"ListItem","position":1,"name":"Esileht","item":"https:\/\/ecosauna.ee\/en\/"},{"@type":"ListItem","position":2,"name":"Shop","item":"https:\/\/ecosauna.ee\/en\/shop-2\/"},{"@type":"ListItem","position":3,"name":"ICON 125"}]},{"@type":"WebSite","@id":"https:\/\/ecosauna.ee\/#website","url":"https:\/\/ecosauna.ee\/","name":"Ecosauna","description":"Saunad, k\u00fcmblust\u00fcnnid, k\u00e4mpingud","publisher":{"@id":"https:\/\/ecosauna.ee\/#organization"},"potentialAction":[{"@type":"SearchAction","target":{"@type":"EntryPoint","urlTemplate":"https:\/\/ecosauna.ee\/?s={search_term_string}"},"query-input":{"@type":"PropertyValueSpecification","valueRequired":true,"valueName":"search_term_string"}}],"inLanguage":"en-US"},{"@type":"Organization","@id":"https:\/\/ecosauna.ee\/#organization","name":"Ecosauna Project O\u00dc","url":"https:\/\/ecosauna.ee\/","logo":{"@type":"ImageObject","inLanguage":"en-US","@id":"https:\/\/ecosauna.ee\/#\/schema\/logo\/image\/","url":"https:\/\/ecosauna.ee\/wp-content\/uploads\/2023\/03\/ecosauna-logo.png","contentUrl":"https:\/\/ecosauna.ee\/wp-content\/uploads\/2023\/03\/ecosauna-logo.png","width":818,"height":646,"caption":"Ecosauna Project O\u00dc"},"image":{"@id":"https:\/\/ecosauna.ee\/#\/schema\/logo\/image\/"},"sameAs":["https:\/\/www.facebook.com\/ecosaunad","https:\/\/www.instagram.com\/ecosauna.ee\/?hl=en","https:\/\/www.tiktok.com\/@ecosauna","https:\/\/www.youtube.com\/@EcosaunaEesti"]}]}},"_links":{"self":[{"href":"https:\/\/ecosauna.ee\/en\/wp-json\/wp\/v2\/product\/10749","targetHints":{"allow":["GET"]}}],"collection":[{"href":"https:\/\/ecosauna.ee\/en\/wp-json\/wp\/v2\/product"}],"about":[{"href":"https:\/\/ecosauna.ee\/en\/wp-json\/wp\/v2\/types\/product"}],"wp:featuredmedia":[{"embeddable":true,"href":"https:\/\/ecosauna.ee\/en\/wp-json\/wp\/v2\/media\/8849"}],"wp:attachment":[{"href":"https:\/\/ecosauna.ee\/en\/wp-json\/wp\/v2\/media?parent=10749"}],"wp:term":[{"taxonomy":"product_brand","embeddable":true,"href":"https:\/\/ecosauna.ee\/en\/wp-json\/wp\/v2\/product_brand?post=10749"},{"taxonomy":"product_cat","embeddable":true,"href":"https:\/\/ecosauna.ee\/en\/wp-json\/wp\/v2\/product_cat?post=10749"},{"taxonomy":"product_tag","embeddable":true,"href":"https:\/\/ecosauna.ee\/en\/wp-json\/wp\/v2\/product_tag?post=10749"}],"curies":[{"name":"wp","href":"https:\/\/api.w.org\/{rel}","templated":true}]}}