{"id":1977,"date":"2021-09-13T14:08:23","date_gmt":"2021-09-13T14:08:23","guid":{"rendered":"https:\/\/ecosauna.ee\/2023\/product\/hot-tub-delux-200-with-integrated-stove\/"},"modified":"2023-09-18T00:00:48","modified_gmt":"2023-09-17T21:00:48","slug":"hot-tub-delux-200-with-integrated-stove","status":"publish","type":"product","link":"https:\/\/ecosauna.ee\/en\/product\/hot-tub-delux-200-with-integrated-stove\/","title":{"rendered":"Hot tub DeLux 200 with integrated stove"},"content":{"rendered":"<p>What makes the Hot Tub so attractive is its ergonomic and easy to care for insert, made from glassfiber, as well as luxurious Thermo wood cladding and a stainless steel stove of high quality (AISI 304).<\/p>\n<p>It takes less time to heat the tub and less wood to do so, so you can start enjoying the experience sooner.<\/p>\n<p>&nbsp;<\/p>\n<p><strong>The set includes:<\/strong><strong>\u00a0<\/strong><\/p>\n<p>Integrated stainless steel stove (30 kW)<\/p>\n<p>2 meter chimney with heat protective grille and chimney cap<\/p>\n<p>Thermo wood cladding finished with weather protective stain<\/p>\n<p>Two-tier step<\/p>\n<p>Ergonomic glassfiber insert in Grey, White or Blue<\/p>\n<p>&nbsp;<\/p>\n<p>We have a large variety of extras to go with your tub, such as:<\/p>\n<p>LED lights (RGB), bubblesystem, digital thermometer, stereo system, cupholders, filter system, glassfiber cover, insulated cover and concrete base.<!--more--><\/p>\n","protected":false},"excerpt":{"rendered":"<p>With its integrated stove, the Hot Tub DeLux 200 is spacious and comfortable, a quality spa for your home. This product is finished to a high standard, suitable for year-round use, and easy to maintain. There is also an extensive list of extras available.<\/p>\n<p class=\"single-product-contact\"><a class=\"btn_1 button\" href=\"https:\/\/www.ecosauna.ee\/wp-content\/uploads\/2022\/01\/HotTube-DeLux-install.pdf\" target=\"_blank\" rel=\"noopener\">Download the user manual<\/a><\/p>\n","protected":false},"featured_media":4795,"template":"","meta":{"_acf_changed":false,"inline_featured_image":false},"product_brand":[],"product_cat":[111,105],"product_tag":[],"class_list":{"0":"post-1977","1":"product","2":"type-product","3":"status-publish","4":"has-post-thumbnail","6":"product_cat-hot-tubs","7":"product_cat-products","9":"first","10":"instock","11":"taxable","12":"shipping-taxable","13":"product-type-variable"},"acf":[],"yoast_head":"<!-- This site is optimized with the Yoast SEO plugin v27.4 - https:\/\/yoast.com\/product\/yoast-seo-wordpress\/ -->\n<title>Hot tub DeLux 200 with integrated stove - Ecosauna<\/title>\n<meta name=\"description\" content=\"The DeLux 200 hot tub with an integrated oven is a high-quality home spa that is finished in detail, usable all year round, and easy to maintain.\" \/>\n<meta name=\"robots\" content=\"index, follow, max-snippet:-1, max-image-preview:large, max-video-preview:-1\" \/>\n<link rel=\"canonical\" href=\"https:\/\/ecosauna.ee\/en\/product\/hot-tub-delux-200-with-integrated-stove\/\" \/>\n<meta property=\"og:locale\" content=\"en_US\" \/>\n<meta property=\"og:type\" content=\"article\" \/>\n<meta property=\"og:title\" content=\"Hot tub DeLux 200 with integrated stove - Ecosauna\" \/>\n<meta property=\"og:description\" content=\"The DeLux 200 hot tub with an integrated oven is a high-quality home spa that is finished in detail, usable all year round, and easy to maintain.\" \/>\n<meta property=\"og:url\" content=\"https:\/\/ecosauna.ee\/en\/product\/hot-tub-delux-200-with-integrated-stove\/\" \/>\n<meta property=\"og:site_name\" content=\"Ecosauna\" \/>\n<meta property=\"article:publisher\" content=\"https:\/\/www.facebook.com\/ecosaunad\" \/>\n<meta property=\"article:modified_time\" content=\"2023-09-17T21:00:48+00:00\" \/>\n<meta property=\"og:image\" content=\"https:\/\/ecosauna.ee\/wp-content\/uploads\/2021\/09\/IMG_5609-copy.jpg\" \/>\n\t<meta property=\"og:image:width\" content=\"1125\" \/>\n\t<meta property=\"og:image:height\" content=\"633\" \/>\n\t<meta property=\"og:image:type\" content=\"image\/jpeg\" \/>\n<meta name=\"twitter:card\" content=\"summary_large_image\" \/>\n<meta name=\"twitter:label1\" content=\"Est. reading time\" \/>\n\t<meta name=\"twitter:data1\" content=\"1 minute\" \/>\n<script type=\"application\/ld+json\" class=\"yoast-schema-graph\">{\"@context\":\"https:\\\/\\\/schema.org\",\"@graph\":[{\"@type\":\"WebPage\",\"@id\":\"https:\\\/\\\/ecosauna.ee\\\/en\\\/product\\\/hot-tub-delux-200-with-integrated-stove\\\/\",\"url\":\"https:\\\/\\\/ecosauna.ee\\\/en\\\/product\\\/hot-tub-delux-200-with-integrated-stove\\\/\",\"name\":\"Hot tub DeLux 200 with integrated stove - Ecosauna\",\"isPartOf\":{\"@id\":\"https:\\\/\\\/ecosauna.ee\\\/#website\"},\"primaryImageOfPage\":{\"@id\":\"https:\\\/\\\/ecosauna.ee\\\/en\\\/product\\\/hot-tub-delux-200-with-integrated-stove\\\/#primaryimage\"},\"image\":{\"@id\":\"https:\\\/\\\/ecosauna.ee\\\/en\\\/product\\\/hot-tub-delux-200-with-integrated-stove\\\/#primaryimage\"},\"thumbnailUrl\":\"https:\\\/\\\/ecosauna.ee\\\/wp-content\\\/uploads\\\/2021\\\/09\\\/ecosauna-hot-tub-kumblustunn-DeLux-int-ahi-hall-Kanarbik-1-scaled.jpg\",\"datePublished\":\"2021-09-13T14:08:23+00:00\",\"dateModified\":\"2023-09-17T21:00:48+00:00\",\"description\":\"The DeLux 200 hot tub with an integrated oven is a high-quality home spa that is finished in detail, usable all year round, and easy to maintain.\",\"breadcrumb\":{\"@id\":\"https:\\\/\\\/ecosauna.ee\\\/en\\\/product\\\/hot-tub-delux-200-with-integrated-stove\\\/#breadcrumb\"},\"inLanguage\":\"en-US\",\"potentialAction\":[{\"@type\":\"ReadAction\",\"target\":[\"https:\\\/\\\/ecosauna.ee\\\/en\\\/product\\\/hot-tub-delux-200-with-integrated-stove\\\/\"]}]},{\"@type\":\"ImageObject\",\"inLanguage\":\"en-US\",\"@id\":\"https:\\\/\\\/ecosauna.ee\\\/en\\\/product\\\/hot-tub-delux-200-with-integrated-stove\\\/#primaryimage\",\"url\":\"https:\\\/\\\/ecosauna.ee\\\/wp-content\\\/uploads\\\/2021\\\/09\\\/ecosauna-hot-tub-kumblustunn-DeLux-int-ahi-hall-Kanarbik-1-scaled.jpg\",\"contentUrl\":\"https:\\\/\\\/ecosauna.ee\\\/wp-content\\\/uploads\\\/2021\\\/09\\\/ecosauna-hot-tub-kumblustunn-DeLux-int-ahi-hall-Kanarbik-1-scaled.jpg\",\"width\":2560,\"height\":2560},{\"@type\":\"BreadcrumbList\",\"@id\":\"https:\\\/\\\/ecosauna.ee\\\/en\\\/product\\\/hot-tub-delux-200-with-integrated-stove\\\/#breadcrumb\",\"itemListElement\":[{\"@type\":\"ListItem\",\"position\":1,\"name\":\"Esileht\",\"item\":\"https:\\\/\\\/ecosauna.ee\\\/en\\\/\"},{\"@type\":\"ListItem\",\"position\":2,\"name\":\"Shop\",\"item\":\"https:\\\/\\\/ecosauna.ee\\\/en\\\/shop-2\\\/\"},{\"@type\":\"ListItem\",\"position\":3,\"name\":\"Hot tub DeLux 200 with integrated stove\"}]},{\"@type\":\"WebSite\",\"@id\":\"https:\\\/\\\/ecosauna.ee\\\/#website\",\"url\":\"https:\\\/\\\/ecosauna.ee\\\/\",\"name\":\"Ecosauna\",\"description\":\"Saunad, k\u00fcmblust\u00fcnnid, k\u00e4mpingud\",\"publisher\":{\"@id\":\"https:\\\/\\\/ecosauna.ee\\\/#organization\"},\"potentialAction\":[{\"@type\":\"SearchAction\",\"target\":{\"@type\":\"EntryPoint\",\"urlTemplate\":\"https:\\\/\\\/ecosauna.ee\\\/?s={search_term_string}\"},\"query-input\":{\"@type\":\"PropertyValueSpecification\",\"valueRequired\":true,\"valueName\":\"search_term_string\"}}],\"inLanguage\":\"en-US\"},{\"@type\":\"Organization\",\"@id\":\"https:\\\/\\\/ecosauna.ee\\\/#organization\",\"name\":\"Ecosauna Project O\u00dc\",\"url\":\"https:\\\/\\\/ecosauna.ee\\\/\",\"logo\":{\"@type\":\"ImageObject\",\"inLanguage\":\"en-US\",\"@id\":\"https:\\\/\\\/ecosauna.ee\\\/#\\\/schema\\\/logo\\\/image\\\/\",\"url\":\"https:\\\/\\\/ecosauna.ee\\\/wp-content\\\/uploads\\\/2023\\\/03\\\/ecosauna-logo.png\",\"contentUrl\":\"https:\\\/\\\/ecosauna.ee\\\/wp-content\\\/uploads\\\/2023\\\/03\\\/ecosauna-logo.png\",\"width\":818,\"height\":646,\"caption\":\"Ecosauna Project O\u00dc\"},\"image\":{\"@id\":\"https:\\\/\\\/ecosauna.ee\\\/#\\\/schema\\\/logo\\\/image\\\/\"},\"sameAs\":[\"https:\\\/\\\/www.facebook.com\\\/ecosaunad\",\"https:\\\/\\\/www.instagram.com\\\/ecosauna.ee\\\/?hl=en\",\"https:\\\/\\\/www.tiktok.com\\\/@ecosauna\",\"https:\\\/\\\/www.youtube.com\\\/@EcosaunaEesti\"]}]}<\/script>\n<!-- \/ Yoast SEO plugin. -->","yoast_head_json":{"title":"Hot tub DeLux 200 with integrated stove - Ecosauna","description":"The DeLux 200 hot tub with an integrated oven is a high-quality home spa that is finished in detail, usable all year round, and easy to maintain.","robots":{"index":"index","follow":"follow","max-snippet":"max-snippet:-1","max-image-preview":"max-image-preview:large","max-video-preview":"max-video-preview:-1"},"canonical":"https:\/\/ecosauna.ee\/en\/product\/hot-tub-delux-200-with-integrated-stove\/","og_locale":"en_US","og_type":"article","og_title":"Hot tub DeLux 200 with integrated stove - Ecosauna","og_description":"The DeLux 200 hot tub with an integrated oven is a high-quality home spa that is finished in detail, usable all year round, and easy to maintain.","og_url":"https:\/\/ecosauna.ee\/en\/product\/hot-tub-delux-200-with-integrated-stove\/","og_site_name":"Ecosauna","article_publisher":"https:\/\/www.facebook.com\/ecosaunad","article_modified_time":"2023-09-17T21:00:48+00:00","og_image":[{"width":1125,"height":633,"url":"https:\/\/ecosauna.ee\/wp-content\/uploads\/2021\/09\/IMG_5609-copy.jpg","type":"image\/jpeg"}],"twitter_card":"summary_large_image","twitter_misc":{"Est. reading time":"1 minute"},"schema":{"@context":"https:\/\/schema.org","@graph":[{"@type":"WebPage","@id":"https:\/\/ecosauna.ee\/en\/product\/hot-tub-delux-200-with-integrated-stove\/","url":"https:\/\/ecosauna.ee\/en\/product\/hot-tub-delux-200-with-integrated-stove\/","name":"Hot tub DeLux 200 with integrated stove - Ecosauna","isPartOf":{"@id":"https:\/\/ecosauna.ee\/#website"},"primaryImageOfPage":{"@id":"https:\/\/ecosauna.ee\/en\/product\/hot-tub-delux-200-with-integrated-stove\/#primaryimage"},"image":{"@id":"https:\/\/ecosauna.ee\/en\/product\/hot-tub-delux-200-with-integrated-stove\/#primaryimage"},"thumbnailUrl":"https:\/\/ecosauna.ee\/wp-content\/uploads\/2021\/09\/ecosauna-hot-tub-kumblustunn-DeLux-int-ahi-hall-Kanarbik-1-scaled.jpg","datePublished":"2021-09-13T14:08:23+00:00","dateModified":"2023-09-17T21:00:48+00:00","description":"The DeLux 200 hot tub with an integrated oven is a high-quality home spa that is finished in detail, usable all year round, and easy to maintain.","breadcrumb":{"@id":"https:\/\/ecosauna.ee\/en\/product\/hot-tub-delux-200-with-integrated-stove\/#breadcrumb"},"inLanguage":"en-US","potentialAction":[{"@type":"ReadAction","target":["https:\/\/ecosauna.ee\/en\/product\/hot-tub-delux-200-with-integrated-stove\/"]}]},{"@type":"ImageObject","inLanguage":"en-US","@id":"https:\/\/ecosauna.ee\/en\/product\/hot-tub-delux-200-with-integrated-stove\/#primaryimage","url":"https:\/\/ecosauna.ee\/wp-content\/uploads\/2021\/09\/ecosauna-hot-tub-kumblustunn-DeLux-int-ahi-hall-Kanarbik-1-scaled.jpg","contentUrl":"https:\/\/ecosauna.ee\/wp-content\/uploads\/2021\/09\/ecosauna-hot-tub-kumblustunn-DeLux-int-ahi-hall-Kanarbik-1-scaled.jpg","width":2560,"height":2560},{"@type":"BreadcrumbList","@id":"https:\/\/ecosauna.ee\/en\/product\/hot-tub-delux-200-with-integrated-stove\/#breadcrumb","itemListElement":[{"@type":"ListItem","position":1,"name":"Esileht","item":"https:\/\/ecosauna.ee\/en\/"},{"@type":"ListItem","position":2,"name":"Shop","item":"https:\/\/ecosauna.ee\/en\/shop-2\/"},{"@type":"ListItem","position":3,"name":"Hot tub DeLux 200 with integrated stove"}]},{"@type":"WebSite","@id":"https:\/\/ecosauna.ee\/#website","url":"https:\/\/ecosauna.ee\/","name":"Ecosauna","description":"Saunad, k\u00fcmblust\u00fcnnid, k\u00e4mpingud","publisher":{"@id":"https:\/\/ecosauna.ee\/#organization"},"potentialAction":[{"@type":"SearchAction","target":{"@type":"EntryPoint","urlTemplate":"https:\/\/ecosauna.ee\/?s={search_term_string}"},"query-input":{"@type":"PropertyValueSpecification","valueRequired":true,"valueName":"search_term_string"}}],"inLanguage":"en-US"},{"@type":"Organization","@id":"https:\/\/ecosauna.ee\/#organization","name":"Ecosauna Project O\u00dc","url":"https:\/\/ecosauna.ee\/","logo":{"@type":"ImageObject","inLanguage":"en-US","@id":"https:\/\/ecosauna.ee\/#\/schema\/logo\/image\/","url":"https:\/\/ecosauna.ee\/wp-content\/uploads\/2023\/03\/ecosauna-logo.png","contentUrl":"https:\/\/ecosauna.ee\/wp-content\/uploads\/2023\/03\/ecosauna-logo.png","width":818,"height":646,"caption":"Ecosauna Project O\u00dc"},"image":{"@id":"https:\/\/ecosauna.ee\/#\/schema\/logo\/image\/"},"sameAs":["https:\/\/www.facebook.com\/ecosaunad","https:\/\/www.instagram.com\/ecosauna.ee\/?hl=en","https:\/\/www.tiktok.com\/@ecosauna","https:\/\/www.youtube.com\/@EcosaunaEesti"]}]}},"_links":{"self":[{"href":"https:\/\/ecosauna.ee\/en\/wp-json\/wp\/v2\/product\/1977","targetHints":{"allow":["GET"]}}],"collection":[{"href":"https:\/\/ecosauna.ee\/en\/wp-json\/wp\/v2\/product"}],"about":[{"href":"https:\/\/ecosauna.ee\/en\/wp-json\/wp\/v2\/types\/product"}],"wp:featuredmedia":[{"embeddable":true,"href":"https:\/\/ecosauna.ee\/en\/wp-json\/wp\/v2\/media\/4795"}],"wp:attachment":[{"href":"https:\/\/ecosauna.ee\/en\/wp-json\/wp\/v2\/media?parent=1977"}],"wp:term":[{"taxonomy":"product_brand","embeddable":true,"href":"https:\/\/ecosauna.ee\/en\/wp-json\/wp\/v2\/product_brand?post=1977"},{"taxonomy":"product_cat","embeddable":true,"href":"https:\/\/ecosauna.ee\/en\/wp-json\/wp\/v2\/product_cat?post=1977"},{"taxonomy":"product_tag","embeddable":true,"href":"https:\/\/ecosauna.ee\/en\/wp-json\/wp\/v2\/product_tag?post=1977"}],"curies":[{"name":"wp","href":"https:\/\/api.w.org\/{rel}","templated":true}]}}