{"id":2015,"date":"2021-09-30T18:29:55","date_gmt":"2021-09-30T18:29:55","guid":{"rendered":"https:\/\/ecosauna.ee\/2023\/product\/hot-tub-delux-200-with-internal-stove\/"},"modified":"2024-10-25T14:41:54","modified_gmt":"2024-10-25T11:41:54","slug":"hot-tub-delux-200-with-internal-stove","status":"publish","type":"product","link":"https:\/\/ecosauna.ee\/en\/product\/hot-tub-delux-200-with-internal-stove\/","title":{"rendered":"Hot tub DeLux 200 with internal stove"},"content":{"rendered":"<p>What makes this Hot Tub so attractive is its easy to care for insert, made from glassfiber, as well as luxurious Thermo wood cladding and a stainless steel inside stove of high quality.<\/p>\n<p>&nbsp;<\/p>\n<p><strong>The set includes:<\/strong><\/p>\n<ul>\n<li>Stainless steel inside stove (25 kW) with ash cleaning equipment<\/li>\n<li>2 meter chimney with heat protective grille and chimney cap<\/li>\n<li>Thermo wood cladding finished with weather protective stain<\/li>\n<li>Two-tier step<\/li>\n<li>Ergonomic glassfiber insert in Grey, White or Blue<\/li>\n<\/ul>\n<p>&nbsp;<\/p>\n<p>You can choose from variety of extras to go with your tub, such as:<\/p>\n<p>LED lights (RGB), bubblesystem, digital thermometer, stereo system, cupholders, filter system and PVC cover.<!--more--><\/p>\n","protected":false},"excerpt":{"rendered":"<p>With an <strong>inside stove<\/strong>, the <strong>Hot Tub DeLux 200<\/strong> is an ideal quality home spa. This product is finished to a high standard, suitable for year-round use, and easy to maintain. There is also an extensive list of extras available.<\/p>\n","protected":false},"featured_media":5625,"template":"","meta":{"_acf_changed":false,"inline_featured_image":false},"product_brand":[],"product_cat":[111,105],"product_tag":[],"class_list":{"0":"post-2015","1":"product","2":"type-product","3":"status-publish","4":"has-post-thumbnail","6":"product_cat-hot-tubs","7":"product_cat-products","9":"first","10":"instock","11":"taxable","12":"shipping-taxable","13":"product-type-variable"},"acf":[],"yoast_head":"<!-- This site is optimized with the Yoast SEO plugin v27.4 - https:\/\/yoast.com\/product\/yoast-seo-wordpress\/ -->\n<title>Hot tub DeLux 200 with internal stove - Ecosauna<\/title>\n<meta name=\"description\" content=\"The DeLux 200 hot tub with an internal oven is a high-quality home spa that is finished to detail, usable year-round, and easy to maintain.\" \/>\n<meta name=\"robots\" content=\"index, follow, max-snippet:-1, max-image-preview:large, max-video-preview:-1\" \/>\n<link rel=\"canonical\" href=\"https:\/\/ecosauna.ee\/en\/product\/hot-tub-delux-200-with-internal-stove\/\" \/>\n<meta property=\"og:locale\" content=\"en_US\" \/>\n<meta property=\"og:type\" content=\"article\" \/>\n<meta property=\"og:title\" content=\"Hot tub DeLux 200 with internal stove - Ecosauna\" \/>\n<meta property=\"og:description\" content=\"The DeLux 200 hot tub with an internal oven is a high-quality home spa that is finished to detail, usable year-round, and easy to maintain.\" \/>\n<meta property=\"og:url\" content=\"https:\/\/ecosauna.ee\/en\/product\/hot-tub-delux-200-with-internal-stove\/\" \/>\n<meta property=\"og:site_name\" content=\"Ecosauna\" \/>\n<meta property=\"article:publisher\" content=\"https:\/\/www.facebook.com\/ecosaunad\" \/>\n<meta property=\"article:modified_time\" content=\"2024-10-25T11:41:54+00:00\" \/>\n<meta property=\"og:image\" content=\"https:\/\/ecosauna.ee\/wp-content\/uploads\/2021\/09\/Kumblustunn-DeLux-siseahjuga-hot-tub-Ecosauna-2.jpg\" \/>\n\t<meta property=\"og:image:width\" content=\"2359\" \/>\n\t<meta property=\"og:image:height\" content=\"2573\" \/>\n\t<meta property=\"og:image:type\" content=\"image\/jpeg\" \/>\n<meta name=\"twitter:card\" content=\"summary_large_image\" \/>\n<meta name=\"twitter:label1\" content=\"Est. reading time\" \/>\n\t<meta name=\"twitter:data1\" content=\"1 minute\" \/>\n<script type=\"application\/ld+json\" class=\"yoast-schema-graph\">{\"@context\":\"https:\\\/\\\/schema.org\",\"@graph\":[{\"@type\":\"WebPage\",\"@id\":\"https:\\\/\\\/ecosauna.ee\\\/en\\\/product\\\/hot-tub-delux-200-with-internal-stove\\\/\",\"url\":\"https:\\\/\\\/ecosauna.ee\\\/en\\\/product\\\/hot-tub-delux-200-with-internal-stove\\\/\",\"name\":\"Hot tub DeLux 200 with internal stove - Ecosauna\",\"isPartOf\":{\"@id\":\"https:\\\/\\\/ecosauna.ee\\\/#website\"},\"primaryImageOfPage\":{\"@id\":\"https:\\\/\\\/ecosauna.ee\\\/en\\\/product\\\/hot-tub-delux-200-with-internal-stove\\\/#primaryimage\"},\"image\":{\"@id\":\"https:\\\/\\\/ecosauna.ee\\\/en\\\/product\\\/hot-tub-delux-200-with-internal-stove\\\/#primaryimage\"},\"thumbnailUrl\":\"https:\\\/\\\/ecosauna.ee\\\/wp-content\\\/uploads\\\/2021\\\/09\\\/Kumblustunn-DeLux-siseahjuga-hot-tub-Ecosauna-2.jpg\",\"datePublished\":\"2021-09-30T18:29:55+00:00\",\"dateModified\":\"2024-10-25T11:41:54+00:00\",\"description\":\"The DeLux 200 hot tub with an internal oven is a high-quality home spa that is finished to detail, usable year-round, and easy to maintain.\",\"breadcrumb\":{\"@id\":\"https:\\\/\\\/ecosauna.ee\\\/en\\\/product\\\/hot-tub-delux-200-with-internal-stove\\\/#breadcrumb\"},\"inLanguage\":\"en-US\",\"potentialAction\":[{\"@type\":\"ReadAction\",\"target\":[\"https:\\\/\\\/ecosauna.ee\\\/en\\\/product\\\/hot-tub-delux-200-with-internal-stove\\\/\"]}]},{\"@type\":\"ImageObject\",\"inLanguage\":\"en-US\",\"@id\":\"https:\\\/\\\/ecosauna.ee\\\/en\\\/product\\\/hot-tub-delux-200-with-internal-stove\\\/#primaryimage\",\"url\":\"https:\\\/\\\/ecosauna.ee\\\/wp-content\\\/uploads\\\/2021\\\/09\\\/Kumblustunn-DeLux-siseahjuga-hot-tub-Ecosauna-2.jpg\",\"contentUrl\":\"https:\\\/\\\/ecosauna.ee\\\/wp-content\\\/uploads\\\/2021\\\/09\\\/Kumblustunn-DeLux-siseahjuga-hot-tub-Ecosauna-2.jpg\",\"width\":2359,\"height\":2573},{\"@type\":\"BreadcrumbList\",\"@id\":\"https:\\\/\\\/ecosauna.ee\\\/en\\\/product\\\/hot-tub-delux-200-with-internal-stove\\\/#breadcrumb\",\"itemListElement\":[{\"@type\":\"ListItem\",\"position\":1,\"name\":\"Esileht\",\"item\":\"https:\\\/\\\/ecosauna.ee\\\/en\\\/\"},{\"@type\":\"ListItem\",\"position\":2,\"name\":\"Shop\",\"item\":\"https:\\\/\\\/ecosauna.ee\\\/en\\\/shop-2\\\/\"},{\"@type\":\"ListItem\",\"position\":3,\"name\":\"Hot tub DeLux 200 with internal stove\"}]},{\"@type\":\"WebSite\",\"@id\":\"https:\\\/\\\/ecosauna.ee\\\/#website\",\"url\":\"https:\\\/\\\/ecosauna.ee\\\/\",\"name\":\"Ecosauna\",\"description\":\"Saunad, k\u00fcmblust\u00fcnnid, k\u00e4mpingud\",\"publisher\":{\"@id\":\"https:\\\/\\\/ecosauna.ee\\\/#organization\"},\"potentialAction\":[{\"@type\":\"SearchAction\",\"target\":{\"@type\":\"EntryPoint\",\"urlTemplate\":\"https:\\\/\\\/ecosauna.ee\\\/?s={search_term_string}\"},\"query-input\":{\"@type\":\"PropertyValueSpecification\",\"valueRequired\":true,\"valueName\":\"search_term_string\"}}],\"inLanguage\":\"en-US\"},{\"@type\":\"Organization\",\"@id\":\"https:\\\/\\\/ecosauna.ee\\\/#organization\",\"name\":\"Ecosauna Project O\u00dc\",\"url\":\"https:\\\/\\\/ecosauna.ee\\\/\",\"logo\":{\"@type\":\"ImageObject\",\"inLanguage\":\"en-US\",\"@id\":\"https:\\\/\\\/ecosauna.ee\\\/#\\\/schema\\\/logo\\\/image\\\/\",\"url\":\"https:\\\/\\\/ecosauna.ee\\\/wp-content\\\/uploads\\\/2023\\\/03\\\/ecosauna-logo.png\",\"contentUrl\":\"https:\\\/\\\/ecosauna.ee\\\/wp-content\\\/uploads\\\/2023\\\/03\\\/ecosauna-logo.png\",\"width\":818,\"height\":646,\"caption\":\"Ecosauna Project O\u00dc\"},\"image\":{\"@id\":\"https:\\\/\\\/ecosauna.ee\\\/#\\\/schema\\\/logo\\\/image\\\/\"},\"sameAs\":[\"https:\\\/\\\/www.facebook.com\\\/ecosaunad\",\"https:\\\/\\\/www.instagram.com\\\/ecosauna.ee\\\/?hl=en\",\"https:\\\/\\\/www.tiktok.com\\\/@ecosauna\",\"https:\\\/\\\/www.youtube.com\\\/@EcosaunaEesti\"]}]}<\/script>\n<!-- \/ Yoast SEO plugin. -->","yoast_head_json":{"title":"Hot tub DeLux 200 with internal stove - Ecosauna","description":"The DeLux 200 hot tub with an internal oven is a high-quality home spa that is finished to detail, usable year-round, and easy to maintain.","robots":{"index":"index","follow":"follow","max-snippet":"max-snippet:-1","max-image-preview":"max-image-preview:large","max-video-preview":"max-video-preview:-1"},"canonical":"https:\/\/ecosauna.ee\/en\/product\/hot-tub-delux-200-with-internal-stove\/","og_locale":"en_US","og_type":"article","og_title":"Hot tub DeLux 200 with internal stove - Ecosauna","og_description":"The DeLux 200 hot tub with an internal oven is a high-quality home spa that is finished to detail, usable year-round, and easy to maintain.","og_url":"https:\/\/ecosauna.ee\/en\/product\/hot-tub-delux-200-with-internal-stove\/","og_site_name":"Ecosauna","article_publisher":"https:\/\/www.facebook.com\/ecosaunad","article_modified_time":"2024-10-25T11:41:54+00:00","og_image":[{"width":2359,"height":2573,"url":"https:\/\/ecosauna.ee\/wp-content\/uploads\/2021\/09\/Kumblustunn-DeLux-siseahjuga-hot-tub-Ecosauna-2.jpg","type":"image\/jpeg"}],"twitter_card":"summary_large_image","twitter_misc":{"Est. reading time":"1 minute"},"schema":{"@context":"https:\/\/schema.org","@graph":[{"@type":"WebPage","@id":"https:\/\/ecosauna.ee\/en\/product\/hot-tub-delux-200-with-internal-stove\/","url":"https:\/\/ecosauna.ee\/en\/product\/hot-tub-delux-200-with-internal-stove\/","name":"Hot tub DeLux 200 with internal stove - Ecosauna","isPartOf":{"@id":"https:\/\/ecosauna.ee\/#website"},"primaryImageOfPage":{"@id":"https:\/\/ecosauna.ee\/en\/product\/hot-tub-delux-200-with-internal-stove\/#primaryimage"},"image":{"@id":"https:\/\/ecosauna.ee\/en\/product\/hot-tub-delux-200-with-internal-stove\/#primaryimage"},"thumbnailUrl":"https:\/\/ecosauna.ee\/wp-content\/uploads\/2021\/09\/Kumblustunn-DeLux-siseahjuga-hot-tub-Ecosauna-2.jpg","datePublished":"2021-09-30T18:29:55+00:00","dateModified":"2024-10-25T11:41:54+00:00","description":"The DeLux 200 hot tub with an internal oven is a high-quality home spa that is finished to detail, usable year-round, and easy to maintain.","breadcrumb":{"@id":"https:\/\/ecosauna.ee\/en\/product\/hot-tub-delux-200-with-internal-stove\/#breadcrumb"},"inLanguage":"en-US","potentialAction":[{"@type":"ReadAction","target":["https:\/\/ecosauna.ee\/en\/product\/hot-tub-delux-200-with-internal-stove\/"]}]},{"@type":"ImageObject","inLanguage":"en-US","@id":"https:\/\/ecosauna.ee\/en\/product\/hot-tub-delux-200-with-internal-stove\/#primaryimage","url":"https:\/\/ecosauna.ee\/wp-content\/uploads\/2021\/09\/Kumblustunn-DeLux-siseahjuga-hot-tub-Ecosauna-2.jpg","contentUrl":"https:\/\/ecosauna.ee\/wp-content\/uploads\/2021\/09\/Kumblustunn-DeLux-siseahjuga-hot-tub-Ecosauna-2.jpg","width":2359,"height":2573},{"@type":"BreadcrumbList","@id":"https:\/\/ecosauna.ee\/en\/product\/hot-tub-delux-200-with-internal-stove\/#breadcrumb","itemListElement":[{"@type":"ListItem","position":1,"name":"Esileht","item":"https:\/\/ecosauna.ee\/en\/"},{"@type":"ListItem","position":2,"name":"Shop","item":"https:\/\/ecosauna.ee\/en\/shop-2\/"},{"@type":"ListItem","position":3,"name":"Hot tub DeLux 200 with internal stove"}]},{"@type":"WebSite","@id":"https:\/\/ecosauna.ee\/#website","url":"https:\/\/ecosauna.ee\/","name":"Ecosauna","description":"Saunad, k\u00fcmblust\u00fcnnid, k\u00e4mpingud","publisher":{"@id":"https:\/\/ecosauna.ee\/#organization"},"potentialAction":[{"@type":"SearchAction","target":{"@type":"EntryPoint","urlTemplate":"https:\/\/ecosauna.ee\/?s={search_term_string}"},"query-input":{"@type":"PropertyValueSpecification","valueRequired":true,"valueName":"search_term_string"}}],"inLanguage":"en-US"},{"@type":"Organization","@id":"https:\/\/ecosauna.ee\/#organization","name":"Ecosauna Project O\u00dc","url":"https:\/\/ecosauna.ee\/","logo":{"@type":"ImageObject","inLanguage":"en-US","@id":"https:\/\/ecosauna.ee\/#\/schema\/logo\/image\/","url":"https:\/\/ecosauna.ee\/wp-content\/uploads\/2023\/03\/ecosauna-logo.png","contentUrl":"https:\/\/ecosauna.ee\/wp-content\/uploads\/2023\/03\/ecosauna-logo.png","width":818,"height":646,"caption":"Ecosauna Project O\u00dc"},"image":{"@id":"https:\/\/ecosauna.ee\/#\/schema\/logo\/image\/"},"sameAs":["https:\/\/www.facebook.com\/ecosaunad","https:\/\/www.instagram.com\/ecosauna.ee\/?hl=en","https:\/\/www.tiktok.com\/@ecosauna","https:\/\/www.youtube.com\/@EcosaunaEesti"]}]}},"_links":{"self":[{"href":"https:\/\/ecosauna.ee\/en\/wp-json\/wp\/v2\/product\/2015","targetHints":{"allow":["GET"]}}],"collection":[{"href":"https:\/\/ecosauna.ee\/en\/wp-json\/wp\/v2\/product"}],"about":[{"href":"https:\/\/ecosauna.ee\/en\/wp-json\/wp\/v2\/types\/product"}],"wp:featuredmedia":[{"embeddable":true,"href":"https:\/\/ecosauna.ee\/en\/wp-json\/wp\/v2\/media\/5625"}],"wp:attachment":[{"href":"https:\/\/ecosauna.ee\/en\/wp-json\/wp\/v2\/media?parent=2015"}],"wp:term":[{"taxonomy":"product_brand","embeddable":true,"href":"https:\/\/ecosauna.ee\/en\/wp-json\/wp\/v2\/product_brand?post=2015"},{"taxonomy":"product_cat","embeddable":true,"href":"https:\/\/ecosauna.ee\/en\/wp-json\/wp\/v2\/product_cat?post=2015"},{"taxonomy":"product_tag","embeddable":true,"href":"https:\/\/ecosauna.ee\/en\/wp-json\/wp\/v2\/product_tag?post=2015"}],"curies":[{"name":"wp","href":"https:\/\/api.w.org\/{rel}","templated":true}]}}