{"id":2035,"date":"2021-09-30T18:55:55","date_gmt":"2021-09-30T18:55:55","guid":{"rendered":"https:\/\/ecosauna.ee\/2023\/product\/400-lux-sauna-with-half-moon-glass-wall\/"},"modified":"2023-01-20T22:24:55","modified_gmt":"2023-01-20T20:24:55","slug":"400-lux-sauna-with-half-moon-glass-wall","status":"publish","type":"product","link":"https:\/\/ecosauna.ee\/en\/product\/400-lux-sauna-with-half-moon-glass-wall\/","title":{"rendered":"400 LUX sauna with half moon glass wall"},"content":{"rendered":"<p><strong>The set includes:<\/strong><strong>\u00a0<\/strong><\/p>\n<ul>\n<li>Wall material is 28\/42 mm thermo pine<\/li>\n<li>Fireproof Minerit board underneath the stone heater and the back wall of the heater<\/li>\n<li>Sauna bench<\/li>\n<li>Floor grates<\/li>\n<li>Lockable wooden front door<\/li>\n<li>The steam room door is made from toughened bronze glass<\/li>\n<li>Half moon panoramic glass wall to the rear<\/li>\n<li>Water bucket, LED lit and sunken into sauna bench<\/li>\n<li>Two windows to the front, one is openable<\/li>\n<li>The roofing material used is bitumen shingles (Black, Brown, Grey, Red or Green)<\/li>\n<\/ul>\n<p><strong>\u00a0<\/strong><\/p>\n<p><strong>Accessories:<\/strong><\/p>\n<ul>\n<li>Harvia Legend 150 wood burning stove and stones<\/li>\n<li>Huum HIVE Wood burning stove and stones<\/li>\n<li>Stainless steel chimney (black finish) with water tank above the heater<\/li>\n<li>Full moon glass front wall<\/li>\n<li>Glass partition wall<\/li>\n<li>Lighting in the sauna rooms and on the terrace<\/li>\n<li>Stereo system &#8211; (radio, Bluetooth, USB, AUX, speakers, antenna)<\/li>\n<li>Sauna interior and exterior finishing<\/li>\n<\/ul>\n<p><!--more--><\/p>\n","protected":false},"excerpt":{"rendered":"<p>The sauna measures 4 meters in length and is designed with half moon glass wall to the rear, benefitting from a more luxurious design and many extras.<\/p>\n<p>The tubular shape ensures proper air circulation and provides the most conducive steam room environment. As you relax on the sauna bench, you can enjoy the panoramic view that opens up the space to bring you closer to nature.<\/p>\n<p>The steam room can accommodate up to 8 sauna goers at once. The changing room and lounge are also very spacious.<\/p>\n<p>The LUX sauna is ideally suited to any climate and can be used all year round.<\/p>\n<p>To heat your sauna, we offer various stoves and heaters: classic Harvia or modern Huum wood fired stoves. The water tank above the heater will provide plenty of water for your hot steam.<\/p>\n","protected":false},"featured_media":2047,"template":"","meta":{"_acf_changed":false,"inline_featured_image":false},"product_brand":[],"product_cat":[105,113],"product_tag":[],"class_list":{"0":"post-2035","1":"product","2":"type-product","3":"status-publish","4":"has-post-thumbnail","6":"product_cat-products","7":"product_cat-saunas","9":"first","10":"instock","11":"taxable","12":"shipping-taxable","13":"product-type-simple"},"acf":[],"yoast_head":"<!-- This site is optimized with the Yoast SEO plugin v27.5 - https:\/\/yoast.com\/product\/yoast-seo-wordpress\/ -->\n<title>400 LUX sauna with half moon glass wall - Ecosauna<\/title>\n<meta name=\"description\" content=\"A spacious 4-meter tubular sauna with a crescent-shaped panoramic glass, to which value is added by the more luxurious design and accessories.\" \/>\n<meta name=\"robots\" content=\"index, follow, max-snippet:-1, max-image-preview:large, max-video-preview:-1\" \/>\n<link rel=\"canonical\" href=\"https:\/\/ecosauna.ee\/en\/product\/400-lux-sauna-with-half-moon-glass-wall\/\" \/>\n<meta property=\"og:locale\" content=\"en_US\" \/>\n<meta property=\"og:type\" content=\"article\" \/>\n<meta property=\"og:title\" content=\"400 LUX sauna with half moon glass wall - Ecosauna\" \/>\n<meta property=\"og:description\" content=\"A spacious 4-meter tubular sauna with a crescent-shaped panoramic glass, to which value is added by the more luxurious design and accessories.\" \/>\n<meta property=\"og:url\" content=\"https:\/\/ecosauna.ee\/en\/product\/400-lux-sauna-with-half-moon-glass-wall\/\" \/>\n<meta property=\"og:site_name\" content=\"Ecosauna\" \/>\n<meta property=\"article:publisher\" content=\"https:\/\/www.facebook.com\/ecosaunad\" \/>\n<meta property=\"article:modified_time\" content=\"2023-01-20T20:24:55+00:00\" \/>\n<meta property=\"og:image\" content=\"https:\/\/ecosauna.ee\/wp-content\/uploads\/2021\/09\/attachment-1.1-768x512.png\" \/>\n\t<meta property=\"og:image:width\" content=\"768\" \/>\n\t<meta property=\"og:image:height\" content=\"512\" \/>\n\t<meta property=\"og:image:type\" content=\"image\/png\" \/>\n<meta name=\"twitter:card\" content=\"summary_large_image\" \/>\n<meta name=\"twitter:label1\" content=\"Est. reading time\" \/>\n\t<meta name=\"twitter:data1\" content=\"1 minute\" \/>\n<script type=\"application\/ld+json\" class=\"yoast-schema-graph\">{\"@context\":\"https:\\\/\\\/schema.org\",\"@graph\":[{\"@type\":\"WebPage\",\"@id\":\"https:\\\/\\\/ecosauna.ee\\\/en\\\/product\\\/400-lux-sauna-with-half-moon-glass-wall\\\/\",\"url\":\"https:\\\/\\\/ecosauna.ee\\\/en\\\/product\\\/400-lux-sauna-with-half-moon-glass-wall\\\/\",\"name\":\"400 LUX sauna with half moon glass wall - Ecosauna\",\"isPartOf\":{\"@id\":\"https:\\\/\\\/ecosauna.ee\\\/#website\"},\"primaryImageOfPage\":{\"@id\":\"https:\\\/\\\/ecosauna.ee\\\/en\\\/product\\\/400-lux-sauna-with-half-moon-glass-wall\\\/#primaryimage\"},\"image\":{\"@id\":\"https:\\\/\\\/ecosauna.ee\\\/en\\\/product\\\/400-lux-sauna-with-half-moon-glass-wall\\\/#primaryimage\"},\"thumbnailUrl\":\"https:\\\/\\\/ecosauna.ee\\\/wp-content\\\/uploads\\\/2021\\\/09\\\/attachment-1.1.png\",\"datePublished\":\"2021-09-30T18:55:55+00:00\",\"dateModified\":\"2023-01-20T20:24:55+00:00\",\"description\":\"A spacious 4-meter tubular sauna with a crescent-shaped panoramic glass, to which value is added by the more luxurious design and accessories.\",\"breadcrumb\":{\"@id\":\"https:\\\/\\\/ecosauna.ee\\\/en\\\/product\\\/400-lux-sauna-with-half-moon-glass-wall\\\/#breadcrumb\"},\"inLanguage\":\"en-US\",\"potentialAction\":[{\"@type\":\"ReadAction\",\"target\":[\"https:\\\/\\\/ecosauna.ee\\\/en\\\/product\\\/400-lux-sauna-with-half-moon-glass-wall\\\/\"]}]},{\"@type\":\"ImageObject\",\"inLanguage\":\"en-US\",\"@id\":\"https:\\\/\\\/ecosauna.ee\\\/en\\\/product\\\/400-lux-sauna-with-half-moon-glass-wall\\\/#primaryimage\",\"url\":\"https:\\\/\\\/ecosauna.ee\\\/wp-content\\\/uploads\\\/2021\\\/09\\\/attachment-1.1.png\",\"contentUrl\":\"https:\\\/\\\/ecosauna.ee\\\/wp-content\\\/uploads\\\/2021\\\/09\\\/attachment-1.1.png\",\"width\":2500,\"height\":1667},{\"@type\":\"BreadcrumbList\",\"@id\":\"https:\\\/\\\/ecosauna.ee\\\/en\\\/product\\\/400-lux-sauna-with-half-moon-glass-wall\\\/#breadcrumb\",\"itemListElement\":[{\"@type\":\"ListItem\",\"position\":1,\"name\":\"Esileht\",\"item\":\"https:\\\/\\\/ecosauna.ee\\\/en\\\/\"},{\"@type\":\"ListItem\",\"position\":2,\"name\":\"Shop\",\"item\":\"https:\\\/\\\/ecosauna.ee\\\/en\\\/shop-2\\\/\"},{\"@type\":\"ListItem\",\"position\":3,\"name\":\"400 LUX sauna with half moon glass wall\"}]},{\"@type\":\"WebSite\",\"@id\":\"https:\\\/\\\/ecosauna.ee\\\/#website\",\"url\":\"https:\\\/\\\/ecosauna.ee\\\/\",\"name\":\"Ecosauna\",\"description\":\"Saunad, k\u00fcmblust\u00fcnnid, k\u00e4mpingud\",\"publisher\":{\"@id\":\"https:\\\/\\\/ecosauna.ee\\\/#organization\"},\"potentialAction\":[{\"@type\":\"SearchAction\",\"target\":{\"@type\":\"EntryPoint\",\"urlTemplate\":\"https:\\\/\\\/ecosauna.ee\\\/?s={search_term_string}\"},\"query-input\":{\"@type\":\"PropertyValueSpecification\",\"valueRequired\":true,\"valueName\":\"search_term_string\"}}],\"inLanguage\":\"en-US\"},{\"@type\":\"Organization\",\"@id\":\"https:\\\/\\\/ecosauna.ee\\\/#organization\",\"name\":\"Ecosauna Project O\u00dc\",\"url\":\"https:\\\/\\\/ecosauna.ee\\\/\",\"logo\":{\"@type\":\"ImageObject\",\"inLanguage\":\"en-US\",\"@id\":\"https:\\\/\\\/ecosauna.ee\\\/#\\\/schema\\\/logo\\\/image\\\/\",\"url\":\"https:\\\/\\\/ecosauna.ee\\\/wp-content\\\/uploads\\\/2023\\\/03\\\/ecosauna-logo.png\",\"contentUrl\":\"https:\\\/\\\/ecosauna.ee\\\/wp-content\\\/uploads\\\/2023\\\/03\\\/ecosauna-logo.png\",\"width\":818,\"height\":646,\"caption\":\"Ecosauna Project O\u00dc\"},\"image\":{\"@id\":\"https:\\\/\\\/ecosauna.ee\\\/#\\\/schema\\\/logo\\\/image\\\/\"},\"sameAs\":[\"https:\\\/\\\/www.facebook.com\\\/ecosaunad\",\"https:\\\/\\\/www.instagram.com\\\/ecosauna.ee\\\/?hl=en\",\"https:\\\/\\\/www.tiktok.com\\\/@ecosauna\",\"https:\\\/\\\/www.youtube.com\\\/@EcosaunaEesti\"]}]}<\/script>\n<!-- \/ Yoast SEO plugin. -->","yoast_head_json":{"title":"400 LUX sauna with half moon glass wall - Ecosauna","description":"A spacious 4-meter tubular sauna with a crescent-shaped panoramic glass, to which value is added by the more luxurious design and accessories.","robots":{"index":"index","follow":"follow","max-snippet":"max-snippet:-1","max-image-preview":"max-image-preview:large","max-video-preview":"max-video-preview:-1"},"canonical":"https:\/\/ecosauna.ee\/en\/product\/400-lux-sauna-with-half-moon-glass-wall\/","og_locale":"en_US","og_type":"article","og_title":"400 LUX sauna with half moon glass wall - Ecosauna","og_description":"A spacious 4-meter tubular sauna with a crescent-shaped panoramic glass, to which value is added by the more luxurious design and accessories.","og_url":"https:\/\/ecosauna.ee\/en\/product\/400-lux-sauna-with-half-moon-glass-wall\/","og_site_name":"Ecosauna","article_publisher":"https:\/\/www.facebook.com\/ecosaunad","article_modified_time":"2023-01-20T20:24:55+00:00","og_image":[{"width":768,"height":512,"url":"https:\/\/ecosauna.ee\/wp-content\/uploads\/2021\/09\/attachment-1.1-768x512.png","type":"image\/png"}],"twitter_card":"summary_large_image","twitter_misc":{"Est. reading time":"1 minute"},"schema":{"@context":"https:\/\/schema.org","@graph":[{"@type":"WebPage","@id":"https:\/\/ecosauna.ee\/en\/product\/400-lux-sauna-with-half-moon-glass-wall\/","url":"https:\/\/ecosauna.ee\/en\/product\/400-lux-sauna-with-half-moon-glass-wall\/","name":"400 LUX sauna with half moon glass wall - Ecosauna","isPartOf":{"@id":"https:\/\/ecosauna.ee\/#website"},"primaryImageOfPage":{"@id":"https:\/\/ecosauna.ee\/en\/product\/400-lux-sauna-with-half-moon-glass-wall\/#primaryimage"},"image":{"@id":"https:\/\/ecosauna.ee\/en\/product\/400-lux-sauna-with-half-moon-glass-wall\/#primaryimage"},"thumbnailUrl":"https:\/\/ecosauna.ee\/wp-content\/uploads\/2021\/09\/attachment-1.1.png","datePublished":"2021-09-30T18:55:55+00:00","dateModified":"2023-01-20T20:24:55+00:00","description":"A spacious 4-meter tubular sauna with a crescent-shaped panoramic glass, to which value is added by the more luxurious design and accessories.","breadcrumb":{"@id":"https:\/\/ecosauna.ee\/en\/product\/400-lux-sauna-with-half-moon-glass-wall\/#breadcrumb"},"inLanguage":"en-US","potentialAction":[{"@type":"ReadAction","target":["https:\/\/ecosauna.ee\/en\/product\/400-lux-sauna-with-half-moon-glass-wall\/"]}]},{"@type":"ImageObject","inLanguage":"en-US","@id":"https:\/\/ecosauna.ee\/en\/product\/400-lux-sauna-with-half-moon-glass-wall\/#primaryimage","url":"https:\/\/ecosauna.ee\/wp-content\/uploads\/2021\/09\/attachment-1.1.png","contentUrl":"https:\/\/ecosauna.ee\/wp-content\/uploads\/2021\/09\/attachment-1.1.png","width":2500,"height":1667},{"@type":"BreadcrumbList","@id":"https:\/\/ecosauna.ee\/en\/product\/400-lux-sauna-with-half-moon-glass-wall\/#breadcrumb","itemListElement":[{"@type":"ListItem","position":1,"name":"Esileht","item":"https:\/\/ecosauna.ee\/en\/"},{"@type":"ListItem","position":2,"name":"Shop","item":"https:\/\/ecosauna.ee\/en\/shop-2\/"},{"@type":"ListItem","position":3,"name":"400 LUX sauna with half moon glass wall"}]},{"@type":"WebSite","@id":"https:\/\/ecosauna.ee\/#website","url":"https:\/\/ecosauna.ee\/","name":"Ecosauna","description":"Saunad, k\u00fcmblust\u00fcnnid, k\u00e4mpingud","publisher":{"@id":"https:\/\/ecosauna.ee\/#organization"},"potentialAction":[{"@type":"SearchAction","target":{"@type":"EntryPoint","urlTemplate":"https:\/\/ecosauna.ee\/?s={search_term_string}"},"query-input":{"@type":"PropertyValueSpecification","valueRequired":true,"valueName":"search_term_string"}}],"inLanguage":"en-US"},{"@type":"Organization","@id":"https:\/\/ecosauna.ee\/#organization","name":"Ecosauna Project O\u00dc","url":"https:\/\/ecosauna.ee\/","logo":{"@type":"ImageObject","inLanguage":"en-US","@id":"https:\/\/ecosauna.ee\/#\/schema\/logo\/image\/","url":"https:\/\/ecosauna.ee\/wp-content\/uploads\/2023\/03\/ecosauna-logo.png","contentUrl":"https:\/\/ecosauna.ee\/wp-content\/uploads\/2023\/03\/ecosauna-logo.png","width":818,"height":646,"caption":"Ecosauna Project O\u00dc"},"image":{"@id":"https:\/\/ecosauna.ee\/#\/schema\/logo\/image\/"},"sameAs":["https:\/\/www.facebook.com\/ecosaunad","https:\/\/www.instagram.com\/ecosauna.ee\/?hl=en","https:\/\/www.tiktok.com\/@ecosauna","https:\/\/www.youtube.com\/@EcosaunaEesti"]}]}},"_links":{"self":[{"href":"https:\/\/ecosauna.ee\/en\/wp-json\/wp\/v2\/product\/2035","targetHints":{"allow":["GET"]}}],"collection":[{"href":"https:\/\/ecosauna.ee\/en\/wp-json\/wp\/v2\/product"}],"about":[{"href":"https:\/\/ecosauna.ee\/en\/wp-json\/wp\/v2\/types\/product"}],"wp:featuredmedia":[{"embeddable":true,"href":"https:\/\/ecosauna.ee\/en\/wp-json\/wp\/v2\/media\/2047"}],"wp:attachment":[{"href":"https:\/\/ecosauna.ee\/en\/wp-json\/wp\/v2\/media?parent=2035"}],"wp:term":[{"taxonomy":"product_brand","embeddable":true,"href":"https:\/\/ecosauna.ee\/en\/wp-json\/wp\/v2\/product_brand?post=2035"},{"taxonomy":"product_cat","embeddable":true,"href":"https:\/\/ecosauna.ee\/en\/wp-json\/wp\/v2\/product_cat?post=2035"},{"taxonomy":"product_tag","embeddable":true,"href":"https:\/\/ecosauna.ee\/en\/wp-json\/wp\/v2\/product_tag?post=2035"}],"curies":[{"name":"wp","href":"https:\/\/api.w.org\/{rel}","templated":true}]}}