{"id":2061,"date":"2021-09-30T19:31:35","date_gmt":"2021-09-30T19:31:35","guid":{"rendered":"https:\/\/ecosauna.ee\/2023\/product\/barrel-sauna-280-with-a-terrace\/"},"modified":"2023-01-20T22:24:55","modified_gmt":"2023-01-20T20:24:55","slug":"barrel-sauna-280-with-a-terrace","status":"publish","type":"product","link":"https:\/\/ecosauna.ee\/en\/product\/barrel-sauna-280-with-a-terrace\/","title":{"rendered":"Barrel sauna 280 with a terrace"},"content":{"rendered":"<p><strong>The set includes:<\/strong><strong>\u00a0<\/strong><\/p>\n<ul>\n<li>Wall material is 28\/42 mm spruce or thermo wood<\/li>\n<li>Fireproof Minerit board underneath the stone heater and back wall of the heater<\/li>\n<li>Sauna bench<\/li>\n<li>Floor grates<\/li>\n<li>Lockable wooden front door with window<\/li>\n<li>Two windows to front, one openable<\/li>\n<li>Roofing material used is bitumen shingles (Black, Brown, Grey, Red or Green).<\/li>\n<\/ul>\n<p>&nbsp;<\/p>\n<p><strong>Accessories:<\/strong><strong>\u00a0<\/strong><\/p>\n<ul>\n<li style=\"list-style-type: none\">\n<ul>\n<li>COZY wood burning stove and stones<\/li>\n<li>Harvia wood burning stove and stones<\/li>\n<li>Huum HIVE Wood burning stove and stones<\/li>\n<li>Stainless steel chimney<\/li>\n<li>Above the heater 30 L water tank<\/li>\n<li>Half moon glass to the rear<\/li>\n<li>Full moon glass wall to the front or rear<\/li>\n<li>Lighting in the sauna rooms<\/li>\n<li>Stereo system &#8211; (radio, Bluetooth, USB, AUX, speakers, antenna).<\/li>\n<li>Sauna interior and exterior finishing<\/li>\n<\/ul>\n<\/li>\n<\/ul>\n<p><!--more--><\/p>\n","protected":false},"excerpt":{"rendered":"<p style=\"font-weight: 400\">Spacious 1-room sauna with a 210 cm long sauna bench in each wall, seating 4-6 people. In front of the steam room, there is a compact terrace with seating where you can cool off or wait for your turn. Barrel sauna 280 weighs only 770 kg, which provides more opportunities for transport and enjoyment of the sauna in a location with limited facilities.<\/p>\n<p style=\"font-weight: 400\">If you are looking for a spacious 1-room sauna, then Barrel sauna 280 is a very attractive candidate.<\/p>\n","protected":false},"featured_media":2064,"template":"","meta":{"_acf_changed":false,"inline_featured_image":false},"product_brand":[],"product_cat":[105,113],"product_tag":[],"class_list":{"0":"post-2061","1":"product","2":"type-product","3":"status-publish","4":"has-post-thumbnail","6":"product_cat-products","7":"product_cat-saunas","9":"first","10":"instock","11":"taxable","12":"shipping-taxable","13":"product-type-simple"},"acf":[],"yoast_head":"<!-- This site is optimized with the Yoast SEO plugin v27.4 - https:\/\/yoast.com\/product\/yoast-seo-wordpress\/ -->\n<title>Barrel sauna 280 with a terrace - Ecosauna<\/title>\n<meta name=\"description\" content=\"Spacious 1-room sauna with a wood-burning heater, with a 210 cm long bench in each wall, seating 4-6 people. In front of the steam room, there is a compact terrace with seating where you can cool off or wait for your turn.\" \/>\n<meta name=\"robots\" content=\"index, follow, max-snippet:-1, max-image-preview:large, max-video-preview:-1\" \/>\n<link rel=\"canonical\" href=\"https:\/\/ecosauna.ee\/en\/product\/barrel-sauna-280-with-a-terrace\/\" \/>\n<meta property=\"og:locale\" content=\"en_US\" \/>\n<meta property=\"og:type\" content=\"article\" \/>\n<meta property=\"og:title\" content=\"Barrel sauna 280 with a terrace - Ecosauna\" \/>\n<meta property=\"og:description\" content=\"Spacious 1-room sauna with a wood-burning heater, with a 210 cm long bench in each wall, seating 4-6 people. In front of the steam room, there is a compact terrace with seating where you can cool off or wait for your turn.\" \/>\n<meta property=\"og:url\" content=\"https:\/\/ecosauna.ee\/en\/product\/barrel-sauna-280-with-a-terrace\/\" \/>\n<meta property=\"og:site_name\" content=\"Ecosauna\" \/>\n<meta property=\"article:publisher\" content=\"https:\/\/www.facebook.com\/ecosaunad\" \/>\n<meta property=\"article:modified_time\" content=\"2023-01-20T20:24:55+00:00\" \/>\n<meta property=\"og:image\" content=\"https:\/\/ecosauna.ee\/wp-content\/uploads\/2021\/09\/Torusaun_280_nat_ps.jpg\" \/>\n\t<meta property=\"og:image:width\" content=\"2500\" \/>\n\t<meta property=\"og:image:height\" content=\"1667\" \/>\n\t<meta property=\"og:image:type\" content=\"image\/jpeg\" \/>\n<meta name=\"twitter:card\" content=\"summary_large_image\" \/>\n<meta name=\"twitter:label1\" content=\"Est. reading time\" \/>\n\t<meta name=\"twitter:data1\" content=\"1 minute\" \/>\n<script type=\"application\/ld+json\" class=\"yoast-schema-graph\">{\"@context\":\"https:\\\/\\\/schema.org\",\"@graph\":[{\"@type\":\"WebPage\",\"@id\":\"https:\\\/\\\/ecosauna.ee\\\/en\\\/product\\\/barrel-sauna-280-with-a-terrace\\\/\",\"url\":\"https:\\\/\\\/ecosauna.ee\\\/en\\\/product\\\/barrel-sauna-280-with-a-terrace\\\/\",\"name\":\"Barrel sauna 280 with a terrace - Ecosauna\",\"isPartOf\":{\"@id\":\"https:\\\/\\\/ecosauna.ee\\\/#website\"},\"primaryImageOfPage\":{\"@id\":\"https:\\\/\\\/ecosauna.ee\\\/en\\\/product\\\/barrel-sauna-280-with-a-terrace\\\/#primaryimage\"},\"image\":{\"@id\":\"https:\\\/\\\/ecosauna.ee\\\/en\\\/product\\\/barrel-sauna-280-with-a-terrace\\\/#primaryimage\"},\"thumbnailUrl\":\"https:\\\/\\\/ecosauna.ee\\\/wp-content\\\/uploads\\\/2021\\\/09\\\/Torusaun_280_nat_ps.jpg\",\"datePublished\":\"2021-09-30T19:31:35+00:00\",\"dateModified\":\"2023-01-20T20:24:55+00:00\",\"description\":\"Spacious 1-room sauna with a wood-burning heater, with a 210 cm long bench in each wall, seating 4-6 people. In front of the steam room, there is a compact terrace with seating where you can cool off or wait for your turn.\",\"breadcrumb\":{\"@id\":\"https:\\\/\\\/ecosauna.ee\\\/en\\\/product\\\/barrel-sauna-280-with-a-terrace\\\/#breadcrumb\"},\"inLanguage\":\"en-US\",\"potentialAction\":[{\"@type\":\"ReadAction\",\"target\":[\"https:\\\/\\\/ecosauna.ee\\\/en\\\/product\\\/barrel-sauna-280-with-a-terrace\\\/\"]}]},{\"@type\":\"ImageObject\",\"inLanguage\":\"en-US\",\"@id\":\"https:\\\/\\\/ecosauna.ee\\\/en\\\/product\\\/barrel-sauna-280-with-a-terrace\\\/#primaryimage\",\"url\":\"https:\\\/\\\/ecosauna.ee\\\/wp-content\\\/uploads\\\/2021\\\/09\\\/Torusaun_280_nat_ps.jpg\",\"contentUrl\":\"https:\\\/\\\/ecosauna.ee\\\/wp-content\\\/uploads\\\/2021\\\/09\\\/Torusaun_280_nat_ps.jpg\",\"width\":2500,\"height\":1667},{\"@type\":\"BreadcrumbList\",\"@id\":\"https:\\\/\\\/ecosauna.ee\\\/en\\\/product\\\/barrel-sauna-280-with-a-terrace\\\/#breadcrumb\",\"itemListElement\":[{\"@type\":\"ListItem\",\"position\":1,\"name\":\"Esileht\",\"item\":\"https:\\\/\\\/ecosauna.ee\\\/en\\\/\"},{\"@type\":\"ListItem\",\"position\":2,\"name\":\"Shop\",\"item\":\"https:\\\/\\\/ecosauna.ee\\\/en\\\/shop-2\\\/\"},{\"@type\":\"ListItem\",\"position\":3,\"name\":\"Barrel sauna 280 with a terrace\"}]},{\"@type\":\"WebSite\",\"@id\":\"https:\\\/\\\/ecosauna.ee\\\/#website\",\"url\":\"https:\\\/\\\/ecosauna.ee\\\/\",\"name\":\"Ecosauna\",\"description\":\"Saunad, k\u00fcmblust\u00fcnnid, k\u00e4mpingud\",\"publisher\":{\"@id\":\"https:\\\/\\\/ecosauna.ee\\\/#organization\"},\"potentialAction\":[{\"@type\":\"SearchAction\",\"target\":{\"@type\":\"EntryPoint\",\"urlTemplate\":\"https:\\\/\\\/ecosauna.ee\\\/?s={search_term_string}\"},\"query-input\":{\"@type\":\"PropertyValueSpecification\",\"valueRequired\":true,\"valueName\":\"search_term_string\"}}],\"inLanguage\":\"en-US\"},{\"@type\":\"Organization\",\"@id\":\"https:\\\/\\\/ecosauna.ee\\\/#organization\",\"name\":\"Ecosauna Project O\u00dc\",\"url\":\"https:\\\/\\\/ecosauna.ee\\\/\",\"logo\":{\"@type\":\"ImageObject\",\"inLanguage\":\"en-US\",\"@id\":\"https:\\\/\\\/ecosauna.ee\\\/#\\\/schema\\\/logo\\\/image\\\/\",\"url\":\"https:\\\/\\\/ecosauna.ee\\\/wp-content\\\/uploads\\\/2023\\\/03\\\/ecosauna-logo.png\",\"contentUrl\":\"https:\\\/\\\/ecosauna.ee\\\/wp-content\\\/uploads\\\/2023\\\/03\\\/ecosauna-logo.png\",\"width\":818,\"height\":646,\"caption\":\"Ecosauna Project O\u00dc\"},\"image\":{\"@id\":\"https:\\\/\\\/ecosauna.ee\\\/#\\\/schema\\\/logo\\\/image\\\/\"},\"sameAs\":[\"https:\\\/\\\/www.facebook.com\\\/ecosaunad\",\"https:\\\/\\\/www.instagram.com\\\/ecosauna.ee\\\/?hl=en\",\"https:\\\/\\\/www.tiktok.com\\\/@ecosauna\",\"https:\\\/\\\/www.youtube.com\\\/@EcosaunaEesti\"]}]}<\/script>\n<!-- \/ Yoast SEO plugin. -->","yoast_head_json":{"title":"Barrel sauna 280 with a terrace - Ecosauna","description":"Spacious 1-room sauna with a wood-burning heater, with a 210 cm long bench in each wall, seating 4-6 people. In front of the steam room, there is a compact terrace with seating where you can cool off or wait for your turn.","robots":{"index":"index","follow":"follow","max-snippet":"max-snippet:-1","max-image-preview":"max-image-preview:large","max-video-preview":"max-video-preview:-1"},"canonical":"https:\/\/ecosauna.ee\/en\/product\/barrel-sauna-280-with-a-terrace\/","og_locale":"en_US","og_type":"article","og_title":"Barrel sauna 280 with a terrace - Ecosauna","og_description":"Spacious 1-room sauna with a wood-burning heater, with a 210 cm long bench in each wall, seating 4-6 people. In front of the steam room, there is a compact terrace with seating where you can cool off or wait for your turn.","og_url":"https:\/\/ecosauna.ee\/en\/product\/barrel-sauna-280-with-a-terrace\/","og_site_name":"Ecosauna","article_publisher":"https:\/\/www.facebook.com\/ecosaunad","article_modified_time":"2023-01-20T20:24:55+00:00","og_image":[{"width":2500,"height":1667,"url":"https:\/\/ecosauna.ee\/wp-content\/uploads\/2021\/09\/Torusaun_280_nat_ps.jpg","type":"image\/jpeg"}],"twitter_card":"summary_large_image","twitter_misc":{"Est. reading time":"1 minute"},"schema":{"@context":"https:\/\/schema.org","@graph":[{"@type":"WebPage","@id":"https:\/\/ecosauna.ee\/en\/product\/barrel-sauna-280-with-a-terrace\/","url":"https:\/\/ecosauna.ee\/en\/product\/barrel-sauna-280-with-a-terrace\/","name":"Barrel sauna 280 with a terrace - Ecosauna","isPartOf":{"@id":"https:\/\/ecosauna.ee\/#website"},"primaryImageOfPage":{"@id":"https:\/\/ecosauna.ee\/en\/product\/barrel-sauna-280-with-a-terrace\/#primaryimage"},"image":{"@id":"https:\/\/ecosauna.ee\/en\/product\/barrel-sauna-280-with-a-terrace\/#primaryimage"},"thumbnailUrl":"https:\/\/ecosauna.ee\/wp-content\/uploads\/2021\/09\/Torusaun_280_nat_ps.jpg","datePublished":"2021-09-30T19:31:35+00:00","dateModified":"2023-01-20T20:24:55+00:00","description":"Spacious 1-room sauna with a wood-burning heater, with a 210 cm long bench in each wall, seating 4-6 people. In front of the steam room, there is a compact terrace with seating where you can cool off or wait for your turn.","breadcrumb":{"@id":"https:\/\/ecosauna.ee\/en\/product\/barrel-sauna-280-with-a-terrace\/#breadcrumb"},"inLanguage":"en-US","potentialAction":[{"@type":"ReadAction","target":["https:\/\/ecosauna.ee\/en\/product\/barrel-sauna-280-with-a-terrace\/"]}]},{"@type":"ImageObject","inLanguage":"en-US","@id":"https:\/\/ecosauna.ee\/en\/product\/barrel-sauna-280-with-a-terrace\/#primaryimage","url":"https:\/\/ecosauna.ee\/wp-content\/uploads\/2021\/09\/Torusaun_280_nat_ps.jpg","contentUrl":"https:\/\/ecosauna.ee\/wp-content\/uploads\/2021\/09\/Torusaun_280_nat_ps.jpg","width":2500,"height":1667},{"@type":"BreadcrumbList","@id":"https:\/\/ecosauna.ee\/en\/product\/barrel-sauna-280-with-a-terrace\/#breadcrumb","itemListElement":[{"@type":"ListItem","position":1,"name":"Esileht","item":"https:\/\/ecosauna.ee\/en\/"},{"@type":"ListItem","position":2,"name":"Shop","item":"https:\/\/ecosauna.ee\/en\/shop-2\/"},{"@type":"ListItem","position":3,"name":"Barrel sauna 280 with a terrace"}]},{"@type":"WebSite","@id":"https:\/\/ecosauna.ee\/#website","url":"https:\/\/ecosauna.ee\/","name":"Ecosauna","description":"Saunad, k\u00fcmblust\u00fcnnid, k\u00e4mpingud","publisher":{"@id":"https:\/\/ecosauna.ee\/#organization"},"potentialAction":[{"@type":"SearchAction","target":{"@type":"EntryPoint","urlTemplate":"https:\/\/ecosauna.ee\/?s={search_term_string}"},"query-input":{"@type":"PropertyValueSpecification","valueRequired":true,"valueName":"search_term_string"}}],"inLanguage":"en-US"},{"@type":"Organization","@id":"https:\/\/ecosauna.ee\/#organization","name":"Ecosauna Project O\u00dc","url":"https:\/\/ecosauna.ee\/","logo":{"@type":"ImageObject","inLanguage":"en-US","@id":"https:\/\/ecosauna.ee\/#\/schema\/logo\/image\/","url":"https:\/\/ecosauna.ee\/wp-content\/uploads\/2023\/03\/ecosauna-logo.png","contentUrl":"https:\/\/ecosauna.ee\/wp-content\/uploads\/2023\/03\/ecosauna-logo.png","width":818,"height":646,"caption":"Ecosauna Project O\u00dc"},"image":{"@id":"https:\/\/ecosauna.ee\/#\/schema\/logo\/image\/"},"sameAs":["https:\/\/www.facebook.com\/ecosaunad","https:\/\/www.instagram.com\/ecosauna.ee\/?hl=en","https:\/\/www.tiktok.com\/@ecosauna","https:\/\/www.youtube.com\/@EcosaunaEesti"]}]}},"_links":{"self":[{"href":"https:\/\/ecosauna.ee\/en\/wp-json\/wp\/v2\/product\/2061","targetHints":{"allow":["GET"]}}],"collection":[{"href":"https:\/\/ecosauna.ee\/en\/wp-json\/wp\/v2\/product"}],"about":[{"href":"https:\/\/ecosauna.ee\/en\/wp-json\/wp\/v2\/types\/product"}],"wp:featuredmedia":[{"embeddable":true,"href":"https:\/\/ecosauna.ee\/en\/wp-json\/wp\/v2\/media\/2064"}],"wp:attachment":[{"href":"https:\/\/ecosauna.ee\/en\/wp-json\/wp\/v2\/media?parent=2061"}],"wp:term":[{"taxonomy":"product_brand","embeddable":true,"href":"https:\/\/ecosauna.ee\/en\/wp-json\/wp\/v2\/product_brand?post=2061"},{"taxonomy":"product_cat","embeddable":true,"href":"https:\/\/ecosauna.ee\/en\/wp-json\/wp\/v2\/product_cat?post=2061"},{"taxonomy":"product_tag","embeddable":true,"href":"https:\/\/ecosauna.ee\/en\/wp-json\/wp\/v2\/product_tag?post=2061"}],"curies":[{"name":"wp","href":"https:\/\/api.w.org\/{rel}","templated":true}]}}