{"id":2071,"date":"2021-09-30T19:40:45","date_gmt":"2021-09-30T19:40:45","guid":{"rendered":"https:\/\/ecosauna.ee\/2023\/product\/barrel-sauna-330\/"},"modified":"2023-01-20T22:24:55","modified_gmt":"2023-01-20T20:24:55","slug":"barrel-sauna-330","status":"publish","type":"product","link":"https:\/\/ecosauna.ee\/en\/product\/barrel-sauna-330\/","title":{"rendered":"Barrel sauna 330"},"content":{"rendered":"<p><strong>The set includes:<\/strong><strong>\u00a0<\/strong><\/p>\n<ul>\n<li>Wall material is 28\/42 mm spruce or thermo wood<\/li>\n<li>Fireproof Minerit board underneath the stone heater and back wall of the heater<\/li>\n<li>Sauna bench<\/li>\n<li>Floor grates<\/li>\n<li>Lockable wooden front door with window<\/li>\n<li>Steam room door is made from toughened bronze glass<\/li>\n<li>Two windows to front, one openable<\/li>\n<li>Two windows to rear, one openable<\/li>\n<li>Roofing material used is bitumen shingles (Black, Brown, Grey, Red or Green).<\/li>\n<\/ul>\n<p>&nbsp;<\/p>\n<p><strong>Accessories:<\/strong><strong>\u00a0<\/strong><\/p>\n<ul>\n<li>COZY wood burning stove and stones<\/li>\n<li>Harvia wood burning stove and stones<\/li>\n<li>Huum HIVE Wood burning stove and stones<\/li>\n<li>Stainless steel chimney<\/li>\n<li>Above the heater 30 L water tank<\/li>\n<li>Half moon glass to the rear<\/li>\n<li>Full moon glass wall to the front or rear<\/li>\n<li>Lighting in the sauna rooms<\/li>\n<li>Stereo system &#8211; (radio, Bluetooth, USB, AUX, speakers, antenna).<\/li>\n<li>Sauna interior and exterior finishing<\/li>\n<\/ul>\n<p><!--more--><\/p>\n","protected":false},"excerpt":{"rendered":"<p>A classic and affordable also our most popular barrel sauna. The rounded shape of sauna ensures good air circulation in the steam room. Designed for up to 6 people and boasting a separate small changing room.<\/p>\n<p style=\"font-weight: 400\">The sauna heating solution can be chosen according to your wishes, either Harvia, Huum, or COZY\u00a0 stoves. The water tank on top of the heater ensures pleasant humidity in the steam room, and you can also get your steam water from there.<\/p>\n","protected":false},"featured_media":2076,"template":"","meta":{"_acf_changed":false,"inline_featured_image":false},"product_brand":[],"product_cat":[105,113],"product_tag":[],"class_list":{"0":"post-2071","1":"product","2":"type-product","3":"status-publish","4":"has-post-thumbnail","6":"product_cat-products","7":"product_cat-saunas","9":"first","10":"instock","11":"taxable","12":"shipping-taxable","13":"product-type-simple"},"acf":[],"yoast_head":"<!-- This site is optimized with the Yoast SEO plugin v27.4 - https:\/\/yoast.com\/product\/yoast-seo-wordpress\/ -->\n<title>Barrel sauna 330 - Ecosauna<\/title>\n<meta name=\"description\" content=\"Classic, affordable, and at the same time, our most popular tubular sauna. The round shape of the sauna gives good air circulation in the steam room and thus the best steam.\" \/>\n<meta name=\"robots\" content=\"index, follow, max-snippet:-1, max-image-preview:large, max-video-preview:-1\" \/>\n<link rel=\"canonical\" href=\"https:\/\/ecosauna.ee\/en\/product\/barrel-sauna-330\/\" \/>\n<meta property=\"og:locale\" content=\"en_US\" \/>\n<meta property=\"og:type\" content=\"article\" \/>\n<meta property=\"og:title\" content=\"Barrel sauna 330 - Ecosauna\" \/>\n<meta property=\"og:description\" content=\"Classic, affordable, and at the same time, our most popular tubular sauna. The round shape of the sauna gives good air circulation in the steam room and thus the best steam.\" \/>\n<meta property=\"og:url\" content=\"https:\/\/ecosauna.ee\/en\/product\/barrel-sauna-330\/\" \/>\n<meta property=\"og:site_name\" content=\"Ecosauna\" \/>\n<meta property=\"article:publisher\" content=\"https:\/\/www.facebook.com\/ecosaunad\" \/>\n<meta property=\"article:modified_time\" content=\"2023-01-20T20:24:55+00:00\" \/>\n<meta property=\"og:image\" content=\"https:\/\/ecosauna.ee\/wp-content\/uploads\/2021\/09\/Torusaun_330_ter_PS.jpg\" \/>\n\t<meta property=\"og:image:width\" content=\"2500\" \/>\n\t<meta property=\"og:image:height\" content=\"1667\" \/>\n\t<meta property=\"og:image:type\" content=\"image\/jpeg\" \/>\n<meta name=\"twitter:card\" content=\"summary_large_image\" \/>\n<meta name=\"twitter:label1\" content=\"Est. reading time\" \/>\n\t<meta name=\"twitter:data1\" content=\"1 minute\" \/>\n<script type=\"application\/ld+json\" class=\"yoast-schema-graph\">{\"@context\":\"https:\\\/\\\/schema.org\",\"@graph\":[{\"@type\":\"WebPage\",\"@id\":\"https:\\\/\\\/ecosauna.ee\\\/en\\\/product\\\/barrel-sauna-330\\\/\",\"url\":\"https:\\\/\\\/ecosauna.ee\\\/en\\\/product\\\/barrel-sauna-330\\\/\",\"name\":\"Barrel sauna 330 - Ecosauna\",\"isPartOf\":{\"@id\":\"https:\\\/\\\/ecosauna.ee\\\/#website\"},\"primaryImageOfPage\":{\"@id\":\"https:\\\/\\\/ecosauna.ee\\\/en\\\/product\\\/barrel-sauna-330\\\/#primaryimage\"},\"image\":{\"@id\":\"https:\\\/\\\/ecosauna.ee\\\/en\\\/product\\\/barrel-sauna-330\\\/#primaryimage\"},\"thumbnailUrl\":\"https:\\\/\\\/ecosauna.ee\\\/wp-content\\\/uploads\\\/2021\\\/09\\\/Torusaun_330_ter_PS.jpg\",\"datePublished\":\"2021-09-30T19:40:45+00:00\",\"dateModified\":\"2023-01-20T20:24:55+00:00\",\"description\":\"Classic, affordable, and at the same time, our most popular tubular sauna. The round shape of the sauna gives good air circulation in the steam room and thus the best steam.\",\"breadcrumb\":{\"@id\":\"https:\\\/\\\/ecosauna.ee\\\/en\\\/product\\\/barrel-sauna-330\\\/#breadcrumb\"},\"inLanguage\":\"en-US\",\"potentialAction\":[{\"@type\":\"ReadAction\",\"target\":[\"https:\\\/\\\/ecosauna.ee\\\/en\\\/product\\\/barrel-sauna-330\\\/\"]}]},{\"@type\":\"ImageObject\",\"inLanguage\":\"en-US\",\"@id\":\"https:\\\/\\\/ecosauna.ee\\\/en\\\/product\\\/barrel-sauna-330\\\/#primaryimage\",\"url\":\"https:\\\/\\\/ecosauna.ee\\\/wp-content\\\/uploads\\\/2021\\\/09\\\/Torusaun_330_ter_PS.jpg\",\"contentUrl\":\"https:\\\/\\\/ecosauna.ee\\\/wp-content\\\/uploads\\\/2021\\\/09\\\/Torusaun_330_ter_PS.jpg\",\"width\":2500,\"height\":1667},{\"@type\":\"BreadcrumbList\",\"@id\":\"https:\\\/\\\/ecosauna.ee\\\/en\\\/product\\\/barrel-sauna-330\\\/#breadcrumb\",\"itemListElement\":[{\"@type\":\"ListItem\",\"position\":1,\"name\":\"Esileht\",\"item\":\"https:\\\/\\\/ecosauna.ee\\\/en\\\/\"},{\"@type\":\"ListItem\",\"position\":2,\"name\":\"Shop\",\"item\":\"https:\\\/\\\/ecosauna.ee\\\/en\\\/shop-2\\\/\"},{\"@type\":\"ListItem\",\"position\":3,\"name\":\"Barrel sauna 330\"}]},{\"@type\":\"WebSite\",\"@id\":\"https:\\\/\\\/ecosauna.ee\\\/#website\",\"url\":\"https:\\\/\\\/ecosauna.ee\\\/\",\"name\":\"Ecosauna\",\"description\":\"Saunad, k\u00fcmblust\u00fcnnid, k\u00e4mpingud\",\"publisher\":{\"@id\":\"https:\\\/\\\/ecosauna.ee\\\/#organization\"},\"potentialAction\":[{\"@type\":\"SearchAction\",\"target\":{\"@type\":\"EntryPoint\",\"urlTemplate\":\"https:\\\/\\\/ecosauna.ee\\\/?s={search_term_string}\"},\"query-input\":{\"@type\":\"PropertyValueSpecification\",\"valueRequired\":true,\"valueName\":\"search_term_string\"}}],\"inLanguage\":\"en-US\"},{\"@type\":\"Organization\",\"@id\":\"https:\\\/\\\/ecosauna.ee\\\/#organization\",\"name\":\"Ecosauna Project O\u00dc\",\"url\":\"https:\\\/\\\/ecosauna.ee\\\/\",\"logo\":{\"@type\":\"ImageObject\",\"inLanguage\":\"en-US\",\"@id\":\"https:\\\/\\\/ecosauna.ee\\\/#\\\/schema\\\/logo\\\/image\\\/\",\"url\":\"https:\\\/\\\/ecosauna.ee\\\/wp-content\\\/uploads\\\/2023\\\/03\\\/ecosauna-logo.png\",\"contentUrl\":\"https:\\\/\\\/ecosauna.ee\\\/wp-content\\\/uploads\\\/2023\\\/03\\\/ecosauna-logo.png\",\"width\":818,\"height\":646,\"caption\":\"Ecosauna Project O\u00dc\"},\"image\":{\"@id\":\"https:\\\/\\\/ecosauna.ee\\\/#\\\/schema\\\/logo\\\/image\\\/\"},\"sameAs\":[\"https:\\\/\\\/www.facebook.com\\\/ecosaunad\",\"https:\\\/\\\/www.instagram.com\\\/ecosauna.ee\\\/?hl=en\",\"https:\\\/\\\/www.tiktok.com\\\/@ecosauna\",\"https:\\\/\\\/www.youtube.com\\\/@EcosaunaEesti\"]}]}<\/script>\n<!-- \/ Yoast SEO plugin. -->","yoast_head_json":{"title":"Barrel sauna 330 - Ecosauna","description":"Classic, affordable, and at the same time, our most popular tubular sauna. The round shape of the sauna gives good air circulation in the steam room and thus the best steam.","robots":{"index":"index","follow":"follow","max-snippet":"max-snippet:-1","max-image-preview":"max-image-preview:large","max-video-preview":"max-video-preview:-1"},"canonical":"https:\/\/ecosauna.ee\/en\/product\/barrel-sauna-330\/","og_locale":"en_US","og_type":"article","og_title":"Barrel sauna 330 - Ecosauna","og_description":"Classic, affordable, and at the same time, our most popular tubular sauna. The round shape of the sauna gives good air circulation in the steam room and thus the best steam.","og_url":"https:\/\/ecosauna.ee\/en\/product\/barrel-sauna-330\/","og_site_name":"Ecosauna","article_publisher":"https:\/\/www.facebook.com\/ecosaunad","article_modified_time":"2023-01-20T20:24:55+00:00","og_image":[{"width":2500,"height":1667,"url":"https:\/\/ecosauna.ee\/wp-content\/uploads\/2021\/09\/Torusaun_330_ter_PS.jpg","type":"image\/jpeg"}],"twitter_card":"summary_large_image","twitter_misc":{"Est. reading time":"1 minute"},"schema":{"@context":"https:\/\/schema.org","@graph":[{"@type":"WebPage","@id":"https:\/\/ecosauna.ee\/en\/product\/barrel-sauna-330\/","url":"https:\/\/ecosauna.ee\/en\/product\/barrel-sauna-330\/","name":"Barrel sauna 330 - Ecosauna","isPartOf":{"@id":"https:\/\/ecosauna.ee\/#website"},"primaryImageOfPage":{"@id":"https:\/\/ecosauna.ee\/en\/product\/barrel-sauna-330\/#primaryimage"},"image":{"@id":"https:\/\/ecosauna.ee\/en\/product\/barrel-sauna-330\/#primaryimage"},"thumbnailUrl":"https:\/\/ecosauna.ee\/wp-content\/uploads\/2021\/09\/Torusaun_330_ter_PS.jpg","datePublished":"2021-09-30T19:40:45+00:00","dateModified":"2023-01-20T20:24:55+00:00","description":"Classic, affordable, and at the same time, our most popular tubular sauna. The round shape of the sauna gives good air circulation in the steam room and thus the best steam.","breadcrumb":{"@id":"https:\/\/ecosauna.ee\/en\/product\/barrel-sauna-330\/#breadcrumb"},"inLanguage":"en-US","potentialAction":[{"@type":"ReadAction","target":["https:\/\/ecosauna.ee\/en\/product\/barrel-sauna-330\/"]}]},{"@type":"ImageObject","inLanguage":"en-US","@id":"https:\/\/ecosauna.ee\/en\/product\/barrel-sauna-330\/#primaryimage","url":"https:\/\/ecosauna.ee\/wp-content\/uploads\/2021\/09\/Torusaun_330_ter_PS.jpg","contentUrl":"https:\/\/ecosauna.ee\/wp-content\/uploads\/2021\/09\/Torusaun_330_ter_PS.jpg","width":2500,"height":1667},{"@type":"BreadcrumbList","@id":"https:\/\/ecosauna.ee\/en\/product\/barrel-sauna-330\/#breadcrumb","itemListElement":[{"@type":"ListItem","position":1,"name":"Esileht","item":"https:\/\/ecosauna.ee\/en\/"},{"@type":"ListItem","position":2,"name":"Shop","item":"https:\/\/ecosauna.ee\/en\/shop-2\/"},{"@type":"ListItem","position":3,"name":"Barrel sauna 330"}]},{"@type":"WebSite","@id":"https:\/\/ecosauna.ee\/#website","url":"https:\/\/ecosauna.ee\/","name":"Ecosauna","description":"Saunad, k\u00fcmblust\u00fcnnid, k\u00e4mpingud","publisher":{"@id":"https:\/\/ecosauna.ee\/#organization"},"potentialAction":[{"@type":"SearchAction","target":{"@type":"EntryPoint","urlTemplate":"https:\/\/ecosauna.ee\/?s={search_term_string}"},"query-input":{"@type":"PropertyValueSpecification","valueRequired":true,"valueName":"search_term_string"}}],"inLanguage":"en-US"},{"@type":"Organization","@id":"https:\/\/ecosauna.ee\/#organization","name":"Ecosauna Project O\u00dc","url":"https:\/\/ecosauna.ee\/","logo":{"@type":"ImageObject","inLanguage":"en-US","@id":"https:\/\/ecosauna.ee\/#\/schema\/logo\/image\/","url":"https:\/\/ecosauna.ee\/wp-content\/uploads\/2023\/03\/ecosauna-logo.png","contentUrl":"https:\/\/ecosauna.ee\/wp-content\/uploads\/2023\/03\/ecosauna-logo.png","width":818,"height":646,"caption":"Ecosauna Project O\u00dc"},"image":{"@id":"https:\/\/ecosauna.ee\/#\/schema\/logo\/image\/"},"sameAs":["https:\/\/www.facebook.com\/ecosaunad","https:\/\/www.instagram.com\/ecosauna.ee\/?hl=en","https:\/\/www.tiktok.com\/@ecosauna","https:\/\/www.youtube.com\/@EcosaunaEesti"]}]}},"_links":{"self":[{"href":"https:\/\/ecosauna.ee\/en\/wp-json\/wp\/v2\/product\/2071","targetHints":{"allow":["GET"]}}],"collection":[{"href":"https:\/\/ecosauna.ee\/en\/wp-json\/wp\/v2\/product"}],"about":[{"href":"https:\/\/ecosauna.ee\/en\/wp-json\/wp\/v2\/types\/product"}],"wp:featuredmedia":[{"embeddable":true,"href":"https:\/\/ecosauna.ee\/en\/wp-json\/wp\/v2\/media\/2076"}],"wp:attachment":[{"href":"https:\/\/ecosauna.ee\/en\/wp-json\/wp\/v2\/media?parent=2071"}],"wp:term":[{"taxonomy":"product_brand","embeddable":true,"href":"https:\/\/ecosauna.ee\/en\/wp-json\/wp\/v2\/product_brand?post=2071"},{"taxonomy":"product_cat","embeddable":true,"href":"https:\/\/ecosauna.ee\/en\/wp-json\/wp\/v2\/product_cat?post=2071"},{"taxonomy":"product_tag","embeddable":true,"href":"https:\/\/ecosauna.ee\/en\/wp-json\/wp\/v2\/product_tag?post=2071"}],"curies":[{"name":"wp","href":"https:\/\/api.w.org\/{rel}","templated":true}]}}