{"id":2096,"date":"2021-09-30T20:21:27","date_gmt":"2021-09-30T20:21:27","guid":{"rendered":"https:\/\/ecosauna.ee\/2023\/product\/camping-pod-400\/"},"modified":"2023-01-20T22:24:55","modified_gmt":"2023-01-20T20:24:55","slug":"camping-pod-400","status":"publish","type":"product","link":"https:\/\/ecosauna.ee\/en\/product\/camping-pod-400\/","title":{"rendered":"Camping POD 400"},"content":{"rendered":"<p><strong>The set includes:<\/strong><\/p>\n<p>Wall material is 28mm spruce or Thermo pine<\/p>\n<p>Lockable doublesided glass paneled wooden door<\/p>\n<p>Openable window to the rear<\/p>\n<p>Roof material is bitumen shingle, that come in black, brown, grey, red or green.<\/p>\n<p>&nbsp;<\/p>\n<p><strong>Extras<\/strong><\/p>\n<p>Furniture, mattresses for beds, lights inside and outside with sockets, interior and exterior decoration<\/p>\n<p>&nbsp;<\/p>\n<p>Measurements:\u00a0 400 x 240<\/p>\n<p>Number of people:\u00a0\u00a0\u00a0 2<\/p>\n<p>Weight:\u00a0\u00a0\u00a0\u00a0 900 kg<\/p>\n<p>Door dimensions \u2013 refer to drawings<\/p>\n<p>External walls: 28mm<\/p>\n<p>Material used is spruce or Thermo pine.<!--more--><\/p>\n","protected":false},"excerpt":{"rendered":"<p>Made of wood, this universal camping pod offers various uses for someone who appreciates nature. The pod can be used for either living-, sleeping and\/or office premises. The shape of the pod resembles an upside-down boat and is favored for its simplicity, practicality and space. The camping pods have a terrace and a large room and can be ordered with or without furniture. The glazed door, large window and terrace allow you to enjoy the outdoors come rain or shine.<\/p>\n","protected":false},"featured_media":2098,"template":"","meta":{"_acf_changed":false,"inline_featured_image":false},"product_brand":[],"product_cat":[110,105],"product_tag":[],"class_list":{"0":"post-2096","1":"product","2":"type-product","3":"status-publish","4":"has-post-thumbnail","6":"product_cat-campings","7":"product_cat-products","9":"first","10":"instock","11":"taxable","12":"shipping-taxable","13":"product-type-simple"},"acf":[],"yoast_head":"<!-- This site is optimized with the Yoast SEO plugin v27.4 - https:\/\/yoast.com\/product\/yoast-seo-wordpress\/ -->\n<title>Camping POD 400 - Ecosauna<\/title>\n<meta name=\"description\" content=\"The universal wooden camping house offers various opportunities for using this little house for people who appreciate closeness to nature.\" \/>\n<meta name=\"robots\" content=\"index, follow, max-snippet:-1, max-image-preview:large, max-video-preview:-1\" \/>\n<link rel=\"canonical\" href=\"https:\/\/ecosauna.ee\/en\/product\/camping-pod-400\/\" \/>\n<meta property=\"og:locale\" content=\"en_US\" \/>\n<meta property=\"og:type\" content=\"article\" \/>\n<meta property=\"og:title\" content=\"Camping POD 400 - Ecosauna\" \/>\n<meta property=\"og:description\" content=\"The universal wooden camping house offers various opportunities for using this little house for people who appreciate closeness to nature.\" \/>\n<meta property=\"og:url\" content=\"https:\/\/ecosauna.ee\/en\/product\/camping-pod-400\/\" \/>\n<meta property=\"og:site_name\" content=\"Ecosauna\" \/>\n<meta property=\"article:publisher\" content=\"https:\/\/www.facebook.com\/ecosaunad\" \/>\n<meta property=\"article:modified_time\" content=\"2023-01-20T20:24:55+00:00\" \/>\n<meta property=\"og:image\" content=\"https:\/\/ecosauna.ee\/wp-content\/uploads\/2021\/09\/CampingPOD_400_ps.jpg\" \/>\n\t<meta property=\"og:image:width\" content=\"2500\" \/>\n\t<meta property=\"og:image:height\" content=\"1667\" \/>\n\t<meta property=\"og:image:type\" content=\"image\/jpeg\" \/>\n<meta name=\"twitter:card\" content=\"summary_large_image\" \/>\n<script type=\"application\/ld+json\" class=\"yoast-schema-graph\">{\"@context\":\"https:\\\/\\\/schema.org\",\"@graph\":[{\"@type\":\"WebPage\",\"@id\":\"https:\\\/\\\/ecosauna.ee\\\/en\\\/product\\\/camping-pod-400\\\/\",\"url\":\"https:\\\/\\\/ecosauna.ee\\\/en\\\/product\\\/camping-pod-400\\\/\",\"name\":\"Camping POD 400 - Ecosauna\",\"isPartOf\":{\"@id\":\"https:\\\/\\\/ecosauna.ee\\\/#website\"},\"primaryImageOfPage\":{\"@id\":\"https:\\\/\\\/ecosauna.ee\\\/en\\\/product\\\/camping-pod-400\\\/#primaryimage\"},\"image\":{\"@id\":\"https:\\\/\\\/ecosauna.ee\\\/en\\\/product\\\/camping-pod-400\\\/#primaryimage\"},\"thumbnailUrl\":\"https:\\\/\\\/ecosauna.ee\\\/wp-content\\\/uploads\\\/2021\\\/09\\\/CampingPOD_400_ps.jpg\",\"datePublished\":\"2021-09-30T20:21:27+00:00\",\"dateModified\":\"2023-01-20T20:24:55+00:00\",\"description\":\"The universal wooden camping house offers various opportunities for using this little house for people who appreciate closeness to nature.\",\"breadcrumb\":{\"@id\":\"https:\\\/\\\/ecosauna.ee\\\/en\\\/product\\\/camping-pod-400\\\/#breadcrumb\"},\"inLanguage\":\"en-US\",\"potentialAction\":[{\"@type\":\"ReadAction\",\"target\":[\"https:\\\/\\\/ecosauna.ee\\\/en\\\/product\\\/camping-pod-400\\\/\"]}]},{\"@type\":\"ImageObject\",\"inLanguage\":\"en-US\",\"@id\":\"https:\\\/\\\/ecosauna.ee\\\/en\\\/product\\\/camping-pod-400\\\/#primaryimage\",\"url\":\"https:\\\/\\\/ecosauna.ee\\\/wp-content\\\/uploads\\\/2021\\\/09\\\/CampingPOD_400_ps.jpg\",\"contentUrl\":\"https:\\\/\\\/ecosauna.ee\\\/wp-content\\\/uploads\\\/2021\\\/09\\\/CampingPOD_400_ps.jpg\",\"width\":2500,\"height\":1667},{\"@type\":\"BreadcrumbList\",\"@id\":\"https:\\\/\\\/ecosauna.ee\\\/en\\\/product\\\/camping-pod-400\\\/#breadcrumb\",\"itemListElement\":[{\"@type\":\"ListItem\",\"position\":1,\"name\":\"Esileht\",\"item\":\"https:\\\/\\\/ecosauna.ee\\\/en\\\/\"},{\"@type\":\"ListItem\",\"position\":2,\"name\":\"Shop\",\"item\":\"https:\\\/\\\/ecosauna.ee\\\/en\\\/shop-2\\\/\"},{\"@type\":\"ListItem\",\"position\":3,\"name\":\"Camping POD 400\"}]},{\"@type\":\"WebSite\",\"@id\":\"https:\\\/\\\/ecosauna.ee\\\/#website\",\"url\":\"https:\\\/\\\/ecosauna.ee\\\/\",\"name\":\"Ecosauna\",\"description\":\"Saunad, k\u00fcmblust\u00fcnnid, k\u00e4mpingud\",\"publisher\":{\"@id\":\"https:\\\/\\\/ecosauna.ee\\\/#organization\"},\"potentialAction\":[{\"@type\":\"SearchAction\",\"target\":{\"@type\":\"EntryPoint\",\"urlTemplate\":\"https:\\\/\\\/ecosauna.ee\\\/?s={search_term_string}\"},\"query-input\":{\"@type\":\"PropertyValueSpecification\",\"valueRequired\":true,\"valueName\":\"search_term_string\"}}],\"inLanguage\":\"en-US\"},{\"@type\":\"Organization\",\"@id\":\"https:\\\/\\\/ecosauna.ee\\\/#organization\",\"name\":\"Ecosauna Project O\u00dc\",\"url\":\"https:\\\/\\\/ecosauna.ee\\\/\",\"logo\":{\"@type\":\"ImageObject\",\"inLanguage\":\"en-US\",\"@id\":\"https:\\\/\\\/ecosauna.ee\\\/#\\\/schema\\\/logo\\\/image\\\/\",\"url\":\"https:\\\/\\\/ecosauna.ee\\\/wp-content\\\/uploads\\\/2023\\\/03\\\/ecosauna-logo.png\",\"contentUrl\":\"https:\\\/\\\/ecosauna.ee\\\/wp-content\\\/uploads\\\/2023\\\/03\\\/ecosauna-logo.png\",\"width\":818,\"height\":646,\"caption\":\"Ecosauna Project O\u00dc\"},\"image\":{\"@id\":\"https:\\\/\\\/ecosauna.ee\\\/#\\\/schema\\\/logo\\\/image\\\/\"},\"sameAs\":[\"https:\\\/\\\/www.facebook.com\\\/ecosaunad\",\"https:\\\/\\\/www.instagram.com\\\/ecosauna.ee\\\/?hl=en\",\"https:\\\/\\\/www.tiktok.com\\\/@ecosauna\",\"https:\\\/\\\/www.youtube.com\\\/@EcosaunaEesti\"]}]}<\/script>\n<!-- \/ Yoast SEO plugin. -->","yoast_head_json":{"title":"Camping POD 400 - Ecosauna","description":"The universal wooden camping house offers various opportunities for using this little house for people who appreciate closeness to nature.","robots":{"index":"index","follow":"follow","max-snippet":"max-snippet:-1","max-image-preview":"max-image-preview:large","max-video-preview":"max-video-preview:-1"},"canonical":"https:\/\/ecosauna.ee\/en\/product\/camping-pod-400\/","og_locale":"en_US","og_type":"article","og_title":"Camping POD 400 - Ecosauna","og_description":"The universal wooden camping house offers various opportunities for using this little house for people who appreciate closeness to nature.","og_url":"https:\/\/ecosauna.ee\/en\/product\/camping-pod-400\/","og_site_name":"Ecosauna","article_publisher":"https:\/\/www.facebook.com\/ecosaunad","article_modified_time":"2023-01-20T20:24:55+00:00","og_image":[{"width":2500,"height":1667,"url":"https:\/\/ecosauna.ee\/wp-content\/uploads\/2021\/09\/CampingPOD_400_ps.jpg","type":"image\/jpeg"}],"twitter_card":"summary_large_image","schema":{"@context":"https:\/\/schema.org","@graph":[{"@type":"WebPage","@id":"https:\/\/ecosauna.ee\/en\/product\/camping-pod-400\/","url":"https:\/\/ecosauna.ee\/en\/product\/camping-pod-400\/","name":"Camping POD 400 - Ecosauna","isPartOf":{"@id":"https:\/\/ecosauna.ee\/#website"},"primaryImageOfPage":{"@id":"https:\/\/ecosauna.ee\/en\/product\/camping-pod-400\/#primaryimage"},"image":{"@id":"https:\/\/ecosauna.ee\/en\/product\/camping-pod-400\/#primaryimage"},"thumbnailUrl":"https:\/\/ecosauna.ee\/wp-content\/uploads\/2021\/09\/CampingPOD_400_ps.jpg","datePublished":"2021-09-30T20:21:27+00:00","dateModified":"2023-01-20T20:24:55+00:00","description":"The universal wooden camping house offers various opportunities for using this little house for people who appreciate closeness to nature.","breadcrumb":{"@id":"https:\/\/ecosauna.ee\/en\/product\/camping-pod-400\/#breadcrumb"},"inLanguage":"en-US","potentialAction":[{"@type":"ReadAction","target":["https:\/\/ecosauna.ee\/en\/product\/camping-pod-400\/"]}]},{"@type":"ImageObject","inLanguage":"en-US","@id":"https:\/\/ecosauna.ee\/en\/product\/camping-pod-400\/#primaryimage","url":"https:\/\/ecosauna.ee\/wp-content\/uploads\/2021\/09\/CampingPOD_400_ps.jpg","contentUrl":"https:\/\/ecosauna.ee\/wp-content\/uploads\/2021\/09\/CampingPOD_400_ps.jpg","width":2500,"height":1667},{"@type":"BreadcrumbList","@id":"https:\/\/ecosauna.ee\/en\/product\/camping-pod-400\/#breadcrumb","itemListElement":[{"@type":"ListItem","position":1,"name":"Esileht","item":"https:\/\/ecosauna.ee\/en\/"},{"@type":"ListItem","position":2,"name":"Shop","item":"https:\/\/ecosauna.ee\/en\/shop-2\/"},{"@type":"ListItem","position":3,"name":"Camping POD 400"}]},{"@type":"WebSite","@id":"https:\/\/ecosauna.ee\/#website","url":"https:\/\/ecosauna.ee\/","name":"Ecosauna","description":"Saunad, k\u00fcmblust\u00fcnnid, k\u00e4mpingud","publisher":{"@id":"https:\/\/ecosauna.ee\/#organization"},"potentialAction":[{"@type":"SearchAction","target":{"@type":"EntryPoint","urlTemplate":"https:\/\/ecosauna.ee\/?s={search_term_string}"},"query-input":{"@type":"PropertyValueSpecification","valueRequired":true,"valueName":"search_term_string"}}],"inLanguage":"en-US"},{"@type":"Organization","@id":"https:\/\/ecosauna.ee\/#organization","name":"Ecosauna Project O\u00dc","url":"https:\/\/ecosauna.ee\/","logo":{"@type":"ImageObject","inLanguage":"en-US","@id":"https:\/\/ecosauna.ee\/#\/schema\/logo\/image\/","url":"https:\/\/ecosauna.ee\/wp-content\/uploads\/2023\/03\/ecosauna-logo.png","contentUrl":"https:\/\/ecosauna.ee\/wp-content\/uploads\/2023\/03\/ecosauna-logo.png","width":818,"height":646,"caption":"Ecosauna Project O\u00dc"},"image":{"@id":"https:\/\/ecosauna.ee\/#\/schema\/logo\/image\/"},"sameAs":["https:\/\/www.facebook.com\/ecosaunad","https:\/\/www.instagram.com\/ecosauna.ee\/?hl=en","https:\/\/www.tiktok.com\/@ecosauna","https:\/\/www.youtube.com\/@EcosaunaEesti"]}]}},"_links":{"self":[{"href":"https:\/\/ecosauna.ee\/en\/wp-json\/wp\/v2\/product\/2096","targetHints":{"allow":["GET"]}}],"collection":[{"href":"https:\/\/ecosauna.ee\/en\/wp-json\/wp\/v2\/product"}],"about":[{"href":"https:\/\/ecosauna.ee\/en\/wp-json\/wp\/v2\/types\/product"}],"wp:featuredmedia":[{"embeddable":true,"href":"https:\/\/ecosauna.ee\/en\/wp-json\/wp\/v2\/media\/2098"}],"wp:attachment":[{"href":"https:\/\/ecosauna.ee\/en\/wp-json\/wp\/v2\/media?parent=2096"}],"wp:term":[{"taxonomy":"product_brand","embeddable":true,"href":"https:\/\/ecosauna.ee\/en\/wp-json\/wp\/v2\/product_brand?post=2096"},{"taxonomy":"product_cat","embeddable":true,"href":"https:\/\/ecosauna.ee\/en\/wp-json\/wp\/v2\/product_cat?post=2096"},{"taxonomy":"product_tag","embeddable":true,"href":"https:\/\/ecosauna.ee\/en\/wp-json\/wp\/v2\/product_tag?post=2096"}],"curies":[{"name":"wp","href":"https:\/\/api.w.org\/{rel}","templated":true}]}}