{"id":2180,"date":"2021-10-10T19:57:47","date_gmt":"2021-10-10T19:57:47","guid":{"rendered":"https:\/\/ecosauna.ee\/2023\/product\/tubular-camping-house-lux-440\/"},"modified":"2023-01-20T22:24:53","modified_gmt":"2023-01-20T20:24:53","slug":"tubular-camping-house-lux-440","status":"publish","type":"product","link":"https:\/\/ecosauna.ee\/en\/product\/tubular-camping-house-lux-440\/","title":{"rendered":"Tubular camping house Lux 440"},"content":{"rendered":"<p style=\"font-weight: 400;\"><strong>The set includes:<\/strong><\/p>\n<ul>\n<li style=\"font-weight: 400;\">wall material 42 mm spruce or thermo pine;<\/li>\n<li style=\"font-weight: 400;\">ventilation grilles in the wall;<\/li>\n<li style=\"font-weight: 400;\">floor gratings;<\/li>\n<li style=\"font-weight: 400;\">lockable wooden door with a package window;<\/li>\n<li style=\"font-weight: 400;\">two openable double-glazed windows in the front wall, two closed double-glazed windows in the side walls, and a larger openable double-glazed window in the rear wall;<\/li>\n<li style=\"font-weight: 400;\">furniture and fittings;<\/li>\n<li style=\"font-weight: 400;\">roofing material bituminous shingles Katepal (black, brown, gray, red, green).<\/li>\n<\/ul>\n<p style=\"font-weight: 400;\"><strong>Accessories:<\/strong><\/p>\n<ul>\n<li style=\"font-weight: 400;\">mattresses for beds,<\/li>\n<li style=\"font-weight: 400;\">blinds for windows,<\/li>\n<li style=\"font-weight: 400;\">indoor and outdoor lighting, switches, plugs, etc.,<\/li>\n<li style=\"font-weight: 400;\">exterior finishing,<\/li>\n<li style=\"font-weight: 400;\">interior decoration.<\/li>\n<\/ul>\n<p><!--more--><\/p>\n","protected":false},"excerpt":{"rendered":"<p style=\"font-weight: 400;\">A classic, simple, spacious, and practical tubular camping house &#8211; a good escape from everyday routine. What makes this house special are the windows opening in all cardinal directions, which ensure the abundance of light and space in the house. The cottage can sleep up to four people &#8211; one large bed and two benches, which can be turned into beds if necessary. There are various storage rooms and shelves for storing things, and there is a pull-out table under the large bed.<\/p>\n","protected":false},"featured_media":2181,"template":"","meta":{"_acf_changed":false,"inline_featured_image":false},"product_brand":[],"product_cat":[110,105],"product_tag":[],"class_list":{"0":"post-2180","1":"product","2":"type-product","3":"status-publish","4":"has-post-thumbnail","6":"product_cat-campings","7":"product_cat-products","9":"first","10":"instock","11":"taxable","12":"shipping-taxable","13":"product-type-simple"},"acf":[],"yoast_head":"<!-- This site is optimized with the Yoast SEO plugin v27.4 - https:\/\/yoast.com\/product\/yoast-seo-wordpress\/ -->\n<title>Tubular camping house Lux 440 - Ecosauna<\/title>\n<meta name=\"description\" content=\"A classic, simple, spacious, and practical tubular camping house - a good escape from everyday routine. What makes this house special are the windows opening in all cardinal directions, which ensure the abundance of light and space in the house.\" \/>\n<meta name=\"robots\" content=\"index, follow, max-snippet:-1, max-image-preview:large, max-video-preview:-1\" \/>\n<link rel=\"canonical\" href=\"https:\/\/ecosauna.ee\/en\/product\/tubular-camping-house-lux-440\/\" \/>\n<meta property=\"og:locale\" content=\"en_US\" \/>\n<meta property=\"og:type\" content=\"article\" \/>\n<meta property=\"og:title\" content=\"Tubular camping house Lux 440 - Ecosauna\" \/>\n<meta property=\"og:description\" content=\"A classic, simple, spacious, and practical tubular camping house - a good escape from everyday routine. What makes this house special are the windows opening in all cardinal directions, which ensure the abundance of light and space in the house.\" \/>\n<meta property=\"og:url\" content=\"https:\/\/ecosauna.ee\/en\/product\/tubular-camping-house-lux-440\/\" \/>\n<meta property=\"og:site_name\" content=\"Ecosauna\" \/>\n<meta property=\"article:publisher\" content=\"https:\/\/www.facebook.com\/ecosaunad\" \/>\n<meta property=\"article:modified_time\" content=\"2023-01-20T20:24:53+00:00\" \/>\n<meta property=\"og:image\" content=\"https:\/\/ecosauna.ee\/wp-content\/uploads\/2021\/10\/Camping_446-copy.jpg\" \/>\n\t<meta property=\"og:image:width\" content=\"2500\" \/>\n\t<meta property=\"og:image:height\" content=\"1667\" \/>\n\t<meta property=\"og:image:type\" content=\"image\/jpeg\" \/>\n<meta name=\"twitter:card\" content=\"summary_large_image\" \/>\n<script type=\"application\/ld+json\" class=\"yoast-schema-graph\">{\"@context\":\"https:\\\/\\\/schema.org\",\"@graph\":[{\"@type\":\"WebPage\",\"@id\":\"https:\\\/\\\/ecosauna.ee\\\/en\\\/product\\\/tubular-camping-house-lux-440\\\/\",\"url\":\"https:\\\/\\\/ecosauna.ee\\\/en\\\/product\\\/tubular-camping-house-lux-440\\\/\",\"name\":\"Tubular camping house Lux 440 - Ecosauna\",\"isPartOf\":{\"@id\":\"https:\\\/\\\/ecosauna.ee\\\/#website\"},\"primaryImageOfPage\":{\"@id\":\"https:\\\/\\\/ecosauna.ee\\\/en\\\/product\\\/tubular-camping-house-lux-440\\\/#primaryimage\"},\"image\":{\"@id\":\"https:\\\/\\\/ecosauna.ee\\\/en\\\/product\\\/tubular-camping-house-lux-440\\\/#primaryimage\"},\"thumbnailUrl\":\"https:\\\/\\\/ecosauna.ee\\\/wp-content\\\/uploads\\\/2021\\\/10\\\/Camping_446-copy.jpg\",\"datePublished\":\"2021-10-10T19:57:47+00:00\",\"dateModified\":\"2023-01-20T20:24:53+00:00\",\"description\":\"A classic, simple, spacious, and practical tubular camping house - a good escape from everyday routine. What makes this house special are the windows opening in all cardinal directions, which ensure the abundance of light and space in the house.\",\"breadcrumb\":{\"@id\":\"https:\\\/\\\/ecosauna.ee\\\/en\\\/product\\\/tubular-camping-house-lux-440\\\/#breadcrumb\"},\"inLanguage\":\"en-US\",\"potentialAction\":[{\"@type\":\"ReadAction\",\"target\":[\"https:\\\/\\\/ecosauna.ee\\\/en\\\/product\\\/tubular-camping-house-lux-440\\\/\"]}]},{\"@type\":\"ImageObject\",\"inLanguage\":\"en-US\",\"@id\":\"https:\\\/\\\/ecosauna.ee\\\/en\\\/product\\\/tubular-camping-house-lux-440\\\/#primaryimage\",\"url\":\"https:\\\/\\\/ecosauna.ee\\\/wp-content\\\/uploads\\\/2021\\\/10\\\/Camping_446-copy.jpg\",\"contentUrl\":\"https:\\\/\\\/ecosauna.ee\\\/wp-content\\\/uploads\\\/2021\\\/10\\\/Camping_446-copy.jpg\",\"width\":2500,\"height\":1667},{\"@type\":\"BreadcrumbList\",\"@id\":\"https:\\\/\\\/ecosauna.ee\\\/en\\\/product\\\/tubular-camping-house-lux-440\\\/#breadcrumb\",\"itemListElement\":[{\"@type\":\"ListItem\",\"position\":1,\"name\":\"Esileht\",\"item\":\"https:\\\/\\\/ecosauna.ee\\\/en\\\/\"},{\"@type\":\"ListItem\",\"position\":2,\"name\":\"Shop\",\"item\":\"https:\\\/\\\/ecosauna.ee\\\/en\\\/shop-2\\\/\"},{\"@type\":\"ListItem\",\"position\":3,\"name\":\"Tubular camping house Lux 440\"}]},{\"@type\":\"WebSite\",\"@id\":\"https:\\\/\\\/ecosauna.ee\\\/#website\",\"url\":\"https:\\\/\\\/ecosauna.ee\\\/\",\"name\":\"Ecosauna\",\"description\":\"Saunad, k\u00fcmblust\u00fcnnid, k\u00e4mpingud\",\"publisher\":{\"@id\":\"https:\\\/\\\/ecosauna.ee\\\/#organization\"},\"potentialAction\":[{\"@type\":\"SearchAction\",\"target\":{\"@type\":\"EntryPoint\",\"urlTemplate\":\"https:\\\/\\\/ecosauna.ee\\\/?s={search_term_string}\"},\"query-input\":{\"@type\":\"PropertyValueSpecification\",\"valueRequired\":true,\"valueName\":\"search_term_string\"}}],\"inLanguage\":\"en-US\"},{\"@type\":\"Organization\",\"@id\":\"https:\\\/\\\/ecosauna.ee\\\/#organization\",\"name\":\"Ecosauna Project O\u00dc\",\"url\":\"https:\\\/\\\/ecosauna.ee\\\/\",\"logo\":{\"@type\":\"ImageObject\",\"inLanguage\":\"en-US\",\"@id\":\"https:\\\/\\\/ecosauna.ee\\\/#\\\/schema\\\/logo\\\/image\\\/\",\"url\":\"https:\\\/\\\/ecosauna.ee\\\/wp-content\\\/uploads\\\/2023\\\/03\\\/ecosauna-logo.png\",\"contentUrl\":\"https:\\\/\\\/ecosauna.ee\\\/wp-content\\\/uploads\\\/2023\\\/03\\\/ecosauna-logo.png\",\"width\":818,\"height\":646,\"caption\":\"Ecosauna Project O\u00dc\"},\"image\":{\"@id\":\"https:\\\/\\\/ecosauna.ee\\\/#\\\/schema\\\/logo\\\/image\\\/\"},\"sameAs\":[\"https:\\\/\\\/www.facebook.com\\\/ecosaunad\",\"https:\\\/\\\/www.instagram.com\\\/ecosauna.ee\\\/?hl=en\",\"https:\\\/\\\/www.tiktok.com\\\/@ecosauna\",\"https:\\\/\\\/www.youtube.com\\\/@EcosaunaEesti\"]}]}<\/script>\n<!-- \/ Yoast SEO plugin. -->","yoast_head_json":{"title":"Tubular camping house Lux 440 - Ecosauna","description":"A classic, simple, spacious, and practical tubular camping house - a good escape from everyday routine. What makes this house special are the windows opening in all cardinal directions, which ensure the abundance of light and space in the house.","robots":{"index":"index","follow":"follow","max-snippet":"max-snippet:-1","max-image-preview":"max-image-preview:large","max-video-preview":"max-video-preview:-1"},"canonical":"https:\/\/ecosauna.ee\/en\/product\/tubular-camping-house-lux-440\/","og_locale":"en_US","og_type":"article","og_title":"Tubular camping house Lux 440 - Ecosauna","og_description":"A classic, simple, spacious, and practical tubular camping house - a good escape from everyday routine. What makes this house special are the windows opening in all cardinal directions, which ensure the abundance of light and space in the house.","og_url":"https:\/\/ecosauna.ee\/en\/product\/tubular-camping-house-lux-440\/","og_site_name":"Ecosauna","article_publisher":"https:\/\/www.facebook.com\/ecosaunad","article_modified_time":"2023-01-20T20:24:53+00:00","og_image":[{"width":2500,"height":1667,"url":"https:\/\/ecosauna.ee\/wp-content\/uploads\/2021\/10\/Camping_446-copy.jpg","type":"image\/jpeg"}],"twitter_card":"summary_large_image","schema":{"@context":"https:\/\/schema.org","@graph":[{"@type":"WebPage","@id":"https:\/\/ecosauna.ee\/en\/product\/tubular-camping-house-lux-440\/","url":"https:\/\/ecosauna.ee\/en\/product\/tubular-camping-house-lux-440\/","name":"Tubular camping house Lux 440 - Ecosauna","isPartOf":{"@id":"https:\/\/ecosauna.ee\/#website"},"primaryImageOfPage":{"@id":"https:\/\/ecosauna.ee\/en\/product\/tubular-camping-house-lux-440\/#primaryimage"},"image":{"@id":"https:\/\/ecosauna.ee\/en\/product\/tubular-camping-house-lux-440\/#primaryimage"},"thumbnailUrl":"https:\/\/ecosauna.ee\/wp-content\/uploads\/2021\/10\/Camping_446-copy.jpg","datePublished":"2021-10-10T19:57:47+00:00","dateModified":"2023-01-20T20:24:53+00:00","description":"A classic, simple, spacious, and practical tubular camping house - a good escape from everyday routine. What makes this house special are the windows opening in all cardinal directions, which ensure the abundance of light and space in the house.","breadcrumb":{"@id":"https:\/\/ecosauna.ee\/en\/product\/tubular-camping-house-lux-440\/#breadcrumb"},"inLanguage":"en-US","potentialAction":[{"@type":"ReadAction","target":["https:\/\/ecosauna.ee\/en\/product\/tubular-camping-house-lux-440\/"]}]},{"@type":"ImageObject","inLanguage":"en-US","@id":"https:\/\/ecosauna.ee\/en\/product\/tubular-camping-house-lux-440\/#primaryimage","url":"https:\/\/ecosauna.ee\/wp-content\/uploads\/2021\/10\/Camping_446-copy.jpg","contentUrl":"https:\/\/ecosauna.ee\/wp-content\/uploads\/2021\/10\/Camping_446-copy.jpg","width":2500,"height":1667},{"@type":"BreadcrumbList","@id":"https:\/\/ecosauna.ee\/en\/product\/tubular-camping-house-lux-440\/#breadcrumb","itemListElement":[{"@type":"ListItem","position":1,"name":"Esileht","item":"https:\/\/ecosauna.ee\/en\/"},{"@type":"ListItem","position":2,"name":"Shop","item":"https:\/\/ecosauna.ee\/en\/shop-2\/"},{"@type":"ListItem","position":3,"name":"Tubular camping house Lux 440"}]},{"@type":"WebSite","@id":"https:\/\/ecosauna.ee\/#website","url":"https:\/\/ecosauna.ee\/","name":"Ecosauna","description":"Saunad, k\u00fcmblust\u00fcnnid, k\u00e4mpingud","publisher":{"@id":"https:\/\/ecosauna.ee\/#organization"},"potentialAction":[{"@type":"SearchAction","target":{"@type":"EntryPoint","urlTemplate":"https:\/\/ecosauna.ee\/?s={search_term_string}"},"query-input":{"@type":"PropertyValueSpecification","valueRequired":true,"valueName":"search_term_string"}}],"inLanguage":"en-US"},{"@type":"Organization","@id":"https:\/\/ecosauna.ee\/#organization","name":"Ecosauna Project O\u00dc","url":"https:\/\/ecosauna.ee\/","logo":{"@type":"ImageObject","inLanguage":"en-US","@id":"https:\/\/ecosauna.ee\/#\/schema\/logo\/image\/","url":"https:\/\/ecosauna.ee\/wp-content\/uploads\/2023\/03\/ecosauna-logo.png","contentUrl":"https:\/\/ecosauna.ee\/wp-content\/uploads\/2023\/03\/ecosauna-logo.png","width":818,"height":646,"caption":"Ecosauna Project O\u00dc"},"image":{"@id":"https:\/\/ecosauna.ee\/#\/schema\/logo\/image\/"},"sameAs":["https:\/\/www.facebook.com\/ecosaunad","https:\/\/www.instagram.com\/ecosauna.ee\/?hl=en","https:\/\/www.tiktok.com\/@ecosauna","https:\/\/www.youtube.com\/@EcosaunaEesti"]}]}},"_links":{"self":[{"href":"https:\/\/ecosauna.ee\/en\/wp-json\/wp\/v2\/product\/2180","targetHints":{"allow":["GET"]}}],"collection":[{"href":"https:\/\/ecosauna.ee\/en\/wp-json\/wp\/v2\/product"}],"about":[{"href":"https:\/\/ecosauna.ee\/en\/wp-json\/wp\/v2\/types\/product"}],"wp:featuredmedia":[{"embeddable":true,"href":"https:\/\/ecosauna.ee\/en\/wp-json\/wp\/v2\/media\/2181"}],"wp:attachment":[{"href":"https:\/\/ecosauna.ee\/en\/wp-json\/wp\/v2\/media?parent=2180"}],"wp:term":[{"taxonomy":"product_brand","embeddable":true,"href":"https:\/\/ecosauna.ee\/en\/wp-json\/wp\/v2\/product_brand?post=2180"},{"taxonomy":"product_cat","embeddable":true,"href":"https:\/\/ecosauna.ee\/en\/wp-json\/wp\/v2\/product_cat?post=2180"},{"taxonomy":"product_tag","embeddable":true,"href":"https:\/\/ecosauna.ee\/en\/wp-json\/wp\/v2\/product_tag?post=2180"}],"curies":[{"name":"wp","href":"https:\/\/api.w.org\/{rel}","templated":true}]}}