{"id":2334,"date":"2022-01-03T12:15:22","date_gmt":"2022-01-03T12:15:22","guid":{"rendered":"https:\/\/ecosauna.ee\/2023\/product\/new-hot-tub-delux-200-black-edition-with-integrated-stove\/"},"modified":"2023-09-18T00:00:48","modified_gmt":"2023-09-17T21:00:48","slug":"new-hot-tub-delux-200-black-edition-with-integrated-stove","status":"publish","type":"product","link":"https:\/\/ecosauna.ee\/en\/product\/new-hot-tub-delux-200-black-edition-with-integrated-stove\/","title":{"rendered":"NEW! Hot tub DeLux 200 &#8220;Black Edition&#8221; with integrated stove"},"content":{"rendered":"<p>What makes the Hot Tub so attractive is its <strong>ergonomic<\/strong> and easy to care for insert, made from <strong>glassfiber<\/strong> (black finish), as well as luxurious Thermo wood cladding and a stainless steel stove of high quality (<strong>AISI 304<\/strong>).<\/p>\n<p>It takes less time to heat the tub and less wood to do so, so you can start enjoying the experience sooner.<\/p>\n<p><a class=\"btn_1 button\" href=\"https:\/\/www.ecosauna.ee\/wp-content\/uploads\/2022\/05\/Tooteleht-Hot-Tub-200-DeLux-uma-ra-trepiga-Black-Edition-Uus_watermark.pdf\" target=\"_blank\" rel=\"noopener\">Download the user manual<\/a><\/p>\n<p>&nbsp;<\/p>\n<p><strong>The set includes:<\/strong><\/p>\n<p>Integrated stainless steel stove (30 kW)<\/p>\n<p>2 meter chimney with heat protective grille and chimney cap<\/p>\n<p>Thermo wood cladding finished with weather protective <strong>black<\/strong> stain<\/p>\n<p>Two-tier step, finished in black<\/p>\n<p>Ergonomic glassfiber <strong>Black<\/strong> insert<\/p>\n<p>&nbsp;<\/p>\n<p>We have a large variety of extras to go with your tub, such as:<\/p>\n<p>LED lights (RGB), bubblesystem, digital thermometer, stereo system, cupholders, filter system, glassfiber cover, insulated dark grey cover and concrete base.<!--more--><\/p>\n","protected":false},"excerpt":{"rendered":"<p style=\"font-weight: 400;\">Our Hot Tub <strong>DeLux 200 Black Edition<\/strong> with integrated stove is a quality home spa. The product is finished to a high standard, suitable for year-round use, and easy to maintain. Additionally, it offers a long list of extras to choose from.<\/p>\n","protected":false},"featured_media":4819,"template":"","meta":{"_acf_changed":false,"inline_featured_image":false},"product_brand":[],"product_cat":[111,105],"product_tag":[],"class_list":{"0":"post-2334","1":"product","2":"type-product","3":"status-publish","4":"has-post-thumbnail","6":"product_cat-hot-tubs","7":"product_cat-products","9":"first","10":"instock","11":"taxable","12":"shipping-taxable","13":"product-type-simple"},"acf":[],"yoast_head":"<!-- This site is optimized with the Yoast SEO plugin v27.4 - https:\/\/yoast.com\/product\/yoast-seo-wordpress\/ -->\n<title>NEW! Hot tub DeLux 200 &quot;Black Edition&quot; with integrated stove - Ecosauna<\/title>\n<meta name=\"description\" content=\"See more\" \/>\n<meta name=\"robots\" content=\"index, follow, max-snippet:-1, max-image-preview:large, max-video-preview:-1\" \/>\n<link rel=\"canonical\" href=\"https:\/\/ecosauna.ee\/en\/product\/new-hot-tub-delux-200-black-edition-with-integrated-stove\/\" \/>\n<meta property=\"og:locale\" content=\"en_US\" \/>\n<meta property=\"og:type\" content=\"article\" \/>\n<meta property=\"og:title\" content=\"NEW! Hot tub DeLux 200 &quot;Black Edition&quot; with integrated stove - Ecosauna\" \/>\n<meta property=\"og:description\" content=\"See more\" \/>\n<meta property=\"og:url\" content=\"https:\/\/ecosauna.ee\/en\/product\/new-hot-tub-delux-200-black-edition-with-integrated-stove\/\" \/>\n<meta property=\"og:site_name\" content=\"Ecosauna\" \/>\n<meta property=\"article:publisher\" content=\"https:\/\/www.facebook.com\/ecosaunad\" \/>\n<meta property=\"article:modified_time\" content=\"2023-09-17T21:00:48+00:00\" \/>\n<meta property=\"og:image\" content=\"https:\/\/ecosauna.ee\/wp-content\/uploads\/2022\/01\/kumblustunn-DeLux_200_Black_hot-tub-ecosauna-4-scaled.jpg\" \/>\n\t<meta property=\"og:image:width\" content=\"2560\" \/>\n\t<meta property=\"og:image:height\" content=\"1707\" \/>\n\t<meta property=\"og:image:type\" content=\"image\/jpeg\" \/>\n<meta name=\"twitter:card\" content=\"summary_large_image\" \/>\n<meta name=\"twitter:label1\" content=\"Est. reading time\" \/>\n\t<meta name=\"twitter:data1\" content=\"1 minute\" \/>\n<script type=\"application\/ld+json\" class=\"yoast-schema-graph\">{\"@context\":\"https:\\\/\\\/schema.org\",\"@graph\":[{\"@type\":\"WebPage\",\"@id\":\"https:\\\/\\\/ecosauna.ee\\\/en\\\/product\\\/new-hot-tub-delux-200-black-edition-with-integrated-stove\\\/\",\"url\":\"https:\\\/\\\/ecosauna.ee\\\/en\\\/product\\\/new-hot-tub-delux-200-black-edition-with-integrated-stove\\\/\",\"name\":\"NEW! Hot tub DeLux 200 \\\"Black Edition\\\" with integrated stove - Ecosauna\",\"isPartOf\":{\"@id\":\"https:\\\/\\\/ecosauna.ee\\\/#website\"},\"primaryImageOfPage\":{\"@id\":\"https:\\\/\\\/ecosauna.ee\\\/en\\\/product\\\/new-hot-tub-delux-200-black-edition-with-integrated-stove\\\/#primaryimage\"},\"image\":{\"@id\":\"https:\\\/\\\/ecosauna.ee\\\/en\\\/product\\\/new-hot-tub-delux-200-black-edition-with-integrated-stove\\\/#primaryimage\"},\"thumbnailUrl\":\"https:\\\/\\\/ecosauna.ee\\\/wp-content\\\/uploads\\\/2022\\\/01\\\/ecosauna-hot-tub-DeLux-Black-Edition-kumblustunn-scaled.jpg\",\"datePublished\":\"2022-01-03T12:15:22+00:00\",\"dateModified\":\"2023-09-17T21:00:48+00:00\",\"description\":\"See more\",\"breadcrumb\":{\"@id\":\"https:\\\/\\\/ecosauna.ee\\\/en\\\/product\\\/new-hot-tub-delux-200-black-edition-with-integrated-stove\\\/#breadcrumb\"},\"inLanguage\":\"en-US\",\"potentialAction\":[{\"@type\":\"ReadAction\",\"target\":[\"https:\\\/\\\/ecosauna.ee\\\/en\\\/product\\\/new-hot-tub-delux-200-black-edition-with-integrated-stove\\\/\"]}]},{\"@type\":\"ImageObject\",\"inLanguage\":\"en-US\",\"@id\":\"https:\\\/\\\/ecosauna.ee\\\/en\\\/product\\\/new-hot-tub-delux-200-black-edition-with-integrated-stove\\\/#primaryimage\",\"url\":\"https:\\\/\\\/ecosauna.ee\\\/wp-content\\\/uploads\\\/2022\\\/01\\\/ecosauna-hot-tub-DeLux-Black-Edition-kumblustunn-scaled.jpg\",\"contentUrl\":\"https:\\\/\\\/ecosauna.ee\\\/wp-content\\\/uploads\\\/2022\\\/01\\\/ecosauna-hot-tub-DeLux-Black-Edition-kumblustunn-scaled.jpg\",\"width\":2560,\"height\":2560},{\"@type\":\"BreadcrumbList\",\"@id\":\"https:\\\/\\\/ecosauna.ee\\\/en\\\/product\\\/new-hot-tub-delux-200-black-edition-with-integrated-stove\\\/#breadcrumb\",\"itemListElement\":[{\"@type\":\"ListItem\",\"position\":1,\"name\":\"Esileht\",\"item\":\"https:\\\/\\\/ecosauna.ee\\\/en\\\/\"},{\"@type\":\"ListItem\",\"position\":2,\"name\":\"Shop\",\"item\":\"https:\\\/\\\/ecosauna.ee\\\/en\\\/shop-2\\\/\"},{\"@type\":\"ListItem\",\"position\":3,\"name\":\"NEW! Hot tub DeLux 200 &#8220;Black Edition&#8221; with integrated stove\"}]},{\"@type\":\"WebSite\",\"@id\":\"https:\\\/\\\/ecosauna.ee\\\/#website\",\"url\":\"https:\\\/\\\/ecosauna.ee\\\/\",\"name\":\"Ecosauna\",\"description\":\"Saunad, k\u00fcmblust\u00fcnnid, k\u00e4mpingud\",\"publisher\":{\"@id\":\"https:\\\/\\\/ecosauna.ee\\\/#organization\"},\"potentialAction\":[{\"@type\":\"SearchAction\",\"target\":{\"@type\":\"EntryPoint\",\"urlTemplate\":\"https:\\\/\\\/ecosauna.ee\\\/?s={search_term_string}\"},\"query-input\":{\"@type\":\"PropertyValueSpecification\",\"valueRequired\":true,\"valueName\":\"search_term_string\"}}],\"inLanguage\":\"en-US\"},{\"@type\":\"Organization\",\"@id\":\"https:\\\/\\\/ecosauna.ee\\\/#organization\",\"name\":\"Ecosauna Project O\u00dc\",\"url\":\"https:\\\/\\\/ecosauna.ee\\\/\",\"logo\":{\"@type\":\"ImageObject\",\"inLanguage\":\"en-US\",\"@id\":\"https:\\\/\\\/ecosauna.ee\\\/#\\\/schema\\\/logo\\\/image\\\/\",\"url\":\"https:\\\/\\\/ecosauna.ee\\\/wp-content\\\/uploads\\\/2023\\\/03\\\/ecosauna-logo.png\",\"contentUrl\":\"https:\\\/\\\/ecosauna.ee\\\/wp-content\\\/uploads\\\/2023\\\/03\\\/ecosauna-logo.png\",\"width\":818,\"height\":646,\"caption\":\"Ecosauna Project O\u00dc\"},\"image\":{\"@id\":\"https:\\\/\\\/ecosauna.ee\\\/#\\\/schema\\\/logo\\\/image\\\/\"},\"sameAs\":[\"https:\\\/\\\/www.facebook.com\\\/ecosaunad\",\"https:\\\/\\\/www.instagram.com\\\/ecosauna.ee\\\/?hl=en\",\"https:\\\/\\\/www.tiktok.com\\\/@ecosauna\",\"https:\\\/\\\/www.youtube.com\\\/@EcosaunaEesti\"]}]}<\/script>\n<!-- \/ Yoast SEO plugin. -->","yoast_head_json":{"title":"NEW! Hot tub DeLux 200 \"Black Edition\" with integrated stove - Ecosauna","description":"See more","robots":{"index":"index","follow":"follow","max-snippet":"max-snippet:-1","max-image-preview":"max-image-preview:large","max-video-preview":"max-video-preview:-1"},"canonical":"https:\/\/ecosauna.ee\/en\/product\/new-hot-tub-delux-200-black-edition-with-integrated-stove\/","og_locale":"en_US","og_type":"article","og_title":"NEW! Hot tub DeLux 200 \"Black Edition\" with integrated stove - Ecosauna","og_description":"See more","og_url":"https:\/\/ecosauna.ee\/en\/product\/new-hot-tub-delux-200-black-edition-with-integrated-stove\/","og_site_name":"Ecosauna","article_publisher":"https:\/\/www.facebook.com\/ecosaunad","article_modified_time":"2023-09-17T21:00:48+00:00","og_image":[{"width":2560,"height":1707,"url":"https:\/\/ecosauna.ee\/wp-content\/uploads\/2022\/01\/kumblustunn-DeLux_200_Black_hot-tub-ecosauna-4-scaled.jpg","type":"image\/jpeg"}],"twitter_card":"summary_large_image","twitter_misc":{"Est. reading time":"1 minute"},"schema":{"@context":"https:\/\/schema.org","@graph":[{"@type":"WebPage","@id":"https:\/\/ecosauna.ee\/en\/product\/new-hot-tub-delux-200-black-edition-with-integrated-stove\/","url":"https:\/\/ecosauna.ee\/en\/product\/new-hot-tub-delux-200-black-edition-with-integrated-stove\/","name":"NEW! Hot tub DeLux 200 \"Black Edition\" with integrated stove - Ecosauna","isPartOf":{"@id":"https:\/\/ecosauna.ee\/#website"},"primaryImageOfPage":{"@id":"https:\/\/ecosauna.ee\/en\/product\/new-hot-tub-delux-200-black-edition-with-integrated-stove\/#primaryimage"},"image":{"@id":"https:\/\/ecosauna.ee\/en\/product\/new-hot-tub-delux-200-black-edition-with-integrated-stove\/#primaryimage"},"thumbnailUrl":"https:\/\/ecosauna.ee\/wp-content\/uploads\/2022\/01\/ecosauna-hot-tub-DeLux-Black-Edition-kumblustunn-scaled.jpg","datePublished":"2022-01-03T12:15:22+00:00","dateModified":"2023-09-17T21:00:48+00:00","description":"See more","breadcrumb":{"@id":"https:\/\/ecosauna.ee\/en\/product\/new-hot-tub-delux-200-black-edition-with-integrated-stove\/#breadcrumb"},"inLanguage":"en-US","potentialAction":[{"@type":"ReadAction","target":["https:\/\/ecosauna.ee\/en\/product\/new-hot-tub-delux-200-black-edition-with-integrated-stove\/"]}]},{"@type":"ImageObject","inLanguage":"en-US","@id":"https:\/\/ecosauna.ee\/en\/product\/new-hot-tub-delux-200-black-edition-with-integrated-stove\/#primaryimage","url":"https:\/\/ecosauna.ee\/wp-content\/uploads\/2022\/01\/ecosauna-hot-tub-DeLux-Black-Edition-kumblustunn-scaled.jpg","contentUrl":"https:\/\/ecosauna.ee\/wp-content\/uploads\/2022\/01\/ecosauna-hot-tub-DeLux-Black-Edition-kumblustunn-scaled.jpg","width":2560,"height":2560},{"@type":"BreadcrumbList","@id":"https:\/\/ecosauna.ee\/en\/product\/new-hot-tub-delux-200-black-edition-with-integrated-stove\/#breadcrumb","itemListElement":[{"@type":"ListItem","position":1,"name":"Esileht","item":"https:\/\/ecosauna.ee\/en\/"},{"@type":"ListItem","position":2,"name":"Shop","item":"https:\/\/ecosauna.ee\/en\/shop-2\/"},{"@type":"ListItem","position":3,"name":"NEW! Hot tub DeLux 200 &#8220;Black Edition&#8221; with integrated stove"}]},{"@type":"WebSite","@id":"https:\/\/ecosauna.ee\/#website","url":"https:\/\/ecosauna.ee\/","name":"Ecosauna","description":"Saunad, k\u00fcmblust\u00fcnnid, k\u00e4mpingud","publisher":{"@id":"https:\/\/ecosauna.ee\/#organization"},"potentialAction":[{"@type":"SearchAction","target":{"@type":"EntryPoint","urlTemplate":"https:\/\/ecosauna.ee\/?s={search_term_string}"},"query-input":{"@type":"PropertyValueSpecification","valueRequired":true,"valueName":"search_term_string"}}],"inLanguage":"en-US"},{"@type":"Organization","@id":"https:\/\/ecosauna.ee\/#organization","name":"Ecosauna Project O\u00dc","url":"https:\/\/ecosauna.ee\/","logo":{"@type":"ImageObject","inLanguage":"en-US","@id":"https:\/\/ecosauna.ee\/#\/schema\/logo\/image\/","url":"https:\/\/ecosauna.ee\/wp-content\/uploads\/2023\/03\/ecosauna-logo.png","contentUrl":"https:\/\/ecosauna.ee\/wp-content\/uploads\/2023\/03\/ecosauna-logo.png","width":818,"height":646,"caption":"Ecosauna Project O\u00dc"},"image":{"@id":"https:\/\/ecosauna.ee\/#\/schema\/logo\/image\/"},"sameAs":["https:\/\/www.facebook.com\/ecosaunad","https:\/\/www.instagram.com\/ecosauna.ee\/?hl=en","https:\/\/www.tiktok.com\/@ecosauna","https:\/\/www.youtube.com\/@EcosaunaEesti"]}]}},"_links":{"self":[{"href":"https:\/\/ecosauna.ee\/en\/wp-json\/wp\/v2\/product\/2334","targetHints":{"allow":["GET"]}}],"collection":[{"href":"https:\/\/ecosauna.ee\/en\/wp-json\/wp\/v2\/product"}],"about":[{"href":"https:\/\/ecosauna.ee\/en\/wp-json\/wp\/v2\/types\/product"}],"wp:featuredmedia":[{"embeddable":true,"href":"https:\/\/ecosauna.ee\/en\/wp-json\/wp\/v2\/media\/4819"}],"wp:attachment":[{"href":"https:\/\/ecosauna.ee\/en\/wp-json\/wp\/v2\/media?parent=2334"}],"wp:term":[{"taxonomy":"product_brand","embeddable":true,"href":"https:\/\/ecosauna.ee\/en\/wp-json\/wp\/v2\/product_brand?post=2334"},{"taxonomy":"product_cat","embeddable":true,"href":"https:\/\/ecosauna.ee\/en\/wp-json\/wp\/v2\/product_cat?post=2334"},{"taxonomy":"product_tag","embeddable":true,"href":"https:\/\/ecosauna.ee\/en\/wp-json\/wp\/v2\/product_tag?post=2334"}],"curies":[{"name":"wp","href":"https:\/\/api.w.org\/{rel}","templated":true}]}}