{"id":2348,"date":"2022-01-03T12:48:41","date_gmt":"2022-01-03T12:48:41","guid":{"rendered":"https:\/\/ecosauna.ee\/2023\/product\/pillow\/"},"modified":"2023-01-20T22:24:37","modified_gmt":"2023-01-20T20:24:37","slug":"pillow","status":"publish","type":"product","link":"https:\/\/ecosauna.ee\/en\/product\/pillow\/","title":{"rendered":"Pillow"},"content":{"rendered":"","protected":false},"excerpt":{"rendered":"<p style=\"font-weight: 400;\">The soft pillow makes your bathing in the hot tub even more comfortable and enjoyable.<\/p>\n<p><span style=\"font-weight: 400;\">To buy the product or get more information, write or call us: info@ecosauna.ee, +372 516 0518 or +372 509 1882.<\/span><\/p>\n","protected":false},"featured_media":2349,"template":"","meta":{"_acf_changed":false,"inline_featured_image":false},"product_brand":[],"product_cat":[108,105],"product_tag":[172],"class_list":{"0":"post-2348","1":"product","2":"type-product","3":"status-publish","4":"has-post-thumbnail","6":"product_cat-hot-tube","7":"product_cat-products","8":"product_tag-hot-tub-extras","10":"first","11":"instock","12":"taxable","13":"shipping-taxable","14":"product-type-simple"},"acf":[],"yoast_head":"<!-- This site is optimized with the Yoast SEO plugin v27.3 - https:\/\/yoast.com\/product\/yoast-seo-wordpress\/ -->\n<title>Pillow - Ecosauna<\/title>\n<meta name=\"robots\" content=\"index, follow, max-snippet:-1, max-image-preview:large, max-video-preview:-1\" \/>\n<link rel=\"canonical\" href=\"https:\/\/ecosauna.ee\/en\/product\/pillow\/\" \/>\n<meta property=\"og:locale\" content=\"en_US\" \/>\n<meta property=\"og:type\" content=\"article\" \/>\n<meta property=\"og:title\" content=\"Pillow - Ecosauna\" \/>\n<meta property=\"og:description\" content=\"The soft pillow makes your bathing in the hot tub even more comfortable and enjoyable. To buy the product or get more information, write or call us: info@ecosauna.ee, +372 516 0518 or +372 509 1882.\" \/>\n<meta property=\"og:url\" content=\"https:\/\/ecosauna.ee\/en\/product\/pillow\/\" \/>\n<meta property=\"og:site_name\" content=\"Ecosauna\" \/>\n<meta property=\"article:publisher\" content=\"https:\/\/www.facebook.com\/ecosaunad\" \/>\n<meta property=\"article:modified_time\" content=\"2023-01-20T20:24:37+00:00\" \/>\n<meta property=\"og:image\" content=\"https:\/\/ecosauna.ee\/wp-content\/uploads\/2022\/01\/IMG_1618_ecosauna.jpg\" \/>\n\t<meta property=\"og:image:width\" content=\"640\" \/>\n\t<meta property=\"og:image:height\" content=\"640\" \/>\n\t<meta property=\"og:image:type\" content=\"image\/jpeg\" \/>\n<meta name=\"twitter:card\" content=\"summary_large_image\" \/>\n<script type=\"application\/ld+json\" class=\"yoast-schema-graph\">{\"@context\":\"https:\\\/\\\/schema.org\",\"@graph\":[{\"@type\":\"WebPage\",\"@id\":\"https:\\\/\\\/ecosauna.ee\\\/en\\\/product\\\/pillow\\\/\",\"url\":\"https:\\\/\\\/ecosauna.ee\\\/en\\\/product\\\/pillow\\\/\",\"name\":\"Pillow - Ecosauna\",\"isPartOf\":{\"@id\":\"https:\\\/\\\/ecosauna.ee\\\/#website\"},\"primaryImageOfPage\":{\"@id\":\"https:\\\/\\\/ecosauna.ee\\\/en\\\/product\\\/pillow\\\/#primaryimage\"},\"image\":{\"@id\":\"https:\\\/\\\/ecosauna.ee\\\/en\\\/product\\\/pillow\\\/#primaryimage\"},\"thumbnailUrl\":\"https:\\\/\\\/ecosauna.ee\\\/wp-content\\\/uploads\\\/2022\\\/01\\\/IMG_1618_ecosauna.jpg\",\"datePublished\":\"2022-01-03T12:48:41+00:00\",\"dateModified\":\"2023-01-20T20:24:37+00:00\",\"breadcrumb\":{\"@id\":\"https:\\\/\\\/ecosauna.ee\\\/en\\\/product\\\/pillow\\\/#breadcrumb\"},\"inLanguage\":\"en-US\",\"potentialAction\":[{\"@type\":\"ReadAction\",\"target\":[\"https:\\\/\\\/ecosauna.ee\\\/en\\\/product\\\/pillow\\\/\"]}]},{\"@type\":\"ImageObject\",\"inLanguage\":\"en-US\",\"@id\":\"https:\\\/\\\/ecosauna.ee\\\/en\\\/product\\\/pillow\\\/#primaryimage\",\"url\":\"https:\\\/\\\/ecosauna.ee\\\/wp-content\\\/uploads\\\/2022\\\/01\\\/IMG_1618_ecosauna.jpg\",\"contentUrl\":\"https:\\\/\\\/ecosauna.ee\\\/wp-content\\\/uploads\\\/2022\\\/01\\\/IMG_1618_ecosauna.jpg\",\"width\":640,\"height\":640},{\"@type\":\"BreadcrumbList\",\"@id\":\"https:\\\/\\\/ecosauna.ee\\\/en\\\/product\\\/pillow\\\/#breadcrumb\",\"itemListElement\":[{\"@type\":\"ListItem\",\"position\":1,\"name\":\"Esileht\",\"item\":\"https:\\\/\\\/ecosauna.ee\\\/en\\\/\"},{\"@type\":\"ListItem\",\"position\":2,\"name\":\"Shop\",\"item\":\"https:\\\/\\\/ecosauna.ee\\\/en\\\/shop-2\\\/\"},{\"@type\":\"ListItem\",\"position\":3,\"name\":\"Pillow\"}]},{\"@type\":\"WebSite\",\"@id\":\"https:\\\/\\\/ecosauna.ee\\\/#website\",\"url\":\"https:\\\/\\\/ecosauna.ee\\\/\",\"name\":\"Ecosauna\",\"description\":\"Saunad, k\u00fcmblust\u00fcnnid, k\u00e4mpingud\",\"publisher\":{\"@id\":\"https:\\\/\\\/ecosauna.ee\\\/#organization\"},\"potentialAction\":[{\"@type\":\"SearchAction\",\"target\":{\"@type\":\"EntryPoint\",\"urlTemplate\":\"https:\\\/\\\/ecosauna.ee\\\/?s={search_term_string}\"},\"query-input\":{\"@type\":\"PropertyValueSpecification\",\"valueRequired\":true,\"valueName\":\"search_term_string\"}}],\"inLanguage\":\"en-US\"},{\"@type\":\"Organization\",\"@id\":\"https:\\\/\\\/ecosauna.ee\\\/#organization\",\"name\":\"Ecosauna Project O\u00dc\",\"url\":\"https:\\\/\\\/ecosauna.ee\\\/\",\"logo\":{\"@type\":\"ImageObject\",\"inLanguage\":\"en-US\",\"@id\":\"https:\\\/\\\/ecosauna.ee\\\/#\\\/schema\\\/logo\\\/image\\\/\",\"url\":\"https:\\\/\\\/ecosauna.ee\\\/wp-content\\\/uploads\\\/2023\\\/03\\\/ecosauna-logo.png\",\"contentUrl\":\"https:\\\/\\\/ecosauna.ee\\\/wp-content\\\/uploads\\\/2023\\\/03\\\/ecosauna-logo.png\",\"width\":818,\"height\":646,\"caption\":\"Ecosauna Project O\u00dc\"},\"image\":{\"@id\":\"https:\\\/\\\/ecosauna.ee\\\/#\\\/schema\\\/logo\\\/image\\\/\"},\"sameAs\":[\"https:\\\/\\\/www.facebook.com\\\/ecosaunad\",\"https:\\\/\\\/www.instagram.com\\\/ecosauna.ee\\\/?hl=en\",\"https:\\\/\\\/www.tiktok.com\\\/@ecosauna\",\"https:\\\/\\\/www.youtube.com\\\/@EcosaunaEesti\"]}]}<\/script>\n<!-- \/ Yoast SEO plugin. -->","yoast_head_json":{"title":"Pillow - Ecosauna","robots":{"index":"index","follow":"follow","max-snippet":"max-snippet:-1","max-image-preview":"max-image-preview:large","max-video-preview":"max-video-preview:-1"},"canonical":"https:\/\/ecosauna.ee\/en\/product\/pillow\/","og_locale":"en_US","og_type":"article","og_title":"Pillow - Ecosauna","og_description":"The soft pillow makes your bathing in the hot tub even more comfortable and enjoyable. To buy the product or get more information, write or call us: info@ecosauna.ee, +372 516 0518 or +372 509 1882.","og_url":"https:\/\/ecosauna.ee\/en\/product\/pillow\/","og_site_name":"Ecosauna","article_publisher":"https:\/\/www.facebook.com\/ecosaunad","article_modified_time":"2023-01-20T20:24:37+00:00","og_image":[{"width":640,"height":640,"url":"https:\/\/ecosauna.ee\/wp-content\/uploads\/2022\/01\/IMG_1618_ecosauna.jpg","type":"image\/jpeg"}],"twitter_card":"summary_large_image","schema":{"@context":"https:\/\/schema.org","@graph":[{"@type":"WebPage","@id":"https:\/\/ecosauna.ee\/en\/product\/pillow\/","url":"https:\/\/ecosauna.ee\/en\/product\/pillow\/","name":"Pillow - Ecosauna","isPartOf":{"@id":"https:\/\/ecosauna.ee\/#website"},"primaryImageOfPage":{"@id":"https:\/\/ecosauna.ee\/en\/product\/pillow\/#primaryimage"},"image":{"@id":"https:\/\/ecosauna.ee\/en\/product\/pillow\/#primaryimage"},"thumbnailUrl":"https:\/\/ecosauna.ee\/wp-content\/uploads\/2022\/01\/IMG_1618_ecosauna.jpg","datePublished":"2022-01-03T12:48:41+00:00","dateModified":"2023-01-20T20:24:37+00:00","breadcrumb":{"@id":"https:\/\/ecosauna.ee\/en\/product\/pillow\/#breadcrumb"},"inLanguage":"en-US","potentialAction":[{"@type":"ReadAction","target":["https:\/\/ecosauna.ee\/en\/product\/pillow\/"]}]},{"@type":"ImageObject","inLanguage":"en-US","@id":"https:\/\/ecosauna.ee\/en\/product\/pillow\/#primaryimage","url":"https:\/\/ecosauna.ee\/wp-content\/uploads\/2022\/01\/IMG_1618_ecosauna.jpg","contentUrl":"https:\/\/ecosauna.ee\/wp-content\/uploads\/2022\/01\/IMG_1618_ecosauna.jpg","width":640,"height":640},{"@type":"BreadcrumbList","@id":"https:\/\/ecosauna.ee\/en\/product\/pillow\/#breadcrumb","itemListElement":[{"@type":"ListItem","position":1,"name":"Esileht","item":"https:\/\/ecosauna.ee\/en\/"},{"@type":"ListItem","position":2,"name":"Shop","item":"https:\/\/ecosauna.ee\/en\/shop-2\/"},{"@type":"ListItem","position":3,"name":"Pillow"}]},{"@type":"WebSite","@id":"https:\/\/ecosauna.ee\/#website","url":"https:\/\/ecosauna.ee\/","name":"Ecosauna","description":"Saunad, k\u00fcmblust\u00fcnnid, k\u00e4mpingud","publisher":{"@id":"https:\/\/ecosauna.ee\/#organization"},"potentialAction":[{"@type":"SearchAction","target":{"@type":"EntryPoint","urlTemplate":"https:\/\/ecosauna.ee\/?s={search_term_string}"},"query-input":{"@type":"PropertyValueSpecification","valueRequired":true,"valueName":"search_term_string"}}],"inLanguage":"en-US"},{"@type":"Organization","@id":"https:\/\/ecosauna.ee\/#organization","name":"Ecosauna Project O\u00dc","url":"https:\/\/ecosauna.ee\/","logo":{"@type":"ImageObject","inLanguage":"en-US","@id":"https:\/\/ecosauna.ee\/#\/schema\/logo\/image\/","url":"https:\/\/ecosauna.ee\/wp-content\/uploads\/2023\/03\/ecosauna-logo.png","contentUrl":"https:\/\/ecosauna.ee\/wp-content\/uploads\/2023\/03\/ecosauna-logo.png","width":818,"height":646,"caption":"Ecosauna Project O\u00dc"},"image":{"@id":"https:\/\/ecosauna.ee\/#\/schema\/logo\/image\/"},"sameAs":["https:\/\/www.facebook.com\/ecosaunad","https:\/\/www.instagram.com\/ecosauna.ee\/?hl=en","https:\/\/www.tiktok.com\/@ecosauna","https:\/\/www.youtube.com\/@EcosaunaEesti"]}]}},"_links":{"self":[{"href":"https:\/\/ecosauna.ee\/en\/wp-json\/wp\/v2\/product\/2348","targetHints":{"allow":["GET"]}}],"collection":[{"href":"https:\/\/ecosauna.ee\/en\/wp-json\/wp\/v2\/product"}],"about":[{"href":"https:\/\/ecosauna.ee\/en\/wp-json\/wp\/v2\/types\/product"}],"wp:featuredmedia":[{"embeddable":true,"href":"https:\/\/ecosauna.ee\/en\/wp-json\/wp\/v2\/media\/2349"}],"wp:attachment":[{"href":"https:\/\/ecosauna.ee\/en\/wp-json\/wp\/v2\/media?parent=2348"}],"wp:term":[{"taxonomy":"product_brand","embeddable":true,"href":"https:\/\/ecosauna.ee\/en\/wp-json\/wp\/v2\/product_brand?post=2348"},{"taxonomy":"product_cat","embeddable":true,"href":"https:\/\/ecosauna.ee\/en\/wp-json\/wp\/v2\/product_cat?post=2348"},{"taxonomy":"product_tag","embeddable":true,"href":"https:\/\/ecosauna.ee\/en\/wp-json\/wp\/v2\/product_tag?post=2348"}],"curies":[{"name":"wp","href":"https:\/\/api.w.org\/{rel}","templated":true}]}}