{"id":2365,"date":"2022-02-12T14:37:53","date_gmt":"2022-02-12T14:37:53","guid":{"rendered":"https:\/\/ecosauna.ee\/2023\/product\/drop-electric-heater-huum\/"},"modified":"2023-01-20T22:24:36","modified_gmt":"2023-01-20T20:24:36","slug":"drop-electric-heater-huum","status":"publish","type":"product","link":"https:\/\/ecosauna.ee\/en\/product\/drop-electric-heater-huum\/","title":{"rendered":"DROP electric heater (HUUM)"},"content":{"rendered":"<div class=\"description\">\n<ul>\n<li style=\"font-weight: 400;\">4.5 kW steam room volume 3-7 m\u00b3<\/li>\n<li style=\"font-weight: 400;\">6 kW steam room volume 5-10 m\u00b3<\/li>\n<li style=\"font-weight: 400;\">9 kW steam room volume 8-15 m\u00b3<\/li>\n<\/ul>\n<p style=\"font-weight: 400;\"><strong>THE KIT INCLUDES:<\/strong><\/p>\n<ul>\n<li style=\"font-weight: 400;\">electric heater<\/li>\n<li style=\"font-weight: 400;\">wall mount<\/li>\n<\/ul>\n<p style=\"font-weight: 400;\"><strong>THE HEATER ALSO NEEDS:<\/strong><\/p>\n<ul>\n<li style=\"font-weight: 400;\">remote control<\/li>\n<li style=\"font-weight: 400;\">stones (5-10 cm)<\/li>\n<li style=\"font-weight: 400;\">heat-resistant power cord<\/li>\n<\/ul>\n<p style=\"font-weight: 400;\">You can find more information <a href=\"https:\/\/huum.ee\/tooted\/drop-elektrikeris\/#\">here<\/a>.<\/p>\n<\/div>\n<ul>\n<li style=\"list-style-type: none;\"><\/li>\n<\/ul>\n<ul>\n<li style=\"list-style-type: none;\"><\/li>\n<\/ul>\n<p><!--more--><\/p>\n","protected":false},"excerpt":{"rendered":"<p style=\"font-weight: 400;\">The DROP heater is inspired by the purest element of nature &#8211; a water droplet. The round design of DROP softens and enlivens the angular interior of the classic sauna, adding elegance to the steam room. In addition to good looks, DROP has other important advantages. This compact wall-mounted heater holds up to 55 kg of stones, surpassing most wood-burning heaters and ensuring long-lasting steam.<\/p>\n<ul>\n<li style=\"font-weight: 400;\">stainless steel<\/li>\n<li style=\"font-weight: 400;\">large capacity of stones<\/li>\n<li style=\"font-weight: 400;\">warranty 5 years<\/li>\n<\/ul>\n<p style=\"font-weight: 400;\"><strong>Available in three different models:<\/strong><\/p>\n<ul>\n<li style=\"font-weight: 400;\">4.5kw<\/li>\n<li style=\"font-weight: 400;\">6kw<\/li>\n<li style=\"font-weight: 400;\">9kw<\/li>\n<\/ul>\n","protected":false},"featured_media":9885,"template":"","meta":{"_acf_changed":false,"inline_featured_image":false},"product_brand":[],"product_cat":[109],"product_tag":[],"class_list":{"0":"post-2365","1":"product","2":"type-product","3":"status-publish","4":"has-post-thumbnail","6":"product_cat-sauna-accessories","8":"first","9":"outofstock","10":"taxable","11":"shipping-taxable","12":"product-type-variable"},"acf":[],"yoast_head":"<!-- This site is optimized with the Yoast SEO plugin v27.3 - https:\/\/yoast.com\/product\/yoast-seo-wordpress\/ -->\n<title>DROP electric heater (HUUM) - Ecosauna<\/title>\n<meta name=\"robots\" content=\"index, follow, max-snippet:-1, max-image-preview:large, max-video-preview:-1\" \/>\n<link rel=\"canonical\" href=\"https:\/\/ecosauna.ee\/en\/product\/drop-electric-heater-huum\/\" \/>\n<meta property=\"og:locale\" content=\"en_US\" \/>\n<meta property=\"og:type\" content=\"article\" \/>\n<meta property=\"og:title\" content=\"DROP electric heater (HUUM) - Ecosauna\" \/>\n<meta property=\"og:description\" content=\"The DROP heater is inspired by the purest element of nature - a water droplet. The round design of DROP softens and enlivens the angular interior of the classic sauna, adding elegance to the steam room. In addition to good looks, DROP has other important advantages. This compact wall-mounted heater holds up to 55 kg of stones, surpassing most wood-burning heaters and ensuring long-lasting steam.    stainless steel  large capacity of stones  warranty 5 years  Available in three different models:    4.5kw  6kw  9kw\" \/>\n<meta property=\"og:url\" content=\"https:\/\/ecosauna.ee\/en\/product\/drop-electric-heater-huum\/\" \/>\n<meta property=\"og:site_name\" content=\"Ecosauna\" \/>\n<meta property=\"article:publisher\" content=\"https:\/\/www.facebook.com\/ecosaunad\" \/>\n<meta property=\"article:modified_time\" content=\"2023-01-20T20:24:36+00:00\" \/>\n<meta property=\"og:image\" content=\"https:\/\/ecosauna.ee\/wp-content\/uploads\/2022\/02\/Drop_Huum.jpg\" \/>\n\t<meta property=\"og:image:width\" content=\"1080\" \/>\n\t<meta property=\"og:image:height\" content=\"1080\" \/>\n\t<meta property=\"og:image:type\" content=\"image\/jpeg\" \/>\n<meta name=\"twitter:card\" content=\"summary_large_image\" \/>\n<script type=\"application\/ld+json\" class=\"yoast-schema-graph\">{\"@context\":\"https:\\\/\\\/schema.org\",\"@graph\":[{\"@type\":\"WebPage\",\"@id\":\"https:\\\/\\\/ecosauna.ee\\\/en\\\/product\\\/drop-electric-heater-huum\\\/\",\"url\":\"https:\\\/\\\/ecosauna.ee\\\/en\\\/product\\\/drop-electric-heater-huum\\\/\",\"name\":\"DROP electric heater (HUUM) - Ecosauna\",\"isPartOf\":{\"@id\":\"https:\\\/\\\/ecosauna.ee\\\/#website\"},\"primaryImageOfPage\":{\"@id\":\"https:\\\/\\\/ecosauna.ee\\\/en\\\/product\\\/drop-electric-heater-huum\\\/#primaryimage\"},\"image\":{\"@id\":\"https:\\\/\\\/ecosauna.ee\\\/en\\\/product\\\/drop-electric-heater-huum\\\/#primaryimage\"},\"thumbnailUrl\":\"https:\\\/\\\/ecosauna.ee\\\/wp-content\\\/uploads\\\/2022\\\/02\\\/elektrikeris-huum-drop.webp\",\"datePublished\":\"2022-02-12T14:37:53+00:00\",\"dateModified\":\"2023-01-20T20:24:36+00:00\",\"breadcrumb\":{\"@id\":\"https:\\\/\\\/ecosauna.ee\\\/en\\\/product\\\/drop-electric-heater-huum\\\/#breadcrumb\"},\"inLanguage\":\"en-US\",\"potentialAction\":[{\"@type\":\"ReadAction\",\"target\":[\"https:\\\/\\\/ecosauna.ee\\\/en\\\/product\\\/drop-electric-heater-huum\\\/\"]}]},{\"@type\":\"ImageObject\",\"inLanguage\":\"en-US\",\"@id\":\"https:\\\/\\\/ecosauna.ee\\\/en\\\/product\\\/drop-electric-heater-huum\\\/#primaryimage\",\"url\":\"https:\\\/\\\/ecosauna.ee\\\/wp-content\\\/uploads\\\/2022\\\/02\\\/elektrikeris-huum-drop.webp\",\"contentUrl\":\"https:\\\/\\\/ecosauna.ee\\\/wp-content\\\/uploads\\\/2022\\\/02\\\/elektrikeris-huum-drop.webp\",\"width\":1000,\"height\":1000,\"caption\":\"elektrikeris huum drop\"},{\"@type\":\"BreadcrumbList\",\"@id\":\"https:\\\/\\\/ecosauna.ee\\\/en\\\/product\\\/drop-electric-heater-huum\\\/#breadcrumb\",\"itemListElement\":[{\"@type\":\"ListItem\",\"position\":1,\"name\":\"Esileht\",\"item\":\"https:\\\/\\\/ecosauna.ee\\\/en\\\/\"},{\"@type\":\"ListItem\",\"position\":2,\"name\":\"Shop\",\"item\":\"https:\\\/\\\/ecosauna.ee\\\/en\\\/shop-2\\\/\"},{\"@type\":\"ListItem\",\"position\":3,\"name\":\"DROP electric heater (HUUM)\"}]},{\"@type\":\"WebSite\",\"@id\":\"https:\\\/\\\/ecosauna.ee\\\/#website\",\"url\":\"https:\\\/\\\/ecosauna.ee\\\/\",\"name\":\"Ecosauna\",\"description\":\"Saunad, k\u00fcmblust\u00fcnnid, k\u00e4mpingud\",\"publisher\":{\"@id\":\"https:\\\/\\\/ecosauna.ee\\\/#organization\"},\"potentialAction\":[{\"@type\":\"SearchAction\",\"target\":{\"@type\":\"EntryPoint\",\"urlTemplate\":\"https:\\\/\\\/ecosauna.ee\\\/?s={search_term_string}\"},\"query-input\":{\"@type\":\"PropertyValueSpecification\",\"valueRequired\":true,\"valueName\":\"search_term_string\"}}],\"inLanguage\":\"en-US\"},{\"@type\":\"Organization\",\"@id\":\"https:\\\/\\\/ecosauna.ee\\\/#organization\",\"name\":\"Ecosauna Project O\u00dc\",\"url\":\"https:\\\/\\\/ecosauna.ee\\\/\",\"logo\":{\"@type\":\"ImageObject\",\"inLanguage\":\"en-US\",\"@id\":\"https:\\\/\\\/ecosauna.ee\\\/#\\\/schema\\\/logo\\\/image\\\/\",\"url\":\"https:\\\/\\\/ecosauna.ee\\\/wp-content\\\/uploads\\\/2023\\\/03\\\/ecosauna-logo.png\",\"contentUrl\":\"https:\\\/\\\/ecosauna.ee\\\/wp-content\\\/uploads\\\/2023\\\/03\\\/ecosauna-logo.png\",\"width\":818,\"height\":646,\"caption\":\"Ecosauna Project O\u00dc\"},\"image\":{\"@id\":\"https:\\\/\\\/ecosauna.ee\\\/#\\\/schema\\\/logo\\\/image\\\/\"},\"sameAs\":[\"https:\\\/\\\/www.facebook.com\\\/ecosaunad\",\"https:\\\/\\\/www.instagram.com\\\/ecosauna.ee\\\/?hl=en\",\"https:\\\/\\\/www.tiktok.com\\\/@ecosauna\",\"https:\\\/\\\/www.youtube.com\\\/@EcosaunaEesti\"]}]}<\/script>\n<!-- \/ Yoast SEO plugin. -->","yoast_head_json":{"title":"DROP electric heater (HUUM) - Ecosauna","robots":{"index":"index","follow":"follow","max-snippet":"max-snippet:-1","max-image-preview":"max-image-preview:large","max-video-preview":"max-video-preview:-1"},"canonical":"https:\/\/ecosauna.ee\/en\/product\/drop-electric-heater-huum\/","og_locale":"en_US","og_type":"article","og_title":"DROP electric heater (HUUM) - Ecosauna","og_description":"The DROP heater is inspired by the purest element of nature - a water droplet. The round design of DROP softens and enlivens the angular interior of the classic sauna, adding elegance to the steam room. In addition to good looks, DROP has other important advantages. This compact wall-mounted heater holds up to 55 kg of stones, surpassing most wood-burning heaters and ensuring long-lasting steam.    stainless steel  large capacity of stones  warranty 5 years  Available in three different models:    4.5kw  6kw  9kw","og_url":"https:\/\/ecosauna.ee\/en\/product\/drop-electric-heater-huum\/","og_site_name":"Ecosauna","article_publisher":"https:\/\/www.facebook.com\/ecosaunad","article_modified_time":"2023-01-20T20:24:36+00:00","og_image":[{"width":1080,"height":1080,"url":"https:\/\/ecosauna.ee\/wp-content\/uploads\/2022\/02\/Drop_Huum.jpg","type":"image\/jpeg"}],"twitter_card":"summary_large_image","schema":{"@context":"https:\/\/schema.org","@graph":[{"@type":"WebPage","@id":"https:\/\/ecosauna.ee\/en\/product\/drop-electric-heater-huum\/","url":"https:\/\/ecosauna.ee\/en\/product\/drop-electric-heater-huum\/","name":"DROP electric heater (HUUM) - Ecosauna","isPartOf":{"@id":"https:\/\/ecosauna.ee\/#website"},"primaryImageOfPage":{"@id":"https:\/\/ecosauna.ee\/en\/product\/drop-electric-heater-huum\/#primaryimage"},"image":{"@id":"https:\/\/ecosauna.ee\/en\/product\/drop-electric-heater-huum\/#primaryimage"},"thumbnailUrl":"https:\/\/ecosauna.ee\/wp-content\/uploads\/2022\/02\/elektrikeris-huum-drop.webp","datePublished":"2022-02-12T14:37:53+00:00","dateModified":"2023-01-20T20:24:36+00:00","breadcrumb":{"@id":"https:\/\/ecosauna.ee\/en\/product\/drop-electric-heater-huum\/#breadcrumb"},"inLanguage":"en-US","potentialAction":[{"@type":"ReadAction","target":["https:\/\/ecosauna.ee\/en\/product\/drop-electric-heater-huum\/"]}]},{"@type":"ImageObject","inLanguage":"en-US","@id":"https:\/\/ecosauna.ee\/en\/product\/drop-electric-heater-huum\/#primaryimage","url":"https:\/\/ecosauna.ee\/wp-content\/uploads\/2022\/02\/elektrikeris-huum-drop.webp","contentUrl":"https:\/\/ecosauna.ee\/wp-content\/uploads\/2022\/02\/elektrikeris-huum-drop.webp","width":1000,"height":1000,"caption":"elektrikeris huum drop"},{"@type":"BreadcrumbList","@id":"https:\/\/ecosauna.ee\/en\/product\/drop-electric-heater-huum\/#breadcrumb","itemListElement":[{"@type":"ListItem","position":1,"name":"Esileht","item":"https:\/\/ecosauna.ee\/en\/"},{"@type":"ListItem","position":2,"name":"Shop","item":"https:\/\/ecosauna.ee\/en\/shop-2\/"},{"@type":"ListItem","position":3,"name":"DROP electric heater (HUUM)"}]},{"@type":"WebSite","@id":"https:\/\/ecosauna.ee\/#website","url":"https:\/\/ecosauna.ee\/","name":"Ecosauna","description":"Saunad, k\u00fcmblust\u00fcnnid, k\u00e4mpingud","publisher":{"@id":"https:\/\/ecosauna.ee\/#organization"},"potentialAction":[{"@type":"SearchAction","target":{"@type":"EntryPoint","urlTemplate":"https:\/\/ecosauna.ee\/?s={search_term_string}"},"query-input":{"@type":"PropertyValueSpecification","valueRequired":true,"valueName":"search_term_string"}}],"inLanguage":"en-US"},{"@type":"Organization","@id":"https:\/\/ecosauna.ee\/#organization","name":"Ecosauna Project O\u00dc","url":"https:\/\/ecosauna.ee\/","logo":{"@type":"ImageObject","inLanguage":"en-US","@id":"https:\/\/ecosauna.ee\/#\/schema\/logo\/image\/","url":"https:\/\/ecosauna.ee\/wp-content\/uploads\/2023\/03\/ecosauna-logo.png","contentUrl":"https:\/\/ecosauna.ee\/wp-content\/uploads\/2023\/03\/ecosauna-logo.png","width":818,"height":646,"caption":"Ecosauna Project O\u00dc"},"image":{"@id":"https:\/\/ecosauna.ee\/#\/schema\/logo\/image\/"},"sameAs":["https:\/\/www.facebook.com\/ecosaunad","https:\/\/www.instagram.com\/ecosauna.ee\/?hl=en","https:\/\/www.tiktok.com\/@ecosauna","https:\/\/www.youtube.com\/@EcosaunaEesti"]}]}},"_links":{"self":[{"href":"https:\/\/ecosauna.ee\/en\/wp-json\/wp\/v2\/product\/2365","targetHints":{"allow":["GET"]}}],"collection":[{"href":"https:\/\/ecosauna.ee\/en\/wp-json\/wp\/v2\/product"}],"about":[{"href":"https:\/\/ecosauna.ee\/en\/wp-json\/wp\/v2\/types\/product"}],"wp:featuredmedia":[{"embeddable":true,"href":"https:\/\/ecosauna.ee\/en\/wp-json\/wp\/v2\/media\/9885"}],"wp:attachment":[{"href":"https:\/\/ecosauna.ee\/en\/wp-json\/wp\/v2\/media?parent=2365"}],"wp:term":[{"taxonomy":"product_brand","embeddable":true,"href":"https:\/\/ecosauna.ee\/en\/wp-json\/wp\/v2\/product_brand?post=2365"},{"taxonomy":"product_cat","embeddable":true,"href":"https:\/\/ecosauna.ee\/en\/wp-json\/wp\/v2\/product_cat?post=2365"},{"taxonomy":"product_tag","embeddable":true,"href":"https:\/\/ecosauna.ee\/en\/wp-json\/wp\/v2\/product_tag?post=2365"}],"curies":[{"name":"wp","href":"https:\/\/api.w.org\/{rel}","templated":true}]}}