{"id":2447,"date":"2022-02-14T20:22:49","date_gmt":"2022-02-14T20:22:49","guid":{"rendered":"https:\/\/ecosauna.ee\/2023\/product\/electric-heater-harvia-the-wall\/"},"modified":"2023-01-20T22:24:34","modified_gmt":"2023-01-20T20:24:34","slug":"electric-heater-harvia-the-wall","status":"publish","type":"product","link":"https:\/\/ecosauna.ee\/en\/product\/electric-heater-harvia-the-wall\/","title":{"rendered":"Electric heater HARVIA The Wall"},"content":{"rendered":"<ul>\n<li style=\"font-weight: 400;\"><strong>Models:<\/strong> SW45, SW60, SW80, SW45E, SW60E, SW90, SW90E<\/li>\n<li style=\"font-weight: 400;\"><strong>Power (kW):<\/strong> 4.5 kW, 6 kW, 8 kW, 9 kW<\/li>\n<li style=\"font-weight: 400;\"><strong>Control center:<\/strong> integrated or separate<\/li>\n<li style=\"font-weight: 400;\"><strong>Sauna room size:<\/strong> 6 &#8211; 14 m3<\/li>\n<\/ul>\n<p style=\"font-weight: 400;\"><strong>Ask our specialists for information on which model is best for you!<\/strong><\/p>\n<p style=\"font-weight: 400;\">Watch the video on installing the heater <a href=\"https:\/\/www.youtube.com\/watch?v=DW91up5OX6w\">here<\/a>.<\/p>\n<p><!--more--><\/p>\n","protected":false},"excerpt":{"rendered":"<p style=\"font-weight: 400;\">Stylish and comfortable wall-mounted heater for both small and medium-sized saunas. Select the appropriate capacity according to the sauna volume. Despite the fact that the power of the heater does not exceed 9 kW, it takes up rather little space in the sauna&#039;s steam room. The heater is made of stainless steel. The interior of the heater is moisture and heat-resistant, which in turn prolongs the life of the heater. The set includes a heater and a mounting plate with two separate wall mounts.<\/p>\n<p style=\"font-weight: 400;\">There are two models available. The first model is equipped with an integrated control unit that includes a heater clock and a thermostat. The second model requires the use of a separate control panel, which is not included in the delivery. It is recommended to use the control panels provided by the same manufacturer.<\/p>\n<p style=\"font-weight: 400;\"><strong>Prices vary by model. Ask our specialists for information on which model is best for you!<\/strong><\/p>\n","protected":false},"featured_media":10198,"template":"","meta":{"_acf_changed":false,"inline_featured_image":false},"product_brand":[],"product_cat":[109],"product_tag":[],"class_list":{"0":"post-2447","1":"product","2":"type-product","3":"status-publish","4":"has-post-thumbnail","6":"product_cat-sauna-accessories","8":"first","9":"outofstock","10":"taxable","11":"shipping-taxable","12":"product-type-variable"},"acf":[],"yoast_head":"<!-- This site is optimized with the Yoast SEO plugin v27.4 - https:\/\/yoast.com\/product\/yoast-seo-wordpress\/ -->\n<title>Electric heater HARVIA The Wall - Ecosauna<\/title>\n<meta name=\"robots\" content=\"index, follow, max-snippet:-1, max-image-preview:large, max-video-preview:-1\" \/>\n<link rel=\"canonical\" href=\"https:\/\/ecosauna.ee\/en\/product\/electric-heater-harvia-the-wall\/\" \/>\n<meta property=\"og:locale\" content=\"en_US\" \/>\n<meta property=\"og:type\" content=\"article\" \/>\n<meta property=\"og:title\" content=\"Electric heater HARVIA The Wall - Ecosauna\" \/>\n<meta property=\"og:description\" content=\"Stylish and comfortable wall-mounted heater for both small and medium-sized saunas. Select the appropriate capacity according to the sauna volume. Despite the fact that the power of the heater does not exceed 9 kW, it takes up rather little space in the sauna&#039;s steam room. The heater is made of stainless steel. The interior of the heater is moisture and heat-resistant, which in turn prolongs the life of the heater. The set includes a heater and a mounting plate with two separate wall mounts. There are two models available. The first model is equipped with an integrated control unit that includes a heater clock and a thermostat. The second model requires the use of a separate control panel, which is not included in the delivery. It is recommended to use the control panels provided by the same manufacturer. Prices vary by model. Ask our specialists for information on which model is best for you!\" \/>\n<meta property=\"og:url\" content=\"https:\/\/ecosauna.ee\/en\/product\/electric-heater-harvia-the-wall\/\" \/>\n<meta property=\"og:site_name\" content=\"Ecosauna\" \/>\n<meta property=\"article:publisher\" content=\"https:\/\/www.facebook.com\/ecosaunad\" \/>\n<meta property=\"article:modified_time\" content=\"2023-01-20T20:24:34+00:00\" \/>\n<meta property=\"og:image\" content=\"https:\/\/ecosauna.ee\/wp-content\/uploads\/2022\/02\/HarviaTheWall_SW80_BlackSteel_p1.jpg\" \/>\n\t<meta property=\"og:image:width\" content=\"1185\" \/>\n\t<meta property=\"og:image:height\" content=\"1185\" \/>\n\t<meta property=\"og:image:type\" content=\"image\/jpeg\" \/>\n<meta name=\"twitter:card\" content=\"summary_large_image\" \/>\n<script type=\"application\/ld+json\" class=\"yoast-schema-graph\">{\"@context\":\"https:\\\/\\\/schema.org\",\"@graph\":[{\"@type\":\"WebPage\",\"@id\":\"https:\\\/\\\/ecosauna.ee\\\/en\\\/product\\\/electric-heater-harvia-the-wall\\\/\",\"url\":\"https:\\\/\\\/ecosauna.ee\\\/en\\\/product\\\/electric-heater-harvia-the-wall\\\/\",\"name\":\"Electric heater HARVIA The Wall - Ecosauna\",\"isPartOf\":{\"@id\":\"https:\\\/\\\/ecosauna.ee\\\/#website\"},\"primaryImageOfPage\":{\"@id\":\"https:\\\/\\\/ecosauna.ee\\\/en\\\/product\\\/electric-heater-harvia-the-wall\\\/#primaryimage\"},\"image\":{\"@id\":\"https:\\\/\\\/ecosauna.ee\\\/en\\\/product\\\/electric-heater-harvia-the-wall\\\/#primaryimage\"},\"thumbnailUrl\":\"https:\\\/\\\/ecosauna.ee\\\/wp-content\\\/uploads\\\/2022\\\/02\\\/HarviaTheWall_SW80_BlackSteel_p1.jpg\",\"datePublished\":\"2022-02-14T20:22:49+00:00\",\"dateModified\":\"2023-01-20T20:24:34+00:00\",\"breadcrumb\":{\"@id\":\"https:\\\/\\\/ecosauna.ee\\\/en\\\/product\\\/electric-heater-harvia-the-wall\\\/#breadcrumb\"},\"inLanguage\":\"en-US\",\"potentialAction\":[{\"@type\":\"ReadAction\",\"target\":[\"https:\\\/\\\/ecosauna.ee\\\/en\\\/product\\\/electric-heater-harvia-the-wall\\\/\"]}]},{\"@type\":\"ImageObject\",\"inLanguage\":\"en-US\",\"@id\":\"https:\\\/\\\/ecosauna.ee\\\/en\\\/product\\\/electric-heater-harvia-the-wall\\\/#primaryimage\",\"url\":\"https:\\\/\\\/ecosauna.ee\\\/wp-content\\\/uploads\\\/2022\\\/02\\\/HarviaTheWall_SW80_BlackSteel_p1.jpg\",\"contentUrl\":\"https:\\\/\\\/ecosauna.ee\\\/wp-content\\\/uploads\\\/2022\\\/02\\\/HarviaTheWall_SW80_BlackSteel_p1.jpg\",\"width\":1185,\"height\":1185,\"caption\":\"Elektrikeris Harvia The Wall\"},{\"@type\":\"BreadcrumbList\",\"@id\":\"https:\\\/\\\/ecosauna.ee\\\/en\\\/product\\\/electric-heater-harvia-the-wall\\\/#breadcrumb\",\"itemListElement\":[{\"@type\":\"ListItem\",\"position\":1,\"name\":\"Esileht\",\"item\":\"https:\\\/\\\/ecosauna.ee\\\/en\\\/\"},{\"@type\":\"ListItem\",\"position\":2,\"name\":\"Shop\",\"item\":\"https:\\\/\\\/ecosauna.ee\\\/en\\\/shop-2\\\/\"},{\"@type\":\"ListItem\",\"position\":3,\"name\":\"Electric heater HARVIA The Wall\"}]},{\"@type\":\"WebSite\",\"@id\":\"https:\\\/\\\/ecosauna.ee\\\/#website\",\"url\":\"https:\\\/\\\/ecosauna.ee\\\/\",\"name\":\"Ecosauna\",\"description\":\"Saunad, k\u00fcmblust\u00fcnnid, k\u00e4mpingud\",\"publisher\":{\"@id\":\"https:\\\/\\\/ecosauna.ee\\\/#organization\"},\"potentialAction\":[{\"@type\":\"SearchAction\",\"target\":{\"@type\":\"EntryPoint\",\"urlTemplate\":\"https:\\\/\\\/ecosauna.ee\\\/?s={search_term_string}\"},\"query-input\":{\"@type\":\"PropertyValueSpecification\",\"valueRequired\":true,\"valueName\":\"search_term_string\"}}],\"inLanguage\":\"en-US\"},{\"@type\":\"Organization\",\"@id\":\"https:\\\/\\\/ecosauna.ee\\\/#organization\",\"name\":\"Ecosauna Project O\u00dc\",\"url\":\"https:\\\/\\\/ecosauna.ee\\\/\",\"logo\":{\"@type\":\"ImageObject\",\"inLanguage\":\"en-US\",\"@id\":\"https:\\\/\\\/ecosauna.ee\\\/#\\\/schema\\\/logo\\\/image\\\/\",\"url\":\"https:\\\/\\\/ecosauna.ee\\\/wp-content\\\/uploads\\\/2023\\\/03\\\/ecosauna-logo.png\",\"contentUrl\":\"https:\\\/\\\/ecosauna.ee\\\/wp-content\\\/uploads\\\/2023\\\/03\\\/ecosauna-logo.png\",\"width\":818,\"height\":646,\"caption\":\"Ecosauna Project O\u00dc\"},\"image\":{\"@id\":\"https:\\\/\\\/ecosauna.ee\\\/#\\\/schema\\\/logo\\\/image\\\/\"},\"sameAs\":[\"https:\\\/\\\/www.facebook.com\\\/ecosaunad\",\"https:\\\/\\\/www.instagram.com\\\/ecosauna.ee\\\/?hl=en\",\"https:\\\/\\\/www.tiktok.com\\\/@ecosauna\",\"https:\\\/\\\/www.youtube.com\\\/@EcosaunaEesti\"]}]}<\/script>\n<!-- \/ Yoast SEO plugin. -->","yoast_head_json":{"title":"Electric heater HARVIA The Wall - Ecosauna","robots":{"index":"index","follow":"follow","max-snippet":"max-snippet:-1","max-image-preview":"max-image-preview:large","max-video-preview":"max-video-preview:-1"},"canonical":"https:\/\/ecosauna.ee\/en\/product\/electric-heater-harvia-the-wall\/","og_locale":"en_US","og_type":"article","og_title":"Electric heater HARVIA The Wall - Ecosauna","og_description":"Stylish and comfortable wall-mounted heater for both small and medium-sized saunas. Select the appropriate capacity according to the sauna volume. Despite the fact that the power of the heater does not exceed 9 kW, it takes up rather little space in the sauna&#039;s steam room. The heater is made of stainless steel. The interior of the heater is moisture and heat-resistant, which in turn prolongs the life of the heater. The set includes a heater and a mounting plate with two separate wall mounts. There are two models available. The first model is equipped with an integrated control unit that includes a heater clock and a thermostat. The second model requires the use of a separate control panel, which is not included in the delivery. It is recommended to use the control panels provided by the same manufacturer. Prices vary by model. Ask our specialists for information on which model is best for you!","og_url":"https:\/\/ecosauna.ee\/en\/product\/electric-heater-harvia-the-wall\/","og_site_name":"Ecosauna","article_publisher":"https:\/\/www.facebook.com\/ecosaunad","article_modified_time":"2023-01-20T20:24:34+00:00","og_image":[{"width":1185,"height":1185,"url":"https:\/\/ecosauna.ee\/wp-content\/uploads\/2022\/02\/HarviaTheWall_SW80_BlackSteel_p1.jpg","type":"image\/jpeg"}],"twitter_card":"summary_large_image","schema":{"@context":"https:\/\/schema.org","@graph":[{"@type":"WebPage","@id":"https:\/\/ecosauna.ee\/en\/product\/electric-heater-harvia-the-wall\/","url":"https:\/\/ecosauna.ee\/en\/product\/electric-heater-harvia-the-wall\/","name":"Electric heater HARVIA The Wall - Ecosauna","isPartOf":{"@id":"https:\/\/ecosauna.ee\/#website"},"primaryImageOfPage":{"@id":"https:\/\/ecosauna.ee\/en\/product\/electric-heater-harvia-the-wall\/#primaryimage"},"image":{"@id":"https:\/\/ecosauna.ee\/en\/product\/electric-heater-harvia-the-wall\/#primaryimage"},"thumbnailUrl":"https:\/\/ecosauna.ee\/wp-content\/uploads\/2022\/02\/HarviaTheWall_SW80_BlackSteel_p1.jpg","datePublished":"2022-02-14T20:22:49+00:00","dateModified":"2023-01-20T20:24:34+00:00","breadcrumb":{"@id":"https:\/\/ecosauna.ee\/en\/product\/electric-heater-harvia-the-wall\/#breadcrumb"},"inLanguage":"en-US","potentialAction":[{"@type":"ReadAction","target":["https:\/\/ecosauna.ee\/en\/product\/electric-heater-harvia-the-wall\/"]}]},{"@type":"ImageObject","inLanguage":"en-US","@id":"https:\/\/ecosauna.ee\/en\/product\/electric-heater-harvia-the-wall\/#primaryimage","url":"https:\/\/ecosauna.ee\/wp-content\/uploads\/2022\/02\/HarviaTheWall_SW80_BlackSteel_p1.jpg","contentUrl":"https:\/\/ecosauna.ee\/wp-content\/uploads\/2022\/02\/HarviaTheWall_SW80_BlackSteel_p1.jpg","width":1185,"height":1185,"caption":"Elektrikeris Harvia The Wall"},{"@type":"BreadcrumbList","@id":"https:\/\/ecosauna.ee\/en\/product\/electric-heater-harvia-the-wall\/#breadcrumb","itemListElement":[{"@type":"ListItem","position":1,"name":"Esileht","item":"https:\/\/ecosauna.ee\/en\/"},{"@type":"ListItem","position":2,"name":"Shop","item":"https:\/\/ecosauna.ee\/en\/shop-2\/"},{"@type":"ListItem","position":3,"name":"Electric heater HARVIA The Wall"}]},{"@type":"WebSite","@id":"https:\/\/ecosauna.ee\/#website","url":"https:\/\/ecosauna.ee\/","name":"Ecosauna","description":"Saunad, k\u00fcmblust\u00fcnnid, k\u00e4mpingud","publisher":{"@id":"https:\/\/ecosauna.ee\/#organization"},"potentialAction":[{"@type":"SearchAction","target":{"@type":"EntryPoint","urlTemplate":"https:\/\/ecosauna.ee\/?s={search_term_string}"},"query-input":{"@type":"PropertyValueSpecification","valueRequired":true,"valueName":"search_term_string"}}],"inLanguage":"en-US"},{"@type":"Organization","@id":"https:\/\/ecosauna.ee\/#organization","name":"Ecosauna Project O\u00dc","url":"https:\/\/ecosauna.ee\/","logo":{"@type":"ImageObject","inLanguage":"en-US","@id":"https:\/\/ecosauna.ee\/#\/schema\/logo\/image\/","url":"https:\/\/ecosauna.ee\/wp-content\/uploads\/2023\/03\/ecosauna-logo.png","contentUrl":"https:\/\/ecosauna.ee\/wp-content\/uploads\/2023\/03\/ecosauna-logo.png","width":818,"height":646,"caption":"Ecosauna Project O\u00dc"},"image":{"@id":"https:\/\/ecosauna.ee\/#\/schema\/logo\/image\/"},"sameAs":["https:\/\/www.facebook.com\/ecosaunad","https:\/\/www.instagram.com\/ecosauna.ee\/?hl=en","https:\/\/www.tiktok.com\/@ecosauna","https:\/\/www.youtube.com\/@EcosaunaEesti"]}]}},"_links":{"self":[{"href":"https:\/\/ecosauna.ee\/en\/wp-json\/wp\/v2\/product\/2447","targetHints":{"allow":["GET"]}}],"collection":[{"href":"https:\/\/ecosauna.ee\/en\/wp-json\/wp\/v2\/product"}],"about":[{"href":"https:\/\/ecosauna.ee\/en\/wp-json\/wp\/v2\/types\/product"}],"wp:featuredmedia":[{"embeddable":true,"href":"https:\/\/ecosauna.ee\/en\/wp-json\/wp\/v2\/media\/10198"}],"wp:attachment":[{"href":"https:\/\/ecosauna.ee\/en\/wp-json\/wp\/v2\/media?parent=2447"}],"wp:term":[{"taxonomy":"product_brand","embeddable":true,"href":"https:\/\/ecosauna.ee\/en\/wp-json\/wp\/v2\/product_brand?post=2447"},{"taxonomy":"product_cat","embeddable":true,"href":"https:\/\/ecosauna.ee\/en\/wp-json\/wp\/v2\/product_cat?post=2447"},{"taxonomy":"product_tag","embeddable":true,"href":"https:\/\/ecosauna.ee\/en\/wp-json\/wp\/v2\/product_tag?post=2447"}],"curies":[{"name":"wp","href":"https:\/\/api.w.org\/{rel}","templated":true}]}}