{"id":2454,"date":"2022-02-14T20:30:02","date_gmt":"2022-02-14T20:30:02","guid":{"rendered":"https:\/\/ecosauna.ee\/2023\/product\/electric-heater-harvia-vega\/"},"modified":"2023-01-20T22:24:34","modified_gmt":"2023-01-20T20:24:34","slug":"electric-heater-harvia-vega","status":"publish","type":"product","link":"https:\/\/ecosauna.ee\/en\/product\/electric-heater-harvia-vega\/","title":{"rendered":"Electric heater HARVIA Vega"},"content":{"rendered":"<p style=\"font-weight: 400;\">Vega models BC45, BC60, and BC80 are equipped with built-in controls. The models BC45E, BC60E, BC80E, and BC90E are controlled by a separate control center (such as Griffin or C90).<\/p>\n<ul>\n<li style=\"font-weight: 400;\"><strong>Models:<\/strong> BC45, BC45E, BC60, BC60E, BC80, BC80E, BC90E<\/li>\n<li style=\"font-weight: 400;\"><strong>Power (kW):<\/strong> 4.5 kW, 6 kW, 8 kW, 9 kW<\/li>\n<li style=\"font-weight: 400;\"><strong>Control center:<\/strong> integrated or separate<\/li>\n<li style=\"font-weight: 400;\"><strong>Sauna room size:<\/strong> 6 &#8211; 14 m3<\/li>\n<\/ul>\n<p style=\"font-weight: 400;\"><strong>Ask our specialists for information on which model is best for you!<\/strong><\/p>\n<p><!--more--><\/p>\n","protected":false},"excerpt":{"rendered":"<p style=\"font-weight: 400;\">Harvia Vega is an elegant sauna heater that is easy to use. The stainless-steel outer casing of the heater gives the sauna a modern look.<\/p>\n<p style=\"font-weight: 400;\">Installation of Vega is also easy: the heater is attached to a separate wall frame. Due to the symmetrical design, the heater controls can be easily positioned to the right or left. Electrical connections are made on the side of the heater, which makes installation easy.<\/p>\n<p style=\"font-weight: 400;\">The structure of Vega makes it possible to install the heater low on the sauna wall. This allows the heat to spread evenly in the sauna, giving a lot of heat to the lower benches as well.<\/p>\n","protected":false},"featured_media":2455,"template":"","meta":{"_acf_changed":false,"inline_featured_image":false},"product_brand":[],"product_cat":[109],"product_tag":[],"class_list":{"0":"post-2454","1":"product","2":"type-product","3":"status-publish","4":"has-post-thumbnail","6":"product_cat-sauna-accessories","8":"first","9":"outofstock","10":"taxable","11":"shipping-taxable","12":"product-type-variable"},"acf":[],"yoast_head":"<!-- This site is optimized with the Yoast SEO plugin v27.4 - https:\/\/yoast.com\/product\/yoast-seo-wordpress\/ -->\n<title>Electric heater HARVIA Vega - Ecosauna<\/title>\n<meta name=\"robots\" content=\"index, follow, max-snippet:-1, max-image-preview:large, max-video-preview:-1\" \/>\n<link rel=\"canonical\" href=\"https:\/\/ecosauna.ee\/en\/product\/electric-heater-harvia-vega\/\" \/>\n<meta property=\"og:locale\" content=\"en_US\" \/>\n<meta property=\"og:type\" content=\"article\" \/>\n<meta property=\"og:title\" content=\"Electric heater HARVIA Vega - Ecosauna\" \/>\n<meta property=\"og:description\" content=\"Harvia Vega is an elegant sauna heater that is easy to use. The stainless-steel outer casing of the heater gives the sauna a modern look. Installation of Vega is also easy: the heater is attached to a separate wall frame. Due to the symmetrical design, the heater controls can be easily positioned to the right or left. Electrical connections are made on the side of the heater, which makes installation easy. The structure of Vega makes it possible to install the heater low on the sauna wall. This allows the heat to spread evenly in the sauna, giving a lot of heat to the lower benches as well.\" \/>\n<meta property=\"og:url\" content=\"https:\/\/ecosauna.ee\/en\/product\/electric-heater-harvia-vega\/\" \/>\n<meta property=\"og:site_name\" content=\"Ecosauna\" \/>\n<meta property=\"article:publisher\" content=\"https:\/\/www.facebook.com\/ecosaunad\" \/>\n<meta property=\"article:modified_time\" content=\"2023-01-20T20:24:34+00:00\" \/>\n<meta property=\"og:image\" content=\"https:\/\/ecosauna.ee\/wp-content\/uploads\/2022\/02\/ELEKTRIKERIS-HARVIA-VEGA.jpg\" \/>\n\t<meta property=\"og:image:width\" content=\"1080\" \/>\n\t<meta property=\"og:image:height\" content=\"1080\" \/>\n\t<meta property=\"og:image:type\" content=\"image\/jpeg\" \/>\n<meta name=\"twitter:card\" content=\"summary_large_image\" \/>\n<script type=\"application\/ld+json\" class=\"yoast-schema-graph\">{\"@context\":\"https:\\\/\\\/schema.org\",\"@graph\":[{\"@type\":\"WebPage\",\"@id\":\"https:\\\/\\\/ecosauna.ee\\\/en\\\/product\\\/electric-heater-harvia-vega\\\/\",\"url\":\"https:\\\/\\\/ecosauna.ee\\\/en\\\/product\\\/electric-heater-harvia-vega\\\/\",\"name\":\"Electric heater HARVIA Vega - Ecosauna\",\"isPartOf\":{\"@id\":\"https:\\\/\\\/ecosauna.ee\\\/#website\"},\"primaryImageOfPage\":{\"@id\":\"https:\\\/\\\/ecosauna.ee\\\/en\\\/product\\\/electric-heater-harvia-vega\\\/#primaryimage\"},\"image\":{\"@id\":\"https:\\\/\\\/ecosauna.ee\\\/en\\\/product\\\/electric-heater-harvia-vega\\\/#primaryimage\"},\"thumbnailUrl\":\"https:\\\/\\\/ecosauna.ee\\\/wp-content\\\/uploads\\\/2022\\\/02\\\/ELEKTRIKERIS-HARVIA-VEGA.jpg\",\"datePublished\":\"2022-02-14T20:30:02+00:00\",\"dateModified\":\"2023-01-20T20:24:34+00:00\",\"breadcrumb\":{\"@id\":\"https:\\\/\\\/ecosauna.ee\\\/en\\\/product\\\/electric-heater-harvia-vega\\\/#breadcrumb\"},\"inLanguage\":\"en-US\",\"potentialAction\":[{\"@type\":\"ReadAction\",\"target\":[\"https:\\\/\\\/ecosauna.ee\\\/en\\\/product\\\/electric-heater-harvia-vega\\\/\"]}]},{\"@type\":\"ImageObject\",\"inLanguage\":\"en-US\",\"@id\":\"https:\\\/\\\/ecosauna.ee\\\/en\\\/product\\\/electric-heater-harvia-vega\\\/#primaryimage\",\"url\":\"https:\\\/\\\/ecosauna.ee\\\/wp-content\\\/uploads\\\/2022\\\/02\\\/ELEKTRIKERIS-HARVIA-VEGA.jpg\",\"contentUrl\":\"https:\\\/\\\/ecosauna.ee\\\/wp-content\\\/uploads\\\/2022\\\/02\\\/ELEKTRIKERIS-HARVIA-VEGA.jpg\",\"width\":1080,\"height\":1080,\"caption\":\"Elektrikeris Harvia Vega\"},{\"@type\":\"BreadcrumbList\",\"@id\":\"https:\\\/\\\/ecosauna.ee\\\/en\\\/product\\\/electric-heater-harvia-vega\\\/#breadcrumb\",\"itemListElement\":[{\"@type\":\"ListItem\",\"position\":1,\"name\":\"Esileht\",\"item\":\"https:\\\/\\\/ecosauna.ee\\\/en\\\/\"},{\"@type\":\"ListItem\",\"position\":2,\"name\":\"Shop\",\"item\":\"https:\\\/\\\/ecosauna.ee\\\/en\\\/shop-2\\\/\"},{\"@type\":\"ListItem\",\"position\":3,\"name\":\"Electric heater HARVIA Vega\"}]},{\"@type\":\"WebSite\",\"@id\":\"https:\\\/\\\/ecosauna.ee\\\/#website\",\"url\":\"https:\\\/\\\/ecosauna.ee\\\/\",\"name\":\"Ecosauna\",\"description\":\"Saunad, k\u00fcmblust\u00fcnnid, k\u00e4mpingud\",\"publisher\":{\"@id\":\"https:\\\/\\\/ecosauna.ee\\\/#organization\"},\"potentialAction\":[{\"@type\":\"SearchAction\",\"target\":{\"@type\":\"EntryPoint\",\"urlTemplate\":\"https:\\\/\\\/ecosauna.ee\\\/?s={search_term_string}\"},\"query-input\":{\"@type\":\"PropertyValueSpecification\",\"valueRequired\":true,\"valueName\":\"search_term_string\"}}],\"inLanguage\":\"en-US\"},{\"@type\":\"Organization\",\"@id\":\"https:\\\/\\\/ecosauna.ee\\\/#organization\",\"name\":\"Ecosauna Project O\u00dc\",\"url\":\"https:\\\/\\\/ecosauna.ee\\\/\",\"logo\":{\"@type\":\"ImageObject\",\"inLanguage\":\"en-US\",\"@id\":\"https:\\\/\\\/ecosauna.ee\\\/#\\\/schema\\\/logo\\\/image\\\/\",\"url\":\"https:\\\/\\\/ecosauna.ee\\\/wp-content\\\/uploads\\\/2023\\\/03\\\/ecosauna-logo.png\",\"contentUrl\":\"https:\\\/\\\/ecosauna.ee\\\/wp-content\\\/uploads\\\/2023\\\/03\\\/ecosauna-logo.png\",\"width\":818,\"height\":646,\"caption\":\"Ecosauna Project O\u00dc\"},\"image\":{\"@id\":\"https:\\\/\\\/ecosauna.ee\\\/#\\\/schema\\\/logo\\\/image\\\/\"},\"sameAs\":[\"https:\\\/\\\/www.facebook.com\\\/ecosaunad\",\"https:\\\/\\\/www.instagram.com\\\/ecosauna.ee\\\/?hl=en\",\"https:\\\/\\\/www.tiktok.com\\\/@ecosauna\",\"https:\\\/\\\/www.youtube.com\\\/@EcosaunaEesti\"]}]}<\/script>\n<!-- \/ Yoast SEO plugin. -->","yoast_head_json":{"title":"Electric heater HARVIA Vega - Ecosauna","robots":{"index":"index","follow":"follow","max-snippet":"max-snippet:-1","max-image-preview":"max-image-preview:large","max-video-preview":"max-video-preview:-1"},"canonical":"https:\/\/ecosauna.ee\/en\/product\/electric-heater-harvia-vega\/","og_locale":"en_US","og_type":"article","og_title":"Electric heater HARVIA Vega - Ecosauna","og_description":"Harvia Vega is an elegant sauna heater that is easy to use. The stainless-steel outer casing of the heater gives the sauna a modern look. Installation of Vega is also easy: the heater is attached to a separate wall frame. Due to the symmetrical design, the heater controls can be easily positioned to the right or left. Electrical connections are made on the side of the heater, which makes installation easy. The structure of Vega makes it possible to install the heater low on the sauna wall. This allows the heat to spread evenly in the sauna, giving a lot of heat to the lower benches as well.","og_url":"https:\/\/ecosauna.ee\/en\/product\/electric-heater-harvia-vega\/","og_site_name":"Ecosauna","article_publisher":"https:\/\/www.facebook.com\/ecosaunad","article_modified_time":"2023-01-20T20:24:34+00:00","og_image":[{"width":1080,"height":1080,"url":"https:\/\/ecosauna.ee\/wp-content\/uploads\/2022\/02\/ELEKTRIKERIS-HARVIA-VEGA.jpg","type":"image\/jpeg"}],"twitter_card":"summary_large_image","schema":{"@context":"https:\/\/schema.org","@graph":[{"@type":"WebPage","@id":"https:\/\/ecosauna.ee\/en\/product\/electric-heater-harvia-vega\/","url":"https:\/\/ecosauna.ee\/en\/product\/electric-heater-harvia-vega\/","name":"Electric heater HARVIA Vega - Ecosauna","isPartOf":{"@id":"https:\/\/ecosauna.ee\/#website"},"primaryImageOfPage":{"@id":"https:\/\/ecosauna.ee\/en\/product\/electric-heater-harvia-vega\/#primaryimage"},"image":{"@id":"https:\/\/ecosauna.ee\/en\/product\/electric-heater-harvia-vega\/#primaryimage"},"thumbnailUrl":"https:\/\/ecosauna.ee\/wp-content\/uploads\/2022\/02\/ELEKTRIKERIS-HARVIA-VEGA.jpg","datePublished":"2022-02-14T20:30:02+00:00","dateModified":"2023-01-20T20:24:34+00:00","breadcrumb":{"@id":"https:\/\/ecosauna.ee\/en\/product\/electric-heater-harvia-vega\/#breadcrumb"},"inLanguage":"en-US","potentialAction":[{"@type":"ReadAction","target":["https:\/\/ecosauna.ee\/en\/product\/electric-heater-harvia-vega\/"]}]},{"@type":"ImageObject","inLanguage":"en-US","@id":"https:\/\/ecosauna.ee\/en\/product\/electric-heater-harvia-vega\/#primaryimage","url":"https:\/\/ecosauna.ee\/wp-content\/uploads\/2022\/02\/ELEKTRIKERIS-HARVIA-VEGA.jpg","contentUrl":"https:\/\/ecosauna.ee\/wp-content\/uploads\/2022\/02\/ELEKTRIKERIS-HARVIA-VEGA.jpg","width":1080,"height":1080,"caption":"Elektrikeris Harvia Vega"},{"@type":"BreadcrumbList","@id":"https:\/\/ecosauna.ee\/en\/product\/electric-heater-harvia-vega\/#breadcrumb","itemListElement":[{"@type":"ListItem","position":1,"name":"Esileht","item":"https:\/\/ecosauna.ee\/en\/"},{"@type":"ListItem","position":2,"name":"Shop","item":"https:\/\/ecosauna.ee\/en\/shop-2\/"},{"@type":"ListItem","position":3,"name":"Electric heater HARVIA Vega"}]},{"@type":"WebSite","@id":"https:\/\/ecosauna.ee\/#website","url":"https:\/\/ecosauna.ee\/","name":"Ecosauna","description":"Saunad, k\u00fcmblust\u00fcnnid, k\u00e4mpingud","publisher":{"@id":"https:\/\/ecosauna.ee\/#organization"},"potentialAction":[{"@type":"SearchAction","target":{"@type":"EntryPoint","urlTemplate":"https:\/\/ecosauna.ee\/?s={search_term_string}"},"query-input":{"@type":"PropertyValueSpecification","valueRequired":true,"valueName":"search_term_string"}}],"inLanguage":"en-US"},{"@type":"Organization","@id":"https:\/\/ecosauna.ee\/#organization","name":"Ecosauna Project O\u00dc","url":"https:\/\/ecosauna.ee\/","logo":{"@type":"ImageObject","inLanguage":"en-US","@id":"https:\/\/ecosauna.ee\/#\/schema\/logo\/image\/","url":"https:\/\/ecosauna.ee\/wp-content\/uploads\/2023\/03\/ecosauna-logo.png","contentUrl":"https:\/\/ecosauna.ee\/wp-content\/uploads\/2023\/03\/ecosauna-logo.png","width":818,"height":646,"caption":"Ecosauna Project O\u00dc"},"image":{"@id":"https:\/\/ecosauna.ee\/#\/schema\/logo\/image\/"},"sameAs":["https:\/\/www.facebook.com\/ecosaunad","https:\/\/www.instagram.com\/ecosauna.ee\/?hl=en","https:\/\/www.tiktok.com\/@ecosauna","https:\/\/www.youtube.com\/@EcosaunaEesti"]}]}},"_links":{"self":[{"href":"https:\/\/ecosauna.ee\/en\/wp-json\/wp\/v2\/product\/2454","targetHints":{"allow":["GET"]}}],"collection":[{"href":"https:\/\/ecosauna.ee\/en\/wp-json\/wp\/v2\/product"}],"about":[{"href":"https:\/\/ecosauna.ee\/en\/wp-json\/wp\/v2\/types\/product"}],"wp:featuredmedia":[{"embeddable":true,"href":"https:\/\/ecosauna.ee\/en\/wp-json\/wp\/v2\/media\/2455"}],"wp:attachment":[{"href":"https:\/\/ecosauna.ee\/en\/wp-json\/wp\/v2\/media?parent=2454"}],"wp:term":[{"taxonomy":"product_brand","embeddable":true,"href":"https:\/\/ecosauna.ee\/en\/wp-json\/wp\/v2\/product_brand?post=2454"},{"taxonomy":"product_cat","embeddable":true,"href":"https:\/\/ecosauna.ee\/en\/wp-json\/wp\/v2\/product_cat?post=2454"},{"taxonomy":"product_tag","embeddable":true,"href":"https:\/\/ecosauna.ee\/en\/wp-json\/wp\/v2\/product_tag?post=2454"}],"curies":[{"name":"wp","href":"https:\/\/api.w.org\/{rel}","templated":true}]}}