{"id":2462,"date":"2022-02-14T20:42:20","date_gmt":"2022-02-14T20:42:20","guid":{"rendered":"https:\/\/ecosauna.ee\/2023\/product\/sauna-stones-harvia-5-10-cm\/"},"modified":"2023-01-20T22:24:33","modified_gmt":"2023-01-20T20:24:33","slug":"sauna-stones-harvia-5-10-cm","status":"publish","type":"product","link":"https:\/\/ecosauna.ee\/en\/product\/sauna-stones-harvia-5-10-cm\/","title":{"rendered":"Sauna stones HARVIA 5-10 cm"},"content":{"rendered":"<p style=\"font-weight: 400;\">Stones with a diameter of 50-100 mm are suitable for low-power wall-mounted heaters. Larger (100-150 mm) heaters are especially suitable for larger woodburning stoves and electric heaters.<\/p>\n<p><strong>It is recommended to wash all stones to remove stains or dust that may cause an unpleasant odor when using the heater for the first time.<\/strong><!--more--><\/p>\n","protected":false},"excerpt":{"rendered":"<p style=\"font-weight: 400;\">Harvia <strong>olivine-diabase<\/strong> heater stones are selected according to old traditions so that they ensure the best authentic sauna atmosphere. Harvia heater stones provide a pleasant, soft heat. Chopped heater stones are the only suitable stones for electric heaters and woodburning stoves, as they store a lot of heat, and the water evaporates efficiently from a large surface at the fracture site. It is also convenient to place angled chopped stones in the heater. In electric heaters, this is especially important so that the heat can be distributed in the sauna room as efficiently as possible between the hot stones and the heating elements. Good air circulation in the stone chamber helps the electric heating elements last as long as possible. <strong>For electric heater only!<\/strong><\/p>\n","protected":false},"featured_media":2463,"template":"","meta":{"_acf_changed":false,"inline_featured_image":false},"product_brand":[],"product_cat":[109],"product_tag":[],"class_list":{"0":"post-2462","1":"product","2":"type-product","3":"status-publish","4":"has-post-thumbnail","6":"product_cat-sauna-accessories","8":"first","9":"outofstock","10":"taxable","11":"shipping-taxable","12":"product-type-simple"},"acf":[],"yoast_head":"<!-- This site is optimized with the Yoast SEO plugin v27.5 - https:\/\/yoast.com\/product\/yoast-seo-wordpress\/ -->\n<title>Sauna stones HARVIA 5-10 cm - Ecosauna<\/title>\n<meta name=\"robots\" content=\"index, follow, max-snippet:-1, max-image-preview:large, max-video-preview:-1\" \/>\n<link rel=\"canonical\" href=\"https:\/\/ecosauna.ee\/en\/product\/sauna-stones-harvia-5-10-cm\/\" \/>\n<meta property=\"og:locale\" content=\"en_US\" \/>\n<meta property=\"og:type\" content=\"article\" \/>\n<meta property=\"og:title\" content=\"Sauna stones HARVIA 5-10 cm - Ecosauna\" \/>\n<meta property=\"og:description\" content=\"Harvia olivine-diabase heater stones are selected according to old traditions so that they ensure the best authentic sauna atmosphere. Harvia heater stones provide a pleasant, soft heat. Chopped heater stones are the only suitable stones for electric heaters and woodburning stoves, as they store a lot of heat, and the water evaporates efficiently from a large surface at the fracture site. It is also convenient to place angled chopped stones in the heater. In electric heaters, this is especially important so that the heat can be distributed in the sauna room as efficiently as possible between the hot stones and the heating elements. Good air circulation in the stone chamber helps the electric heating elements last as long as possible. For electric heater only!\" \/>\n<meta property=\"og:url\" content=\"https:\/\/ecosauna.ee\/en\/product\/sauna-stones-harvia-5-10-cm\/\" \/>\n<meta property=\"og:site_name\" content=\"Ecosauna\" \/>\n<meta property=\"article:publisher\" content=\"https:\/\/www.facebook.com\/ecosaunad\" \/>\n<meta property=\"article:modified_time\" content=\"2023-01-20T20:24:33+00:00\" \/>\n<meta property=\"og:image\" content=\"https:\/\/ecosauna.ee\/wp-content\/uploads\/2022\/02\/SAUNAKIVID-HARVIA-5-10-cm.jpg\" \/>\n\t<meta property=\"og:image:width\" content=\"1080\" \/>\n\t<meta property=\"og:image:height\" content=\"1080\" \/>\n\t<meta property=\"og:image:type\" content=\"image\/jpeg\" \/>\n<meta name=\"twitter:card\" content=\"summary_large_image\" \/>\n<script type=\"application\/ld+json\" class=\"yoast-schema-graph\">{\"@context\":\"https:\\\/\\\/schema.org\",\"@graph\":[{\"@type\":\"WebPage\",\"@id\":\"https:\\\/\\\/ecosauna.ee\\\/en\\\/product\\\/sauna-stones-harvia-5-10-cm\\\/\",\"url\":\"https:\\\/\\\/ecosauna.ee\\\/en\\\/product\\\/sauna-stones-harvia-5-10-cm\\\/\",\"name\":\"Sauna stones HARVIA 5-10 cm - Ecosauna\",\"isPartOf\":{\"@id\":\"https:\\\/\\\/ecosauna.ee\\\/#website\"},\"primaryImageOfPage\":{\"@id\":\"https:\\\/\\\/ecosauna.ee\\\/en\\\/product\\\/sauna-stones-harvia-5-10-cm\\\/#primaryimage\"},\"image\":{\"@id\":\"https:\\\/\\\/ecosauna.ee\\\/en\\\/product\\\/sauna-stones-harvia-5-10-cm\\\/#primaryimage\"},\"thumbnailUrl\":\"https:\\\/\\\/ecosauna.ee\\\/wp-content\\\/uploads\\\/2022\\\/02\\\/SAUNAKIVID-HARVIA-5-10-cm.jpg\",\"datePublished\":\"2022-02-14T20:42:20+00:00\",\"dateModified\":\"2023-01-20T20:24:33+00:00\",\"breadcrumb\":{\"@id\":\"https:\\\/\\\/ecosauna.ee\\\/en\\\/product\\\/sauna-stones-harvia-5-10-cm\\\/#breadcrumb\"},\"inLanguage\":\"en-US\",\"potentialAction\":[{\"@type\":\"ReadAction\",\"target\":[\"https:\\\/\\\/ecosauna.ee\\\/en\\\/product\\\/sauna-stones-harvia-5-10-cm\\\/\"]}]},{\"@type\":\"ImageObject\",\"inLanguage\":\"en-US\",\"@id\":\"https:\\\/\\\/ecosauna.ee\\\/en\\\/product\\\/sauna-stones-harvia-5-10-cm\\\/#primaryimage\",\"url\":\"https:\\\/\\\/ecosauna.ee\\\/wp-content\\\/uploads\\\/2022\\\/02\\\/SAUNAKIVID-HARVIA-5-10-cm.jpg\",\"contentUrl\":\"https:\\\/\\\/ecosauna.ee\\\/wp-content\\\/uploads\\\/2022\\\/02\\\/SAUNAKIVID-HARVIA-5-10-cm.jpg\",\"width\":1080,\"height\":1080,\"caption\":\"Murtud kerisekivid 5-10 cm\"},{\"@type\":\"BreadcrumbList\",\"@id\":\"https:\\\/\\\/ecosauna.ee\\\/en\\\/product\\\/sauna-stones-harvia-5-10-cm\\\/#breadcrumb\",\"itemListElement\":[{\"@type\":\"ListItem\",\"position\":1,\"name\":\"Esileht\",\"item\":\"https:\\\/\\\/ecosauna.ee\\\/en\\\/\"},{\"@type\":\"ListItem\",\"position\":2,\"name\":\"Shop\",\"item\":\"https:\\\/\\\/ecosauna.ee\\\/en\\\/shop-2\\\/\"},{\"@type\":\"ListItem\",\"position\":3,\"name\":\"Sauna stones HARVIA 5-10 cm\"}]},{\"@type\":\"WebSite\",\"@id\":\"https:\\\/\\\/ecosauna.ee\\\/#website\",\"url\":\"https:\\\/\\\/ecosauna.ee\\\/\",\"name\":\"Ecosauna\",\"description\":\"Saunad, k\u00fcmblust\u00fcnnid, k\u00e4mpingud\",\"publisher\":{\"@id\":\"https:\\\/\\\/ecosauna.ee\\\/#organization\"},\"potentialAction\":[{\"@type\":\"SearchAction\",\"target\":{\"@type\":\"EntryPoint\",\"urlTemplate\":\"https:\\\/\\\/ecosauna.ee\\\/?s={search_term_string}\"},\"query-input\":{\"@type\":\"PropertyValueSpecification\",\"valueRequired\":true,\"valueName\":\"search_term_string\"}}],\"inLanguage\":\"en-US\"},{\"@type\":\"Organization\",\"@id\":\"https:\\\/\\\/ecosauna.ee\\\/#organization\",\"name\":\"Ecosauna Project O\u00dc\",\"url\":\"https:\\\/\\\/ecosauna.ee\\\/\",\"logo\":{\"@type\":\"ImageObject\",\"inLanguage\":\"en-US\",\"@id\":\"https:\\\/\\\/ecosauna.ee\\\/#\\\/schema\\\/logo\\\/image\\\/\",\"url\":\"https:\\\/\\\/ecosauna.ee\\\/wp-content\\\/uploads\\\/2023\\\/03\\\/ecosauna-logo.png\",\"contentUrl\":\"https:\\\/\\\/ecosauna.ee\\\/wp-content\\\/uploads\\\/2023\\\/03\\\/ecosauna-logo.png\",\"width\":818,\"height\":646,\"caption\":\"Ecosauna Project O\u00dc\"},\"image\":{\"@id\":\"https:\\\/\\\/ecosauna.ee\\\/#\\\/schema\\\/logo\\\/image\\\/\"},\"sameAs\":[\"https:\\\/\\\/www.facebook.com\\\/ecosaunad\",\"https:\\\/\\\/www.instagram.com\\\/ecosauna.ee\\\/?hl=en\",\"https:\\\/\\\/www.tiktok.com\\\/@ecosauna\",\"https:\\\/\\\/www.youtube.com\\\/@EcosaunaEesti\"]}]}<\/script>\n<!-- \/ Yoast SEO plugin. -->","yoast_head_json":{"title":"Sauna stones HARVIA 5-10 cm - Ecosauna","robots":{"index":"index","follow":"follow","max-snippet":"max-snippet:-1","max-image-preview":"max-image-preview:large","max-video-preview":"max-video-preview:-1"},"canonical":"https:\/\/ecosauna.ee\/en\/product\/sauna-stones-harvia-5-10-cm\/","og_locale":"en_US","og_type":"article","og_title":"Sauna stones HARVIA 5-10 cm - Ecosauna","og_description":"Harvia olivine-diabase heater stones are selected according to old traditions so that they ensure the best authentic sauna atmosphere. Harvia heater stones provide a pleasant, soft heat. Chopped heater stones are the only suitable stones for electric heaters and woodburning stoves, as they store a lot of heat, and the water evaporates efficiently from a large surface at the fracture site. It is also convenient to place angled chopped stones in the heater. In electric heaters, this is especially important so that the heat can be distributed in the sauna room as efficiently as possible between the hot stones and the heating elements. Good air circulation in the stone chamber helps the electric heating elements last as long as possible. For electric heater only!","og_url":"https:\/\/ecosauna.ee\/en\/product\/sauna-stones-harvia-5-10-cm\/","og_site_name":"Ecosauna","article_publisher":"https:\/\/www.facebook.com\/ecosaunad","article_modified_time":"2023-01-20T20:24:33+00:00","og_image":[{"width":1080,"height":1080,"url":"https:\/\/ecosauna.ee\/wp-content\/uploads\/2022\/02\/SAUNAKIVID-HARVIA-5-10-cm.jpg","type":"image\/jpeg"}],"twitter_card":"summary_large_image","schema":{"@context":"https:\/\/schema.org","@graph":[{"@type":"WebPage","@id":"https:\/\/ecosauna.ee\/en\/product\/sauna-stones-harvia-5-10-cm\/","url":"https:\/\/ecosauna.ee\/en\/product\/sauna-stones-harvia-5-10-cm\/","name":"Sauna stones HARVIA 5-10 cm - Ecosauna","isPartOf":{"@id":"https:\/\/ecosauna.ee\/#website"},"primaryImageOfPage":{"@id":"https:\/\/ecosauna.ee\/en\/product\/sauna-stones-harvia-5-10-cm\/#primaryimage"},"image":{"@id":"https:\/\/ecosauna.ee\/en\/product\/sauna-stones-harvia-5-10-cm\/#primaryimage"},"thumbnailUrl":"https:\/\/ecosauna.ee\/wp-content\/uploads\/2022\/02\/SAUNAKIVID-HARVIA-5-10-cm.jpg","datePublished":"2022-02-14T20:42:20+00:00","dateModified":"2023-01-20T20:24:33+00:00","breadcrumb":{"@id":"https:\/\/ecosauna.ee\/en\/product\/sauna-stones-harvia-5-10-cm\/#breadcrumb"},"inLanguage":"en-US","potentialAction":[{"@type":"ReadAction","target":["https:\/\/ecosauna.ee\/en\/product\/sauna-stones-harvia-5-10-cm\/"]}]},{"@type":"ImageObject","inLanguage":"en-US","@id":"https:\/\/ecosauna.ee\/en\/product\/sauna-stones-harvia-5-10-cm\/#primaryimage","url":"https:\/\/ecosauna.ee\/wp-content\/uploads\/2022\/02\/SAUNAKIVID-HARVIA-5-10-cm.jpg","contentUrl":"https:\/\/ecosauna.ee\/wp-content\/uploads\/2022\/02\/SAUNAKIVID-HARVIA-5-10-cm.jpg","width":1080,"height":1080,"caption":"Murtud kerisekivid 5-10 cm"},{"@type":"BreadcrumbList","@id":"https:\/\/ecosauna.ee\/en\/product\/sauna-stones-harvia-5-10-cm\/#breadcrumb","itemListElement":[{"@type":"ListItem","position":1,"name":"Esileht","item":"https:\/\/ecosauna.ee\/en\/"},{"@type":"ListItem","position":2,"name":"Shop","item":"https:\/\/ecosauna.ee\/en\/shop-2\/"},{"@type":"ListItem","position":3,"name":"Sauna stones HARVIA 5-10 cm"}]},{"@type":"WebSite","@id":"https:\/\/ecosauna.ee\/#website","url":"https:\/\/ecosauna.ee\/","name":"Ecosauna","description":"Saunad, k\u00fcmblust\u00fcnnid, k\u00e4mpingud","publisher":{"@id":"https:\/\/ecosauna.ee\/#organization"},"potentialAction":[{"@type":"SearchAction","target":{"@type":"EntryPoint","urlTemplate":"https:\/\/ecosauna.ee\/?s={search_term_string}"},"query-input":{"@type":"PropertyValueSpecification","valueRequired":true,"valueName":"search_term_string"}}],"inLanguage":"en-US"},{"@type":"Organization","@id":"https:\/\/ecosauna.ee\/#organization","name":"Ecosauna Project O\u00dc","url":"https:\/\/ecosauna.ee\/","logo":{"@type":"ImageObject","inLanguage":"en-US","@id":"https:\/\/ecosauna.ee\/#\/schema\/logo\/image\/","url":"https:\/\/ecosauna.ee\/wp-content\/uploads\/2023\/03\/ecosauna-logo.png","contentUrl":"https:\/\/ecosauna.ee\/wp-content\/uploads\/2023\/03\/ecosauna-logo.png","width":818,"height":646,"caption":"Ecosauna Project O\u00dc"},"image":{"@id":"https:\/\/ecosauna.ee\/#\/schema\/logo\/image\/"},"sameAs":["https:\/\/www.facebook.com\/ecosaunad","https:\/\/www.instagram.com\/ecosauna.ee\/?hl=en","https:\/\/www.tiktok.com\/@ecosauna","https:\/\/www.youtube.com\/@EcosaunaEesti"]}]}},"_links":{"self":[{"href":"https:\/\/ecosauna.ee\/en\/wp-json\/wp\/v2\/product\/2462","targetHints":{"allow":["GET"]}}],"collection":[{"href":"https:\/\/ecosauna.ee\/en\/wp-json\/wp\/v2\/product"}],"about":[{"href":"https:\/\/ecosauna.ee\/en\/wp-json\/wp\/v2\/types\/product"}],"wp:featuredmedia":[{"embeddable":true,"href":"https:\/\/ecosauna.ee\/en\/wp-json\/wp\/v2\/media\/2463"}],"wp:attachment":[{"href":"https:\/\/ecosauna.ee\/en\/wp-json\/wp\/v2\/media?parent=2462"}],"wp:term":[{"taxonomy":"product_brand","embeddable":true,"href":"https:\/\/ecosauna.ee\/en\/wp-json\/wp\/v2\/product_brand?post=2462"},{"taxonomy":"product_cat","embeddable":true,"href":"https:\/\/ecosauna.ee\/en\/wp-json\/wp\/v2\/product_cat?post=2462"},{"taxonomy":"product_tag","embeddable":true,"href":"https:\/\/ecosauna.ee\/en\/wp-json\/wp\/v2\/product_tag?post=2462"}],"curies":[{"name":"wp","href":"https:\/\/api.w.org\/{rel}","templated":true}]}}