{"id":2516,"date":"2022-06-16T11:39:48","date_gmt":"2022-06-16T11:39:48","guid":{"rendered":"https:\/\/ecosauna.ee\/2023\/product\/playhouse-saara\/"},"modified":"2023-01-20T22:24:32","modified_gmt":"2023-01-20T20:24:32","slug":"playhouse-saara","status":"publish","type":"product","link":"https:\/\/ecosauna.ee\/en\/product\/playhouse-saara\/","title":{"rendered":"Playhouse Saara"},"content":{"rendered":"<p style=\"font-weight: 400;\">The playhouse can be painted or tinted as desired.\u00a0Roofing material is not included.\u00a0We recommend building a foundation for the house!<\/p>\n<p><a class=\"btn_1 button\" href=\"https:\/\/www.ecosauna.ee\/wp-content\/uploads\/2022\/06\/Saara-suure-uksega-tooteleht.pdf\" target=\"_blank\" rel=\"noopener\">Download the product manual<\/a><\/p>\n<div>\n<ul>\n<li style=\"font-weight: 400;\">Floor, roof, and wallboard: 16 mm<\/li>\n<li style=\"font-weight: 400;\">Wall height to the eaves: 144 cm, total height 237 cm<\/li>\n<li style=\"font-weight: 400;\">Area: indoor 4.8 m\u00b2, terrace 1.9 m\u00b2, second floor 1.4 m\u00b2<\/li>\n<li style=\"font-weight: 400;\">Roof area: 13 m\u00b2 \/ roof pitch angles 25\u00b0 45\u00b0, 10\u00b0<\/li>\n<li style=\"font-weight: 400;\">Product dimensions: 56 cm \u00d7 123 cm, large door 67.5 cm x 180 cm<\/li>\n<li style=\"font-weight: 400;\">Dimensions of the non-openable window opening (plexiglass): windows in front of the house 33 cm x 64.5 cm, side window 45 cm x 64.5 cm<\/li>\n<li style=\"font-weight: 400;\">Material: spruce<\/li>\n<li style=\"font-weight: 400;\">Package size: 70x120x235 cm<\/li>\n<li style=\"font-weight: 400;\">Package Weight: 450 kg<\/li>\n<\/ul>\n<\/div>\n","protected":false},"excerpt":{"rendered":"<p style=\"font-weight: 400;\">Saara is a stylish two-story children&#039;s playhouse that is suitable for any garden or summer home. What makes the playhouse special is that it has two doors: one for adults and one for children.<\/p>\n<p style=\"font-weight: 400;\">In front of the house, there is a large wooden terrace, which is pleasant in rainy weather and where also one can find shade from the scorching sun.<\/p>\n","protected":false},"featured_media":2517,"template":"","meta":{"_acf_changed":false,"inline_featured_image":false},"product_brand":[],"product_cat":[105],"product_tag":[],"class_list":{"0":"post-2516","1":"product","2":"type-product","3":"status-publish","4":"has-post-thumbnail","6":"product_cat-products","8":"first","9":"instock","10":"taxable","11":"shipping-taxable","12":"product-type-simple"},"acf":[],"yoast_head":"<!-- This site is optimized with the Yoast SEO plugin v27.4 - https:\/\/yoast.com\/product\/yoast-seo-wordpress\/ -->\n<title>Playhouse Saara - Ecosauna<\/title>\n<meta name=\"description\" content=\"Saara is a stylish two-story children&#039;s playhouse that is suitable for any garden or summer home. What makes the playhouse special is that it has two doors: one for adults and one for children.\" \/>\n<meta name=\"robots\" content=\"index, follow, max-snippet:-1, max-image-preview:large, max-video-preview:-1\" \/>\n<link rel=\"canonical\" href=\"https:\/\/ecosauna.ee\/en\/product\/playhouse-saara\/\" \/>\n<meta property=\"og:locale\" content=\"en_US\" \/>\n<meta property=\"og:type\" content=\"article\" \/>\n<meta property=\"og:title\" content=\"Playhouse Saara - Ecosauna\" \/>\n<meta property=\"og:description\" content=\"Saara is a stylish two-story children&#039;s playhouse that is suitable for any garden or summer home. What makes the playhouse special is that it has two doors: one for adults and one for children.\" \/>\n<meta property=\"og:url\" content=\"https:\/\/ecosauna.ee\/en\/product\/playhouse-saara\/\" \/>\n<meta property=\"og:site_name\" content=\"Ecosauna\" \/>\n<meta property=\"article:publisher\" content=\"https:\/\/www.facebook.com\/ecosaunad\" \/>\n<meta property=\"article:modified_time\" content=\"2023-01-20T20:24:32+00:00\" \/>\n<meta property=\"og:image\" content=\"https:\/\/ecosauna.ee\/wp-content\/uploads\/2022\/06\/Saara_kollane2.jpg\" \/>\n\t<meta property=\"og:image:width\" content=\"2500\" \/>\n\t<meta property=\"og:image:height\" content=\"1667\" \/>\n\t<meta property=\"og:image:type\" content=\"image\/jpeg\" \/>\n<meta name=\"twitter:card\" content=\"summary_large_image\" \/>\n<script type=\"application\/ld+json\" class=\"yoast-schema-graph\">{\"@context\":\"https:\\\/\\\/schema.org\",\"@graph\":[{\"@type\":\"WebPage\",\"@id\":\"https:\\\/\\\/ecosauna.ee\\\/en\\\/product\\\/playhouse-saara\\\/\",\"url\":\"https:\\\/\\\/ecosauna.ee\\\/en\\\/product\\\/playhouse-saara\\\/\",\"name\":\"Playhouse Saara - Ecosauna\",\"isPartOf\":{\"@id\":\"https:\\\/\\\/ecosauna.ee\\\/#website\"},\"primaryImageOfPage\":{\"@id\":\"https:\\\/\\\/ecosauna.ee\\\/en\\\/product\\\/playhouse-saara\\\/#primaryimage\"},\"image\":{\"@id\":\"https:\\\/\\\/ecosauna.ee\\\/en\\\/product\\\/playhouse-saara\\\/#primaryimage\"},\"thumbnailUrl\":\"https:\\\/\\\/ecosauna.ee\\\/wp-content\\\/uploads\\\/2022\\\/06\\\/Saara_kollane2.jpg\",\"datePublished\":\"2022-06-16T11:39:48+00:00\",\"dateModified\":\"2023-01-20T20:24:32+00:00\",\"description\":\"Saara is a stylish two-story children's playhouse that is suitable for any garden or summer home. What makes the playhouse special is that it has two doors: one for adults and one for children.\",\"breadcrumb\":{\"@id\":\"https:\\\/\\\/ecosauna.ee\\\/en\\\/product\\\/playhouse-saara\\\/#breadcrumb\"},\"inLanguage\":\"en-US\",\"potentialAction\":[{\"@type\":\"ReadAction\",\"target\":[\"https:\\\/\\\/ecosauna.ee\\\/en\\\/product\\\/playhouse-saara\\\/\"]}]},{\"@type\":\"ImageObject\",\"inLanguage\":\"en-US\",\"@id\":\"https:\\\/\\\/ecosauna.ee\\\/en\\\/product\\\/playhouse-saara\\\/#primaryimage\",\"url\":\"https:\\\/\\\/ecosauna.ee\\\/wp-content\\\/uploads\\\/2022\\\/06\\\/Saara_kollane2.jpg\",\"contentUrl\":\"https:\\\/\\\/ecosauna.ee\\\/wp-content\\\/uploads\\\/2022\\\/06\\\/Saara_kollane2.jpg\",\"width\":2500,\"height\":1667},{\"@type\":\"BreadcrumbList\",\"@id\":\"https:\\\/\\\/ecosauna.ee\\\/en\\\/product\\\/playhouse-saara\\\/#breadcrumb\",\"itemListElement\":[{\"@type\":\"ListItem\",\"position\":1,\"name\":\"Esileht\",\"item\":\"https:\\\/\\\/ecosauna.ee\\\/en\\\/\"},{\"@type\":\"ListItem\",\"position\":2,\"name\":\"Shop\",\"item\":\"https:\\\/\\\/ecosauna.ee\\\/en\\\/shop-2\\\/\"},{\"@type\":\"ListItem\",\"position\":3,\"name\":\"Playhouse Saara\"}]},{\"@type\":\"WebSite\",\"@id\":\"https:\\\/\\\/ecosauna.ee\\\/#website\",\"url\":\"https:\\\/\\\/ecosauna.ee\\\/\",\"name\":\"Ecosauna\",\"description\":\"Saunad, k\u00fcmblust\u00fcnnid, k\u00e4mpingud\",\"publisher\":{\"@id\":\"https:\\\/\\\/ecosauna.ee\\\/#organization\"},\"potentialAction\":[{\"@type\":\"SearchAction\",\"target\":{\"@type\":\"EntryPoint\",\"urlTemplate\":\"https:\\\/\\\/ecosauna.ee\\\/?s={search_term_string}\"},\"query-input\":{\"@type\":\"PropertyValueSpecification\",\"valueRequired\":true,\"valueName\":\"search_term_string\"}}],\"inLanguage\":\"en-US\"},{\"@type\":\"Organization\",\"@id\":\"https:\\\/\\\/ecosauna.ee\\\/#organization\",\"name\":\"Ecosauna Project O\u00dc\",\"url\":\"https:\\\/\\\/ecosauna.ee\\\/\",\"logo\":{\"@type\":\"ImageObject\",\"inLanguage\":\"en-US\",\"@id\":\"https:\\\/\\\/ecosauna.ee\\\/#\\\/schema\\\/logo\\\/image\\\/\",\"url\":\"https:\\\/\\\/ecosauna.ee\\\/wp-content\\\/uploads\\\/2023\\\/03\\\/ecosauna-logo.png\",\"contentUrl\":\"https:\\\/\\\/ecosauna.ee\\\/wp-content\\\/uploads\\\/2023\\\/03\\\/ecosauna-logo.png\",\"width\":818,\"height\":646,\"caption\":\"Ecosauna Project O\u00dc\"},\"image\":{\"@id\":\"https:\\\/\\\/ecosauna.ee\\\/#\\\/schema\\\/logo\\\/image\\\/\"},\"sameAs\":[\"https:\\\/\\\/www.facebook.com\\\/ecosaunad\",\"https:\\\/\\\/www.instagram.com\\\/ecosauna.ee\\\/?hl=en\",\"https:\\\/\\\/www.tiktok.com\\\/@ecosauna\",\"https:\\\/\\\/www.youtube.com\\\/@EcosaunaEesti\"]}]}<\/script>\n<!-- \/ Yoast SEO plugin. -->","yoast_head_json":{"title":"Playhouse Saara - Ecosauna","description":"Saara is a stylish two-story children's playhouse that is suitable for any garden or summer home. What makes the playhouse special is that it has two doors: one for adults and one for children.","robots":{"index":"index","follow":"follow","max-snippet":"max-snippet:-1","max-image-preview":"max-image-preview:large","max-video-preview":"max-video-preview:-1"},"canonical":"https:\/\/ecosauna.ee\/en\/product\/playhouse-saara\/","og_locale":"en_US","og_type":"article","og_title":"Playhouse Saara - Ecosauna","og_description":"Saara is a stylish two-story children's playhouse that is suitable for any garden or summer home. What makes the playhouse special is that it has two doors: one for adults and one for children.","og_url":"https:\/\/ecosauna.ee\/en\/product\/playhouse-saara\/","og_site_name":"Ecosauna","article_publisher":"https:\/\/www.facebook.com\/ecosaunad","article_modified_time":"2023-01-20T20:24:32+00:00","og_image":[{"width":2500,"height":1667,"url":"https:\/\/ecosauna.ee\/wp-content\/uploads\/2022\/06\/Saara_kollane2.jpg","type":"image\/jpeg"}],"twitter_card":"summary_large_image","schema":{"@context":"https:\/\/schema.org","@graph":[{"@type":"WebPage","@id":"https:\/\/ecosauna.ee\/en\/product\/playhouse-saara\/","url":"https:\/\/ecosauna.ee\/en\/product\/playhouse-saara\/","name":"Playhouse Saara - Ecosauna","isPartOf":{"@id":"https:\/\/ecosauna.ee\/#website"},"primaryImageOfPage":{"@id":"https:\/\/ecosauna.ee\/en\/product\/playhouse-saara\/#primaryimage"},"image":{"@id":"https:\/\/ecosauna.ee\/en\/product\/playhouse-saara\/#primaryimage"},"thumbnailUrl":"https:\/\/ecosauna.ee\/wp-content\/uploads\/2022\/06\/Saara_kollane2.jpg","datePublished":"2022-06-16T11:39:48+00:00","dateModified":"2023-01-20T20:24:32+00:00","description":"Saara is a stylish two-story children's playhouse that is suitable for any garden or summer home. What makes the playhouse special is that it has two doors: one for adults and one for children.","breadcrumb":{"@id":"https:\/\/ecosauna.ee\/en\/product\/playhouse-saara\/#breadcrumb"},"inLanguage":"en-US","potentialAction":[{"@type":"ReadAction","target":["https:\/\/ecosauna.ee\/en\/product\/playhouse-saara\/"]}]},{"@type":"ImageObject","inLanguage":"en-US","@id":"https:\/\/ecosauna.ee\/en\/product\/playhouse-saara\/#primaryimage","url":"https:\/\/ecosauna.ee\/wp-content\/uploads\/2022\/06\/Saara_kollane2.jpg","contentUrl":"https:\/\/ecosauna.ee\/wp-content\/uploads\/2022\/06\/Saara_kollane2.jpg","width":2500,"height":1667},{"@type":"BreadcrumbList","@id":"https:\/\/ecosauna.ee\/en\/product\/playhouse-saara\/#breadcrumb","itemListElement":[{"@type":"ListItem","position":1,"name":"Esileht","item":"https:\/\/ecosauna.ee\/en\/"},{"@type":"ListItem","position":2,"name":"Shop","item":"https:\/\/ecosauna.ee\/en\/shop-2\/"},{"@type":"ListItem","position":3,"name":"Playhouse Saara"}]},{"@type":"WebSite","@id":"https:\/\/ecosauna.ee\/#website","url":"https:\/\/ecosauna.ee\/","name":"Ecosauna","description":"Saunad, k\u00fcmblust\u00fcnnid, k\u00e4mpingud","publisher":{"@id":"https:\/\/ecosauna.ee\/#organization"},"potentialAction":[{"@type":"SearchAction","target":{"@type":"EntryPoint","urlTemplate":"https:\/\/ecosauna.ee\/?s={search_term_string}"},"query-input":{"@type":"PropertyValueSpecification","valueRequired":true,"valueName":"search_term_string"}}],"inLanguage":"en-US"},{"@type":"Organization","@id":"https:\/\/ecosauna.ee\/#organization","name":"Ecosauna Project O\u00dc","url":"https:\/\/ecosauna.ee\/","logo":{"@type":"ImageObject","inLanguage":"en-US","@id":"https:\/\/ecosauna.ee\/#\/schema\/logo\/image\/","url":"https:\/\/ecosauna.ee\/wp-content\/uploads\/2023\/03\/ecosauna-logo.png","contentUrl":"https:\/\/ecosauna.ee\/wp-content\/uploads\/2023\/03\/ecosauna-logo.png","width":818,"height":646,"caption":"Ecosauna Project O\u00dc"},"image":{"@id":"https:\/\/ecosauna.ee\/#\/schema\/logo\/image\/"},"sameAs":["https:\/\/www.facebook.com\/ecosaunad","https:\/\/www.instagram.com\/ecosauna.ee\/?hl=en","https:\/\/www.tiktok.com\/@ecosauna","https:\/\/www.youtube.com\/@EcosaunaEesti"]}]}},"_links":{"self":[{"href":"https:\/\/ecosauna.ee\/en\/wp-json\/wp\/v2\/product\/2516","targetHints":{"allow":["GET"]}}],"collection":[{"href":"https:\/\/ecosauna.ee\/en\/wp-json\/wp\/v2\/product"}],"about":[{"href":"https:\/\/ecosauna.ee\/en\/wp-json\/wp\/v2\/types\/product"}],"wp:featuredmedia":[{"embeddable":true,"href":"https:\/\/ecosauna.ee\/en\/wp-json\/wp\/v2\/media\/2517"}],"wp:attachment":[{"href":"https:\/\/ecosauna.ee\/en\/wp-json\/wp\/v2\/media?parent=2516"}],"wp:term":[{"taxonomy":"product_brand","embeddable":true,"href":"https:\/\/ecosauna.ee\/en\/wp-json\/wp\/v2\/product_brand?post=2516"},{"taxonomy":"product_cat","embeddable":true,"href":"https:\/\/ecosauna.ee\/en\/wp-json\/wp\/v2\/product_cat?post=2516"},{"taxonomy":"product_tag","embeddable":true,"href":"https:\/\/ecosauna.ee\/en\/wp-json\/wp\/v2\/product_tag?post=2516"}],"curies":[{"name":"wp","href":"https:\/\/api.w.org\/{rel}","templated":true}]}}