{"id":7802,"date":"2024-10-03T17:34:56","date_gmt":"2024-10-03T14:34:56","guid":{"rendered":"https:\/\/ecosauna.ee\/?post_type=product&#038;p=7802"},"modified":"2025-01-01T00:00:03","modified_gmt":"2024-12-31T22:00:03","slug":"icetub-icon","status":"publish","type":"product","link":"https:\/\/ecosauna.ee\/en\/product\/icetub-icon\/","title":{"rendered":"IceTub Icon"},"content":{"rendered":"<p style=\"font-weight: 400\"><strong>The set includes:<\/strong><\/p>\n<ul>\n<li>Glassfiber insert in Grey, White or Black<\/li>\n<li>Thermo wood cladding finished with weather protective stain<\/li>\n<li>Round step.<\/li>\n<\/ul>\n<p style=\"font-weight: 400\">It is possible to order an insulated cover and a water cooler-heater for the cold tub, which allows the cold tub to be used for both cold and heat therapy. It is also possible to have the cold tub insulated from the outside with PUR foam to ensure a slower temperature change of the water.<\/p>\n<p><!--more--><\/p>\n","protected":false},"excerpt":{"rendered":"<p style=\"font-weight: 400\"><strong>IceTub 100<\/strong>, which is suitable for a cooling bath for one person, has been added to our product range. The cold tub has an easy-to-maintain fiberglass insert and a durable square shaped thermowood cladding.<\/p>\n<p>&nbsp;<\/p>\n","protected":false},"featured_media":8300,"template":"","meta":{"_acf_changed":false,"inline_featured_image":false},"product_brand":[],"product_cat":[111,105],"product_tag":[],"class_list":{"0":"post-7802","1":"product","2":"type-product","3":"status-publish","4":"has-post-thumbnail","6":"product_cat-hot-tubs","7":"product_cat-products","9":"first","10":"instock","11":"taxable","12":"shipping-taxable","13":"product-type-variable"},"acf":[],"yoast_head":"<!-- This site is optimized with the Yoast SEO plugin v27.4 - https:\/\/yoast.com\/product\/yoast-seo-wordpress\/ -->\n<title>IceTub Icon - Ecosauna<\/title>\n<meta name=\"description\" content=\"The uniqueness of the hot tub lies in its easy-to-care-for fiberglass interior and luxurious thermal wood casing.\" \/>\n<meta name=\"robots\" content=\"index, follow, max-snippet:-1, max-image-preview:large, max-video-preview:-1\" \/>\n<link rel=\"canonical\" href=\"https:\/\/ecosauna.ee\/en\/product\/icetub-icon\/\" \/>\n<meta property=\"og:locale\" content=\"en_US\" \/>\n<meta property=\"og:type\" content=\"article\" \/>\n<meta property=\"og:title\" content=\"IceTub Icon - Ecosauna\" \/>\n<meta property=\"og:description\" content=\"The uniqueness of the hot tub lies in its easy-to-care-for fiberglass interior and luxurious thermal wood casing.\" \/>\n<meta property=\"og:url\" content=\"https:\/\/ecosauna.ee\/en\/product\/icetub-icon\/\" \/>\n<meta property=\"og:site_name\" content=\"Ecosauna\" \/>\n<meta property=\"article:publisher\" content=\"https:\/\/www.facebook.com\/ecosaunad\" \/>\n<meta property=\"article:modified_time\" content=\"2024-12-31T22:00:03+00:00\" \/>\n<meta property=\"og:image\" content=\"https:\/\/ecosauna.ee\/wp-content\/uploads\/2024\/10\/icon-icetub-1-ecosauna.jpg\" \/>\n\t<meta property=\"og:image:width\" content=\"2363\" \/>\n\t<meta property=\"og:image:height\" content=\"2363\" \/>\n\t<meta property=\"og:image:type\" content=\"image\/jpeg\" \/>\n<meta name=\"twitter:card\" content=\"summary_large_image\" \/>\n<meta name=\"twitter:label1\" content=\"Est. reading time\" \/>\n\t<meta name=\"twitter:data1\" content=\"1 minute\" \/>\n<script type=\"application\/ld+json\" class=\"yoast-schema-graph\">{\"@context\":\"https:\\\/\\\/schema.org\",\"@graph\":[{\"@type\":\"WebPage\",\"@id\":\"https:\\\/\\\/ecosauna.ee\\\/en\\\/product\\\/icetub-icon\\\/\",\"url\":\"https:\\\/\\\/ecosauna.ee\\\/en\\\/product\\\/icetub-icon\\\/\",\"name\":\"IceTub Icon - Ecosauna\",\"isPartOf\":{\"@id\":\"https:\\\/\\\/ecosauna.ee\\\/#website\"},\"primaryImageOfPage\":{\"@id\":\"https:\\\/\\\/ecosauna.ee\\\/en\\\/product\\\/icetub-icon\\\/#primaryimage\"},\"image\":{\"@id\":\"https:\\\/\\\/ecosauna.ee\\\/en\\\/product\\\/icetub-icon\\\/#primaryimage\"},\"thumbnailUrl\":\"https:\\\/\\\/ecosauna.ee\\\/wp-content\\\/uploads\\\/2024\\\/10\\\/ecosauna-icon-icetub-kylmtynn-black-3.jpg\",\"datePublished\":\"2024-10-03T14:34:56+00:00\",\"dateModified\":\"2024-12-31T22:00:03+00:00\",\"description\":\"The uniqueness of the hot tub lies in its easy-to-care-for fiberglass interior and luxurious thermal wood casing.\",\"breadcrumb\":{\"@id\":\"https:\\\/\\\/ecosauna.ee\\\/en\\\/product\\\/icetub-icon\\\/#breadcrumb\"},\"inLanguage\":\"en-US\",\"potentialAction\":[{\"@type\":\"ReadAction\",\"target\":[\"https:\\\/\\\/ecosauna.ee\\\/en\\\/product\\\/icetub-icon\\\/\"]}]},{\"@type\":\"ImageObject\",\"inLanguage\":\"en-US\",\"@id\":\"https:\\\/\\\/ecosauna.ee\\\/en\\\/product\\\/icetub-icon\\\/#primaryimage\",\"url\":\"https:\\\/\\\/ecosauna.ee\\\/wp-content\\\/uploads\\\/2024\\\/10\\\/ecosauna-icon-icetub-kylmtynn-black-3.jpg\",\"contentUrl\":\"https:\\\/\\\/ecosauna.ee\\\/wp-content\\\/uploads\\\/2024\\\/10\\\/ecosauna-icon-icetub-kylmtynn-black-3.jpg\",\"width\":1200,\"height\":1040},{\"@type\":\"BreadcrumbList\",\"@id\":\"https:\\\/\\\/ecosauna.ee\\\/en\\\/product\\\/icetub-icon\\\/#breadcrumb\",\"itemListElement\":[{\"@type\":\"ListItem\",\"position\":1,\"name\":\"Esileht\",\"item\":\"https:\\\/\\\/ecosauna.ee\\\/en\\\/\"},{\"@type\":\"ListItem\",\"position\":2,\"name\":\"Shop\",\"item\":\"https:\\\/\\\/ecosauna.ee\\\/en\\\/shop-2\\\/\"},{\"@type\":\"ListItem\",\"position\":3,\"name\":\"IceTub Icon\"}]},{\"@type\":\"WebSite\",\"@id\":\"https:\\\/\\\/ecosauna.ee\\\/#website\",\"url\":\"https:\\\/\\\/ecosauna.ee\\\/\",\"name\":\"Ecosauna\",\"description\":\"Saunad, k\u00fcmblust\u00fcnnid, k\u00e4mpingud\",\"publisher\":{\"@id\":\"https:\\\/\\\/ecosauna.ee\\\/#organization\"},\"potentialAction\":[{\"@type\":\"SearchAction\",\"target\":{\"@type\":\"EntryPoint\",\"urlTemplate\":\"https:\\\/\\\/ecosauna.ee\\\/?s={search_term_string}\"},\"query-input\":{\"@type\":\"PropertyValueSpecification\",\"valueRequired\":true,\"valueName\":\"search_term_string\"}}],\"inLanguage\":\"en-US\"},{\"@type\":\"Organization\",\"@id\":\"https:\\\/\\\/ecosauna.ee\\\/#organization\",\"name\":\"Ecosauna Project O\u00dc\",\"url\":\"https:\\\/\\\/ecosauna.ee\\\/\",\"logo\":{\"@type\":\"ImageObject\",\"inLanguage\":\"en-US\",\"@id\":\"https:\\\/\\\/ecosauna.ee\\\/#\\\/schema\\\/logo\\\/image\\\/\",\"url\":\"https:\\\/\\\/ecosauna.ee\\\/wp-content\\\/uploads\\\/2023\\\/03\\\/ecosauna-logo.png\",\"contentUrl\":\"https:\\\/\\\/ecosauna.ee\\\/wp-content\\\/uploads\\\/2023\\\/03\\\/ecosauna-logo.png\",\"width\":818,\"height\":646,\"caption\":\"Ecosauna Project O\u00dc\"},\"image\":{\"@id\":\"https:\\\/\\\/ecosauna.ee\\\/#\\\/schema\\\/logo\\\/image\\\/\"},\"sameAs\":[\"https:\\\/\\\/www.facebook.com\\\/ecosaunad\",\"https:\\\/\\\/www.instagram.com\\\/ecosauna.ee\\\/?hl=en\",\"https:\\\/\\\/www.tiktok.com\\\/@ecosauna\",\"https:\\\/\\\/www.youtube.com\\\/@EcosaunaEesti\"]}]}<\/script>\n<!-- \/ Yoast SEO plugin. -->","yoast_head_json":{"title":"IceTub Icon - Ecosauna","description":"The uniqueness of the hot tub lies in its easy-to-care-for fiberglass interior and luxurious thermal wood casing.","robots":{"index":"index","follow":"follow","max-snippet":"max-snippet:-1","max-image-preview":"max-image-preview:large","max-video-preview":"max-video-preview:-1"},"canonical":"https:\/\/ecosauna.ee\/en\/product\/icetub-icon\/","og_locale":"en_US","og_type":"article","og_title":"IceTub Icon - Ecosauna","og_description":"The uniqueness of the hot tub lies in its easy-to-care-for fiberglass interior and luxurious thermal wood casing.","og_url":"https:\/\/ecosauna.ee\/en\/product\/icetub-icon\/","og_site_name":"Ecosauna","article_publisher":"https:\/\/www.facebook.com\/ecosaunad","article_modified_time":"2024-12-31T22:00:03+00:00","og_image":[{"width":2363,"height":2363,"url":"https:\/\/ecosauna.ee\/wp-content\/uploads\/2024\/10\/icon-icetub-1-ecosauna.jpg","type":"image\/jpeg"}],"twitter_card":"summary_large_image","twitter_misc":{"Est. reading time":"1 minute"},"schema":{"@context":"https:\/\/schema.org","@graph":[{"@type":"WebPage","@id":"https:\/\/ecosauna.ee\/en\/product\/icetub-icon\/","url":"https:\/\/ecosauna.ee\/en\/product\/icetub-icon\/","name":"IceTub Icon - Ecosauna","isPartOf":{"@id":"https:\/\/ecosauna.ee\/#website"},"primaryImageOfPage":{"@id":"https:\/\/ecosauna.ee\/en\/product\/icetub-icon\/#primaryimage"},"image":{"@id":"https:\/\/ecosauna.ee\/en\/product\/icetub-icon\/#primaryimage"},"thumbnailUrl":"https:\/\/ecosauna.ee\/wp-content\/uploads\/2024\/10\/ecosauna-icon-icetub-kylmtynn-black-3.jpg","datePublished":"2024-10-03T14:34:56+00:00","dateModified":"2024-12-31T22:00:03+00:00","description":"The uniqueness of the hot tub lies in its easy-to-care-for fiberglass interior and luxurious thermal wood casing.","breadcrumb":{"@id":"https:\/\/ecosauna.ee\/en\/product\/icetub-icon\/#breadcrumb"},"inLanguage":"en-US","potentialAction":[{"@type":"ReadAction","target":["https:\/\/ecosauna.ee\/en\/product\/icetub-icon\/"]}]},{"@type":"ImageObject","inLanguage":"en-US","@id":"https:\/\/ecosauna.ee\/en\/product\/icetub-icon\/#primaryimage","url":"https:\/\/ecosauna.ee\/wp-content\/uploads\/2024\/10\/ecosauna-icon-icetub-kylmtynn-black-3.jpg","contentUrl":"https:\/\/ecosauna.ee\/wp-content\/uploads\/2024\/10\/ecosauna-icon-icetub-kylmtynn-black-3.jpg","width":1200,"height":1040},{"@type":"BreadcrumbList","@id":"https:\/\/ecosauna.ee\/en\/product\/icetub-icon\/#breadcrumb","itemListElement":[{"@type":"ListItem","position":1,"name":"Esileht","item":"https:\/\/ecosauna.ee\/en\/"},{"@type":"ListItem","position":2,"name":"Shop","item":"https:\/\/ecosauna.ee\/en\/shop-2\/"},{"@type":"ListItem","position":3,"name":"IceTub Icon"}]},{"@type":"WebSite","@id":"https:\/\/ecosauna.ee\/#website","url":"https:\/\/ecosauna.ee\/","name":"Ecosauna","description":"Saunad, k\u00fcmblust\u00fcnnid, k\u00e4mpingud","publisher":{"@id":"https:\/\/ecosauna.ee\/#organization"},"potentialAction":[{"@type":"SearchAction","target":{"@type":"EntryPoint","urlTemplate":"https:\/\/ecosauna.ee\/?s={search_term_string}"},"query-input":{"@type":"PropertyValueSpecification","valueRequired":true,"valueName":"search_term_string"}}],"inLanguage":"en-US"},{"@type":"Organization","@id":"https:\/\/ecosauna.ee\/#organization","name":"Ecosauna Project O\u00dc","url":"https:\/\/ecosauna.ee\/","logo":{"@type":"ImageObject","inLanguage":"en-US","@id":"https:\/\/ecosauna.ee\/#\/schema\/logo\/image\/","url":"https:\/\/ecosauna.ee\/wp-content\/uploads\/2023\/03\/ecosauna-logo.png","contentUrl":"https:\/\/ecosauna.ee\/wp-content\/uploads\/2023\/03\/ecosauna-logo.png","width":818,"height":646,"caption":"Ecosauna Project O\u00dc"},"image":{"@id":"https:\/\/ecosauna.ee\/#\/schema\/logo\/image\/"},"sameAs":["https:\/\/www.facebook.com\/ecosaunad","https:\/\/www.instagram.com\/ecosauna.ee\/?hl=en","https:\/\/www.tiktok.com\/@ecosauna","https:\/\/www.youtube.com\/@EcosaunaEesti"]}]}},"_links":{"self":[{"href":"https:\/\/ecosauna.ee\/en\/wp-json\/wp\/v2\/product\/7802","targetHints":{"allow":["GET"]}}],"collection":[{"href":"https:\/\/ecosauna.ee\/en\/wp-json\/wp\/v2\/product"}],"about":[{"href":"https:\/\/ecosauna.ee\/en\/wp-json\/wp\/v2\/types\/product"}],"wp:featuredmedia":[{"embeddable":true,"href":"https:\/\/ecosauna.ee\/en\/wp-json\/wp\/v2\/media\/8300"}],"wp:attachment":[{"href":"https:\/\/ecosauna.ee\/en\/wp-json\/wp\/v2\/media?parent=7802"}],"wp:term":[{"taxonomy":"product_brand","embeddable":true,"href":"https:\/\/ecosauna.ee\/en\/wp-json\/wp\/v2\/product_brand?post=7802"},{"taxonomy":"product_cat","embeddable":true,"href":"https:\/\/ecosauna.ee\/en\/wp-json\/wp\/v2\/product_cat?post=7802"},{"taxonomy":"product_tag","embeddable":true,"href":"https:\/\/ecosauna.ee\/en\/wp-json\/wp\/v2\/product_tag?post=7802"}],"curies":[{"name":"wp","href":"https:\/\/api.w.org\/{rel}","templated":true}]}}