{"id":3595,"date":"2021-08-05T15:39:00","date_gmt":"2021-08-05T15:39:00","guid":{"rendered":"https:\/\/ecosauna.ee\/2023\/kontakt\/"},"modified":"2025-10-23T12:02:48","modified_gmt":"2025-10-23T09:02:48","slug":"contact","status":"publish","type":"page","link":"https:\/\/ecosauna.ee\/ru\/contact\/","title":{"rendered":"\u041a\u043e\u043d\u0442\u0430\u043a\u0442"},"content":{"rendered":"","protected":false},"excerpt":{"rendered":"","protected":false},"author":13,"featured_media":3227,"parent":0,"menu_order":0,"comment_status":"closed","ping_status":"closed","template":"","meta":{"_acf_changed":false,"inline_featured_image":false,"footnotes":""},"class_list":["post-3595","page","type-page","status-publish","has-post-thumbnail","hentry"],"acf":[],"yoast_head":"<!-- This site is optimized with the Yoast SEO plugin v27.4 - https:\/\/yoast.com\/product\/yoast-seo-wordpress\/ -->\n<title>\u041a\u043e\u043d\u0442\u0430\u043a\u0442 - Ecosauna<\/title>\n<meta name=\"description\" content=\"\u0417\u0430\u043b\u043e\u0433\u043e\u043c \u043d\u0430\u0448\u0435\u0433\u043e \u0431\u044b\u0441\u0442\u0440\u043e\u0433\u043e \u0440\u043e\u0441\u0442\u0430 \u0438 \u0443\u0441\u043f\u0435\u0445\u0430 \u044f\u0432\u043b\u044f\u044e\u0442\u0441\u044f \u043f\u0440\u043e\u0444\u0435\u0441\u0441\u0438\u043e\u043d\u0430\u043b\u044c\u043d\u0430\u044f \u043a\u043e\u043c\u0430\u043d\u0434\u0430, \u043c\u043d\u043e\u0433\u043e\u043b\u0435\u0442\u043d\u0438\u0439 \u043e\u043f\u044b\u0442, \u0442\u0449\u0430\u0442\u0435\u043b\u044c\u043d\u043e \u043f\u043e\u0434\u043e\u0431\u0440\u0430\u043d\u043d\u044b\u0435 \u043c\u0430\u0442\u0435\u0440\u0438\u0430\u043b\u044b.\" \/>\n<meta name=\"robots\" content=\"index, follow, max-snippet:-1, max-image-preview:large, max-video-preview:-1\" \/>\n<link rel=\"canonical\" href=\"https:\/\/ecosauna.ee\/ru\/contact\/\" \/>\n<meta property=\"og:locale\" content=\"ru_RU\" \/>\n<meta property=\"og:type\" content=\"article\" \/>\n<meta property=\"og:title\" content=\"[:et]Kontakt - Ecosauna[:]\" \/>\n<meta property=\"og:description\" content=\"[:et]Ecosauna Project O\u00dc kiire kasvu ja edu v\u00f5ti on professionaalne meeskond, pikaajaline kogemus ja hoolega valitud materjalid[:]\" \/>\n<meta property=\"og:url\" content=\"https:\/\/ecosauna.ee\/ru\/contact\/\" \/>\n<meta property=\"og:site_name\" content=\"Ecosauna\" \/>\n<meta property=\"article:publisher\" content=\"https:\/\/www.facebook.com\/ecosaunad\" \/>\n<meta property=\"article:modified_time\" content=\"2025-10-23T09:02:48+00:00\" \/>\n<meta property=\"og:image\" content=\"https:\/\/ecosauna.ee\/wp-content\/uploads\/2022\/02\/IMG_2037-scaled.jpg\" \/>\n\t<meta property=\"og:image:width\" content=\"2560\" \/>\n\t<meta property=\"og:image:height\" content=\"1707\" \/>\n\t<meta property=\"og:image:type\" content=\"image\/jpeg\" \/>\n<meta name=\"twitter:card\" content=\"summary_large_image\" \/>\n<meta name=\"twitter:title\" content=\"Kontakt - Ecosauna\" \/>\n<meta name=\"twitter:description\" content=\"Ecosauna Project O\u00dc kiire kasvu ja edu v\u00f5ti on professionaalne meeskond, pikaajaline kogemus ja hoolega valitud materjalid\" \/>\n<meta name=\"twitter:image\" content=\"https:\/\/ecosauna.ee\/wp-content\/uploads\/2022\/02\/IMG_2037-scaled.jpg\" \/>\n<meta name=\"twitter:label1\" content=\"\u041f\u0440\u0438\u043c\u0435\u0440\u043d\u043e\u0435 \u0432\u0440\u0435\u043c\u044f \u0434\u043b\u044f \u0447\u0442\u0435\u043d\u0438\u044f\" \/>\n\t<meta name=\"twitter:data1\" content=\"1 \u043c\u0438\u043d\u0443\u0442\u0430\" \/>\n<script type=\"application\/ld+json\" class=\"yoast-schema-graph\">{\"@context\":\"https:\\\/\\\/schema.org\",\"@graph\":[{\"@type\":\"WebPage\",\"@id\":\"https:\\\/\\\/ecosauna.ee\\\/ru\\\/contact\\\/\",\"url\":\"https:\\\/\\\/ecosauna.ee\\\/ru\\\/contact\\\/\",\"name\":\"\u041a\u043e\u043d\u0442\u0430\u043a\u0442 - Ecosauna\",\"isPartOf\":{\"@id\":\"https:\\\/\\\/ecosauna.ee\\\/#website\"},\"primaryImageOfPage\":{\"@id\":\"https:\\\/\\\/ecosauna.ee\\\/ru\\\/contact\\\/#primaryimage\"},\"image\":{\"@id\":\"https:\\\/\\\/ecosauna.ee\\\/ru\\\/contact\\\/#primaryimage\"},\"thumbnailUrl\":\"https:\\\/\\\/ecosauna.ee\\\/wp-content\\\/uploads\\\/2022\\\/02\\\/IMG_2037-scaled.jpg\",\"datePublished\":\"2021-08-05T15:39:00+00:00\",\"dateModified\":\"2025-10-23T09:02:48+00:00\",\"description\":\"\u0417\u0430\u043b\u043e\u0433\u043e\u043c \u043d\u0430\u0448\u0435\u0433\u043e \u0431\u044b\u0441\u0442\u0440\u043e\u0433\u043e \u0440\u043e\u0441\u0442\u0430 \u0438 \u0443\u0441\u043f\u0435\u0445\u0430 \u044f\u0432\u043b\u044f\u044e\u0442\u0441\u044f \u043f\u0440\u043e\u0444\u0435\u0441\u0441\u0438\u043e\u043d\u0430\u043b\u044c\u043d\u0430\u044f \u043a\u043e\u043c\u0430\u043d\u0434\u0430, \u043c\u043d\u043e\u0433\u043e\u043b\u0435\u0442\u043d\u0438\u0439 \u043e\u043f\u044b\u0442, \u0442\u0449\u0430\u0442\u0435\u043b\u044c\u043d\u043e \u043f\u043e\u0434\u043e\u0431\u0440\u0430\u043d\u043d\u044b\u0435 \u043c\u0430\u0442\u0435\u0440\u0438\u0430\u043b\u044b.\",\"breadcrumb\":{\"@id\":\"https:\\\/\\\/ecosauna.ee\\\/ru\\\/contact\\\/#breadcrumb\"},\"inLanguage\":\"ru-RU\",\"potentialAction\":[{\"@type\":\"ReadAction\",\"target\":[\"https:\\\/\\\/ecosauna.ee\\\/ru\\\/contact\\\/\"]}]},{\"@type\":\"ImageObject\",\"inLanguage\":\"ru-RU\",\"@id\":\"https:\\\/\\\/ecosauna.ee\\\/ru\\\/contact\\\/#primaryimage\",\"url\":\"https:\\\/\\\/ecosauna.ee\\\/wp-content\\\/uploads\\\/2022\\\/02\\\/IMG_2037-scaled.jpg\",\"contentUrl\":\"https:\\\/\\\/ecosauna.ee\\\/wp-content\\\/uploads\\\/2022\\\/02\\\/IMG_2037-scaled.jpg\",\"width\":2560,\"height\":1707},{\"@type\":\"BreadcrumbList\",\"@id\":\"https:\\\/\\\/ecosauna.ee\\\/ru\\\/contact\\\/#breadcrumb\",\"itemListElement\":[{\"@type\":\"ListItem\",\"position\":1,\"name\":\"Esileht\",\"item\":\"https:\\\/\\\/ecosauna.ee\\\/ru\\\/\"},{\"@type\":\"ListItem\",\"position\":2,\"name\":\"\u041a\u043e\u043d\u0442\u0430\u043a\u0442\"}]},{\"@type\":\"WebSite\",\"@id\":\"https:\\\/\\\/ecosauna.ee\\\/#website\",\"url\":\"https:\\\/\\\/ecosauna.ee\\\/\",\"name\":\"Ecosauna\",\"description\":\"Saunad, k\u00fcmblust\u00fcnnid, k\u00e4mpingud\",\"publisher\":{\"@id\":\"https:\\\/\\\/ecosauna.ee\\\/#organization\"},\"potentialAction\":[{\"@type\":\"SearchAction\",\"target\":{\"@type\":\"EntryPoint\",\"urlTemplate\":\"https:\\\/\\\/ecosauna.ee\\\/?s={search_term_string}\"},\"query-input\":{\"@type\":\"PropertyValueSpecification\",\"valueRequired\":true,\"valueName\":\"search_term_string\"}}],\"inLanguage\":\"ru-RU\"},{\"@type\":\"Organization\",\"@id\":\"https:\\\/\\\/ecosauna.ee\\\/#organization\",\"name\":\"Ecosauna Project O\u00dc\",\"url\":\"https:\\\/\\\/ecosauna.ee\\\/\",\"logo\":{\"@type\":\"ImageObject\",\"inLanguage\":\"ru-RU\",\"@id\":\"https:\\\/\\\/ecosauna.ee\\\/#\\\/schema\\\/logo\\\/image\\\/\",\"url\":\"https:\\\/\\\/ecosauna.ee\\\/wp-content\\\/uploads\\\/2023\\\/03\\\/ecosauna-logo.png\",\"contentUrl\":\"https:\\\/\\\/ecosauna.ee\\\/wp-content\\\/uploads\\\/2023\\\/03\\\/ecosauna-logo.png\",\"width\":818,\"height\":646,\"caption\":\"Ecosauna Project O\u00dc\"},\"image\":{\"@id\":\"https:\\\/\\\/ecosauna.ee\\\/#\\\/schema\\\/logo\\\/image\\\/\"},\"sameAs\":[\"https:\\\/\\\/www.facebook.com\\\/ecosaunad\",\"https:\\\/\\\/www.instagram.com\\\/ecosauna.ee\\\/?hl=en\",\"https:\\\/\\\/www.tiktok.com\\\/@ecosauna\",\"https:\\\/\\\/www.youtube.com\\\/@EcosaunaEesti\"]}]}<\/script>\n<!-- \/ Yoast SEO plugin. -->","yoast_head_json":{"title":"\u041a\u043e\u043d\u0442\u0430\u043a\u0442 - Ecosauna","description":"\u0417\u0430\u043b\u043e\u0433\u043e\u043c \u043d\u0430\u0448\u0435\u0433\u043e \u0431\u044b\u0441\u0442\u0440\u043e\u0433\u043e \u0440\u043e\u0441\u0442\u0430 \u0438 \u0443\u0441\u043f\u0435\u0445\u0430 \u044f\u0432\u043b\u044f\u044e\u0442\u0441\u044f \u043f\u0440\u043e\u0444\u0435\u0441\u0441\u0438\u043e\u043d\u0430\u043b\u044c\u043d\u0430\u044f \u043a\u043e\u043c\u0430\u043d\u0434\u0430, \u043c\u043d\u043e\u0433\u043e\u043b\u0435\u0442\u043d\u0438\u0439 \u043e\u043f\u044b\u0442, \u0442\u0449\u0430\u0442\u0435\u043b\u044c\u043d\u043e \u043f\u043e\u0434\u043e\u0431\u0440\u0430\u043d\u043d\u044b\u0435 \u043c\u0430\u0442\u0435\u0440\u0438\u0430\u043b\u044b.","robots":{"index":"index","follow":"follow","max-snippet":"max-snippet:-1","max-image-preview":"max-image-preview:large","max-video-preview":"max-video-preview:-1"},"canonical":"https:\/\/ecosauna.ee\/ru\/contact\/","og_locale":"ru_RU","og_type":"article","og_title":"[:et]Kontakt - Ecosauna[:]","og_description":"[:et]Ecosauna Project O\u00dc kiire kasvu ja edu v\u00f5ti on professionaalne meeskond, pikaajaline kogemus ja hoolega valitud materjalid[:]","og_url":"https:\/\/ecosauna.ee\/ru\/contact\/","og_site_name":"Ecosauna","article_publisher":"https:\/\/www.facebook.com\/ecosaunad","article_modified_time":"2025-10-23T09:02:48+00:00","og_image":[{"width":2560,"height":1707,"url":"https:\/\/ecosauna.ee\/wp-content\/uploads\/2022\/02\/IMG_2037-scaled.jpg","type":"image\/jpeg"}],"twitter_card":"summary_large_image","twitter_title":"Kontakt - Ecosauna","twitter_description":"Ecosauna Project O\u00dc kiire kasvu ja edu v\u00f5ti on professionaalne meeskond, pikaajaline kogemus ja hoolega valitud materjalid","twitter_image":"https:\/\/ecosauna.ee\/wp-content\/uploads\/2022\/02\/IMG_2037-scaled.jpg","twitter_misc":{"\u041f\u0440\u0438\u043c\u0435\u0440\u043d\u043e\u0435 \u0432\u0440\u0435\u043c\u044f \u0434\u043b\u044f \u0447\u0442\u0435\u043d\u0438\u044f":"1 \u043c\u0438\u043d\u0443\u0442\u0430"},"schema":{"@context":"https:\/\/schema.org","@graph":[{"@type":"WebPage","@id":"https:\/\/ecosauna.ee\/ru\/contact\/","url":"https:\/\/ecosauna.ee\/ru\/contact\/","name":"\u041a\u043e\u043d\u0442\u0430\u043a\u0442 - Ecosauna","isPartOf":{"@id":"https:\/\/ecosauna.ee\/#website"},"primaryImageOfPage":{"@id":"https:\/\/ecosauna.ee\/ru\/contact\/#primaryimage"},"image":{"@id":"https:\/\/ecosauna.ee\/ru\/contact\/#primaryimage"},"thumbnailUrl":"https:\/\/ecosauna.ee\/wp-content\/uploads\/2022\/02\/IMG_2037-scaled.jpg","datePublished":"2021-08-05T15:39:00+00:00","dateModified":"2025-10-23T09:02:48+00:00","description":"\u0417\u0430\u043b\u043e\u0433\u043e\u043c \u043d\u0430\u0448\u0435\u0433\u043e \u0431\u044b\u0441\u0442\u0440\u043e\u0433\u043e \u0440\u043e\u0441\u0442\u0430 \u0438 \u0443\u0441\u043f\u0435\u0445\u0430 \u044f\u0432\u043b\u044f\u044e\u0442\u0441\u044f \u043f\u0440\u043e\u0444\u0435\u0441\u0441\u0438\u043e\u043d\u0430\u043b\u044c\u043d\u0430\u044f \u043a\u043e\u043c\u0430\u043d\u0434\u0430, \u043c\u043d\u043e\u0433\u043e\u043b\u0435\u0442\u043d\u0438\u0439 \u043e\u043f\u044b\u0442, \u0442\u0449\u0430\u0442\u0435\u043b\u044c\u043d\u043e \u043f\u043e\u0434\u043e\u0431\u0440\u0430\u043d\u043d\u044b\u0435 \u043c\u0430\u0442\u0435\u0440\u0438\u0430\u043b\u044b.","breadcrumb":{"@id":"https:\/\/ecosauna.ee\/ru\/contact\/#breadcrumb"},"inLanguage":"ru-RU","potentialAction":[{"@type":"ReadAction","target":["https:\/\/ecosauna.ee\/ru\/contact\/"]}]},{"@type":"ImageObject","inLanguage":"ru-RU","@id":"https:\/\/ecosauna.ee\/ru\/contact\/#primaryimage","url":"https:\/\/ecosauna.ee\/wp-content\/uploads\/2022\/02\/IMG_2037-scaled.jpg","contentUrl":"https:\/\/ecosauna.ee\/wp-content\/uploads\/2022\/02\/IMG_2037-scaled.jpg","width":2560,"height":1707},{"@type":"BreadcrumbList","@id":"https:\/\/ecosauna.ee\/ru\/contact\/#breadcrumb","itemListElement":[{"@type":"ListItem","position":1,"name":"Esileht","item":"https:\/\/ecosauna.ee\/ru\/"},{"@type":"ListItem","position":2,"name":"\u041a\u043e\u043d\u0442\u0430\u043a\u0442"}]},{"@type":"WebSite","@id":"https:\/\/ecosauna.ee\/#website","url":"https:\/\/ecosauna.ee\/","name":"Ecosauna","description":"Saunad, k\u00fcmblust\u00fcnnid, k\u00e4mpingud","publisher":{"@id":"https:\/\/ecosauna.ee\/#organization"},"potentialAction":[{"@type":"SearchAction","target":{"@type":"EntryPoint","urlTemplate":"https:\/\/ecosauna.ee\/?s={search_term_string}"},"query-input":{"@type":"PropertyValueSpecification","valueRequired":true,"valueName":"search_term_string"}}],"inLanguage":"ru-RU"},{"@type":"Organization","@id":"https:\/\/ecosauna.ee\/#organization","name":"Ecosauna Project O\u00dc","url":"https:\/\/ecosauna.ee\/","logo":{"@type":"ImageObject","inLanguage":"ru-RU","@id":"https:\/\/ecosauna.ee\/#\/schema\/logo\/image\/","url":"https:\/\/ecosauna.ee\/wp-content\/uploads\/2023\/03\/ecosauna-logo.png","contentUrl":"https:\/\/ecosauna.ee\/wp-content\/uploads\/2023\/03\/ecosauna-logo.png","width":818,"height":646,"caption":"Ecosauna Project O\u00dc"},"image":{"@id":"https:\/\/ecosauna.ee\/#\/schema\/logo\/image\/"},"sameAs":["https:\/\/www.facebook.com\/ecosaunad","https:\/\/www.instagram.com\/ecosauna.ee\/?hl=en","https:\/\/www.tiktok.com\/@ecosauna","https:\/\/www.youtube.com\/@EcosaunaEesti"]}]}},"_links":{"self":[{"href":"https:\/\/ecosauna.ee\/ru\/wp-json\/wp\/v2\/pages\/3595","targetHints":{"allow":["GET"]}}],"collection":[{"href":"https:\/\/ecosauna.ee\/ru\/wp-json\/wp\/v2\/pages"}],"about":[{"href":"https:\/\/ecosauna.ee\/ru\/wp-json\/wp\/v2\/types\/page"}],"author":[{"embeddable":true,"href":"https:\/\/ecosauna.ee\/ru\/wp-json\/wp\/v2\/users\/13"}],"replies":[{"embeddable":true,"href":"https:\/\/ecosauna.ee\/ru\/wp-json\/wp\/v2\/comments?post=3595"}],"version-history":[{"count":34,"href":"https:\/\/ecosauna.ee\/ru\/wp-json\/wp\/v2\/pages\/3595\/revisions"}],"predecessor-version":[{"id":9670,"href":"https:\/\/ecosauna.ee\/ru\/wp-json\/wp\/v2\/pages\/3595\/revisions\/9670"}],"wp:featuredmedia":[{"embeddable":true,"href":"https:\/\/ecosauna.ee\/ru\/wp-json\/wp\/v2\/media\/3227"}],"wp:attachment":[{"href":"https:\/\/ecosauna.ee\/ru\/wp-json\/wp\/v2\/media?parent=3595"}],"curies":[{"name":"wp","href":"https:\/\/api.w.org\/{rel}","templated":true}]}}