{"id":3777,"date":"2022-01-03T12:15:22","date_gmt":"2022-01-03T12:15:22","guid":{"rendered":"https:\/\/ecosauna.ee\/toode\/kumblustunn-delux200-black-integreeritud-ahjuga\/"},"modified":"2023-09-18T00:00:48","modified_gmt":"2023-09-17T21:00:48","slug":"kumblustunn-delux200-black-integreeritud-ahjuga","status":"publish","type":"product","link":"https:\/\/ecosauna.ee\/ru\/\u0442\u043e\u0432\u0430\u0440\/kumblustunn-delux200-black-integreeritud-ahjuga\/","title":{"rendered":"\u041a\u0443\u043f\u0435\u043b\u044c DeLux 200 Black \u0441\u043e \u0432\u0441\u0442\u0440\u043e\u0435\u043d\u043d\u043e\u0439 \u043f\u0435\u0447\u044c\u044e-\u0432\u043e\u0434\u043e\u0433\u0440\u0435\u0439\u043a\u043e\u0439"},"content":{"rendered":"<p>\u041e\u0441\u043e\u0431\u0435\u043d\u043d\u043e\u0441\u0442\u044f\u043c\u0438 \u043a\u0443\u043f\u0435\u043b\u0438 \u044f\u0432\u043b\u044f\u044e\u0442\u0441\u044f\u00a0<strong>\u044d\u0440\u0433\u043e\u043d\u043e\u043c\u0438\u0447\u043d\u0430\u044f<\/strong>\u00a0\u0438 \u043f\u0440\u043e\u0441\u0442\u0430\u044f \u0432 \u043e\u0431\u0441\u043b\u0443\u0436\u0438\u0432\u0430\u043d\u0438\u0438 \u0432\u043d\u0443\u0442\u0440\u0435\u043d\u043d\u044f\u044f \u043f\u043e\u0432\u0435\u0440\u0445\u043d\u043e\u0441\u0442\u044c \u0438\u0437\u00a0<strong>\u0441\u0442\u0435\u043a\u043b\u043e\u0432\u043e\u043b\u043e\u043a\u043d\u0430<\/strong>, \u0440\u043e\u0441\u043a\u043e\u0448\u043d\u044b\u0439 \u043a\u043e\u0440\u043f\u0443\u0441 \u0438\u0437 \u0442\u0435\u0440\u043c\u043e\u0434\u0435\u0440\u0435\u0432\u0430 \u0438 \u0432\u0441\u0442\u0440\u043e\u0435\u043d\u043d\u0430\u044f \u043f\u0435\u0447\u044c-\u0432\u043e\u0434\u043e\u0433\u0440\u0435\u0439\u043a\u0430 \u0438\u0437 \u0432\u044b\u0441\u043e\u043a\u043e\u043a\u0430\u0447\u0435\u0441\u0442\u0432\u0435\u043d\u043d\u043e\u0439 \u0441\u0442\u0430\u043b\u0438 (<strong>AISI 304<\/strong>). \u0427\u0442\u043e\u0431\u044b \u043d\u0430\u0433\u0440\u0435\u0442\u044c \u043a\u0443\u043f\u0435\u043b\u044c, \u0442\u0440\u0435\u0431\u0443\u0435\u0442\u0441\u044f \u043c\u0435\u043d\u044c\u0448\u0435 \u0432\u0440\u0435\u043c\u0435\u043d\u0438 \u0438 \u0434\u0440\u043e\u0432, \u043f\u043e\u044d\u0442\u043e\u043c\u0443 \u0432\u044b \u0441\u043c\u043e\u0436\u0435\u0442\u0435 \u0431\u044b\u0441\u0442\u0440\u0435\u0435 \u043d\u0430\u0447\u0430\u0442\u044c \u043d\u0430\u0441\u043b\u0430\u0436\u0434\u0430\u0442\u044c\u0441\u044f \u0433\u0430\u0440\u043c\u043e\u043d\u0438\u0435\u0439 \u0438 \u043f\u0440\u0438\u044f\u0442\u043d\u044b\u043c\u0438 \u043c\u043e\u043c\u0435\u043d\u0442\u0430\u043c\u0438.<\/p>\n<p><a href=\"https:\/\/www.ecosauna.ee\/wp-content\/uploads\/2022\/05\/Tooteleht-Hot-Tub-200-DeLux-uma-ra-trepiga-Black-Edition-Uus_watermark.pdf\">\u0421\u043a\u0430\u0447\u0430\u0442\u044c \u0438\u043d\u0444\u043e\u043b\u0438\u0441\u0442\u043e\u043a \u043e \u043f\u0440\u043e\u0434\u0443\u043a\u0446\u0438\u0438<\/a><\/p>\n<p><strong>\u0412 \u043a\u043e\u043c\u043f\u043b\u0435\u043a\u0442 \u0432\u0445\u043e\u0434\u044f\u0442:<\/strong><\/p>\n<ul>\n<li>\u0432\u0441\u0442\u0440\u043e\u0435\u043d\u043d\u0430\u044f \u043f\u0435\u0447\u044c-\u0432\u043e\u0434\u043e\u0433\u0440\u0435\u0439\u043a\u0430 \u0438\u0437 \u043d\u0435\u0440\u0436\u0430\u0432\u0435\u044e\u0449\u0435\u0439 \u0441\u0442\u0430\u043b\u0438 (30 \u043a\u0412\u0442),<\/li>\n<li>2-\u043c\u0435\u0442\u0440\u043e\u0432\u044b\u0439 \u0434\u044b\u043c\u043e\u0445\u043e\u0434 \u0441 \u0437\u0430\u0449\u0438\u0442\u043d\u043e\u0439 \u0440\u0435\u0448\u0435\u0442\u043a\u043e\u0439 \u0438 \u043a\u043e\u043b\u043f\u0430\u043a\u043e\u043c,<\/li>\n<li>\u0432\u043d\u0435\u0448\u043d\u044f\u044f \u043e\u0431\u043e\u043b\u043e\u0447\u043a\u0430 \u0438\u0437 \u0442\u0435\u0440\u043c\u043e\u0434\u0435\u0440\u0435\u0432\u0430 (\u043e\u0431\u0440\u0430\u0431\u043e\u0442\u0430\u043d\u0430 \u0437\u0430\u0449\u0438\u0442\u043d\u044b\u043c \u0441\u0440\u0435\u0434\u0441\u0442\u0432\u043e\u043c \u0434\u043b\u044f \u0434\u0440\u0435\u0432\u0435\u0441\u0438\u043d\u044b),<\/li>\n<li>\u0434\u0432\u0443\u0445\u0441\u043e\u0441\u0442\u0430\u0432\u043d\u0430\u044f \u043a\u0440\u0443\u0433\u043b\u0430\u044f \u0441\u0442\u0443\u043f\u0435\u043d\u044c\u043a\u0430,<\/li>\n<li><strong>\u0447\u0435\u0440\u043d\u044b\u0439 \u044d\u0440\u0433\u043e\u043d\u043e\u043c\u0438\u0447\u043d\u0430\u044f<\/strong>\u00a0\u0432\u043d\u0443\u0442\u0440\u0435\u043d\u043d\u044f\u044f \u043f\u043e\u0432\u0435\u0440\u0445\u043d\u043e\u0441\u0442\u044c \u0438\u0437\u00a0<strong>\u0441\u0442\u0435\u043a\u043b\u043e\u0432\u043e\u043b\u043e\u043a\u043d\u0430.<\/strong><\/li>\n<\/ul>\n<p>\u0414\u043b\u044f \u043a\u0443\u043f\u0435\u043b\u0438 \u043c\u043e\u0436\u043d\u043e \u0434\u043e\u043f\u043e\u043b\u043d\u0438\u0442\u0435\u043b\u044c\u043d\u043e \u0437\u0430\u043a\u0430\u0437\u0430\u0442\u044c \u0448\u0438\u0440\u043e\u043a\u0438\u0439 \u0432\u044b\u0431\u043e\u0440\u00a0<strong>\u0430\u043a\u0441\u0435\u0441\u0441\u0443\u0430\u0440\u043e\u0432<\/strong>: \u0441\u0432\u0435\u0442\u043e\u0434\u0438\u043e\u0434\u043d\u0443\u044e \u043f\u043e\u0434\u0441\u0432\u0435\u0442\u043a\u0443 (RGB), \u043f\u0443\u0437\u044b\u0440\u044c\u043a\u043e\u0432\u0443\u044e \u0441\u0438\u0441\u0442\u0435\u043c\u0443, \u0446\u0438\u0444\u0440\u043e\u0432\u043e\u0439 \u0442\u0435\u0440\u043c\u043e\u043c\u0435\u0442\u0440 \u0434\u043b\u044f \u0432\u043e\u0434\u044b, \u0441\u0442\u0435\u0440\u0435\u043e\u0441\u0438\u0441\u0442\u0435\u043c\u0443, \u043f\u043e\u0434\u0441\u0442\u0430\u043a\u0430\u043d\u043d\u0438\u043a\u0438, \u0441\u0438\u0441\u0442\u0435\u043c\u0443 \u0444\u0438\u043b\u044c\u0442\u0440\u0430\u0446\u0438\u0438, \u043a\u0440\u044b\u0448\u043a\u0443 \u0438\u0437 \u0441\u0442\u0435\u043a\u043b\u043e\u0432\u043e\u043b\u043e\u043a\u043d\u0430, \u0442\u0435\u0440\u043c\u043e\u0438\u0437\u043e\u043b\u0438\u0440\u043e\u0432\u0430\u043d\u043d\u0443\u044e \u043a\u0440\u044b\u0448\u043a\u0443 \u0438 \u0431\u0435\u0442\u043e\u043d\u043d\u043e\u0435 \u043e\u0441\u043d\u043e\u0432\u0430\u043d\u0438\u0435 \u0434\u043b\u044f \u043a\u0443\u043f\u0435\u043b\u0438.<\/p>\n","protected":false},"excerpt":{"rendered":"<p style=\"background: #FBFBFB\"><span style=\"font-family: 'Segoe UI',sans-serif;color: #212529\">\u0426\u0435\u043d\u0430 \u0432\u043a\u043b\u044e\u0447\u0430\u0435\u0442 \u0432 \u0441\u0435\u0431\u044f \u043d\u0430\u043b\u043e\u0433 \u0441 \u043e\u0431\u043e\u0440\u043e\u0442\u0430.<\/span><\/p>\n<p style=\"background: #FBFBFB\"><span style=\"font-family: 'Segoe UI',sans-serif;color: #212529\">\u041a\u0443\u043f\u0435\u043b\u044c\u00a0<strong><span style=\"font-family: 'Segoe UI',sans-serif\">DeLux 200\u00a0<\/span><\/strong><em><b><span style=\"font-family: 'Segoe UI',sans-serif\">Black Edition<\/span><\/b><\/em><strong><span style=\"font-family: 'Segoe UI',sans-serif\">\u00a0\u0441\u043e \u0432\u0441\u0442\u0440\u043e\u0435\u043d\u043d\u043e\u0439 \u043f\u0435\u0447\u044c\u044e-\u0432\u043e\u0434\u043e\u0433\u0440\u0435\u0439\u043a\u043e\u0439<\/span><\/strong>\u00a0\u2013 \u044d\u0442\u043e \u0432\u044b\u0441\u043e\u043a\u043e\u043a\u0430\u0447\u0435\u0441\u0442\u0432\u0435\u043d\u043d\u0430\u044f \u0434\u043e\u043c\u0430\u0448\u043d\u044f\u044f \u0433\u0438\u0434\u0440\u043e\u043c\u0430\u0441\u0441\u0430\u0436\u043d\u0430\u044f \u0432\u0430\u043d\u043d\u0430-\u0441\u043f\u0430, \u043e\u0442\u0434\u0435\u043b\u0430\u043d\u043d\u0430\u044f \u0434\u043e \u043c\u0435\u043b\u044c\u0447\u0430\u0439\u0448\u0438\u0445 \u0434\u0435\u0442\u0430\u043b\u0435\u0439, \u043f\u0440\u0438\u0433\u043e\u0434\u043d\u0430\u044f \u0434\u043b\u044f \u0438\u0441\u043f\u043e\u043b\u044c\u0437\u043e\u0432\u0430\u043d\u0438\u044f \u043a\u0440\u0443\u0433\u043b\u044b\u0439 \u0433\u043e\u0434 \u0438 \u043f\u0440\u043e\u0441\u0442\u0430\u044f \u0432 \u043e\u0431\u0441\u043b\u0443\u0436\u0438\u0432\u0430\u043d\u0438\u0438. \u041a\u0440\u043e\u043c\u0435 \u0442\u043e\u0433\u043e, \u043c\u043e\u0436\u043d\u043e \u0434\u043e\u043f\u043e\u043b\u043d\u0438\u0442\u0435\u043b\u044c\u043d\u043e \u0437\u0430\u043a\u0430\u0437\u0430\u0442\u044c \u0448\u0438\u0440\u043e\u043a\u0438\u0439 \u0432\u044b\u0431\u043e\u0440 \u0430\u043a\u0441\u0435\u0441\u0441\u0443\u0430\u0440\u043e\u0432.<\/span><\/p>\n","protected":false},"featured_media":4821,"template":"","meta":{"_acf_changed":false,"inline_featured_image":false},"product_brand":[],"product_cat":[186,185],"product_tag":[],"class_list":{"0":"post-3777","1":"product","2":"type-product","3":"status-publish","4":"has-post-thumbnail","6":"product_cat-186","7":"product_cat-185","9":"first","10":"instock","11":"taxable","12":"shipping-taxable","13":"purchasable","14":"product-type-simple"},"acf":[],"yoast_head":"<!-- This site is optimized with the Yoast SEO plugin v27.4 - https:\/\/yoast.com\/product\/yoast-seo-wordpress\/ -->\n<title>\u041a\u0443\u043f\u0435\u043b\u044c DeLux 200 Black \u0441\u043e \u0432\u0441\u0442\u0440\u043e\u0435\u043d\u043d\u043e\u0439 \u043f\u0435\u0447\u044c\u044e-\u0432\u043e\u0434\u043e\u0433\u0440\u0435\u0439\u043a\u043e\u0439 - Ecosauna<\/title>\n<meta name=\"description\" content=\"Integreeritud ahjuga\u00a0k\u00fcmblust\u00fcnn\u00a0DeLux 200\u00a0&quot;Black Edition&quot;\u00a0on kvaliteetne kodune spaa, mis on detailideni viimistletud, aastaringselt kasutatav ja h\u00f5lpsasti hooldatav. Lisaks on v\u00f5imalik juurde tellida rikkalikku lisavarustust.\" \/>\n<meta name=\"robots\" content=\"index, follow, max-snippet:-1, max-image-preview:large, max-video-preview:-1\" \/>\n<link rel=\"canonical\" href=\"https:\/\/ecosauna.ee\/ru\/\u0442\u043e\u0432\u0430\u0440\/kumblustunn-delux200-black-integreeritud-ahjuga\/\" \/>\n<meta property=\"og:locale\" content=\"ru_RU\" \/>\n<meta property=\"og:type\" content=\"article\" \/>\n<meta property=\"og:title\" content=\"\u041a\u0443\u043f\u0435\u043b\u044c DeLux 200 Black \u0441\u043e \u0432\u0441\u0442\u0440\u043e\u0435\u043d\u043d\u043e\u0439 \u043f\u0435\u0447\u044c\u044e-\u0432\u043e\u0434\u043e\u0433\u0440\u0435\u0439\u043a\u043e\u0439 - Ecosauna\" \/>\n<meta property=\"og:description\" content=\"Integreeritud ahjuga\u00a0k\u00fcmblust\u00fcnn\u00a0DeLux 200\u00a0&quot;Black Edition&quot;\u00a0on kvaliteetne kodune spaa, mis on detailideni viimistletud, aastaringselt kasutatav ja h\u00f5lpsasti hooldatav. Lisaks on v\u00f5imalik juurde tellida rikkalikku lisavarustust.\" \/>\n<meta property=\"og:url\" content=\"https:\/\/ecosauna.ee\/ru\/\u0442\u043e\u0432\u0430\u0440\/kumblustunn-delux200-black-integreeritud-ahjuga\/\" \/>\n<meta property=\"og:site_name\" content=\"Ecosauna\" \/>\n<meta property=\"article:publisher\" content=\"https:\/\/www.facebook.com\/ecosaunad\" \/>\n<meta property=\"article:modified_time\" content=\"2023-09-17T21:00:48+00:00\" \/>\n<meta property=\"og:image\" content=\"https:\/\/ecosauna.ee\/wp-content\/uploads\/2022\/01\/kumblustunn-DeLux_200_Black_hot-tub-ecosauna-4-scaled.jpg\" \/>\n\t<meta property=\"og:image:width\" content=\"2560\" \/>\n\t<meta property=\"og:image:height\" content=\"1707\" \/>\n\t<meta property=\"og:image:type\" content=\"image\/jpeg\" \/>\n<meta name=\"twitter:card\" content=\"summary_large_image\" \/>\n<meta name=\"twitter:label1\" content=\"\u041f\u0440\u0438\u043c\u0435\u0440\u043d\u043e\u0435 \u0432\u0440\u0435\u043c\u044f \u0434\u043b\u044f \u0447\u0442\u0435\u043d\u0438\u044f\" \/>\n\t<meta name=\"twitter:data1\" content=\"1 \u043c\u0438\u043d\u0443\u0442\u0430\" \/>\n<script type=\"application\/ld+json\" class=\"yoast-schema-graph\">{\"@context\":\"https:\\\/\\\/schema.org\",\"@graph\":[{\"@type\":\"WebPage\",\"@id\":\"https:\\\/\\\/ecosauna.ee\\\/ru\\\/\u0442\u043e\u0432\u0430\u0440\\\/kumblustunn-delux200-black-integreeritud-ahjuga\\\/\",\"url\":\"https:\\\/\\\/ecosauna.ee\\\/ru\\\/\u0442\u043e\u0432\u0430\u0440\\\/kumblustunn-delux200-black-integreeritud-ahjuga\\\/\",\"name\":\"\u041a\u0443\u043f\u0435\u043b\u044c DeLux 200 Black \u0441\u043e \u0432\u0441\u0442\u0440\u043e\u0435\u043d\u043d\u043e\u0439 \u043f\u0435\u0447\u044c\u044e-\u0432\u043e\u0434\u043e\u0433\u0440\u0435\u0439\u043a\u043e\u0439 - Ecosauna\",\"isPartOf\":{\"@id\":\"https:\\\/\\\/ecosauna.ee\\\/#website\"},\"primaryImageOfPage\":{\"@id\":\"https:\\\/\\\/ecosauna.ee\\\/ru\\\/\u0442\u043e\u0432\u0430\u0440\\\/kumblustunn-delux200-black-integreeritud-ahjuga\\\/#primaryimage\"},\"image\":{\"@id\":\"https:\\\/\\\/ecosauna.ee\\\/ru\\\/\u0442\u043e\u0432\u0430\u0440\\\/kumblustunn-delux200-black-integreeritud-ahjuga\\\/#primaryimage\"},\"thumbnailUrl\":\"https:\\\/\\\/ecosauna.ee\\\/wp-content\\\/uploads\\\/2022\\\/01\\\/ecosauna-hot-tub-DeLux-Black-Edition-kumblustunn-scaled.jpg\",\"datePublished\":\"2022-01-03T12:15:22+00:00\",\"dateModified\":\"2023-09-17T21:00:48+00:00\",\"description\":\"Integreeritud ahjuga\u00a0k\u00fcmblust\u00fcnn\u00a0DeLux 200\u00a0\\\"Black Edition\\\"\u00a0on kvaliteetne kodune spaa, mis on detailideni viimistletud, aastaringselt kasutatav ja h\u00f5lpsasti hooldatav. Lisaks on v\u00f5imalik juurde tellida rikkalikku lisavarustust.\",\"breadcrumb\":{\"@id\":\"https:\\\/\\\/ecosauna.ee\\\/ru\\\/\u0442\u043e\u0432\u0430\u0440\\\/kumblustunn-delux200-black-integreeritud-ahjuga\\\/#breadcrumb\"},\"inLanguage\":\"ru-RU\",\"potentialAction\":[{\"@type\":\"ReadAction\",\"target\":[\"https:\\\/\\\/ecosauna.ee\\\/ru\\\/\u0442\u043e\u0432\u0430\u0440\\\/kumblustunn-delux200-black-integreeritud-ahjuga\\\/\"]}]},{\"@type\":\"ImageObject\",\"inLanguage\":\"ru-RU\",\"@id\":\"https:\\\/\\\/ecosauna.ee\\\/ru\\\/\u0442\u043e\u0432\u0430\u0440\\\/kumblustunn-delux200-black-integreeritud-ahjuga\\\/#primaryimage\",\"url\":\"https:\\\/\\\/ecosauna.ee\\\/wp-content\\\/uploads\\\/2022\\\/01\\\/ecosauna-hot-tub-DeLux-Black-Edition-kumblustunn-scaled.jpg\",\"contentUrl\":\"https:\\\/\\\/ecosauna.ee\\\/wp-content\\\/uploads\\\/2022\\\/01\\\/ecosauna-hot-tub-DeLux-Black-Edition-kumblustunn-scaled.jpg\",\"width\":2560,\"height\":2560},{\"@type\":\"BreadcrumbList\",\"@id\":\"https:\\\/\\\/ecosauna.ee\\\/ru\\\/\u0442\u043e\u0432\u0430\u0440\\\/kumblustunn-delux200-black-integreeritud-ahjuga\\\/#breadcrumb\",\"itemListElement\":[{\"@type\":\"ListItem\",\"position\":1,\"name\":\"Esileht\",\"item\":\"https:\\\/\\\/ecosauna.ee\\\/ru\\\/\"},{\"@type\":\"ListItem\",\"position\":2,\"name\":\"\u041c\u0430\u0433\u0430\u0437\u0438\u043d\",\"item\":\"https:\\\/\\\/ecosauna.ee\\\/ru\\\/shop\\\/\"},{\"@type\":\"ListItem\",\"position\":3,\"name\":\"\u041a\u0443\u043f\u0435\u043b\u044c DeLux 200 Black \u0441\u043e \u0432\u0441\u0442\u0440\u043e\u0435\u043d\u043d\u043e\u0439 \u043f\u0435\u0447\u044c\u044e-\u0432\u043e\u0434\u043e\u0433\u0440\u0435\u0439\u043a\u043e\u0439\"}]},{\"@type\":\"WebSite\",\"@id\":\"https:\\\/\\\/ecosauna.ee\\\/#website\",\"url\":\"https:\\\/\\\/ecosauna.ee\\\/\",\"name\":\"Ecosauna\",\"description\":\"Saunad, k\u00fcmblust\u00fcnnid, k\u00e4mpingud\",\"publisher\":{\"@id\":\"https:\\\/\\\/ecosauna.ee\\\/#organization\"},\"potentialAction\":[{\"@type\":\"SearchAction\",\"target\":{\"@type\":\"EntryPoint\",\"urlTemplate\":\"https:\\\/\\\/ecosauna.ee\\\/?s={search_term_string}\"},\"query-input\":{\"@type\":\"PropertyValueSpecification\",\"valueRequired\":true,\"valueName\":\"search_term_string\"}}],\"inLanguage\":\"ru-RU\"},{\"@type\":\"Organization\",\"@id\":\"https:\\\/\\\/ecosauna.ee\\\/#organization\",\"name\":\"Ecosauna Project O\u00dc\",\"url\":\"https:\\\/\\\/ecosauna.ee\\\/\",\"logo\":{\"@type\":\"ImageObject\",\"inLanguage\":\"ru-RU\",\"@id\":\"https:\\\/\\\/ecosauna.ee\\\/#\\\/schema\\\/logo\\\/image\\\/\",\"url\":\"https:\\\/\\\/ecosauna.ee\\\/wp-content\\\/uploads\\\/2023\\\/03\\\/ecosauna-logo.png\",\"contentUrl\":\"https:\\\/\\\/ecosauna.ee\\\/wp-content\\\/uploads\\\/2023\\\/03\\\/ecosauna-logo.png\",\"width\":818,\"height\":646,\"caption\":\"Ecosauna Project O\u00dc\"},\"image\":{\"@id\":\"https:\\\/\\\/ecosauna.ee\\\/#\\\/schema\\\/logo\\\/image\\\/\"},\"sameAs\":[\"https:\\\/\\\/www.facebook.com\\\/ecosaunad\",\"https:\\\/\\\/www.instagram.com\\\/ecosauna.ee\\\/?hl=en\",\"https:\\\/\\\/www.tiktok.com\\\/@ecosauna\",\"https:\\\/\\\/www.youtube.com\\\/@EcosaunaEesti\"]}]}<\/script>\n<!-- \/ Yoast SEO plugin. -->","yoast_head_json":{"title":"\u041a\u0443\u043f\u0435\u043b\u044c DeLux 200 Black \u0441\u043e \u0432\u0441\u0442\u0440\u043e\u0435\u043d\u043d\u043e\u0439 \u043f\u0435\u0447\u044c\u044e-\u0432\u043e\u0434\u043e\u0433\u0440\u0435\u0439\u043a\u043e\u0439 - Ecosauna","description":"Integreeritud ahjuga\u00a0k\u00fcmblust\u00fcnn\u00a0DeLux 200\u00a0\"Black Edition\"\u00a0on kvaliteetne kodune spaa, mis on detailideni viimistletud, aastaringselt kasutatav ja h\u00f5lpsasti hooldatav. Lisaks on v\u00f5imalik juurde tellida rikkalikku lisavarustust.","robots":{"index":"index","follow":"follow","max-snippet":"max-snippet:-1","max-image-preview":"max-image-preview:large","max-video-preview":"max-video-preview:-1"},"canonical":"https:\/\/ecosauna.ee\/ru\/\u0442\u043e\u0432\u0430\u0440\/kumblustunn-delux200-black-integreeritud-ahjuga\/","og_locale":"ru_RU","og_type":"article","og_title":"\u041a\u0443\u043f\u0435\u043b\u044c DeLux 200 Black \u0441\u043e \u0432\u0441\u0442\u0440\u043e\u0435\u043d\u043d\u043e\u0439 \u043f\u0435\u0447\u044c\u044e-\u0432\u043e\u0434\u043e\u0433\u0440\u0435\u0439\u043a\u043e\u0439 - Ecosauna","og_description":"Integreeritud ahjuga\u00a0k\u00fcmblust\u00fcnn\u00a0DeLux 200\u00a0\"Black Edition\"\u00a0on kvaliteetne kodune spaa, mis on detailideni viimistletud, aastaringselt kasutatav ja h\u00f5lpsasti hooldatav. Lisaks on v\u00f5imalik juurde tellida rikkalikku lisavarustust.","og_url":"https:\/\/ecosauna.ee\/ru\/\u0442\u043e\u0432\u0430\u0440\/kumblustunn-delux200-black-integreeritud-ahjuga\/","og_site_name":"Ecosauna","article_publisher":"https:\/\/www.facebook.com\/ecosaunad","article_modified_time":"2023-09-17T21:00:48+00:00","og_image":[{"width":2560,"height":1707,"url":"https:\/\/ecosauna.ee\/wp-content\/uploads\/2022\/01\/kumblustunn-DeLux_200_Black_hot-tub-ecosauna-4-scaled.jpg","type":"image\/jpeg"}],"twitter_card":"summary_large_image","twitter_misc":{"\u041f\u0440\u0438\u043c\u0435\u0440\u043d\u043e\u0435 \u0432\u0440\u0435\u043c\u044f \u0434\u043b\u044f \u0447\u0442\u0435\u043d\u0438\u044f":"1 \u043c\u0438\u043d\u0443\u0442\u0430"},"schema":{"@context":"https:\/\/schema.org","@graph":[{"@type":"WebPage","@id":"https:\/\/ecosauna.ee\/ru\/\u0442\u043e\u0432\u0430\u0440\/kumblustunn-delux200-black-integreeritud-ahjuga\/","url":"https:\/\/ecosauna.ee\/ru\/\u0442\u043e\u0432\u0430\u0440\/kumblustunn-delux200-black-integreeritud-ahjuga\/","name":"\u041a\u0443\u043f\u0435\u043b\u044c DeLux 200 Black \u0441\u043e \u0432\u0441\u0442\u0440\u043e\u0435\u043d\u043d\u043e\u0439 \u043f\u0435\u0447\u044c\u044e-\u0432\u043e\u0434\u043e\u0433\u0440\u0435\u0439\u043a\u043e\u0439 - Ecosauna","isPartOf":{"@id":"https:\/\/ecosauna.ee\/#website"},"primaryImageOfPage":{"@id":"https:\/\/ecosauna.ee\/ru\/\u0442\u043e\u0432\u0430\u0440\/kumblustunn-delux200-black-integreeritud-ahjuga\/#primaryimage"},"image":{"@id":"https:\/\/ecosauna.ee\/ru\/\u0442\u043e\u0432\u0430\u0440\/kumblustunn-delux200-black-integreeritud-ahjuga\/#primaryimage"},"thumbnailUrl":"https:\/\/ecosauna.ee\/wp-content\/uploads\/2022\/01\/ecosauna-hot-tub-DeLux-Black-Edition-kumblustunn-scaled.jpg","datePublished":"2022-01-03T12:15:22+00:00","dateModified":"2023-09-17T21:00:48+00:00","description":"Integreeritud ahjuga\u00a0k\u00fcmblust\u00fcnn\u00a0DeLux 200\u00a0\"Black Edition\"\u00a0on kvaliteetne kodune spaa, mis on detailideni viimistletud, aastaringselt kasutatav ja h\u00f5lpsasti hooldatav. Lisaks on v\u00f5imalik juurde tellida rikkalikku lisavarustust.","breadcrumb":{"@id":"https:\/\/ecosauna.ee\/ru\/\u0442\u043e\u0432\u0430\u0440\/kumblustunn-delux200-black-integreeritud-ahjuga\/#breadcrumb"},"inLanguage":"ru-RU","potentialAction":[{"@type":"ReadAction","target":["https:\/\/ecosauna.ee\/ru\/\u0442\u043e\u0432\u0430\u0440\/kumblustunn-delux200-black-integreeritud-ahjuga\/"]}]},{"@type":"ImageObject","inLanguage":"ru-RU","@id":"https:\/\/ecosauna.ee\/ru\/\u0442\u043e\u0432\u0430\u0440\/kumblustunn-delux200-black-integreeritud-ahjuga\/#primaryimage","url":"https:\/\/ecosauna.ee\/wp-content\/uploads\/2022\/01\/ecosauna-hot-tub-DeLux-Black-Edition-kumblustunn-scaled.jpg","contentUrl":"https:\/\/ecosauna.ee\/wp-content\/uploads\/2022\/01\/ecosauna-hot-tub-DeLux-Black-Edition-kumblustunn-scaled.jpg","width":2560,"height":2560},{"@type":"BreadcrumbList","@id":"https:\/\/ecosauna.ee\/ru\/\u0442\u043e\u0432\u0430\u0440\/kumblustunn-delux200-black-integreeritud-ahjuga\/#breadcrumb","itemListElement":[{"@type":"ListItem","position":1,"name":"Esileht","item":"https:\/\/ecosauna.ee\/ru\/"},{"@type":"ListItem","position":2,"name":"\u041c\u0430\u0433\u0430\u0437\u0438\u043d","item":"https:\/\/ecosauna.ee\/ru\/shop\/"},{"@type":"ListItem","position":3,"name":"\u041a\u0443\u043f\u0435\u043b\u044c DeLux 200 Black \u0441\u043e \u0432\u0441\u0442\u0440\u043e\u0435\u043d\u043d\u043e\u0439 \u043f\u0435\u0447\u044c\u044e-\u0432\u043e\u0434\u043e\u0433\u0440\u0435\u0439\u043a\u043e\u0439"}]},{"@type":"WebSite","@id":"https:\/\/ecosauna.ee\/#website","url":"https:\/\/ecosauna.ee\/","name":"Ecosauna","description":"Saunad, k\u00fcmblust\u00fcnnid, k\u00e4mpingud","publisher":{"@id":"https:\/\/ecosauna.ee\/#organization"},"potentialAction":[{"@type":"SearchAction","target":{"@type":"EntryPoint","urlTemplate":"https:\/\/ecosauna.ee\/?s={search_term_string}"},"query-input":{"@type":"PropertyValueSpecification","valueRequired":true,"valueName":"search_term_string"}}],"inLanguage":"ru-RU"},{"@type":"Organization","@id":"https:\/\/ecosauna.ee\/#organization","name":"Ecosauna Project O\u00dc","url":"https:\/\/ecosauna.ee\/","logo":{"@type":"ImageObject","inLanguage":"ru-RU","@id":"https:\/\/ecosauna.ee\/#\/schema\/logo\/image\/","url":"https:\/\/ecosauna.ee\/wp-content\/uploads\/2023\/03\/ecosauna-logo.png","contentUrl":"https:\/\/ecosauna.ee\/wp-content\/uploads\/2023\/03\/ecosauna-logo.png","width":818,"height":646,"caption":"Ecosauna Project O\u00dc"},"image":{"@id":"https:\/\/ecosauna.ee\/#\/schema\/logo\/image\/"},"sameAs":["https:\/\/www.facebook.com\/ecosaunad","https:\/\/www.instagram.com\/ecosauna.ee\/?hl=en","https:\/\/www.tiktok.com\/@ecosauna","https:\/\/www.youtube.com\/@EcosaunaEesti"]}]}},"_links":{"self":[{"href":"https:\/\/ecosauna.ee\/ru\/wp-json\/wp\/v2\/product\/3777","targetHints":{"allow":["GET"]}}],"collection":[{"href":"https:\/\/ecosauna.ee\/ru\/wp-json\/wp\/v2\/product"}],"about":[{"href":"https:\/\/ecosauna.ee\/ru\/wp-json\/wp\/v2\/types\/product"}],"wp:featuredmedia":[{"embeddable":true,"href":"https:\/\/ecosauna.ee\/ru\/wp-json\/wp\/v2\/media\/4821"}],"wp:attachment":[{"href":"https:\/\/ecosauna.ee\/ru\/wp-json\/wp\/v2\/media?parent=3777"}],"wp:term":[{"taxonomy":"product_brand","embeddable":true,"href":"https:\/\/ecosauna.ee\/ru\/wp-json\/wp\/v2\/product_brand?post=3777"},{"taxonomy":"product_cat","embeddable":true,"href":"https:\/\/ecosauna.ee\/ru\/wp-json\/wp\/v2\/product_cat?post=3777"},{"taxonomy":"product_tag","embeddable":true,"href":"https:\/\/ecosauna.ee\/ru\/wp-json\/wp\/v2\/product_tag?post=3777"}],"curies":[{"name":"wp","href":"https:\/\/api.w.org\/{rel}","templated":true}]}}