{"id":3804,"date":"2021-09-30T19:40:45","date_gmt":"2021-09-30T19:40:45","guid":{"rendered":"https:\/\/ecosauna.ee\/toode\/torusaun-330\/"},"modified":"2023-01-26T15:14:51","modified_gmt":"2023-01-26T13:14:51","slug":"torusaun-330","status":"publish","type":"product","link":"https:\/\/ecosauna.ee\/ru\/\u0442\u043e\u0432\u0430\u0440\/torusaun-330\/","title":{"rendered":"\u0411\u0430\u043d\u044f-\u0431\u043e\u0447\u043a\u0430 330-\u0439 \u043c\u043e\u0434\u0435\u043b\u0438"},"content":{"rendered":"<p style=\"background: #FBFBFB\"><strong><span style=\"font-family: 'Segoe UI',sans-serif;color: black;letter-spacing: -.25pt\">\u0412 \u043a\u043e\u043c\u043f\u043b\u0435\u043a\u0442 \u0432\u0445\u043e\u0434\u044f\u0442:<\/span><\/strong><span style=\"font-family: 'Segoe UI',sans-serif;color: black;letter-spacing: -.25pt\"><br \/>\u2022 \u043c\u0430\u0442\u0435\u0440\u0438\u0430\u043b \u0441\u0442\u0435\u043d\u043e\u043a \u0442\u043e\u043b\u0449\u0438\u043d\u043e\u0439 28\/42 \u043c\u043c, \u0435\u043b\u044c \u0438\u043b\u0438 \u0442\u0435\u0440\u043c\u043e\u0434\u0435\u0440\u0435\u0432\u0430<br \/>\u2022 o\u0433\u043d\u0435\u0443\u043f\u043e\u0440\u043d\u0430\u044f \u0438 \u0442\u0435\u0440\u043c\u043e\u0441\u0442\u043e\u0439\u043a\u0430\u044f \u043c\u0438\u043d\u0435\u0440\u0438\u0442\u043e\u0432\u0430\u044f \u043f\u043b\u0438\u0442\u0430 \u0434\u043b\u044f \u0431\u0430\u043d\u0438, \u0443\u0441\u0442\u0430\u043d\u0430\u0432\u043b\u0438\u0432\u0430\u044f \u043f\u043e\u0434 \u043a\u0430\u043c\u0435\u043d\u043a\u043e\u0439 \u0438 \u0432 \u0437\u0430\u0434\u043d\u0435\u0439 \u0441\u0442\u0435\u043d\u043a\u0435<br \/>\u2022 \u0431\u0430\u043d\u043d\u044b\u0439 \u043f\u043e\u043b\u043e\u043a<br \/>\u2022 \u043d\u0430\u043f\u043e\u043b\u044c\u043d\u044b\u0435 \u0440\u0435\u0448\u0435\u0442\u043a\u0438<br \/>\u2022 \u0437\u0430\u043f\u0438\u0440\u0430\u0435\u043c\u0430\u044f \u0434\u0435\u0440\u0435\u0432\u044f\u043d\u043d\u0430\u044f \u0434\u0432\u0435\u0440\u044c \u0441 \u043e\u043a\u043e\u0448\u043a\u043e\u043c<br \/>\u2022 \u0434\u0432\u0430 \u043e\u043a\u043e\u0448\u043a\u0430 \u0432 \u043f\u0435\u0440\u0435\u0434\u043d\u0435\u0439 \u0441\u0442\u0435\u043d\u043a\u0435, \u043e\u0434\u043d\u043e \u0438\u0437 \u043d\u0438\u0445 \u043e\u0442\u043a\u0440\u044b\u0432\u0430\u0435\u0442\u0441\u044f<br \/>\u2022 \u0434\u0432\u0430 \u043e\u043a\u043e\u0448\u043a\u0430 \u0432 \u0437\u0430\u0434\u043d\u0435\u0439 \u0441\u0442\u0435\u043d\u043a\u0435, \u043e\u0434\u043d\u043e \u0438\u0437 \u043d\u0438\u0445 \u043e\u0442\u043a\u0440\u044b\u0432\u0430\u0435\u0442\u0441\u044f<br \/>\u2022 \u0432\u0435\u0440\u044c \u0438\u0437 \u0437\u0430\u043a\u0430\u043b\u0435\u043d\u043d\u043e\u0433\u043e \u0431\u0440\u043e\u043d\u0437\u043e\u0432\u043e\u0433\u043e \u0441\u0442\u0435\u043a\u043b\u0430 \u0442\u043e\u043b\u0449\u0438\u043d\u043e\u0439 8 \u043c\u043c \u0432 \u043f\u0430\u0440\u0438\u043b\u043a\u0435<br \/>\u2022 \u043c\u0430\u0442\u0435\u0440\u0438\u0430\u043b \u043a\u0440\u043e\u0432\u043b\u0438: \u0431\u0438\u0442\u0443\u043c\u043d\u0430\u044f \u0447\u0435\u0440\u0435\u043f\u0438\u0446\u0430 (\u0447\u0435\u0440\u043d\u0430\u044f, \u043a\u043e\u0440\u0438\u0447\u043d\u0435\u0432\u0430\u044f, \u0441\u0435\u0440\u0430\u044f, \u043a\u0440\u0430\u0441\u043d\u0430\u044f \u0438\u043b\u0438 \u0437\u0435\u043b\u0435\u043d\u0430\u044f).<\/span><\/p>\n<p style=\"background: #FBFBFB\"><span style=\"font-family: 'Segoe UI',sans-serif;color: black;letter-spacing: -.25pt\"><a href=\"https:\/\/www.ecosauna.ee\/product-category\/tooted\/lisavarustus\/kerised\/\"><strong><span style=\"font-family: 'Segoe UI',sans-serif;color: #0d6efd\">\u0410\u043a\u0441\u0435\u0441\u0441\u0443\u0430\u0440\u044b:<\/span><\/strong><\/a><br \/>\u2022 \u0414\u0440\u043e\u0432\u044f\u043d\u0430\u044f \u043f\u0435\u0447\u044c-\u043a\u0430\u043c\u0435\u043d\u043a\u0430 COZY \u0441 \u043a\u0430\u043c\u043d\u044f\u043c\u0438<br \/>\u2022 \u0414\u0440\u043e\u0432\u044f\u043d\u0430\u044f \u043f\u0435\u0447\u044c-\u043a\u0430\u043c\u0435\u043d\u043a\u0430 Harvia \u0441 \u043a\u0430\u043c\u043d\u044f\u043c\u0438<br \/>\u2022 \u0414\u0440\u043e\u0432\u044f\u043d\u0430\u044f \u043f\u0435\u0447\u044c-\u043a\u0430\u043c\u0435\u043d\u043a\u0430 Huum HIVE Wood \u0441 \u043a\u0430\u043c\u043d\u044f\u043c\u0438<br \/>\u2022 \u0421\u0442\u0435\u043a\u043b\u043e \u0432 \u0444\u043e\u0440\u043c\u0435 \u043f\u043e\u043b\u0443\u043c\u0435\u0441\u044f\u0446\u0430 \u0438\u043b\u0438 \u043a\u0440\u0443\u0433\u043b\u043e\u0439 \u0444\u043e\u0440\u043c\u044b \u0432 \u0437\u0430\u0434\u043d\u0435\u0439 \u0441\u0442\u0435\u043d\u043a\u0435<br \/>\u2022 \u0421\u0442\u0435\u043a\u043b\u044f\u043d\u043d\u0430\u044f \u043f\u0435\u0440\u0435\u0434\u043d\u044f\u044f \u0441\u0442\u0435\u043d\u043a\u0430<br \/>\u2022 \u0421\u043f\u0438\u043d\u043a\u0438 \u0431\u0430\u043d\u043d\u043e\u0433\u043e \u043f\u043e\u043b\u043a\u0430<br \/>\u2022 \u041d\u0435\u0440\u0436\u0430\u0432\u0435\u044e\u0449\u0438\u0439, \u043e\u0433\u043d\u0435\u0441\u0442\u043e\u0439\u043a\u0438\u0439 \u0434\u044b\u043c\u043e\u0445\u043e\u0434 (CE)<br \/>\u2022 \u0411\u0430\u043a \u0434\u043b\u044f \u0432\u043e\u0434\u044b, \u0443\u0441\u0442\u0430\u043d\u0430\u0432\u043b\u0438\u0432\u0430\u0435\u043c\u044b\u0439 \u043d\u0430 \u043a\u0430\u043c\u0435\u043d\u043a\u0435, 30 \u043b<br \/>\u2022 \u041e\u0441\u0432\u0435\u0449\u0435\u043d\u0438\u0435 \u0432 \u0431\u0430\u043d\u0435<br \/>\u2022 \u0421\u0442\u0435\u0440\u0435\u043e\u0441\u0438\u0441\u0442\u0435\u043c\u0430: \u0440\u0430\u0434\u0438\u043e, Bluetooth, USB, AUX, \u0434\u0438\u043d\u0430\u043c\u0438\u043a\u0438, \u0430\u043d\u0442\u0435\u043d\u043d\u0430<br \/>\u2022 \u041d\u0430\u0440\u0443\u0436\u043d\u0430\u044f \u043e\u0442\u0434\u0435\u043b\u043a\u0430 \u0433\u043b\u0430\u0437\u0443\u0440\u044c\u044e Sikkens<br \/>\u2022 \u0412\u043d\u0443\u0442\u0440\u0435\u043d\u043d\u044f\u044f \u043e\u0442\u0434\u0435\u043b\u043a\u0430 \u0437\u0430\u0449\u0438\u0442\u043d\u044b\u043c \u0441\u043e\u0441\u0442\u0430\u0432\u043e\u043c Tikkurila Supi Saunasuoja.<\/span><\/p>\n<p>&nbsp;<\/p>\n<p>&nbsp;<\/p>\n","protected":false},"excerpt":{"rendered":"<p style=\"background: #FBFBFB\"><span style=\"font-family: 'Segoe UI',sans-serif;color: #212529\">\u041a\u043b\u0430\u0441\u0441\u0438\u0447\u0435\u0441\u043a\u0430\u044f, \u043d\u0435\u0434\u043e\u0440\u043e\u0433\u0430\u044f \u0438 \u0432 \u0442\u043e \u0436\u0435 \u0432\u0440\u0435\u043c\u044f \u043d\u0430\u0448\u0430 \u0441\u0430\u043c\u0430\u044f \u043f\u043e\u043f\u0443\u043b\u044f\u0440\u043d\u0430\u044f \u0431\u0430\u043d\u044f-\u0431\u043e\u0447\u043a\u0430. \u041a\u0440\u0443\u0433\u043b\u0430\u044f \u0444\u043e\u0440\u043c\u0430 \u043a\u0440\u044b\u0448\u0438 \u0431\u0430\u043d\u0438 \u043e\u0431\u0435\u0441\u043f\u0435\u0447\u0438\u0432\u0430\u0435\u0442 \u0445\u043e\u0440\u043e\u0448\u0443\u044e \u0446\u0438\u0440\u043a\u0443\u043b\u044f\u0446\u0438\u044e \u0432\u043e\u0437\u0434\u0443\u0445\u0430 \u0432 \u043f\u0430\u0440\u0438\u043b\u043a\u0435 \u0438, \u0441\u043b\u0435\u0434\u043e\u0432\u0430\u0442\u0435\u043b\u044c\u043d\u043e, \u043d\u0430\u0438\u043b\u0443\u0447\u0448\u0438\u0439 \u043f\u0430\u0440. \u0412 \u043f\u0430\u0440\u0438\u043b\u043a\u0435 \u043d\u0430 \u0431\u0430\u043d\u043d\u043e\u043c \u043f\u043e\u043b\u043a\u0435 \u043c\u043e\u0433\u0443\u0442 \u043e\u0434\u043d\u043e\u0432\u0440\u0435\u043c\u0435\u043d\u043d\u043e \u0440\u0430\u0437\u043c\u0435\u0441\u0442\u0438\u0442\u044c\u0441\u044f \u0434\u043e 6 \u043b\u044e\u0431\u0438\u0442\u0435\u043b\u0435\u0439 \u043f\u043e\u043f\u0430\u0440\u0438\u0442\u044c\u0441\u044f, \u0430 \u0434\u043b\u044f \u043f\u0435\u0440\u0435\u043e\u0434\u0435\u0432\u0430\u043d\u0438\u044f \u0438\u043c\u0435\u0435\u0442\u0441\u044f \u043d\u0435\u0431\u043e\u043b\u044c\u0448\u043e\u0439 \u043f\u0440\u0435\u0434\u0431\u0430\u043d\u043d\u0438\u043a. \u0420\u0435\u0448\u0435\u043d\u0438\u0435 \u0434\u043b\u044f \u043a\u0440\u0443\u0433\u043b\u043e\u0433\u043e\u0434\u0438\u0447\u043d\u043e\u0433\u043e \u0438\u0441\u043f\u043e\u043b\u044c\u0437\u043e\u0432\u0430\u043d\u0438\u044f, \u0445\u043e\u0440\u043e\u0448\u043e \u043f\u043e\u0434\u0445\u043e\u0434\u044f\u0449\u0435\u0435 \u0434\u043b\u044f \u043d\u0430\u0448\u0435\u0433\u043e \u043a\u043b\u0438\u043c\u0430\u0442\u0430.<\/span><\/p>\n<p style=\"background: #FBFBFB\"><span style=\"font-family: 'Segoe UI',sans-serif;color: #212529\">\u0420\u0435\u0448\u0435\u043d\u0438\u0435 \u0434\u043b\u044f \u043e\u0442\u043e\u043f\u043b\u0435\u043d\u0438\u044f \u0431\u0430\u043d\u0438 \u043c\u043e\u0436\u043d\u043e \u0432\u044b\u0431\u0440\u0430\u0442\u044c \u0432 \u0441\u043e\u043e\u0442\u0432\u0435\u0442\u0441\u0442\u0432\u0438\u0438 \u0441 \u0432\u0430\u0448\u0438\u043c\u0438 \u043f\u043e\u0436\u0435\u043b\u0430\u043d\u0438\u044f\u043c\u0438: \u044d\u0442\u043e \u043c\u043e\u0436\u0435\u0442 \u0431\u044b\u0442\u044c \u0434\u0440\u043e\u0432\u044f\u043d\u0430\u044f \u043f\u0435\u0447\u044c-\u043a\u0430\u043c\u0435\u043d\u043a\u0430 Harvia, Huum \u0438\u043b\u0438 COZY. \u0411\u0430\u043a \u0434\u043b\u044f \u0432\u043e\u0434\u044b, \u0443\u0441\u0442\u0430\u043d\u0430\u0432\u043b\u0438\u0432\u0430\u0435\u043c\u044b\u0439 \u043d\u0430 \u043a\u0430\u043c\u0435\u043d\u043a\u0435, \u043e\u0431\u0435\u0441\u043f\u0435\u0447\u0438\u0432\u0430\u0435\u0442 \u043f\u0440\u0438\u044f\u0442\u043d\u0443\u044e \u0432\u043b\u0430\u0436\u043d\u043e\u0441\u0442\u044c \u0432 \u043f\u0430\u0440\u0438\u043b\u043a\u0435, \u0430 \u0442\u0430\u043a\u0436\u0435 \u043e\u0442\u0442\u0443\u0434\u0430 \u043c\u043e\u0436\u043d\u043e \u043d\u0430\u0431\u0438\u0440\u0430\u0442\u044c \u0432\u043e\u0434\u0443, \u0447\u0442\u043e\u0431\u044b \u043f\u043e\u0434\u0434\u0430\u0432\u0430\u0442\u044c \u043f\u0430\u0440.<\/span><\/p>\n<p>&nbsp;<\/p>\n","protected":false},"featured_media":2927,"template":"","meta":{"_acf_changed":false,"inline_featured_image":false},"product_brand":[],"product_cat":[187,185],"product_tag":[],"class_list":{"0":"post-3804","1":"product","2":"type-product","3":"status-publish","4":"has-post-thumbnail","6":"product_cat-187","7":"product_cat-185","9":"first","10":"instock","11":"taxable","12":"shipping-taxable","13":"product-type-simple"},"acf":[],"yoast_head":"<!-- This site is optimized with the Yoast SEO plugin v27.4 - https:\/\/yoast.com\/product\/yoast-seo-wordpress\/ -->\n<title>\u0411\u0430\u043d\u044f-\u0431\u043e\u0447\u043a\u0430 330-\u0439 \u043c\u043e\u0434\u0435\u043b\u0438 - Ecosauna<\/title>\n<meta name=\"description\" content=\"Klassikaline, soodne ning samas ka meie k\u00f5ige populaarsem torusaun.\u00a0Sauna \u00fcmar kuju annab leiliruumis hea \u00f5huliikumise ja seega ka parima leili.\" \/>\n<meta name=\"robots\" content=\"index, follow, max-snippet:-1, max-image-preview:large, max-video-preview:-1\" \/>\n<link rel=\"canonical\" href=\"https:\/\/ecosauna.ee\/ru\/\u0442\u043e\u0432\u0430\u0440\/torusaun-330\/\" \/>\n<meta property=\"og:locale\" content=\"ru_RU\" \/>\n<meta property=\"og:type\" content=\"article\" \/>\n<meta property=\"og:title\" content=\"\u0411\u0430\u043d\u044f-\u0431\u043e\u0447\u043a\u0430 330-\u0439 \u043c\u043e\u0434\u0435\u043b\u0438 - Ecosauna\" \/>\n<meta property=\"og:description\" content=\"Klassikaline, soodne ning samas ka meie k\u00f5ige populaarsem torusaun.\u00a0Sauna \u00fcmar kuju annab leiliruumis hea \u00f5huliikumise ja seega ka parima leili.\" \/>\n<meta property=\"og:url\" content=\"https:\/\/ecosauna.ee\/ru\/\u0442\u043e\u0432\u0430\u0440\/torusaun-330\/\" \/>\n<meta property=\"og:site_name\" content=\"Ecosauna\" \/>\n<meta property=\"article:publisher\" content=\"https:\/\/www.facebook.com\/ecosaunad\" \/>\n<meta property=\"article:modified_time\" content=\"2023-01-26T13:14:51+00:00\" \/>\n<meta property=\"og:image\" content=\"https:\/\/ecosauna.ee\/wp-content\/uploads\/2021\/09\/Torusaun_330_ter_PS.jpg\" \/>\n\t<meta property=\"og:image:width\" content=\"2500\" \/>\n\t<meta property=\"og:image:height\" content=\"1667\" \/>\n\t<meta property=\"og:image:type\" content=\"image\/jpeg\" \/>\n<meta name=\"twitter:card\" content=\"summary_large_image\" \/>\n<meta name=\"twitter:label1\" content=\"\u041f\u0440\u0438\u043c\u0435\u0440\u043d\u043e\u0435 \u0432\u0440\u0435\u043c\u044f \u0434\u043b\u044f \u0447\u0442\u0435\u043d\u0438\u044f\" \/>\n\t<meta name=\"twitter:data1\" content=\"1 \u043c\u0438\u043d\u0443\u0442\u0430\" \/>\n<script type=\"application\/ld+json\" class=\"yoast-schema-graph\">{\"@context\":\"https:\\\/\\\/schema.org\",\"@graph\":[{\"@type\":\"WebPage\",\"@id\":\"https:\\\/\\\/ecosauna.ee\\\/ru\\\/\u0442\u043e\u0432\u0430\u0440\\\/torusaun-330\\\/\",\"url\":\"https:\\\/\\\/ecosauna.ee\\\/ru\\\/\u0442\u043e\u0432\u0430\u0440\\\/torusaun-330\\\/\",\"name\":\"\u0411\u0430\u043d\u044f-\u0431\u043e\u0447\u043a\u0430 330-\u0439 \u043c\u043e\u0434\u0435\u043b\u0438 - Ecosauna\",\"isPartOf\":{\"@id\":\"https:\\\/\\\/ecosauna.ee\\\/#website\"},\"primaryImageOfPage\":{\"@id\":\"https:\\\/\\\/ecosauna.ee\\\/ru\\\/\u0442\u043e\u0432\u0430\u0440\\\/torusaun-330\\\/#primaryimage\"},\"image\":{\"@id\":\"https:\\\/\\\/ecosauna.ee\\\/ru\\\/\u0442\u043e\u0432\u0430\u0440\\\/torusaun-330\\\/#primaryimage\"},\"thumbnailUrl\":\"https:\\\/\\\/ecosauna.ee\\\/wp-content\\\/uploads\\\/2021\\\/09\\\/Torusaun_330_ter_PS.jpg\",\"datePublished\":\"2021-09-30T19:40:45+00:00\",\"dateModified\":\"2023-01-26T13:14:51+00:00\",\"description\":\"Klassikaline, soodne ning samas ka meie k\u00f5ige populaarsem torusaun.\u00a0Sauna \u00fcmar kuju annab leiliruumis hea \u00f5huliikumise ja seega ka parima leili.\",\"breadcrumb\":{\"@id\":\"https:\\\/\\\/ecosauna.ee\\\/ru\\\/\u0442\u043e\u0432\u0430\u0440\\\/torusaun-330\\\/#breadcrumb\"},\"inLanguage\":\"ru-RU\",\"potentialAction\":[{\"@type\":\"ReadAction\",\"target\":[\"https:\\\/\\\/ecosauna.ee\\\/ru\\\/\u0442\u043e\u0432\u0430\u0440\\\/torusaun-330\\\/\"]}]},{\"@type\":\"ImageObject\",\"inLanguage\":\"ru-RU\",\"@id\":\"https:\\\/\\\/ecosauna.ee\\\/ru\\\/\u0442\u043e\u0432\u0430\u0440\\\/torusaun-330\\\/#primaryimage\",\"url\":\"https:\\\/\\\/ecosauna.ee\\\/wp-content\\\/uploads\\\/2021\\\/09\\\/Torusaun_330_ter_PS.jpg\",\"contentUrl\":\"https:\\\/\\\/ecosauna.ee\\\/wp-content\\\/uploads\\\/2021\\\/09\\\/Torusaun_330_ter_PS.jpg\",\"width\":2500,\"height\":1667},{\"@type\":\"BreadcrumbList\",\"@id\":\"https:\\\/\\\/ecosauna.ee\\\/ru\\\/\u0442\u043e\u0432\u0430\u0440\\\/torusaun-330\\\/#breadcrumb\",\"itemListElement\":[{\"@type\":\"ListItem\",\"position\":1,\"name\":\"Esileht\",\"item\":\"https:\\\/\\\/ecosauna.ee\\\/ru\\\/\"},{\"@type\":\"ListItem\",\"position\":2,\"name\":\"\u041c\u0430\u0433\u0430\u0437\u0438\u043d\",\"item\":\"https:\\\/\\\/ecosauna.ee\\\/ru\\\/shop\\\/\"},{\"@type\":\"ListItem\",\"position\":3,\"name\":\"\u0411\u0430\u043d\u044f-\u0431\u043e\u0447\u043a\u0430 330-\u0439 \u043c\u043e\u0434\u0435\u043b\u0438\"}]},{\"@type\":\"WebSite\",\"@id\":\"https:\\\/\\\/ecosauna.ee\\\/#website\",\"url\":\"https:\\\/\\\/ecosauna.ee\\\/\",\"name\":\"Ecosauna\",\"description\":\"Saunad, k\u00fcmblust\u00fcnnid, k\u00e4mpingud\",\"publisher\":{\"@id\":\"https:\\\/\\\/ecosauna.ee\\\/#organization\"},\"potentialAction\":[{\"@type\":\"SearchAction\",\"target\":{\"@type\":\"EntryPoint\",\"urlTemplate\":\"https:\\\/\\\/ecosauna.ee\\\/?s={search_term_string}\"},\"query-input\":{\"@type\":\"PropertyValueSpecification\",\"valueRequired\":true,\"valueName\":\"search_term_string\"}}],\"inLanguage\":\"ru-RU\"},{\"@type\":\"Organization\",\"@id\":\"https:\\\/\\\/ecosauna.ee\\\/#organization\",\"name\":\"Ecosauna Project O\u00dc\",\"url\":\"https:\\\/\\\/ecosauna.ee\\\/\",\"logo\":{\"@type\":\"ImageObject\",\"inLanguage\":\"ru-RU\",\"@id\":\"https:\\\/\\\/ecosauna.ee\\\/#\\\/schema\\\/logo\\\/image\\\/\",\"url\":\"https:\\\/\\\/ecosauna.ee\\\/wp-content\\\/uploads\\\/2023\\\/03\\\/ecosauna-logo.png\",\"contentUrl\":\"https:\\\/\\\/ecosauna.ee\\\/wp-content\\\/uploads\\\/2023\\\/03\\\/ecosauna-logo.png\",\"width\":818,\"height\":646,\"caption\":\"Ecosauna Project O\u00dc\"},\"image\":{\"@id\":\"https:\\\/\\\/ecosauna.ee\\\/#\\\/schema\\\/logo\\\/image\\\/\"},\"sameAs\":[\"https:\\\/\\\/www.facebook.com\\\/ecosaunad\",\"https:\\\/\\\/www.instagram.com\\\/ecosauna.ee\\\/?hl=en\",\"https:\\\/\\\/www.tiktok.com\\\/@ecosauna\",\"https:\\\/\\\/www.youtube.com\\\/@EcosaunaEesti\"]}]}<\/script>\n<!-- \/ Yoast SEO plugin. -->","yoast_head_json":{"title":"\u0411\u0430\u043d\u044f-\u0431\u043e\u0447\u043a\u0430 330-\u0439 \u043c\u043e\u0434\u0435\u043b\u0438 - Ecosauna","description":"Klassikaline, soodne ning samas ka meie k\u00f5ige populaarsem torusaun.\u00a0Sauna \u00fcmar kuju annab leiliruumis hea \u00f5huliikumise ja seega ka parima leili.","robots":{"index":"index","follow":"follow","max-snippet":"max-snippet:-1","max-image-preview":"max-image-preview:large","max-video-preview":"max-video-preview:-1"},"canonical":"https:\/\/ecosauna.ee\/ru\/\u0442\u043e\u0432\u0430\u0440\/torusaun-330\/","og_locale":"ru_RU","og_type":"article","og_title":"\u0411\u0430\u043d\u044f-\u0431\u043e\u0447\u043a\u0430 330-\u0439 \u043c\u043e\u0434\u0435\u043b\u0438 - Ecosauna","og_description":"Klassikaline, soodne ning samas ka meie k\u00f5ige populaarsem torusaun.\u00a0Sauna \u00fcmar kuju annab leiliruumis hea \u00f5huliikumise ja seega ka parima leili.","og_url":"https:\/\/ecosauna.ee\/ru\/\u0442\u043e\u0432\u0430\u0440\/torusaun-330\/","og_site_name":"Ecosauna","article_publisher":"https:\/\/www.facebook.com\/ecosaunad","article_modified_time":"2023-01-26T13:14:51+00:00","og_image":[{"width":2500,"height":1667,"url":"https:\/\/ecosauna.ee\/wp-content\/uploads\/2021\/09\/Torusaun_330_ter_PS.jpg","type":"image\/jpeg"}],"twitter_card":"summary_large_image","twitter_misc":{"\u041f\u0440\u0438\u043c\u0435\u0440\u043d\u043e\u0435 \u0432\u0440\u0435\u043c\u044f \u0434\u043b\u044f \u0447\u0442\u0435\u043d\u0438\u044f":"1 \u043c\u0438\u043d\u0443\u0442\u0430"},"schema":{"@context":"https:\/\/schema.org","@graph":[{"@type":"WebPage","@id":"https:\/\/ecosauna.ee\/ru\/\u0442\u043e\u0432\u0430\u0440\/torusaun-330\/","url":"https:\/\/ecosauna.ee\/ru\/\u0442\u043e\u0432\u0430\u0440\/torusaun-330\/","name":"\u0411\u0430\u043d\u044f-\u0431\u043e\u0447\u043a\u0430 330-\u0439 \u043c\u043e\u0434\u0435\u043b\u0438 - Ecosauna","isPartOf":{"@id":"https:\/\/ecosauna.ee\/#website"},"primaryImageOfPage":{"@id":"https:\/\/ecosauna.ee\/ru\/\u0442\u043e\u0432\u0430\u0440\/torusaun-330\/#primaryimage"},"image":{"@id":"https:\/\/ecosauna.ee\/ru\/\u0442\u043e\u0432\u0430\u0440\/torusaun-330\/#primaryimage"},"thumbnailUrl":"https:\/\/ecosauna.ee\/wp-content\/uploads\/2021\/09\/Torusaun_330_ter_PS.jpg","datePublished":"2021-09-30T19:40:45+00:00","dateModified":"2023-01-26T13:14:51+00:00","description":"Klassikaline, soodne ning samas ka meie k\u00f5ige populaarsem torusaun.\u00a0Sauna \u00fcmar kuju annab leiliruumis hea \u00f5huliikumise ja seega ka parima leili.","breadcrumb":{"@id":"https:\/\/ecosauna.ee\/ru\/\u0442\u043e\u0432\u0430\u0440\/torusaun-330\/#breadcrumb"},"inLanguage":"ru-RU","potentialAction":[{"@type":"ReadAction","target":["https:\/\/ecosauna.ee\/ru\/\u0442\u043e\u0432\u0430\u0440\/torusaun-330\/"]}]},{"@type":"ImageObject","inLanguage":"ru-RU","@id":"https:\/\/ecosauna.ee\/ru\/\u0442\u043e\u0432\u0430\u0440\/torusaun-330\/#primaryimage","url":"https:\/\/ecosauna.ee\/wp-content\/uploads\/2021\/09\/Torusaun_330_ter_PS.jpg","contentUrl":"https:\/\/ecosauna.ee\/wp-content\/uploads\/2021\/09\/Torusaun_330_ter_PS.jpg","width":2500,"height":1667},{"@type":"BreadcrumbList","@id":"https:\/\/ecosauna.ee\/ru\/\u0442\u043e\u0432\u0430\u0440\/torusaun-330\/#breadcrumb","itemListElement":[{"@type":"ListItem","position":1,"name":"Esileht","item":"https:\/\/ecosauna.ee\/ru\/"},{"@type":"ListItem","position":2,"name":"\u041c\u0430\u0433\u0430\u0437\u0438\u043d","item":"https:\/\/ecosauna.ee\/ru\/shop\/"},{"@type":"ListItem","position":3,"name":"\u0411\u0430\u043d\u044f-\u0431\u043e\u0447\u043a\u0430 330-\u0439 \u043c\u043e\u0434\u0435\u043b\u0438"}]},{"@type":"WebSite","@id":"https:\/\/ecosauna.ee\/#website","url":"https:\/\/ecosauna.ee\/","name":"Ecosauna","description":"Saunad, k\u00fcmblust\u00fcnnid, k\u00e4mpingud","publisher":{"@id":"https:\/\/ecosauna.ee\/#organization"},"potentialAction":[{"@type":"SearchAction","target":{"@type":"EntryPoint","urlTemplate":"https:\/\/ecosauna.ee\/?s={search_term_string}"},"query-input":{"@type":"PropertyValueSpecification","valueRequired":true,"valueName":"search_term_string"}}],"inLanguage":"ru-RU"},{"@type":"Organization","@id":"https:\/\/ecosauna.ee\/#organization","name":"Ecosauna Project O\u00dc","url":"https:\/\/ecosauna.ee\/","logo":{"@type":"ImageObject","inLanguage":"ru-RU","@id":"https:\/\/ecosauna.ee\/#\/schema\/logo\/image\/","url":"https:\/\/ecosauna.ee\/wp-content\/uploads\/2023\/03\/ecosauna-logo.png","contentUrl":"https:\/\/ecosauna.ee\/wp-content\/uploads\/2023\/03\/ecosauna-logo.png","width":818,"height":646,"caption":"Ecosauna Project O\u00dc"},"image":{"@id":"https:\/\/ecosauna.ee\/#\/schema\/logo\/image\/"},"sameAs":["https:\/\/www.facebook.com\/ecosaunad","https:\/\/www.instagram.com\/ecosauna.ee\/?hl=en","https:\/\/www.tiktok.com\/@ecosauna","https:\/\/www.youtube.com\/@EcosaunaEesti"]}]}},"_links":{"self":[{"href":"https:\/\/ecosauna.ee\/ru\/wp-json\/wp\/v2\/product\/3804","targetHints":{"allow":["GET"]}}],"collection":[{"href":"https:\/\/ecosauna.ee\/ru\/wp-json\/wp\/v2\/product"}],"about":[{"href":"https:\/\/ecosauna.ee\/ru\/wp-json\/wp\/v2\/types\/product"}],"wp:featuredmedia":[{"embeddable":true,"href":"https:\/\/ecosauna.ee\/ru\/wp-json\/wp\/v2\/media\/2927"}],"wp:attachment":[{"href":"https:\/\/ecosauna.ee\/ru\/wp-json\/wp\/v2\/media?parent=3804"}],"wp:term":[{"taxonomy":"product_brand","embeddable":true,"href":"https:\/\/ecosauna.ee\/ru\/wp-json\/wp\/v2\/product_brand?post=3804"},{"taxonomy":"product_cat","embeddable":true,"href":"https:\/\/ecosauna.ee\/ru\/wp-json\/wp\/v2\/product_cat?post=3804"},{"taxonomy":"product_tag","embeddable":true,"href":"https:\/\/ecosauna.ee\/ru\/wp-json\/wp\/v2\/product_tag?post=3804"}],"curies":[{"name":"wp","href":"https:\/\/api.w.org\/{rel}","templated":true}]}}