{"id":3818,"date":"2021-10-09T13:34:13","date_gmt":"2021-10-09T13:34:13","guid":{"rendered":"https:\/\/ecosauna.ee\/toode\/terrassisaun-160-taisklaasiga\/"},"modified":"2023-01-26T15:44:44","modified_gmt":"2023-01-26T13:44:44","slug":"terrassisaun-160-taisklaasiga","status":"publish","type":"product","link":"https:\/\/ecosauna.ee\/ru\/\u0442\u043e\u0432\u0430\u0440\/terrassisaun-160-taisklaasiga\/","title":{"rendered":"\u0422\u0435\u0440\u0440\u0430\u0441\u043d\u0430\u044f \u0431\u0430\u043d\u044f 160-\u0439 \u043c\u043e\u0434\u0435\u043b\u0438 \u0441 \u043f\u043e\u043b\u043d\u044b\u043c + \u043f\u043e\u043b\u043e\u0432\u0438\u043d\u0447\u0430\u0442\u044b\u043c \u043e\u0441\u0442\u0435\u043a\u043b\u0435\u043d\u0438\u0435\u043c"},"content":{"rendered":"<p><strong>\u0412 \u043a\u043e\u043c\u043f\u043b\u0435\u043a\u0442 \u0432\u0445\u043e\u0434\u044f\u0442:<\/strong><br \/>\n\u2022 \u043c\u0430\u0442\u0435\u0440\u0438\u0430\u043b \u0441\u0442\u0435\u043d\u043e\u043a \u0442\u043e\u043b\u0449\u0438\u043d\u043e\u0439 28\/42 \u043c\u043c, \u0435\u043b\u044c \u0438\u043b\u0438 \u0442\u0435\u0440\u043c\u043e\u0434\u0435\u0440\u0435\u0432\u0430<br \/>\n\u2022 o\u0433\u043d\u0435\u0443\u043f\u043e\u0440\u043d\u0430\u044f \u0438 \u0442\u0435\u0440\u043c\u043e\u0441\u0442\u043e\u0439\u043a\u0430\u044f \u043c\u0438\u043d\u0435\u0440\u0438\u0442\u043e\u0432\u0430\u044f \u043f\u043b\u0438\u0442\u0430<br \/>\n\u2022 \u0431\u0430\u043d\u043d\u044b\u0439 \u043f\u043e\u043b\u043e\u043a<br \/>\n\u2022 \u043d\u0430\u043f\u043e\u043b\u044c\u043d\u0430\u044f \u0440\u0435\u0448\u0435\u0442\u043a\u0430<br \/>\n\u2022 \u0431\u0430\u043d\u043d\u0430\u044f \u0434\u0432\u0435\u0440\u044c \u0438\u0437 \u0437\u0430\u043a\u0430\u043b\u0435\u043d\u043d\u043e\u0433\u043e \u0431\u0440\u043e\u043d\u0437\u043e\u0432\u043e\u0433\u043e \u0441\u0442\u0435\u043a\u043b\u0430 \u0442\u043e\u043b\u0449\u0438\u043d\u043e\u0439 8 \u043c\u043c<br \/>\n\u2022 c\u0442\u0435\u043a\u043b\u043e \u0432 \u0444\u043e\u0440\u043c\u0435 \u043f\u043e\u043b\u0443\u043c\u0435\u0441\u044f\u0446\u0430 \u0432 \u0437\u0430\u0434\u043d\u0435\u0439 \u0441\u0442\u0435\u043d\u043a\u0435<br \/>\n\u2022 \u0441\u0442\u0435\u043a\u043b\u044f\u043d\u043d\u0430\u044f \u043f\u0435\u0440\u0435\u0434\u043d\u044f\u044f \u0441\u0442\u0435\u043d\u043a\u0430<br \/>\n\u2022 \u043c\u0430\u0442\u0435\u0440\u0438\u0430\u043b \u043a\u0440\u043e\u0432\u043b\u0438: \u0431\u0438\u0442\u0443\u043c\u043d\u0430\u044f \u0447\u0435\u0440\u0435\u043f\u0438\u0446\u0430 (\u0447\u0435\u0440\u043d\u0430\u044f, \u043a\u043e\u0440\u0438\u0447\u043d\u0435\u0432\u0430\u044f, \u0441\u0435\u0440\u0430\u044f, \u043a\u0440\u0430\u0441\u043d\u0430\u044f \u0438\u043b\u0438 \u0437\u0435\u043b\u0435\u043d\u0430\u044f).<\/p>\n<p><strong>\u0410\u043a\u0441\u0435\u0441\u0441\u0443\u0430\u0440\u044b:<\/strong><\/p>\n<ul>\n<li>\u042d\u043b\u0435\u043a\u0442\u0440\u0438\u0447\u0435\u0441\u043a\u0430\u044f \u043f\u0435\u0447\u044c-\u043a\u0430\u043c\u0435\u043d\u043a\u0430 Harvia \u0441 \u043a\u0430\u043c\u043d\u044f\u043c\u0438<\/li>\n<li>\u042d\u043b\u0435\u043a\u0442\u0440\u0438\u0447\u0435\u0441\u043a\u0430\u044f \u043f\u0435\u0447\u044c-\u043a\u0430\u043c\u0435\u043d\u043a\u0430 Huum Drop \u0441 \u043a\u0430\u043c\u043d\u044f\u043c\u0438<\/li>\n<li>\u0421\u043f\u0438\u043d\u043a\u0430<\/li>\n<li>\u041e\u0441\u0432\u0435\u0449\u0435\u043d\u0438\u0435 \u0432 \u0431\u0430\u043d\u043d\u043e\u043c \u043f\u043e\u043c\u0435\u0449\u0435\u043d\u0438\u0438 \u0438 \u043d\u0430 \u0443\u043b\u0438\u0446\u0435<\/li>\n<li>\u041d\u0430\u0440\u0443\u0436\u043d\u0430\u044f \u043e\u0442\u0434\u0435\u043b\u043a\u0430 \u0433\u043b\u0430\u0437\u0443\u0440\u044c\u044e Sikkens<\/li>\n<li>\u0412\u043d\u0443\u0442\u0440\u0435\u043d\u043d\u044f\u044f \u043e\u0442\u0434\u0435\u043b\u043a\u0430 \u0437\u0430\u0449\u0438\u0442\u043d\u044b\u043c \u0441\u043e\u0441\u0442\u0430\u0432\u043e\u043c Tikkurila Supi Saunasuoja.<\/li>\n<\/ul>\n","protected":false},"excerpt":{"rendered":"<p style=\"background: #FBFBFB\"><span style=\"font-family: 'Segoe UI',sans-serif;color: #212529\">\u0411\u043b\u0430\u0433\u043e\u0434\u0430\u0440\u044f \u043d\u0435\u0431\u043e\u043b\u044c\u0448\u0438\u043c \u0433\u0430\u0431\u0430\u0440\u0438\u0442\u0430\u043c \u0438 \u0432\u0435\u0441\u0443 \u043c\u0435\u0441\u0442\u043e \u0434\u043b\u044f \u0442\u0435\u0440\u0440\u0430\u0441\u043d\u043e\u0439 \u0431\u0430\u043d\u0438 \u043d\u0430\u0439\u0442\u0438 \u043b\u0435\u0433\u043a\u043e. \u041a\u0430\u043a \u0441\u043b\u0435\u0434\u0443\u0435\u0442 \u0438\u0437 \u043d\u0430\u0437\u0432\u0430\u043d\u0438\u044f, \u0440\u0430\u0437\u043c\u0435\u0441\u0442\u0438\u0442\u044c \u0435\u0435 \u043c\u043e\u0436\u043d\u043e \u0434\u0430\u0436\u0435 \u043d\u0430 \u0442\u0435\u0440\u0440\u0430\u0441\u0435. \u0412 \u0430\u0441\u0441\u043e\u0440\u0442\u0438\u043c\u0435\u043d\u0442\u0435 \u0442\u0435\u0440\u0440\u0430\u0441\u043d\u044b\u0445 \u0431\u0430\u043d\u044c \u043a\u0430\u0436\u0434\u044b\u0439 \u043d\u0430\u0439\u0434\u0435\u0442 \u0447\u0442\u043e-\u043d\u0438\u0431\u0443\u0434\u044c \u0438 \u043d\u0430 \u0441\u0432\u043e\u0439 \u0432\u043a\u0443\u0441. \u0414\u0432\u0443\u0441\u0442\u043e\u0440\u043e\u043d\u043d\u0438\u0435 \u0441\u0442\u0435\u043a\u043b\u044f\u043d\u043d\u044b\u0435 \u0441\u0442\u0435\u043d\u043a\u0438 \u0434\u0435\u043b\u0430\u044e\u0442 \u043f\u043e\u0441\u0435\u0449\u0435\u043d\u0438\u0435 \u0431\u0430\u043d\u0438 \u043d\u0435\u0437\u0430\u0431\u044b\u0432\u0430\u0435\u043c\u044b\u043c.<\/span><\/p>\n","protected":false},"featured_media":2990,"template":"","meta":{"_acf_changed":false,"inline_featured_image":false},"product_brand":[],"product_cat":[187,185,189],"product_tag":[],"class_list":{"0":"post-3818","1":"product","2":"type-product","3":"status-publish","4":"has-post-thumbnail","6":"product_cat-187","7":"product_cat-185","8":"product_cat-189","10":"first","11":"instock","12":"taxable","13":"shipping-taxable","14":"product-type-simple"},"acf":[],"yoast_head":"<!-- This site is optimized with the Yoast SEO plugin v27.4 - https:\/\/yoast.com\/product\/yoast-seo-wordpress\/ -->\n<title>\u0422\u0435\u0440\u0440\u0430\u0441\u043d\u0430\u044f \u0431\u0430\u043d\u044f 160-\u0439 \u043c\u043e\u0434\u0435\u043b\u0438 \u0441 \u043f\u043e\u043b\u043d\u044b\u043c + \u043f\u043e\u043b\u043e\u0432\u0438\u043d\u0447\u0430\u0442\u044b\u043c \u043e\u0441\u0442\u0435\u043a\u043b\u0435\u043d\u0438\u0435\u043c - Ecosauna<\/title>\n<meta name=\"description\" content=\"T\u00e4nu oma v\u00e4ikestele m\u00f5\u00f5tmetele ja kaalule on terrassisaunale lihtne kohta leida. Nagu nimigi \u00fctleb \u2013 paiguta kasv\u00f5i terrassile.\" \/>\n<meta name=\"robots\" content=\"index, follow, max-snippet:-1, max-image-preview:large, max-video-preview:-1\" \/>\n<link rel=\"canonical\" href=\"https:\/\/ecosauna.ee\/ru\/\u0442\u043e\u0432\u0430\u0440\/terrassisaun-160-taisklaasiga\/\" \/>\n<meta property=\"og:locale\" content=\"ru_RU\" \/>\n<meta property=\"og:type\" content=\"article\" \/>\n<meta property=\"og:title\" content=\"\u0422\u0435\u0440\u0440\u0430\u0441\u043d\u0430\u044f \u0431\u0430\u043d\u044f 160-\u0439 \u043c\u043e\u0434\u0435\u043b\u0438 \u0441 \u043f\u043e\u043b\u043d\u044b\u043c + \u043f\u043e\u043b\u043e\u0432\u0438\u043d\u0447\u0430\u0442\u044b\u043c \u043e\u0441\u0442\u0435\u043a\u043b\u0435\u043d\u0438\u0435\u043c - Ecosauna\" \/>\n<meta property=\"og:description\" content=\"T\u00e4nu oma v\u00e4ikestele m\u00f5\u00f5tmetele ja kaalule on terrassisaunale lihtne kohta leida. Nagu nimigi \u00fctleb \u2013 paiguta kasv\u00f5i terrassile.\" \/>\n<meta property=\"og:url\" content=\"https:\/\/ecosauna.ee\/ru\/\u0442\u043e\u0432\u0430\u0440\/terrassisaun-160-taisklaasiga\/\" \/>\n<meta property=\"og:site_name\" content=\"Ecosauna\" \/>\n<meta property=\"article:publisher\" content=\"https:\/\/www.facebook.com\/ecosaunad\" \/>\n<meta property=\"article:modified_time\" content=\"2023-01-26T13:44:44+00:00\" \/>\n<meta property=\"og:image\" content=\"https:\/\/ecosauna.ee\/wp-content\/uploads\/2021\/10\/attachment-2.jpg\" \/>\n\t<meta property=\"og:image:width\" content=\"2048\" \/>\n\t<meta property=\"og:image:height\" content=\"1152\" \/>\n\t<meta property=\"og:image:type\" content=\"image\/jpeg\" \/>\n<meta name=\"twitter:card\" content=\"summary_large_image\" \/>\n<meta name=\"twitter:label1\" content=\"\u041f\u0440\u0438\u043c\u0435\u0440\u043d\u043e\u0435 \u0432\u0440\u0435\u043c\u044f \u0434\u043b\u044f \u0447\u0442\u0435\u043d\u0438\u044f\" \/>\n\t<meta name=\"twitter:data1\" content=\"1 \u043c\u0438\u043d\u0443\u0442\u0430\" \/>\n<script type=\"application\/ld+json\" class=\"yoast-schema-graph\">{\"@context\":\"https:\\\/\\\/schema.org\",\"@graph\":[{\"@type\":\"WebPage\",\"@id\":\"https:\\\/\\\/ecosauna.ee\\\/ru\\\/\u0442\u043e\u0432\u0430\u0440\\\/terrassisaun-160-taisklaasiga\\\/\",\"url\":\"https:\\\/\\\/ecosauna.ee\\\/ru\\\/\u0442\u043e\u0432\u0430\u0440\\\/terrassisaun-160-taisklaasiga\\\/\",\"name\":\"\u0422\u0435\u0440\u0440\u0430\u0441\u043d\u0430\u044f \u0431\u0430\u043d\u044f 160-\u0439 \u043c\u043e\u0434\u0435\u043b\u0438 \u0441 \u043f\u043e\u043b\u043d\u044b\u043c + \u043f\u043e\u043b\u043e\u0432\u0438\u043d\u0447\u0430\u0442\u044b\u043c \u043e\u0441\u0442\u0435\u043a\u043b\u0435\u043d\u0438\u0435\u043c - Ecosauna\",\"isPartOf\":{\"@id\":\"https:\\\/\\\/ecosauna.ee\\\/#website\"},\"primaryImageOfPage\":{\"@id\":\"https:\\\/\\\/ecosauna.ee\\\/ru\\\/\u0442\u043e\u0432\u0430\u0440\\\/terrassisaun-160-taisklaasiga\\\/#primaryimage\"},\"image\":{\"@id\":\"https:\\\/\\\/ecosauna.ee\\\/ru\\\/\u0442\u043e\u0432\u0430\u0440\\\/terrassisaun-160-taisklaasiga\\\/#primaryimage\"},\"thumbnailUrl\":\"https:\\\/\\\/ecosauna.ee\\\/wp-content\\\/uploads\\\/2021\\\/10\\\/attachment-2.jpg\",\"datePublished\":\"2021-10-09T13:34:13+00:00\",\"dateModified\":\"2023-01-26T13:44:44+00:00\",\"description\":\"T\u00e4nu oma v\u00e4ikestele m\u00f5\u00f5tmetele ja kaalule on terrassisaunale lihtne kohta leida. Nagu nimigi \u00fctleb \u2013 paiguta kasv\u00f5i terrassile.\",\"breadcrumb\":{\"@id\":\"https:\\\/\\\/ecosauna.ee\\\/ru\\\/\u0442\u043e\u0432\u0430\u0440\\\/terrassisaun-160-taisklaasiga\\\/#breadcrumb\"},\"inLanguage\":\"ru-RU\",\"potentialAction\":[{\"@type\":\"ReadAction\",\"target\":[\"https:\\\/\\\/ecosauna.ee\\\/ru\\\/\u0442\u043e\u0432\u0430\u0440\\\/terrassisaun-160-taisklaasiga\\\/\"]}]},{\"@type\":\"ImageObject\",\"inLanguage\":\"ru-RU\",\"@id\":\"https:\\\/\\\/ecosauna.ee\\\/ru\\\/\u0442\u043e\u0432\u0430\u0440\\\/terrassisaun-160-taisklaasiga\\\/#primaryimage\",\"url\":\"https:\\\/\\\/ecosauna.ee\\\/wp-content\\\/uploads\\\/2021\\\/10\\\/attachment-2.jpg\",\"contentUrl\":\"https:\\\/\\\/ecosauna.ee\\\/wp-content\\\/uploads\\\/2021\\\/10\\\/attachment-2.jpg\",\"width\":2048,\"height\":1152},{\"@type\":\"BreadcrumbList\",\"@id\":\"https:\\\/\\\/ecosauna.ee\\\/ru\\\/\u0442\u043e\u0432\u0430\u0440\\\/terrassisaun-160-taisklaasiga\\\/#breadcrumb\",\"itemListElement\":[{\"@type\":\"ListItem\",\"position\":1,\"name\":\"Esileht\",\"item\":\"https:\\\/\\\/ecosauna.ee\\\/ru\\\/\"},{\"@type\":\"ListItem\",\"position\":2,\"name\":\"\u041c\u0430\u0433\u0430\u0437\u0438\u043d\",\"item\":\"https:\\\/\\\/ecosauna.ee\\\/ru\\\/shop\\\/\"},{\"@type\":\"ListItem\",\"position\":3,\"name\":\"\u0422\u0435\u0440\u0440\u0430\u0441\u043d\u0430\u044f \u0431\u0430\u043d\u044f 160-\u0439 \u043c\u043e\u0434\u0435\u043b\u0438 \u0441 \u043f\u043e\u043b\u043d\u044b\u043c + \u043f\u043e\u043b\u043e\u0432\u0438\u043d\u0447\u0430\u0442\u044b\u043c \u043e\u0441\u0442\u0435\u043a\u043b\u0435\u043d\u0438\u0435\u043c\"}]},{\"@type\":\"WebSite\",\"@id\":\"https:\\\/\\\/ecosauna.ee\\\/#website\",\"url\":\"https:\\\/\\\/ecosauna.ee\\\/\",\"name\":\"Ecosauna\",\"description\":\"Saunad, k\u00fcmblust\u00fcnnid, k\u00e4mpingud\",\"publisher\":{\"@id\":\"https:\\\/\\\/ecosauna.ee\\\/#organization\"},\"potentialAction\":[{\"@type\":\"SearchAction\",\"target\":{\"@type\":\"EntryPoint\",\"urlTemplate\":\"https:\\\/\\\/ecosauna.ee\\\/?s={search_term_string}\"},\"query-input\":{\"@type\":\"PropertyValueSpecification\",\"valueRequired\":true,\"valueName\":\"search_term_string\"}}],\"inLanguage\":\"ru-RU\"},{\"@type\":\"Organization\",\"@id\":\"https:\\\/\\\/ecosauna.ee\\\/#organization\",\"name\":\"Ecosauna Project O\u00dc\",\"url\":\"https:\\\/\\\/ecosauna.ee\\\/\",\"logo\":{\"@type\":\"ImageObject\",\"inLanguage\":\"ru-RU\",\"@id\":\"https:\\\/\\\/ecosauna.ee\\\/#\\\/schema\\\/logo\\\/image\\\/\",\"url\":\"https:\\\/\\\/ecosauna.ee\\\/wp-content\\\/uploads\\\/2023\\\/03\\\/ecosauna-logo.png\",\"contentUrl\":\"https:\\\/\\\/ecosauna.ee\\\/wp-content\\\/uploads\\\/2023\\\/03\\\/ecosauna-logo.png\",\"width\":818,\"height\":646,\"caption\":\"Ecosauna Project O\u00dc\"},\"image\":{\"@id\":\"https:\\\/\\\/ecosauna.ee\\\/#\\\/schema\\\/logo\\\/image\\\/\"},\"sameAs\":[\"https:\\\/\\\/www.facebook.com\\\/ecosaunad\",\"https:\\\/\\\/www.instagram.com\\\/ecosauna.ee\\\/?hl=en\",\"https:\\\/\\\/www.tiktok.com\\\/@ecosauna\",\"https:\\\/\\\/www.youtube.com\\\/@EcosaunaEesti\"]}]}<\/script>\n<!-- \/ Yoast SEO plugin. -->","yoast_head_json":{"title":"\u0422\u0435\u0440\u0440\u0430\u0441\u043d\u0430\u044f \u0431\u0430\u043d\u044f 160-\u0439 \u043c\u043e\u0434\u0435\u043b\u0438 \u0441 \u043f\u043e\u043b\u043d\u044b\u043c + \u043f\u043e\u043b\u043e\u0432\u0438\u043d\u0447\u0430\u0442\u044b\u043c \u043e\u0441\u0442\u0435\u043a\u043b\u0435\u043d\u0438\u0435\u043c - Ecosauna","description":"T\u00e4nu oma v\u00e4ikestele m\u00f5\u00f5tmetele ja kaalule on terrassisaunale lihtne kohta leida. Nagu nimigi \u00fctleb \u2013 paiguta kasv\u00f5i terrassile.","robots":{"index":"index","follow":"follow","max-snippet":"max-snippet:-1","max-image-preview":"max-image-preview:large","max-video-preview":"max-video-preview:-1"},"canonical":"https:\/\/ecosauna.ee\/ru\/\u0442\u043e\u0432\u0430\u0440\/terrassisaun-160-taisklaasiga\/","og_locale":"ru_RU","og_type":"article","og_title":"\u0422\u0435\u0440\u0440\u0430\u0441\u043d\u0430\u044f \u0431\u0430\u043d\u044f 160-\u0439 \u043c\u043e\u0434\u0435\u043b\u0438 \u0441 \u043f\u043e\u043b\u043d\u044b\u043c + \u043f\u043e\u043b\u043e\u0432\u0438\u043d\u0447\u0430\u0442\u044b\u043c \u043e\u0441\u0442\u0435\u043a\u043b\u0435\u043d\u0438\u0435\u043c - Ecosauna","og_description":"T\u00e4nu oma v\u00e4ikestele m\u00f5\u00f5tmetele ja kaalule on terrassisaunale lihtne kohta leida. Nagu nimigi \u00fctleb \u2013 paiguta kasv\u00f5i terrassile.","og_url":"https:\/\/ecosauna.ee\/ru\/\u0442\u043e\u0432\u0430\u0440\/terrassisaun-160-taisklaasiga\/","og_site_name":"Ecosauna","article_publisher":"https:\/\/www.facebook.com\/ecosaunad","article_modified_time":"2023-01-26T13:44:44+00:00","og_image":[{"width":2048,"height":1152,"url":"https:\/\/ecosauna.ee\/wp-content\/uploads\/2021\/10\/attachment-2.jpg","type":"image\/jpeg"}],"twitter_card":"summary_large_image","twitter_misc":{"\u041f\u0440\u0438\u043c\u0435\u0440\u043d\u043e\u0435 \u0432\u0440\u0435\u043c\u044f \u0434\u043b\u044f \u0447\u0442\u0435\u043d\u0438\u044f":"1 \u043c\u0438\u043d\u0443\u0442\u0430"},"schema":{"@context":"https:\/\/schema.org","@graph":[{"@type":"WebPage","@id":"https:\/\/ecosauna.ee\/ru\/\u0442\u043e\u0432\u0430\u0440\/terrassisaun-160-taisklaasiga\/","url":"https:\/\/ecosauna.ee\/ru\/\u0442\u043e\u0432\u0430\u0440\/terrassisaun-160-taisklaasiga\/","name":"\u0422\u0435\u0440\u0440\u0430\u0441\u043d\u0430\u044f \u0431\u0430\u043d\u044f 160-\u0439 \u043c\u043e\u0434\u0435\u043b\u0438 \u0441 \u043f\u043e\u043b\u043d\u044b\u043c + \u043f\u043e\u043b\u043e\u0432\u0438\u043d\u0447\u0430\u0442\u044b\u043c \u043e\u0441\u0442\u0435\u043a\u043b\u0435\u043d\u0438\u0435\u043c - Ecosauna","isPartOf":{"@id":"https:\/\/ecosauna.ee\/#website"},"primaryImageOfPage":{"@id":"https:\/\/ecosauna.ee\/ru\/\u0442\u043e\u0432\u0430\u0440\/terrassisaun-160-taisklaasiga\/#primaryimage"},"image":{"@id":"https:\/\/ecosauna.ee\/ru\/\u0442\u043e\u0432\u0430\u0440\/terrassisaun-160-taisklaasiga\/#primaryimage"},"thumbnailUrl":"https:\/\/ecosauna.ee\/wp-content\/uploads\/2021\/10\/attachment-2.jpg","datePublished":"2021-10-09T13:34:13+00:00","dateModified":"2023-01-26T13:44:44+00:00","description":"T\u00e4nu oma v\u00e4ikestele m\u00f5\u00f5tmetele ja kaalule on terrassisaunale lihtne kohta leida. Nagu nimigi \u00fctleb \u2013 paiguta kasv\u00f5i terrassile.","breadcrumb":{"@id":"https:\/\/ecosauna.ee\/ru\/\u0442\u043e\u0432\u0430\u0440\/terrassisaun-160-taisklaasiga\/#breadcrumb"},"inLanguage":"ru-RU","potentialAction":[{"@type":"ReadAction","target":["https:\/\/ecosauna.ee\/ru\/\u0442\u043e\u0432\u0430\u0440\/terrassisaun-160-taisklaasiga\/"]}]},{"@type":"ImageObject","inLanguage":"ru-RU","@id":"https:\/\/ecosauna.ee\/ru\/\u0442\u043e\u0432\u0430\u0440\/terrassisaun-160-taisklaasiga\/#primaryimage","url":"https:\/\/ecosauna.ee\/wp-content\/uploads\/2021\/10\/attachment-2.jpg","contentUrl":"https:\/\/ecosauna.ee\/wp-content\/uploads\/2021\/10\/attachment-2.jpg","width":2048,"height":1152},{"@type":"BreadcrumbList","@id":"https:\/\/ecosauna.ee\/ru\/\u0442\u043e\u0432\u0430\u0440\/terrassisaun-160-taisklaasiga\/#breadcrumb","itemListElement":[{"@type":"ListItem","position":1,"name":"Esileht","item":"https:\/\/ecosauna.ee\/ru\/"},{"@type":"ListItem","position":2,"name":"\u041c\u0430\u0433\u0430\u0437\u0438\u043d","item":"https:\/\/ecosauna.ee\/ru\/shop\/"},{"@type":"ListItem","position":3,"name":"\u0422\u0435\u0440\u0440\u0430\u0441\u043d\u0430\u044f \u0431\u0430\u043d\u044f 160-\u0439 \u043c\u043e\u0434\u0435\u043b\u0438 \u0441 \u043f\u043e\u043b\u043d\u044b\u043c + \u043f\u043e\u043b\u043e\u0432\u0438\u043d\u0447\u0430\u0442\u044b\u043c \u043e\u0441\u0442\u0435\u043a\u043b\u0435\u043d\u0438\u0435\u043c"}]},{"@type":"WebSite","@id":"https:\/\/ecosauna.ee\/#website","url":"https:\/\/ecosauna.ee\/","name":"Ecosauna","description":"Saunad, k\u00fcmblust\u00fcnnid, k\u00e4mpingud","publisher":{"@id":"https:\/\/ecosauna.ee\/#organization"},"potentialAction":[{"@type":"SearchAction","target":{"@type":"EntryPoint","urlTemplate":"https:\/\/ecosauna.ee\/?s={search_term_string}"},"query-input":{"@type":"PropertyValueSpecification","valueRequired":true,"valueName":"search_term_string"}}],"inLanguage":"ru-RU"},{"@type":"Organization","@id":"https:\/\/ecosauna.ee\/#organization","name":"Ecosauna Project O\u00dc","url":"https:\/\/ecosauna.ee\/","logo":{"@type":"ImageObject","inLanguage":"ru-RU","@id":"https:\/\/ecosauna.ee\/#\/schema\/logo\/image\/","url":"https:\/\/ecosauna.ee\/wp-content\/uploads\/2023\/03\/ecosauna-logo.png","contentUrl":"https:\/\/ecosauna.ee\/wp-content\/uploads\/2023\/03\/ecosauna-logo.png","width":818,"height":646,"caption":"Ecosauna Project O\u00dc"},"image":{"@id":"https:\/\/ecosauna.ee\/#\/schema\/logo\/image\/"},"sameAs":["https:\/\/www.facebook.com\/ecosaunad","https:\/\/www.instagram.com\/ecosauna.ee\/?hl=en","https:\/\/www.tiktok.com\/@ecosauna","https:\/\/www.youtube.com\/@EcosaunaEesti"]}]}},"_links":{"self":[{"href":"https:\/\/ecosauna.ee\/ru\/wp-json\/wp\/v2\/product\/3818","targetHints":{"allow":["GET"]}}],"collection":[{"href":"https:\/\/ecosauna.ee\/ru\/wp-json\/wp\/v2\/product"}],"about":[{"href":"https:\/\/ecosauna.ee\/ru\/wp-json\/wp\/v2\/types\/product"}],"wp:featuredmedia":[{"embeddable":true,"href":"https:\/\/ecosauna.ee\/ru\/wp-json\/wp\/v2\/media\/2990"}],"wp:attachment":[{"href":"https:\/\/ecosauna.ee\/ru\/wp-json\/wp\/v2\/media?parent=3818"}],"wp:term":[{"taxonomy":"product_brand","embeddable":true,"href":"https:\/\/ecosauna.ee\/ru\/wp-json\/wp\/v2\/product_brand?post=3818"},{"taxonomy":"product_cat","embeddable":true,"href":"https:\/\/ecosauna.ee\/ru\/wp-json\/wp\/v2\/product_cat?post=3818"},{"taxonomy":"product_tag","embeddable":true,"href":"https:\/\/ecosauna.ee\/ru\/wp-json\/wp\/v2\/product_tag?post=3818"}],"curies":[{"name":"wp","href":"https:\/\/api.w.org\/{rel}","templated":true}]}}