{"id":3882,"date":"2021-10-18T18:20:49","date_gmt":"2021-10-18T18:20:49","guid":{"rendered":"https:\/\/ecosauna.ee\/toode\/pvc-kate-kumblustunnile\/"},"modified":"2023-01-27T09:43:16","modified_gmt":"2023-01-27T07:43:16","slug":"pvc-kate-kumblustunnile","status":"publish","type":"product","link":"https:\/\/ecosauna.ee\/ru\/\u0442\u043e\u0432\u0430\u0440\/pvc-kate-kumblustunnile\/","title":{"rendered":"\u041a\u0440\u044b\u0448\u043a\u0430 \u0438\u0437 \u041f\u0412\u0425 \u0434\u043b\u044f \u043a\u0443\u043f\u0435\u043b\u0438"},"content":{"rendered":"","protected":false},"excerpt":{"rendered":"<p>\u041c\u044b \u043f\u0440\u043e\u0438\u0437\u0432\u043e\u0434\u0438\u043c \u043a\u0440\u044b\u0448\u043a\u0438 \u0438\u0437 \u041f\u0412\u0425 \u043d\u0435\u0441\u0442\u0430\u043d\u0434\u0430\u0440\u0442\u043d\u044b\u0445 \u0440\u0430\u0437\u043c\u0435\u0440\u043e\u0432.<\/p>\n","protected":false},"featured_media":7929,"template":"","meta":{"_acf_changed":false,"inline_featured_image":false},"product_brand":[],"product_cat":[185,194],"product_tag":[],"class_list":{"0":"post-3882","1":"product","2":"type-product","3":"status-publish","4":"has-post-thumbnail","6":"product_cat-185","7":"product_cat-194","8":"pa_mudel-diameeter-160cm-ru","9":"pa_mudel-diameeter-180cm-ru","10":"pa_mudel-diameeter-200cm-ru","12":"first","13":"instock","14":"taxable","15":"shipping-taxable","16":"purchasable","17":"product-type-variable"},"acf":[],"yoast_head":"<!-- This site is optimized with the Yoast SEO plugin v27.4 - https:\/\/yoast.com\/product\/yoast-seo-wordpress\/ -->\n<title>\u041a\u0440\u044b\u0448\u043a\u0430 \u0438\u0437 \u041f\u0412\u0425 \u0434\u043b\u044f \u043a\u0443\u043f\u0435\u043b\u0438 - Ecosauna<\/title>\n<meta name=\"robots\" content=\"index, follow, max-snippet:-1, max-image-preview:large, max-video-preview:-1\" \/>\n<link rel=\"canonical\" href=\"https:\/\/ecosauna.ee\/ru\/\u0442\u043e\u0432\u0430\u0440\/pvc-kate-kumblustunnile\/\" \/>\n<meta property=\"og:locale\" content=\"ru_RU\" \/>\n<meta property=\"og:type\" content=\"article\" \/>\n<meta property=\"og:title\" content=\"\u041a\u0440\u044b\u0448\u043a\u0430 \u0438\u0437 \u041f\u0412\u0425 \u0434\u043b\u044f \u043a\u0443\u043f\u0435\u043b\u0438 - Ecosauna\" \/>\n<meta property=\"og:description\" content=\"\u041c\u044b \u043f\u0440\u043e\u0438\u0437\u0432\u043e\u0434\u0438\u043c \u043a\u0440\u044b\u0448\u043a\u0438 \u0438\u0437 \u041f\u0412\u0425 \u043d\u0435\u0441\u0442\u0430\u043d\u0434\u0430\u0440\u0442\u043d\u044b\u0445 \u0440\u0430\u0437\u043c\u0435\u0440\u043e\u0432.\" \/>\n<meta property=\"og:url\" content=\"https:\/\/ecosauna.ee\/ru\/\u0442\u043e\u0432\u0430\u0440\/pvc-kate-kumblustunnile\/\" \/>\n<meta property=\"og:site_name\" content=\"Ecosauna\" \/>\n<meta property=\"article:publisher\" content=\"https:\/\/www.facebook.com\/ecosaunad\" \/>\n<meta property=\"article:modified_time\" content=\"2023-01-27T07:43:16+00:00\" \/>\n<meta property=\"og:image\" content=\"https:\/\/ecosauna.ee\/wp-content\/uploads\/2021\/10\/hot_tube_4_kilekattega_ecosauna-e1648307689609.jpg\" \/>\n\t<meta property=\"og:image:width\" content=\"1668\" \/>\n\t<meta property=\"og:image:height\" content=\"1667\" \/>\n\t<meta property=\"og:image:type\" content=\"image\/jpeg\" \/>\n<meta name=\"twitter:card\" content=\"summary_large_image\" \/>\n<script type=\"application\/ld+json\" class=\"yoast-schema-graph\">{\"@context\":\"https:\\\/\\\/schema.org\",\"@graph\":[{\"@type\":\"WebPage\",\"@id\":\"https:\\\/\\\/ecosauna.ee\\\/ru\\\/\u0442\u043e\u0432\u0430\u0440\\\/pvc-kate-kumblustunnile\\\/\",\"url\":\"https:\\\/\\\/ecosauna.ee\\\/ru\\\/\u0442\u043e\u0432\u0430\u0440\\\/pvc-kate-kumblustunnile\\\/\",\"name\":\"\u041a\u0440\u044b\u0448\u043a\u0430 \u0438\u0437 \u041f\u0412\u0425 \u0434\u043b\u044f \u043a\u0443\u043f\u0435\u043b\u0438 - Ecosauna\",\"isPartOf\":{\"@id\":\"https:\\\/\\\/ecosauna.ee\\\/#website\"},\"primaryImageOfPage\":{\"@id\":\"https:\\\/\\\/ecosauna.ee\\\/ru\\\/\u0442\u043e\u0432\u0430\u0440\\\/pvc-kate-kumblustunnile\\\/#primaryimage\"},\"image\":{\"@id\":\"https:\\\/\\\/ecosauna.ee\\\/ru\\\/\u0442\u043e\u0432\u0430\u0440\\\/pvc-kate-kumblustunnile\\\/#primaryimage\"},\"thumbnailUrl\":\"https:\\\/\\\/ecosauna.ee\\\/wp-content\\\/uploads\\\/2021\\\/10\\\/ecosauna-Hottub_Eco_pvc-kate-valisahi.jpg\",\"datePublished\":\"2021-10-18T18:20:49+00:00\",\"dateModified\":\"2023-01-27T07:43:16+00:00\",\"breadcrumb\":{\"@id\":\"https:\\\/\\\/ecosauna.ee\\\/ru\\\/\u0442\u043e\u0432\u0430\u0440\\\/pvc-kate-kumblustunnile\\\/#breadcrumb\"},\"inLanguage\":\"ru-RU\",\"potentialAction\":[{\"@type\":\"ReadAction\",\"target\":[\"https:\\\/\\\/ecosauna.ee\\\/ru\\\/\u0442\u043e\u0432\u0430\u0440\\\/pvc-kate-kumblustunnile\\\/\"]}]},{\"@type\":\"ImageObject\",\"inLanguage\":\"ru-RU\",\"@id\":\"https:\\\/\\\/ecosauna.ee\\\/ru\\\/\u0442\u043e\u0432\u0430\u0440\\\/pvc-kate-kumblustunnile\\\/#primaryimage\",\"url\":\"https:\\\/\\\/ecosauna.ee\\\/wp-content\\\/uploads\\\/2021\\\/10\\\/ecosauna-Hottub_Eco_pvc-kate-valisahi.jpg\",\"contentUrl\":\"https:\\\/\\\/ecosauna.ee\\\/wp-content\\\/uploads\\\/2021\\\/10\\\/ecosauna-Hottub_Eco_pvc-kate-valisahi.jpg\",\"width\":1577,\"height\":1575},{\"@type\":\"BreadcrumbList\",\"@id\":\"https:\\\/\\\/ecosauna.ee\\\/ru\\\/\u0442\u043e\u0432\u0430\u0440\\\/pvc-kate-kumblustunnile\\\/#breadcrumb\",\"itemListElement\":[{\"@type\":\"ListItem\",\"position\":1,\"name\":\"Esileht\",\"item\":\"https:\\\/\\\/ecosauna.ee\\\/ru\\\/\"},{\"@type\":\"ListItem\",\"position\":2,\"name\":\"\u041c\u0430\u0433\u0430\u0437\u0438\u043d\",\"item\":\"https:\\\/\\\/ecosauna.ee\\\/ru\\\/shop\\\/\"},{\"@type\":\"ListItem\",\"position\":3,\"name\":\"\u041a\u0440\u044b\u0448\u043a\u0430 \u0438\u0437 \u041f\u0412\u0425 \u0434\u043b\u044f \u043a\u0443\u043f\u0435\u043b\u0438\"}]},{\"@type\":\"WebSite\",\"@id\":\"https:\\\/\\\/ecosauna.ee\\\/#website\",\"url\":\"https:\\\/\\\/ecosauna.ee\\\/\",\"name\":\"Ecosauna\",\"description\":\"Saunad, k\u00fcmblust\u00fcnnid, k\u00e4mpingud\",\"publisher\":{\"@id\":\"https:\\\/\\\/ecosauna.ee\\\/#organization\"},\"potentialAction\":[{\"@type\":\"SearchAction\",\"target\":{\"@type\":\"EntryPoint\",\"urlTemplate\":\"https:\\\/\\\/ecosauna.ee\\\/?s={search_term_string}\"},\"query-input\":{\"@type\":\"PropertyValueSpecification\",\"valueRequired\":true,\"valueName\":\"search_term_string\"}}],\"inLanguage\":\"ru-RU\"},{\"@type\":\"Organization\",\"@id\":\"https:\\\/\\\/ecosauna.ee\\\/#organization\",\"name\":\"Ecosauna Project O\u00dc\",\"url\":\"https:\\\/\\\/ecosauna.ee\\\/\",\"logo\":{\"@type\":\"ImageObject\",\"inLanguage\":\"ru-RU\",\"@id\":\"https:\\\/\\\/ecosauna.ee\\\/#\\\/schema\\\/logo\\\/image\\\/\",\"url\":\"https:\\\/\\\/ecosauna.ee\\\/wp-content\\\/uploads\\\/2023\\\/03\\\/ecosauna-logo.png\",\"contentUrl\":\"https:\\\/\\\/ecosauna.ee\\\/wp-content\\\/uploads\\\/2023\\\/03\\\/ecosauna-logo.png\",\"width\":818,\"height\":646,\"caption\":\"Ecosauna Project O\u00dc\"},\"image\":{\"@id\":\"https:\\\/\\\/ecosauna.ee\\\/#\\\/schema\\\/logo\\\/image\\\/\"},\"sameAs\":[\"https:\\\/\\\/www.facebook.com\\\/ecosaunad\",\"https:\\\/\\\/www.instagram.com\\\/ecosauna.ee\\\/?hl=en\",\"https:\\\/\\\/www.tiktok.com\\\/@ecosauna\",\"https:\\\/\\\/www.youtube.com\\\/@EcosaunaEesti\"]}]}<\/script>\n<!-- \/ Yoast SEO plugin. -->","yoast_head_json":{"title":"\u041a\u0440\u044b\u0448\u043a\u0430 \u0438\u0437 \u041f\u0412\u0425 \u0434\u043b\u044f \u043a\u0443\u043f\u0435\u043b\u0438 - Ecosauna","robots":{"index":"index","follow":"follow","max-snippet":"max-snippet:-1","max-image-preview":"max-image-preview:large","max-video-preview":"max-video-preview:-1"},"canonical":"https:\/\/ecosauna.ee\/ru\/\u0442\u043e\u0432\u0430\u0440\/pvc-kate-kumblustunnile\/","og_locale":"ru_RU","og_type":"article","og_title":"\u041a\u0440\u044b\u0448\u043a\u0430 \u0438\u0437 \u041f\u0412\u0425 \u0434\u043b\u044f \u043a\u0443\u043f\u0435\u043b\u0438 - Ecosauna","og_description":"\u041c\u044b \u043f\u0440\u043e\u0438\u0437\u0432\u043e\u0434\u0438\u043c \u043a\u0440\u044b\u0448\u043a\u0438 \u0438\u0437 \u041f\u0412\u0425 \u043d\u0435\u0441\u0442\u0430\u043d\u0434\u0430\u0440\u0442\u043d\u044b\u0445 \u0440\u0430\u0437\u043c\u0435\u0440\u043e\u0432.","og_url":"https:\/\/ecosauna.ee\/ru\/\u0442\u043e\u0432\u0430\u0440\/pvc-kate-kumblustunnile\/","og_site_name":"Ecosauna","article_publisher":"https:\/\/www.facebook.com\/ecosaunad","article_modified_time":"2023-01-27T07:43:16+00:00","og_image":[{"width":1668,"height":1667,"url":"https:\/\/ecosauna.ee\/wp-content\/uploads\/2021\/10\/hot_tube_4_kilekattega_ecosauna-e1648307689609.jpg","type":"image\/jpeg"}],"twitter_card":"summary_large_image","schema":{"@context":"https:\/\/schema.org","@graph":[{"@type":"WebPage","@id":"https:\/\/ecosauna.ee\/ru\/\u0442\u043e\u0432\u0430\u0440\/pvc-kate-kumblustunnile\/","url":"https:\/\/ecosauna.ee\/ru\/\u0442\u043e\u0432\u0430\u0440\/pvc-kate-kumblustunnile\/","name":"\u041a\u0440\u044b\u0448\u043a\u0430 \u0438\u0437 \u041f\u0412\u0425 \u0434\u043b\u044f \u043a\u0443\u043f\u0435\u043b\u0438 - Ecosauna","isPartOf":{"@id":"https:\/\/ecosauna.ee\/#website"},"primaryImageOfPage":{"@id":"https:\/\/ecosauna.ee\/ru\/\u0442\u043e\u0432\u0430\u0440\/pvc-kate-kumblustunnile\/#primaryimage"},"image":{"@id":"https:\/\/ecosauna.ee\/ru\/\u0442\u043e\u0432\u0430\u0440\/pvc-kate-kumblustunnile\/#primaryimage"},"thumbnailUrl":"https:\/\/ecosauna.ee\/wp-content\/uploads\/2021\/10\/ecosauna-Hottub_Eco_pvc-kate-valisahi.jpg","datePublished":"2021-10-18T18:20:49+00:00","dateModified":"2023-01-27T07:43:16+00:00","breadcrumb":{"@id":"https:\/\/ecosauna.ee\/ru\/\u0442\u043e\u0432\u0430\u0440\/pvc-kate-kumblustunnile\/#breadcrumb"},"inLanguage":"ru-RU","potentialAction":[{"@type":"ReadAction","target":["https:\/\/ecosauna.ee\/ru\/\u0442\u043e\u0432\u0430\u0440\/pvc-kate-kumblustunnile\/"]}]},{"@type":"ImageObject","inLanguage":"ru-RU","@id":"https:\/\/ecosauna.ee\/ru\/\u0442\u043e\u0432\u0430\u0440\/pvc-kate-kumblustunnile\/#primaryimage","url":"https:\/\/ecosauna.ee\/wp-content\/uploads\/2021\/10\/ecosauna-Hottub_Eco_pvc-kate-valisahi.jpg","contentUrl":"https:\/\/ecosauna.ee\/wp-content\/uploads\/2021\/10\/ecosauna-Hottub_Eco_pvc-kate-valisahi.jpg","width":1577,"height":1575},{"@type":"BreadcrumbList","@id":"https:\/\/ecosauna.ee\/ru\/\u0442\u043e\u0432\u0430\u0440\/pvc-kate-kumblustunnile\/#breadcrumb","itemListElement":[{"@type":"ListItem","position":1,"name":"Esileht","item":"https:\/\/ecosauna.ee\/ru\/"},{"@type":"ListItem","position":2,"name":"\u041c\u0430\u0433\u0430\u0437\u0438\u043d","item":"https:\/\/ecosauna.ee\/ru\/shop\/"},{"@type":"ListItem","position":3,"name":"\u041a\u0440\u044b\u0448\u043a\u0430 \u0438\u0437 \u041f\u0412\u0425 \u0434\u043b\u044f \u043a\u0443\u043f\u0435\u043b\u0438"}]},{"@type":"WebSite","@id":"https:\/\/ecosauna.ee\/#website","url":"https:\/\/ecosauna.ee\/","name":"Ecosauna","description":"Saunad, k\u00fcmblust\u00fcnnid, k\u00e4mpingud","publisher":{"@id":"https:\/\/ecosauna.ee\/#organization"},"potentialAction":[{"@type":"SearchAction","target":{"@type":"EntryPoint","urlTemplate":"https:\/\/ecosauna.ee\/?s={search_term_string}"},"query-input":{"@type":"PropertyValueSpecification","valueRequired":true,"valueName":"search_term_string"}}],"inLanguage":"ru-RU"},{"@type":"Organization","@id":"https:\/\/ecosauna.ee\/#organization","name":"Ecosauna Project O\u00dc","url":"https:\/\/ecosauna.ee\/","logo":{"@type":"ImageObject","inLanguage":"ru-RU","@id":"https:\/\/ecosauna.ee\/#\/schema\/logo\/image\/","url":"https:\/\/ecosauna.ee\/wp-content\/uploads\/2023\/03\/ecosauna-logo.png","contentUrl":"https:\/\/ecosauna.ee\/wp-content\/uploads\/2023\/03\/ecosauna-logo.png","width":818,"height":646,"caption":"Ecosauna Project O\u00dc"},"image":{"@id":"https:\/\/ecosauna.ee\/#\/schema\/logo\/image\/"},"sameAs":["https:\/\/www.facebook.com\/ecosaunad","https:\/\/www.instagram.com\/ecosauna.ee\/?hl=en","https:\/\/www.tiktok.com\/@ecosauna","https:\/\/www.youtube.com\/@EcosaunaEesti"]}]}},"_links":{"self":[{"href":"https:\/\/ecosauna.ee\/ru\/wp-json\/wp\/v2\/product\/3882","targetHints":{"allow":["GET"]}}],"collection":[{"href":"https:\/\/ecosauna.ee\/ru\/wp-json\/wp\/v2\/product"}],"about":[{"href":"https:\/\/ecosauna.ee\/ru\/wp-json\/wp\/v2\/types\/product"}],"wp:featuredmedia":[{"embeddable":true,"href":"https:\/\/ecosauna.ee\/ru\/wp-json\/wp\/v2\/media\/7929"}],"wp:attachment":[{"href":"https:\/\/ecosauna.ee\/ru\/wp-json\/wp\/v2\/media?parent=3882"}],"wp:term":[{"taxonomy":"product_brand","embeddable":true,"href":"https:\/\/ecosauna.ee\/ru\/wp-json\/wp\/v2\/product_brand?post=3882"},{"taxonomy":"product_cat","embeddable":true,"href":"https:\/\/ecosauna.ee\/ru\/wp-json\/wp\/v2\/product_cat?post=3882"},{"taxonomy":"product_tag","embeddable":true,"href":"https:\/\/ecosauna.ee\/ru\/wp-json\/wp\/v2\/product_tag?post=3882"}],"curies":[{"name":"wp","href":"https:\/\/api.w.org\/{rel}","templated":true}]}}